{"id":5293,"date":"2023-07-13T15:31:23","date_gmt":"2023-07-13T18:31:23","guid":{"rendered":"https:\/\/ccgdistribuidora.com\/?post_type=product&#038;p=5293"},"modified":"2025-05-15T08:17:11","modified_gmt":"2025-05-15T11:17:11","slug":"secador-de-pelo-yl3500a-belprof-profesional-1800w","status":"publish","type":"product","link":"https:\/\/ccgdistribuidora.com\/index.php\/product\/secador-de-pelo-yl3500a-belprof-profesional-1800w\/","title":{"rendered":"Secador De Pelo YL3500A Belprof Profesional 1800w"},"content":{"rendered":"<div id=\"technical_specifications\" class=\"ui-pdp-container__row ui-pdp-container__row--technical-specifications\">\n<div class=\"ui-pdp-specs\">\n<h2 class=\"ui-pdp-specs__title\">Caracter\u00edsticas principales<\/h2>\n<div class=\"ui-pdp-specs__table\">\n<table class=\"andes-table\">\n<tbody class=\"andes-table__body\">\n<tr class=\"andes-table__row\">\n<th class=\"andes-table__header andes-table__header--left ui-pdp-specs__table__column ui-pdp-specs__table__column-title\">Marca<\/th>\n<td class=\"andes-table__column andes-table__column--left ui-pdp-specs__table__column\"><span class=\"andes-table__column--value\">BELPROF<\/span><\/td>\n<\/tr>\n<tr class=\"andes-table__row\">\n<th class=\"andes-table__header andes-table__header--left ui-pdp-specs__table__column ui-pdp-specs__table__column-title\">Modelo<\/th>\n<td class=\"andes-table__column andes-table__column--left ui-pdp-specs__table__column\">YL3500A<\/td>\n<\/tr>\n<\/tbody>\n<\/table>\n<\/div>\n<\/div>\n<\/div>\n<div id=\"description\" class=\"ui-pdp-container__row ui-pdp-container__row--description\">\n<div class=\"ui-pdp-description\">\n<h2 class=\"ui-pdp-description__title\">Descripci\u00f3n<\/h2>\n<\/div>\n<\/div>\n<p>SECADOR DE PELO 3500A BELPROF PROFESIONAL 1800W CON DIFUSOR<\/p>\n<p>Caracter\u00edsticas:<\/p>\n<p>-Cuenta con 1800 Watts de Potencia<br \/>\n-2 Niveles de Velocidad\/Temperatura<br \/>\n-Bot\u00f3n de Aire Fr\u00edo<br \/>\n-Concentrador<br \/>\n-Filtro Removible<br \/>\n-Cable de 2 metros<br \/>\n-Aro para Colgar<br \/>\n-Incluye:<br \/>\n-2 boquilla de modelado<br \/>\n-Difusor<\/p>\n<p>Secador de uso profesional ideal para el modelado , secado y peinado del cabello<\/p>\n","protected":false},"excerpt":{"rendered":"<p>Caracter\u00edsticas principales Marca BELPROF Modelo YL3500A Descripci\u00f3n SECADOR DE PELO 3500A BELPROF PROFESIONAL 1800W CON DIFUSOR Caracter\u00edsticas: -Cuenta con 1800 Watts de Potencia -2 Niveles de Velocidad\/Temperatura -Bot\u00f3n de Aire Fr\u00edo -Concentrador -Filtro Removible -Cable de 2 metros -Aro para Colgar -Incluye: -2 boquilla de modelado -Difusor Secador de uso profesional ideal para el modelado , secado y peinado del cabello<\/p>\n","protected":false},"featured_media":5297,"comment_status":"open","ping_status":"closed","template":"","meta":[],"product_cat":[249,209,248],"product_tag":[980,978,367,214,353,907,979],"featured_image_urls":{"full":["https:\/\/ccgdistribuidora.com\/wp-content\/uploads\/2023\/07\/Secador-De-Pelo-YL3500A-Belprof-Profesional-1800w.jpg",700,700,false],"thumbnail":["https:\/\/ccgdistribuidora.com\/wp-content\/uploads\/2023\/07\/Secador-De-Pelo-YL3500A-Belprof-Profesional-1800w-150x150.jpg",150,150,true],"medium":["https:\/\/ccgdistribuidora.com\/wp-content\/uploads\/2023\/07\/Secador-De-Pelo-YL3500A-Belprof-Profesional-1800w-300x300.jpg",300,300,true],"medium_large":["https:\/\/ccgdistribuidora.com\/wp-content\/uploads\/2023\/07\/Secador-De-Pelo-YL3500A-Belprof-Profesional-1800w.jpg",700,700,false],"large":["https:\/\/ccgdistribuidora.com\/wp-content\/uploads\/2023\/07\/Secador-De-Pelo-YL3500A-Belprof-Profesional-1800w.jpg",700,700,false],"1536x1536":["https:\/\/ccgdistribuidora.com\/wp-content\/uploads\/2023\/07\/Secador-De-Pelo-YL3500A-Belprof-Profesional-1800w.jpg",700,700,false],"2048x2048":["https:\/\/ccgdistribuidora.com\/wp-content\/uploads\/2023\/07\/Secador-De-Pelo-YL3500A-Belprof-Profesional-1800w.jpg",700,700,false],"mailpoet_newsletter_max":["https:\/\/ccgdistribuidora.com\/wp-content\/uploads\/2023\/07\/Secador-De-Pelo-YL3500A-Belprof-Profesional-1800w.jpg",700,700,false],"woocommerce_thumbnail":["https:\/\/ccgdistribuidora.com\/wp-content\/uploads\/2023\/07\/Secador-De-Pelo-YL3500A-Belprof-Profesional-1800w-300x400.jpg",300,400,true],"woocommerce_single":["https:\/\/ccgdistribuidora.com\/wp-content\/uploads\/2023\/07\/Secador-De-Pelo-YL3500A-Belprof-Profesional-1800w-600x600.jpg",600,600,true],"woocommerce_gallery_thumbnail":["https:\/\/ccgdistribuidora.com\/wp-content\/uploads\/2023\/07\/Secador-De-Pelo-YL3500A-Belprof-Profesional-1800w-100x100.jpg",100,100,true],"dgwt-wcas-product-suggestion":["https:\/\/ccgdistribuidora.com\/wp-content\/uploads\/2023\/07\/Secador-De-Pelo-YL3500A-Belprof-Profesional-1800w-64x64.jpg",64,64,true]},"post_excerpt_stackable":"<p>Caracter\u00edsticas principales Marca BELPROF Modelo YL3500A Descripci\u00f3n SECADOR DE PELO 3500A BELPROF PROFESIONAL 1800W CON DIFUSOR Caracter\u00edsticas: -Cuenta con 1800 Watts de Potencia -2 Niveles de Velocidad\/Temperatura -Bot\u00f3n de Aire Fr\u00edo -Concentrador -Filtro Removible -Cable de 2 metros -Aro para Colgar -Incluye: -2 boquilla de modelado -Difusor Secador de uso profesional ideal para el modelado , secado y peinado del cabello<\/p>\n","category_list":"","author_info":{"name":"","url":""},"comments_num":"0 comentarios","_links":{"self":[{"href":"https:\/\/ccgdistribuidora.com\/index.php\/wp-json\/wp\/v2\/product\/5293"}],"collection":[{"href":"https:\/\/ccgdistribuidora.com\/index.php\/wp-json\/wp\/v2\/product"}],"about":[{"href":"https:\/\/ccgdistribuidora.com\/index.php\/wp-json\/wp\/v2\/types\/product"}],"replies":[{"embeddable":true,"href":"https:\/\/ccgdistribuidora.com\/index.php\/wp-json\/wp\/v2\/comments?post=5293"}],"wp:featuredmedia":[{"embeddable":true,"href":"https:\/\/ccgdistribuidora.com\/index.php\/wp-json\/wp\/v2\/media\/5297"}],"wp:attachment":[{"href":"https:\/\/ccgdistribuidora.com\/index.php\/wp-json\/wp\/v2\/media?parent=5293"}],"wp:term":[{"taxonomy":"product_cat","embeddable":true,"href":"https:\/\/ccgdistribuidora.com\/index.php\/wp-json\/wp\/v2\/product_cat?post=5293"},{"taxonomy":"product_tag","embeddable":true,"href":"https:\/\/ccgdistribuidora.com\/index.php\/wp-json\/wp\/v2\/product_tag?post=5293"}],"curies":[{"name":"wp","href":"https:\/\/api.w.org\/{rel}","templated":true}]}}