{"id":5279,"date":"2023-07-12T23:15:48","date_gmt":"2023-07-13T02:15:48","guid":{"rendered":"https:\/\/ccgdistribuidora.com\/?post_type=product&#038;p=5279"},"modified":"2025-08-19T20:53:51","modified_gmt":"2025-08-19T23:53:51","slug":"sir-fausto-pomada-brillante-modelador-cabello-barberia-100ml","status":"publish","type":"product","link":"https:\/\/ccgdistribuidora.com\/index.php\/product\/sir-fausto-pomada-brillante-modelador-cabello-barberia-100ml\/","title":{"rendered":"Sir Fausto Pomada Brillante Modelador Cabello Barberia 100ml"},"content":{"rendered":"<div id=\"highlighted_specs_attrs\" class=\"ui-pdp-container__row ui-pdp-container__row--highlighted-specs-attrs\">\n<section id=\"highlighted_specs_attrs\" class=\"ui-vpp-highlighted-specs pl-45 pr-45\">\n<div class=\"ui-pdp-container__row ui-pdp-container__row--highlighted-specs-title\">\n<h2 class=\"ui-vpp-text-alignment--left ui-pdp-color--BLACK ui-pdp-size--XLARGE ui-pdp-family--REGULAR highlighted-specs-title\">Caracter\u00edsticas del producto<\/h2>\n<\/div>\n<div class=\"ui-pdp-container__row ui-pdp-container__row--attributes\">\n<div class=\"ui-vpp-highlighted-specs__attribute-columns\">\n<div class=\"ui-vpp-highlighted-specs__attribute-columns__column\">\n<div class=\"ui-pdp-container__row ui-vpp-highlighted-specs__attribute-columns__row\">\n<div class=\"ui-vpp-highlighted-specs__key-value\">\n<div class=\"ui-pdp-background-color--GRAY_40 ui-vpp-highlighted-specs__filled-icon ui-vpp-highlighted-specs__filled-icon--ROUNDED\" aria-hidden=\"true\"><img decoding=\"async\" class=\"ui-pdp-image ui-vpp-image-component\" src=\"https:\/\/http2.mlstatic.com\/storage\/catalog-technical-specs\/images\/assets\/vectorial\/default.svg\" \/><\/div>\n<div class=\"ui-vpp-highlighted-specs__key-value__labels\">\n<p class=\"ui-pdp-family--REGULAR ui-vpp-highlighted-specs__key-value__labels__key-value\"><span class=\"ui-pdp-color--BLACK ui-pdp-size--XSMALL ui-pdp-family--REGULAR\">Formato de venta:<\/span>\u00a0<span class=\"ui-pdp-color--BLACK ui-pdp-size--XSMALL ui-pdp-family--SEMIBOLD\">Unidad<\/span><\/p>\n<\/div>\n<\/div>\n<\/div>\n<div class=\"ui-pdp-container__row ui-vpp-highlighted-specs__attribute-columns__row\">\n<div class=\"ui-vpp-highlighted-specs__key-value\">\n<div class=\"ui-pdp-background-color--GRAY_40 ui-vpp-highlighted-specs__filled-icon ui-vpp-highlighted-specs__filled-icon--ROUNDED\" aria-hidden=\"true\"><img decoding=\"async\" class=\"ui-pdp-image ui-vpp-image-component\" src=\"https:\/\/http2.mlstatic.com\/storage\/catalog-technical-specs\/images\/assets\/vectorial\/default.svg\" \/><\/div>\n<div class=\"ui-vpp-highlighted-specs__key-value__labels\">\n<p class=\"ui-pdp-family--REGULAR ui-vpp-highlighted-specs__key-value__labels__key-value\"><span class=\"ui-pdp-color--BLACK ui-pdp-size--XSMALL ui-pdp-family--REGULAR\">Marca:<\/span>\u00a0<span class=\"ui-pdp-color--BLACK ui-pdp-size--XSMALL ui-pdp-family--SEMIBOLD\">Sir Fausto<\/span><\/p>\n<\/div>\n<\/div>\n<\/div>\n<\/div>\n<div class=\"ui-vpp-highlighted-specs__attribute-columns__column\">\n<div class=\"ui-pdp-container__row ui-vpp-highlighted-specs__attribute-columns__row\">\n<div class=\"ui-vpp-highlighted-specs__key-value\">\n<div class=\"ui-pdp-background-color--GRAY_40 ui-vpp-highlighted-specs__filled-icon ui-vpp-highlighted-specs__filled-icon--ROUNDED\" aria-hidden=\"true\"><img decoding=\"async\" class=\"ui-pdp-image ui-vpp-image-component\" src=\"https:\/\/http2.mlstatic.com\/storage\/catalog-technical-specs\/images\/assets\/vectorial\/default.svg\" \/><\/div>\n<div class=\"ui-vpp-highlighted-specs__key-value__labels\">\n<p class=\"ui-pdp-family--REGULAR ui-vpp-highlighted-specs__key-value__labels__key-value\"><span class=\"ui-pdp-color--BLACK ui-pdp-size--XSMALL ui-pdp-family--REGULAR\">Consistencia:<\/span>\u00a0<span class=\"ui-pdp-color--BLACK ui-pdp-size--XSMALL ui-pdp-family--SEMIBOLD\">Cera<\/span><\/p>\n<\/div>\n<\/div>\n<\/div>\n<\/div>\n<\/div>\n<\/div>\n<div class=\"ui-pdp-container__row ui-pdp-container__row--technical-specifications\">\n<div class=\"ui-pdp-collapsable ui-vpp-highlighted-specs__striped-collapsed__action\">\n<div class=\"ui-pdp-collapsable__container\">\n<div class=\"ui-vpp-highlighted-specs__striped-specs\">\n<div class=\"ui-vpp-striped-specs\">\n<div class=\"ui-vpp-striped-specs__table\">\n<h3 class=\"ui-vpp-striped-specs__header\">Caracter\u00edsticas principales<\/h3>\n<table class=\"andes-table\">\n<tbody class=\"andes-table__body\">\n<tr class=\"andes-table__row ui-vpp-striped-specs__row\">\n<th class=\"andes-table__header andes-table__header--left ui-vpp-striped-specs__row__column ui-vpp-striped-specs__row__column--id\">Marca<\/th>\n<td class=\"andes-table__column andes-table__column--left ui-vpp-striped-specs__row__column\"><span class=\"andes-table__column--value\">Sir Fausto<\/span><\/td>\n<\/tr>\n<\/tbody>\n<\/table>\n<\/div>\n<div class=\"ui-vpp-striped-specs__table\">\n<h3 class=\"ui-vpp-striped-specs__header\">Otros<\/h3>\n<table class=\"andes-table\">\n<tbody class=\"andes-table__body\">\n<tr class=\"andes-table__row ui-vpp-striped-specs__row\">\n<th class=\"andes-table__header andes-table__header--left ui-vpp-striped-specs__row__column ui-vpp-striped-specs__row__column--id\">L\u00ednea<\/th>\n<td class=\"andes-table__column andes-table__column--left ui-vpp-striped-specs__row__column\"><span class=\"andes-table__column--value\">Men&#8217;s Culture<\/span><\/td>\n<\/tr>\n<tr class=\"andes-table__row ui-vpp-striped-specs__row\">\n<th class=\"andes-table__header andes-table__header--left ui-vpp-striped-specs__row__column ui-vpp-striped-specs__row__column--id\">Consistencia<\/th>\n<td class=\"andes-table__column andes-table__column--left ui-vpp-striped-specs__row__column\"><span class=\"andes-table__column--value\">Cera<\/span><\/td>\n<\/tr>\n<tr class=\"andes-table__row ui-vpp-striped-specs__row\">\n<th class=\"andes-table__header andes-table__header--left ui-vpp-striped-specs__row__column ui-vpp-striped-specs__row__column--id\">Funciones<\/th>\n<td class=\"andes-table__column andes-table__column--left ui-vpp-striped-specs__row__column\"><span class=\"andes-table__column--value\">Modelado<\/span><\/td>\n<\/tr>\n<tr class=\"andes-table__row ui-vpp-striped-specs__row\">\n<th class=\"andes-table__header andes-table__header--left ui-vpp-striped-specs__row__column ui-vpp-striped-specs__row__column--id\">Ingredientes destacados<\/th>\n<td class=\"andes-table__column andes-table__column--left ui-vpp-striped-specs__row__column\"><span class=\"andes-table__column--value\">Cera<\/span><\/td>\n<\/tr>\n<tr class=\"andes-table__row ui-vpp-striped-specs__row\">\n<th class=\"andes-table__header andes-table__header--left ui-vpp-striped-specs__row__column ui-vpp-striped-specs__row__column--id\">Formato de venta<\/th>\n<td class=\"andes-table__column andes-table__column--left ui-vpp-striped-specs__row__column\"><span class=\"andes-table__column--value\">Unidad<\/span><\/td>\n<\/tr>\n<tr class=\"andes-table__row ui-vpp-striped-specs__row\">\n<th class=\"andes-table__header andes-table__header--left ui-vpp-striped-specs__row__column ui-vpp-striped-specs__row__column--id\">Unidades por pack<\/th>\n<td class=\"andes-table__column andes-table__column--left ui-vpp-striped-specs__row__column\"><span class=\"andes-table__column--value\">1<\/span><\/td>\n<\/tr>\n<tr class=\"andes-table__row ui-vpp-striped-specs__row\">\n<th class=\"andes-table__header andes-table__header--left ui-vpp-striped-specs__row__column ui-vpp-striped-specs__row__column--id\">Volumen neto<\/th>\n<td class=\"andes-table__column andes-table__column--left ui-vpp-striped-specs__row__column\"><span class=\"andes-table__column--value\">100 mL<\/span><\/td>\n<\/tr>\n<tr class=\"andes-table__row ui-vpp-striped-specs__row\">\n<th class=\"andes-table__header andes-table__header--left ui-vpp-striped-specs__row__column ui-vpp-striped-specs__row__column--id\">Tipo de envase<\/th>\n<td class=\"andes-table__column andes-table__column--left ui-vpp-striped-specs__row__column\"><span class=\"andes-table__column--value\">Pote<\/span><\/td>\n<\/tr>\n<tr class=\"andes-table__row ui-vpp-striped-specs__row\">\n<th class=\"andes-table__header andes-table__header--left ui-vpp-striped-specs__row__column ui-vpp-striped-specs__row__column--id\">Est\u00e1 dermatol\u00f3gicamente testeado<\/th>\n<td class=\"andes-table__column andes-table__column--left ui-vpp-striped-specs__row__column\"><span class=\"andes-table__column--value\">S\u00ed<\/span><\/td>\n<\/tr>\n<tr class=\"andes-table__row ui-vpp-striped-specs__row\">\n<th class=\"andes-table__header andes-table__header--left ui-vpp-striped-specs__row__column ui-vpp-striped-specs__row__column--id\">Es vegano<\/th>\n<td class=\"andes-table__column andes-table__column--left ui-vpp-striped-specs__row__column\"><span class=\"andes-table__column--value\">No<\/span><\/td>\n<\/tr>\n<tr class=\"andes-table__row ui-vpp-striped-specs__row\">\n<th class=\"andes-table__header andes-table__header--left ui-vpp-striped-specs__row__column ui-vpp-striped-specs__row__column--id\">Es libre de gluten<\/th>\n<td class=\"andes-table__column andes-table__column--left ui-vpp-striped-specs__row__column\"><span class=\"andes-table__column--value\">No<\/span><\/td>\n<\/tr>\n<\/tbody>\n<\/table>\n<\/div>\n<\/div>\n<div class=\"ui-vpp-striped-specs\">\n<div class=\"ui-vpp-striped-specs__table\">\n<h3 class=\"ui-vpp-striped-specs__header\"><span style=\"font-size: 16px;\">Descripci\u00f3n<\/span><\/h3>\n<\/div>\n<\/div>\n<\/div>\n<\/div>\n<\/div>\n<\/div>\n<\/section>\n<\/div>\n<div id=\"description\" class=\"ui-pdp-container__row ui-pdp-container__row--description\">\n<div class=\"ui-pdp-description\">\n<p class=\"ui-pdp-description__content\">Sir Fausto &#8211; Pomada Brillante para Peinar (100ml)<\/p>\n<p>DESCRIPCI\u00d3N<br \/>\nPomada para peinar. Definici\u00f3n y fijacion media. Efecto brillante. Acondicionamiento y restauraci\u00f3n.<br \/>\nHumecta, acondiciona y restaura.<br \/>\nLa pomada para peinar Brillante -de la l\u00ednea de Cuidado y Styling para hombres- est\u00e1 destinada a definir y resaltar la textura del cabello.<br \/>\n\u2022 Restauraci\u00f3n interna y externa del cabello.<br \/>\n\u2022 Enriquecido con extractos 100% naturales.<br \/>\n\u2022 No contiene petr\u00f3latos, aceites minerales ni grasas animales.<\/p>\n<p>MODO DE USO<br \/>\nAplica en el cabello para dar el estilo que desees. Se puede aplicar tanto en cabello seco como h\u00famedo. Coloca una peque\u00f1a cantidad en la palma de la mano y trabaja con los dedos. Para un mejor resultado, utiliza un peine. Para lavar el cabello usa el Shampoo para Cabello Sir Fausto. Resultado: El efecto que lograr\u00e1s con la Pomada Brillante Sir Fausto es un acabado brillante. Para reacomodar el pelo al final del d\u00eda s\u00f3lo debes aplicar un poco de agua para reactivar la pomada.<br \/>\nTip: Producto de styling destinado a definir texturas rebajadas o lisas resaltando su brillo. No solo aporta brillo sino que aporta reparaci\u00f3n y humectaci\u00f3n gracias al Abyssininan oil. Se puede aplicar con cabello h\u00famedo o seco. En cabellos ondulados medianos o largos aporta efecto h\u00famedo.<\/p>\n<p>ACTIVOS<br \/>\nPosee componentes que restauran el cabello de forma interna y externa. Enriquecido con extractos vegetales con origen 100% natural: Hidrolizado de Quinoa, Aceite de Absinia &amp; Aceite de Soja. Hidrolizado de Quinoa: Provee restauraci\u00f3n externa e interna. Rico en Amino\u00e1cidos que restauran, hidratan y controlan el da\u00f1o del cabello. Aceite de Absinia: Acondicionador natural. Aporta manejabilidad e incrementa resistencia a agresiones externas, aumenta el brillo natural. Rico en Omega 6 y Omega 9. Aceite de Soja: Acondicionador natural que permite incorporar humectaci\u00f3n y volumen al cabello. Contiene propiedades humectantes e hidratantes, brindando mayor humedad al cabello da\u00f1ado o seco.<\/p>\n<p>DETALLES<br \/>\n\u2022 No testeado en animales.<br \/>\n\u2022 Libre de Sales.<br \/>\n\u2022 Libre de Siliconas y Parabenos.<br \/>\n\u2022 Activos 100% Naturales.<\/p>\n<\/div>\n<\/div>\n","protected":false},"excerpt":{"rendered":"<p>Caracter\u00edsticas del producto Formato de venta:\u00a0Unidad Marca:\u00a0Sir Fausto Consistencia:\u00a0Cera Caracter\u00edsticas principales Marca Sir Fausto Otros L\u00ednea Men&#8217;s Culture Consistencia Cera Funciones Modelado Ingredientes destacados Cera Formato de venta Unidad Unidades por pack 1 Volumen neto 100 mL Tipo de envase Pote Est\u00e1 dermatol\u00f3gicamente testeado S\u00ed Es vegano No Es libre de gluten No Descripci\u00f3n Sir Fausto &#8211; Pomada Brillante para Peinar (100ml) DESCRIPCI\u00d3N Pomada para peinar. Definici\u00f3n y fijacion media. Efecto brillante. Acondicionamiento y restauraci\u00f3n. Humecta, acondiciona y restaura. La pomada para peinar Brillante -de la l\u00ednea de Cuidado y Styling para hombres- est\u00e1 destinada a definir y resaltar la\u2026<\/p>\n","protected":false},"featured_media":5281,"comment_status":"open","ping_status":"closed","template":"","meta":[],"product_cat":[240,206,278],"product_tag":[964,671,970,688,971,941,954],"featured_image_urls":{"full":["https:\/\/ccgdistribuidora.com\/wp-content\/uploads\/2023\/07\/Sir-Fausto-Pomada-Brillante-Modelador-Cabello-Barberia-100ml.jpg",700,700,false],"thumbnail":["https:\/\/ccgdistribuidora.com\/wp-content\/uploads\/2023\/07\/Sir-Fausto-Pomada-Brillante-Modelador-Cabello-Barberia-100ml-150x150.jpg",150,150,true],"medium":["https:\/\/ccgdistribuidora.com\/wp-content\/uploads\/2023\/07\/Sir-Fausto-Pomada-Brillante-Modelador-Cabello-Barberia-100ml-300x300.jpg",300,300,true],"medium_large":["https:\/\/ccgdistribuidora.com\/wp-content\/uploads\/2023\/07\/Sir-Fausto-Pomada-Brillante-Modelador-Cabello-Barberia-100ml.jpg",700,700,false],"large":["https:\/\/ccgdistribuidora.com\/wp-content\/uploads\/2023\/07\/Sir-Fausto-Pomada-Brillante-Modelador-Cabello-Barberia-100ml.jpg",700,700,false],"1536x1536":["https:\/\/ccgdistribuidora.com\/wp-content\/uploads\/2023\/07\/Sir-Fausto-Pomada-Brillante-Modelador-Cabello-Barberia-100ml.jpg",700,700,false],"2048x2048":["https:\/\/ccgdistribuidora.com\/wp-content\/uploads\/2023\/07\/Sir-Fausto-Pomada-Brillante-Modelador-Cabello-Barberia-100ml.jpg",700,700,false],"mailpoet_newsletter_max":["https:\/\/ccgdistribuidora.com\/wp-content\/uploads\/2023\/07\/Sir-Fausto-Pomada-Brillante-Modelador-Cabello-Barberia-100ml.jpg",700,700,false],"woocommerce_thumbnail":["https:\/\/ccgdistribuidora.com\/wp-content\/uploads\/2023\/07\/Sir-Fausto-Pomada-Brillante-Modelador-Cabello-Barberia-100ml-300x400.jpg",300,400,true],"woocommerce_single":["https:\/\/ccgdistribuidora.com\/wp-content\/uploads\/2023\/07\/Sir-Fausto-Pomada-Brillante-Modelador-Cabello-Barberia-100ml-600x600.jpg",600,600,true],"woocommerce_gallery_thumbnail":["https:\/\/ccgdistribuidora.com\/wp-content\/uploads\/2023\/07\/Sir-Fausto-Pomada-Brillante-Modelador-Cabello-Barberia-100ml-100x100.jpg",100,100,true],"dgwt-wcas-product-suggestion":["https:\/\/ccgdistribuidora.com\/wp-content\/uploads\/2023\/07\/Sir-Fausto-Pomada-Brillante-Modelador-Cabello-Barberia-100ml-64x64.jpg",64,64,true]},"post_excerpt_stackable":"<p>Caracter\u00edsticas del producto Formato de venta:\u00a0Unidad Marca:\u00a0Sir Fausto Consistencia:\u00a0Cera Caracter\u00edsticas principales Marca Sir Fausto Otros L\u00ednea Men&#8217;s Culture Consistencia Cera Funciones Modelado Ingredientes destacados Cera Formato de venta Unidad Unidades por pack 1 Volumen neto 100 mL Tipo de envase Pote Est\u00e1 dermatol\u00f3gicamente testeado S\u00ed Es vegano No Es libre de gluten No Descripci\u00f3n Sir Fausto &#8211; Pomada Brillante para Peinar (100ml) DESCRIPCI\u00d3N Pomada para peinar. Definici\u00f3n y fijacion media. Efecto brillante. Acondicionamiento y restauraci\u00f3n. Humecta, acondiciona y restaura. La pomada para peinar Brillante -de la l\u00ednea de Cuidado y Styling para hombres- est\u00e1 destinada a definir y resaltar la&hellip;<\/p>\n","category_list":"","author_info":{"name":"","url":""},"comments_num":"0 comentarios","_links":{"self":[{"href":"https:\/\/ccgdistribuidora.com\/index.php\/wp-json\/wp\/v2\/product\/5279"}],"collection":[{"href":"https:\/\/ccgdistribuidora.com\/index.php\/wp-json\/wp\/v2\/product"}],"about":[{"href":"https:\/\/ccgdistribuidora.com\/index.php\/wp-json\/wp\/v2\/types\/product"}],"replies":[{"embeddable":true,"href":"https:\/\/ccgdistribuidora.com\/index.php\/wp-json\/wp\/v2\/comments?post=5279"}],"wp:featuredmedia":[{"embeddable":true,"href":"https:\/\/ccgdistribuidora.com\/index.php\/wp-json\/wp\/v2\/media\/5281"}],"wp:attachment":[{"href":"https:\/\/ccgdistribuidora.com\/index.php\/wp-json\/wp\/v2\/media?parent=5279"}],"wp:term":[{"taxonomy":"product_cat","embeddable":true,"href":"https:\/\/ccgdistribuidora.com\/index.php\/wp-json\/wp\/v2\/product_cat?post=5279"},{"taxonomy":"product_tag","embeddable":true,"href":"https:\/\/ccgdistribuidora.com\/index.php\/wp-json\/wp\/v2\/product_tag?post=5279"}],"curies":[{"name":"wp","href":"https:\/\/api.w.org\/{rel}","templated":true}]}}