{"id":5264,"date":"2023-07-12T21:52:00","date_gmt":"2023-07-13T00:52:00","guid":{"rendered":"https:\/\/ccgdistribuidora.com\/?post_type=product&#038;p=5264"},"modified":"2025-08-19T20:55:08","modified_gmt":"2025-08-19T23:55:08","slug":"sir-fausto-mens-cultura-old-wax-cera-fijacion-fuerte-100ml","status":"publish","type":"product","link":"https:\/\/ccgdistribuidora.com\/index.php\/product\/sir-fausto-mens-cultura-old-wax-cera-fijacion-fuerte-100ml\/","title":{"rendered":"Sir Fausto Men&#8217;s Cultura Old Wax Cera Fijaci\u00f3n Fuerte 100ml"},"content":{"rendered":"<div id=\"highlighted_specs_attrs\" class=\"ui-pdp-container__row ui-pdp-container__row--highlighted-specs-attrs\">\n<section id=\"highlighted_specs_attrs\" class=\"ui-vpp-highlighted-specs pl-45 pr-45\">\n<div class=\"ui-pdp-container__row ui-pdp-container__row--highlighted-specs-title\">\n<h2 class=\"ui-vpp-text-alignment--left ui-pdp-color--BLACK ui-pdp-size--XLARGE ui-pdp-family--REGULAR highlighted-specs-title\">Caracter\u00edsticas del producto<\/h2>\n<\/div>\n<div class=\"ui-pdp-container__row ui-pdp-container__row--attributes\">\n<div class=\"ui-vpp-highlighted-specs__attribute-columns\">\n<div class=\"ui-vpp-highlighted-specs__attribute-columns__column\">\n<div class=\"ui-pdp-container__row ui-vpp-highlighted-specs__attribute-columns__row\">\n<div class=\"ui-vpp-highlighted-specs__key-value\">\n<div class=\"ui-pdp-background-color--GRAY_40 ui-vpp-highlighted-specs__filled-icon ui-vpp-highlighted-specs__filled-icon--ROUNDED\" aria-hidden=\"true\"><img decoding=\"async\" class=\"ui-pdp-image ui-vpp-image-component\" src=\"https:\/\/http2.mlstatic.com\/storage\/catalog-technical-specs\/images\/assets\/vectorial\/default.svg\" \/><\/div>\n<div class=\"ui-vpp-highlighted-specs__key-value__labels\">\n<p class=\"ui-pdp-family--REGULAR ui-vpp-highlighted-specs__key-value__labels__key-value\"><span class=\"ui-pdp-color--BLACK ui-pdp-size--XSMALL ui-pdp-family--REGULAR\">Consistencia:<\/span>\u00a0<span class=\"ui-pdp-color--BLACK ui-pdp-size--XSMALL ui-pdp-family--SEMIBOLD\">Cera<\/span><\/p>\n<\/div>\n<\/div>\n<\/div>\n<\/div>\n<div class=\"ui-vpp-highlighted-specs__attribute-columns__column\">\n<div class=\"ui-pdp-container__row ui-vpp-highlighted-specs__attribute-columns__row\">\n<div class=\"ui-vpp-highlighted-specs__key-value\">\n<div class=\"ui-pdp-background-color--GRAY_40 ui-vpp-highlighted-specs__filled-icon ui-vpp-highlighted-specs__filled-icon--ROUNDED\" aria-hidden=\"true\"><img decoding=\"async\" class=\"ui-pdp-image ui-vpp-image-component\" src=\"https:\/\/http2.mlstatic.com\/storage\/catalog-technical-specs\/images\/assets\/vectorial\/default.svg\" \/><\/div>\n<div class=\"ui-vpp-highlighted-specs__key-value__labels\">\n<p class=\"ui-pdp-family--REGULAR ui-vpp-highlighted-specs__key-value__labels__key-value\"><span class=\"ui-pdp-color--BLACK ui-pdp-size--XSMALL ui-pdp-family--REGULAR\">Marca:<\/span>\u00a0<span class=\"ui-pdp-color--BLACK ui-pdp-size--XSMALL ui-pdp-family--SEMIBOLD\">Sir Fausto<\/span><\/p>\n<\/div>\n<\/div>\n<\/div>\n<\/div>\n<\/div>\n<\/div>\n<div class=\"ui-pdp-container__row ui-pdp-container__row--technical-specifications\">\n<div class=\"ui-pdp-collapsable ui-vpp-highlighted-specs__striped-collapsed__action\">\n<div class=\"ui-pdp-collapsable__container\">\n<div class=\"ui-vpp-highlighted-specs__striped-specs\">\n<div class=\"ui-vpp-striped-specs\">\n<div class=\"ui-vpp-striped-specs__table\">\n<h3 class=\"ui-vpp-striped-specs__header\">Caracter\u00edsticas principales<\/h3>\n<table class=\"andes-table\">\n<tbody class=\"andes-table__body\">\n<tr class=\"andes-table__row ui-vpp-striped-specs__row\">\n<th class=\"andes-table__header andes-table__header--left ui-vpp-striped-specs__row__column ui-vpp-striped-specs__row__column--id\">Marca<\/th>\n<td class=\"andes-table__column andes-table__column--left ui-vpp-striped-specs__row__column\"><span class=\"andes-table__column--value\">Sir Fausto<\/span><\/td>\n<\/tr>\n<\/tbody>\n<\/table>\n<\/div>\n<\/div>\n<div class=\"ui-vpp-striped-specs\">\n<div class=\"ui-vpp-striped-specs__table\">\n<h3 class=\"ui-vpp-striped-specs__header\">Otros<\/h3>\n<table class=\"andes-table\">\n<tbody class=\"andes-table__body\">\n<tr class=\"andes-table__row ui-vpp-striped-specs__row\">\n<th class=\"andes-table__header andes-table__header--left ui-vpp-striped-specs__row__column ui-vpp-striped-specs__row__column--id\">L\u00ednea<\/th>\n<td class=\"andes-table__column andes-table__column--left ui-vpp-striped-specs__row__column\"><span class=\"andes-table__column--value\">Men\u00b4s Culture<\/span><\/td>\n<\/tr>\n<tr class=\"andes-table__row ui-vpp-striped-specs__row\">\n<th class=\"andes-table__header andes-table__header--left ui-vpp-striped-specs__row__column ui-vpp-striped-specs__row__column--id\">Consistencia<\/th>\n<td class=\"andes-table__column andes-table__column--left ui-vpp-striped-specs__row__column\"><span class=\"andes-table__column--value\">Cera<\/span><\/td>\n<\/tr>\n<tr class=\"andes-table__row ui-vpp-striped-specs__row\">\n<th class=\"andes-table__header andes-table__header--left ui-vpp-striped-specs__row__column ui-vpp-striped-specs__row__column--id\">Funciones<\/th>\n<td class=\"andes-table__column andes-table__column--left ui-vpp-striped-specs__row__column\"><span class=\"andes-table__column--value\">Modelador<\/span><\/td>\n<\/tr>\n<tr class=\"andes-table__row ui-vpp-striped-specs__row\">\n<th class=\"andes-table__header andes-table__header--left ui-vpp-striped-specs__row__column ui-vpp-striped-specs__row__column--id\">Ingredientes destacados<\/th>\n<td class=\"andes-table__column andes-table__column--left ui-vpp-striped-specs__row__column\"><span class=\"andes-table__column--value\">Cera<\/span><\/td>\n<\/tr>\n<tr class=\"andes-table__row ui-vpp-striped-specs__row\">\n<th class=\"andes-table__header andes-table__header--left ui-vpp-striped-specs__row__column ui-vpp-striped-specs__row__column--id\">Tipo de envase<\/th>\n<td class=\"andes-table__column andes-table__column--left ui-vpp-striped-specs__row__column\"><span class=\"andes-table__column--value\">Pote<\/span><\/td>\n<\/tr>\n<tr class=\"andes-table__row ui-vpp-striped-specs__row\">\n<th class=\"andes-table__header andes-table__header--left ui-vpp-striped-specs__row__column ui-vpp-striped-specs__row__column--id\">Est\u00e1 dermatol\u00f3gicamente testeado<\/th>\n<td class=\"andes-table__column andes-table__column--left ui-vpp-striped-specs__row__column\"><span class=\"andes-table__column--value\">No<\/span><\/td>\n<\/tr>\n<tr class=\"andes-table__row ui-vpp-striped-specs__row\">\n<th class=\"andes-table__header andes-table__header--left ui-vpp-striped-specs__row__column ui-vpp-striped-specs__row__column--id\">Es vegano<\/th>\n<td class=\"andes-table__column andes-table__column--left ui-vpp-striped-specs__row__column\"><span class=\"andes-table__column--value\">No<\/span><\/td>\n<\/tr>\n<tr class=\"andes-table__row ui-vpp-striped-specs__row\">\n<th class=\"andes-table__header andes-table__header--left ui-vpp-striped-specs__row__column ui-vpp-striped-specs__row__column--id\">Es libre de gluten<\/th>\n<td class=\"andes-table__column andes-table__column--left ui-vpp-striped-specs__row__column\"><span class=\"andes-table__column--value\">No<\/span><\/td>\n<\/tr>\n<\/tbody>\n<\/table>\n<\/div>\n<\/div>\n<\/div>\n<\/div>\n<\/div>\n<\/div>\n<\/section>\n<\/div>\n<div id=\"description\" class=\"ui-pdp-container__row ui-pdp-container__row--description\">\n<div class=\"ui-pdp-description\">\n<h2 class=\"ui-pdp-description__title\">Descripci\u00f3n<\/h2>\n<p class=\"ui-pdp-description__content\">\nSIR FAUSTO MEN\u2019S CULTURE OLD WAX FUERTE CERA X 100ML<br \/>\nCera De Fijaci\u00f3n Fuerte Para Cabello<\/p>\n<p>Sir Fausto Old Wax Fuerte es una pomada para dar fijaci\u00f3n y estilo al cabello, sirve para dar m\u00e1s estructura a cabellos gruesos y peinados prolijos. Es de fijaci\u00f3n fuerte y libre de parabenos.<br \/>\nEnriquecida con extractos aut\u00f3ctonos del norte argentino: mezcla de extracto de Quina, compuesta tambi\u00e9n por Abedul, Romero y Ortiga Blanca.<\/p>\n<p>Protege el cuero cabelludo, engrosa la fibra capilar por humectaci\u00f3n. Aporta manejabilidad e incrementa resistencia a agresiones externas. Aumenta el brillo natural del cabello. Contiene glicerina de origen vegetal.<\/p>\n<p>-MODO DE USO-<br \/>\nAplicar en cabello para dar estilo. Se puede aplicar tanto en cabello seco como h\u00famedo. Colocar una peque\u00f1a cantidad en la palma de la mano y trabajar con los dedos. Para un mejor resultado, utiliza un peine. Para lavar el cabello usar el shampoo para cabello de Sir Fausto.<\/p>\n<\/div>\n<\/div>\n","protected":false},"excerpt":{"rendered":"<p>Caracter\u00edsticas del producto Consistencia:\u00a0Cera Marca:\u00a0Sir Fausto Caracter\u00edsticas principales Marca Sir Fausto Otros L\u00ednea Men\u00b4s Culture Consistencia Cera Funciones Modelador Ingredientes destacados Cera Tipo de envase Pote Est\u00e1 dermatol\u00f3gicamente testeado No Es vegano No Es libre de gluten No Descripci\u00f3n SIR FAUSTO MEN\u2019S CULTURE OLD WAX FUERTE CERA X 100ML Cera De Fijaci\u00f3n Fuerte Para Cabello Sir Fausto Old Wax Fuerte es una pomada para dar fijaci\u00f3n y estilo al cabello, sirve para dar m\u00e1s estructura a cabellos gruesos y peinados prolijos. Es de fijaci\u00f3n fuerte y libre de parabenos. Enriquecida con extractos aut\u00f3ctonos del norte argentino: mezcla de extracto de\u2026<\/p>\n","protected":false},"featured_media":5266,"comment_status":"open","ping_status":"closed","template":"","meta":[],"product_cat":[240,206,278],"product_tag":[964,963,962,790,489,961,956,954,806],"featured_image_urls":{"full":["https:\/\/ccgdistribuidora.com\/wp-content\/uploads\/2023\/07\/Sir-Fausto-Mens-Cultura-Old-Wax-Cera-Fijacion-Fuerte-100ml.jpg",700,700,false],"thumbnail":["https:\/\/ccgdistribuidora.com\/wp-content\/uploads\/2023\/07\/Sir-Fausto-Mens-Cultura-Old-Wax-Cera-Fijacion-Fuerte-100ml-150x150.jpg",150,150,true],"medium":["https:\/\/ccgdistribuidora.com\/wp-content\/uploads\/2023\/07\/Sir-Fausto-Mens-Cultura-Old-Wax-Cera-Fijacion-Fuerte-100ml-300x300.jpg",300,300,true],"medium_large":["https:\/\/ccgdistribuidora.com\/wp-content\/uploads\/2023\/07\/Sir-Fausto-Mens-Cultura-Old-Wax-Cera-Fijacion-Fuerte-100ml.jpg",700,700,false],"large":["https:\/\/ccgdistribuidora.com\/wp-content\/uploads\/2023\/07\/Sir-Fausto-Mens-Cultura-Old-Wax-Cera-Fijacion-Fuerte-100ml.jpg",700,700,false],"1536x1536":["https:\/\/ccgdistribuidora.com\/wp-content\/uploads\/2023\/07\/Sir-Fausto-Mens-Cultura-Old-Wax-Cera-Fijacion-Fuerte-100ml.jpg",700,700,false],"2048x2048":["https:\/\/ccgdistribuidora.com\/wp-content\/uploads\/2023\/07\/Sir-Fausto-Mens-Cultura-Old-Wax-Cera-Fijacion-Fuerte-100ml.jpg",700,700,false],"mailpoet_newsletter_max":["https:\/\/ccgdistribuidora.com\/wp-content\/uploads\/2023\/07\/Sir-Fausto-Mens-Cultura-Old-Wax-Cera-Fijacion-Fuerte-100ml.jpg",700,700,false],"woocommerce_thumbnail":["https:\/\/ccgdistribuidora.com\/wp-content\/uploads\/2023\/07\/Sir-Fausto-Mens-Cultura-Old-Wax-Cera-Fijacion-Fuerte-100ml-300x400.jpg",300,400,true],"woocommerce_single":["https:\/\/ccgdistribuidora.com\/wp-content\/uploads\/2023\/07\/Sir-Fausto-Mens-Cultura-Old-Wax-Cera-Fijacion-Fuerte-100ml-600x600.jpg",600,600,true],"woocommerce_gallery_thumbnail":["https:\/\/ccgdistribuidora.com\/wp-content\/uploads\/2023\/07\/Sir-Fausto-Mens-Cultura-Old-Wax-Cera-Fijacion-Fuerte-100ml-100x100.jpg",100,100,true],"dgwt-wcas-product-suggestion":["https:\/\/ccgdistribuidora.com\/wp-content\/uploads\/2023\/07\/Sir-Fausto-Mens-Cultura-Old-Wax-Cera-Fijacion-Fuerte-100ml-64x64.jpg",64,64,true]},"post_excerpt_stackable":"<p>Caracter\u00edsticas del producto Consistencia:\u00a0Cera Marca:\u00a0Sir Fausto Caracter\u00edsticas principales Marca Sir Fausto Otros L\u00ednea Men\u00b4s Culture Consistencia Cera Funciones Modelador Ingredientes destacados Cera Tipo de envase Pote Est\u00e1 dermatol\u00f3gicamente testeado No Es vegano No Es libre de gluten No Descripci\u00f3n SIR FAUSTO MEN\u2019S CULTURE OLD WAX FUERTE CERA X 100ML Cera De Fijaci\u00f3n Fuerte Para Cabello Sir Fausto Old Wax Fuerte es una pomada para dar fijaci\u00f3n y estilo al cabello, sirve para dar m\u00e1s estructura a cabellos gruesos y peinados prolijos. Es de fijaci\u00f3n fuerte y libre de parabenos. Enriquecida con extractos aut\u00f3ctonos del norte argentino: mezcla de extracto de&hellip;<\/p>\n","category_list":"","author_info":{"name":"","url":""},"comments_num":"0 comentarios","_links":{"self":[{"href":"https:\/\/ccgdistribuidora.com\/index.php\/wp-json\/wp\/v2\/product\/5264"}],"collection":[{"href":"https:\/\/ccgdistribuidora.com\/index.php\/wp-json\/wp\/v2\/product"}],"about":[{"href":"https:\/\/ccgdistribuidora.com\/index.php\/wp-json\/wp\/v2\/types\/product"}],"replies":[{"embeddable":true,"href":"https:\/\/ccgdistribuidora.com\/index.php\/wp-json\/wp\/v2\/comments?post=5264"}],"wp:featuredmedia":[{"embeddable":true,"href":"https:\/\/ccgdistribuidora.com\/index.php\/wp-json\/wp\/v2\/media\/5266"}],"wp:attachment":[{"href":"https:\/\/ccgdistribuidora.com\/index.php\/wp-json\/wp\/v2\/media?parent=5264"}],"wp:term":[{"taxonomy":"product_cat","embeddable":true,"href":"https:\/\/ccgdistribuidora.com\/index.php\/wp-json\/wp\/v2\/product_cat?post=5264"},{"taxonomy":"product_tag","embeddable":true,"href":"https:\/\/ccgdistribuidora.com\/index.php\/wp-json\/wp\/v2\/product_tag?post=5264"}],"curies":[{"name":"wp","href":"https:\/\/api.w.org\/{rel}","templated":true}]}}