{"id":5249,"date":"2023-07-12T19:18:56","date_gmt":"2023-07-12T22:18:56","guid":{"rendered":"https:\/\/ccgdistribuidora.com\/?post_type=product&#038;p=5249"},"modified":"2025-08-19T21:00:05","modified_gmt":"2025-08-20T00:00:05","slug":"after-shave-locion-post-afeitado-barba-sir-fausto-x-250-ml","status":"publish","type":"product","link":"https:\/\/ccgdistribuidora.com\/index.php\/product\/after-shave-locion-post-afeitado-barba-sir-fausto-x-250-ml\/","title":{"rendered":"After Shave Locion Post Afeitado Barba Sir Fausto X 250 Ml"},"content":{"rendered":"<div id=\"highlighted_specs_attrs\" class=\"ui-pdp-container__row ui-pdp-container__row--highlighted-specs-attrs\">\n<section id=\"highlighted_specs_attrs\" class=\"ui-vpp-highlighted-specs pl-45 pr-45\">\n<div class=\"ui-pdp-container__row ui-pdp-container__row--highlighted-specs-title\">\n<h2 class=\"ui-vpp-text-alignment--left ui-pdp-color--BLACK ui-pdp-size--XLARGE ui-pdp-family--REGULAR highlighted-specs-title\">Caracter\u00edsticas del producto<\/h2>\n<\/div>\n<div class=\"ui-pdp-container__row ui-pdp-container__row--attributes\">\n<div class=\"ui-vpp-highlighted-specs__attribute-columns\">\n<div class=\"ui-vpp-highlighted-specs__attribute-columns__column\">\n<div class=\"ui-pdp-container__row ui-vpp-highlighted-specs__attribute-columns__row\">\n<div class=\"ui-vpp-highlighted-specs__key-value\">\n<div class=\"ui-pdp-background-color--GRAY_40 ui-vpp-highlighted-specs__filled-icon ui-vpp-highlighted-specs__filled-icon--ROUNDED\" aria-hidden=\"true\"><img decoding=\"async\" class=\"ui-pdp-image ui-vpp-image-component\" src=\"https:\/\/http2.mlstatic.com\/storage\/catalog-technical-specs\/images\/assets\/vectorial\/default.svg\" \/><\/div>\n<div class=\"ui-vpp-highlighted-specs__key-value__labels\">\n<p class=\"ui-pdp-family--REGULAR ui-vpp-highlighted-specs__key-value__labels__key-value\"><span class=\"ui-pdp-color--BLACK ui-pdp-size--XSMALL ui-pdp-family--REGULAR\">Marca:<\/span>\u00a0<span class=\"ui-pdp-color--BLACK ui-pdp-size--XSMALL ui-pdp-family--SEMIBOLD\">Sir Fausto<\/span><\/p>\n<\/div>\n<\/div>\n<\/div>\n<\/div>\n<div class=\"ui-vpp-highlighted-specs__attribute-columns__column\">\n<div class=\"ui-pdp-container__row ui-vpp-highlighted-specs__attribute-columns__row\">\n<div class=\"ui-vpp-highlighted-specs__key-value\">\n<div class=\"ui-pdp-background-color--GRAY_40 ui-vpp-highlighted-specs__filled-icon ui-vpp-highlighted-specs__filled-icon--ROUNDED\" aria-hidden=\"true\"><img decoding=\"async\" class=\"ui-pdp-image ui-vpp-image-component\" src=\"https:\/\/http2.mlstatic.com\/storage\/catalog-technical-specs\/images\/assets\/vectorial\/default.svg\" \/><\/div>\n<div class=\"ui-vpp-highlighted-specs__key-value__labels\">\n<p class=\"ui-pdp-family--REGULAR ui-vpp-highlighted-specs__key-value__labels__key-value\"><span class=\"ui-pdp-color--BLACK ui-pdp-size--XSMALL ui-pdp-family--REGULAR\">Unidades por envase:<\/span>\u00a0<span class=\"ui-pdp-color--BLACK ui-pdp-size--XSMALL ui-pdp-family--SEMIBOLD\">1<\/span><\/p>\n<\/div>\n<\/div>\n<\/div>\n<\/div>\n<\/div>\n<\/div>\n<div class=\"ui-pdp-container__row ui-pdp-container__row--technical-specifications\">\n<div class=\"ui-pdp-collapsable ui-vpp-highlighted-specs__striped-collapsed__action\">\n<div class=\"ui-pdp-collapsable__container\">\n<div class=\"ui-vpp-highlighted-specs__striped-specs\">\n<div class=\"ui-vpp-striped-specs\">\n<div class=\"ui-vpp-striped-specs__table\">\n<h3 class=\"ui-vpp-striped-specs__header\">Caracter\u00edsticas principales<\/h3>\n<table class=\"andes-table\">\n<tbody class=\"andes-table__body\">\n<tr class=\"andes-table__row ui-vpp-striped-specs__row\">\n<th class=\"andes-table__header andes-table__header--left ui-vpp-striped-specs__row__column ui-vpp-striped-specs__row__column--id\">Marca<\/th>\n<td class=\"andes-table__column andes-table__column--left ui-vpp-striped-specs__row__column\"><span class=\"andes-table__column--value\">Sir Fausto<\/span><\/td>\n<\/tr>\n<tr class=\"andes-table__row ui-vpp-striped-specs__row\">\n<th class=\"andes-table__header andes-table__header--left ui-vpp-striped-specs__row__column ui-vpp-striped-specs__row__column--id\">Volumen de la unidad<\/th>\n<td class=\"andes-table__column andes-table__column--left ui-vpp-striped-specs__row__column\"><span class=\"andes-table__column--value\">250 mL<\/span><\/td>\n<\/tr>\n<tr class=\"andes-table__row ui-vpp-striped-specs__row\">\n<th class=\"andes-table__header andes-table__header--left ui-vpp-striped-specs__row__column ui-vpp-striped-specs__row__column--id\">Unidades por envase<\/th>\n<td class=\"andes-table__column andes-table__column--left ui-vpp-striped-specs__row__column\"><span class=\"andes-table__column--value\">1<\/span><\/td>\n<\/tr>\n<\/tbody>\n<\/table>\n<\/div>\n<\/div>\n<div class=\"ui-vpp-striped-specs\">\n<div class=\"ui-vpp-striped-specs__table\">\n<h3 class=\"ui-vpp-striped-specs__header\"><span style=\"font-size: 16px;\">Otros<\/span><\/h3>\n<\/div>\n<div class=\"ui-vpp-striped-specs__table\">\n<table class=\"andes-table\">\n<tbody class=\"andes-table__body\">\n<tr class=\"andes-table__row ui-vpp-striped-specs__row\">\n<th class=\"andes-table__header andes-table__header--left ui-vpp-striped-specs__row__column ui-vpp-striped-specs__row__column--id\">Conservaci\u00f3n del producto<\/th>\n<td class=\"andes-table__column andes-table__column--left ui-vpp-striped-specs__row__column\"><span class=\"andes-table__column--value\">Temperatura ambiente<\/span><\/td>\n<\/tr>\n<\/tbody>\n<\/table>\n<\/div>\n<\/div>\n<\/div>\n<\/div>\n<\/div>\n<\/div>\n<\/section>\n<\/div>\n<div id=\"description\" class=\"ui-pdp-container__row ui-pdp-container__row--description\">\n<div class=\"ui-pdp-description\">\n<h2 class=\"ui-pdp-description__title\">Descripci\u00f3n<\/h2>\n<p class=\"ui-pdp-description__content\">\nAFTER SHAVE LOCION POST AFEITADO BARBA SIR FAUSTO X 250 ML<\/p>\n<p>Enriquecido con extractos vegetales: mezcla 100 % natural de Cal\u00e9ndula, Salvia, Lapacho, Roble y Hamamelis. Cal\u00e9ndula: cicatrizante, de acci\u00f3n antibacteriana, es un muy buen emoliente que suaviza, tonifica e hidrata la piel. Salvia: antioxidante, rica en Vitamina A, regenera la piel y combate los radicales libres. Ayuda a mantener la piel joven, radiante y sin defectos. Lapacho: Posee propiedades antiinflamatorias, combate bacterias y virus. Es descongestivo, t\u00f3nico y revitalizador. Roble, Hamamelis y Green Tea: Poseen propiedades antiinflamatorias. Son antis\u00e9pticos naturales, cicratizantes de las heridas de la piel por excelencia.<\/p>\n<p>MODO DE USO:<br \/>\nTras el afeitado con Crema de Barbear Sir Fausto, enjuaga y seca la piel aplicando la toalla, dispensa una peque\u00f1a cantidad de producto en la palma de tu mano, aplica After Shave Sir Fausto directamente sobre la piel afeitada y masajea suavemente para que entre en vigor el efecto antiinflamatorio y las propiedades de esta f\u00f3rmula magistral. Resultado: Gracias a su efecto mentolado, refrescar\u00e1 y calmar\u00e1 tu piel.<\/p>\n<\/div>\n<\/div>\n","protected":false},"excerpt":{"rendered":"<p>Caracter\u00edsticas del producto Marca:\u00a0Sir Fausto Unidades por envase:\u00a01 Caracter\u00edsticas principales Marca Sir Fausto Volumen de la unidad 250 mL Unidades por envase 1 Otros Conservaci\u00f3n del producto Temperatura ambiente Descripci\u00f3n AFTER SHAVE LOCION POST AFEITADO BARBA SIR FAUSTO X 250 ML Enriquecido con extractos vegetales: mezcla 100 % natural de Cal\u00e9ndula, Salvia, Lapacho, Roble y Hamamelis. Cal\u00e9ndula: cicatrizante, de acci\u00f3n antibacteriana, es un muy buen emoliente que suaviza, tonifica e hidrata la piel. Salvia: antioxidante, rica en Vitamina A, regenera la piel y combate los radicales libres. Ayuda a mantener la piel joven, radiante y sin defectos. Lapacho: Posee propiedades\u2026<\/p>\n","protected":false},"featured_media":5250,"comment_status":"open","ping_status":"closed","template":"","meta":[],"product_cat":[240,206,278],"product_tag":[672,951,942,626,953,952,954,388],"featured_image_urls":{"full":["https:\/\/ccgdistribuidora.com\/wp-content\/uploads\/2023\/07\/After-Shave-Locion-Post-Afeitado-Barba-Sir-Fausto-X-250-Ml.jpg",700,700,false],"thumbnail":["https:\/\/ccgdistribuidora.com\/wp-content\/uploads\/2023\/07\/After-Shave-Locion-Post-Afeitado-Barba-Sir-Fausto-X-250-Ml-150x150.jpg",150,150,true],"medium":["https:\/\/ccgdistribuidora.com\/wp-content\/uploads\/2023\/07\/After-Shave-Locion-Post-Afeitado-Barba-Sir-Fausto-X-250-Ml-300x300.jpg",300,300,true],"medium_large":["https:\/\/ccgdistribuidora.com\/wp-content\/uploads\/2023\/07\/After-Shave-Locion-Post-Afeitado-Barba-Sir-Fausto-X-250-Ml.jpg",700,700,false],"large":["https:\/\/ccgdistribuidora.com\/wp-content\/uploads\/2023\/07\/After-Shave-Locion-Post-Afeitado-Barba-Sir-Fausto-X-250-Ml.jpg",700,700,false],"1536x1536":["https:\/\/ccgdistribuidora.com\/wp-content\/uploads\/2023\/07\/After-Shave-Locion-Post-Afeitado-Barba-Sir-Fausto-X-250-Ml.jpg",700,700,false],"2048x2048":["https:\/\/ccgdistribuidora.com\/wp-content\/uploads\/2023\/07\/After-Shave-Locion-Post-Afeitado-Barba-Sir-Fausto-X-250-Ml.jpg",700,700,false],"mailpoet_newsletter_max":["https:\/\/ccgdistribuidora.com\/wp-content\/uploads\/2023\/07\/After-Shave-Locion-Post-Afeitado-Barba-Sir-Fausto-X-250-Ml.jpg",700,700,false],"woocommerce_thumbnail":["https:\/\/ccgdistribuidora.com\/wp-content\/uploads\/2023\/07\/After-Shave-Locion-Post-Afeitado-Barba-Sir-Fausto-X-250-Ml-300x400.jpg",300,400,true],"woocommerce_single":["https:\/\/ccgdistribuidora.com\/wp-content\/uploads\/2023\/07\/After-Shave-Locion-Post-Afeitado-Barba-Sir-Fausto-X-250-Ml-600x600.jpg",600,600,true],"woocommerce_gallery_thumbnail":["https:\/\/ccgdistribuidora.com\/wp-content\/uploads\/2023\/07\/After-Shave-Locion-Post-Afeitado-Barba-Sir-Fausto-X-250-Ml-100x100.jpg",100,100,true],"dgwt-wcas-product-suggestion":["https:\/\/ccgdistribuidora.com\/wp-content\/uploads\/2023\/07\/After-Shave-Locion-Post-Afeitado-Barba-Sir-Fausto-X-250-Ml-64x64.jpg",64,64,true]},"post_excerpt_stackable":"<p>Caracter\u00edsticas del producto Marca:\u00a0Sir Fausto Unidades por envase:\u00a01 Caracter\u00edsticas principales Marca Sir Fausto Volumen de la unidad 250 mL Unidades por envase 1 Otros Conservaci\u00f3n del producto Temperatura ambiente Descripci\u00f3n AFTER SHAVE LOCION POST AFEITADO BARBA SIR FAUSTO X 250 ML Enriquecido con extractos vegetales: mezcla 100 % natural de Cal\u00e9ndula, Salvia, Lapacho, Roble y Hamamelis. Cal\u00e9ndula: cicatrizante, de acci\u00f3n antibacteriana, es un muy buen emoliente que suaviza, tonifica e hidrata la piel. Salvia: antioxidante, rica en Vitamina A, regenera la piel y combate los radicales libres. Ayuda a mantener la piel joven, radiante y sin defectos. Lapacho: Posee propiedades&hellip;<\/p>\n","category_list":"","author_info":{"name":"","url":""},"comments_num":"0 comentarios","_links":{"self":[{"href":"https:\/\/ccgdistribuidora.com\/index.php\/wp-json\/wp\/v2\/product\/5249"}],"collection":[{"href":"https:\/\/ccgdistribuidora.com\/index.php\/wp-json\/wp\/v2\/product"}],"about":[{"href":"https:\/\/ccgdistribuidora.com\/index.php\/wp-json\/wp\/v2\/types\/product"}],"replies":[{"embeddable":true,"href":"https:\/\/ccgdistribuidora.com\/index.php\/wp-json\/wp\/v2\/comments?post=5249"}],"wp:featuredmedia":[{"embeddable":true,"href":"https:\/\/ccgdistribuidora.com\/index.php\/wp-json\/wp\/v2\/media\/5250"}],"wp:attachment":[{"href":"https:\/\/ccgdistribuidora.com\/index.php\/wp-json\/wp\/v2\/media?parent=5249"}],"wp:term":[{"taxonomy":"product_cat","embeddable":true,"href":"https:\/\/ccgdistribuidora.com\/index.php\/wp-json\/wp\/v2\/product_cat?post=5249"},{"taxonomy":"product_tag","embeddable":true,"href":"https:\/\/ccgdistribuidora.com\/index.php\/wp-json\/wp\/v2\/product_tag?post=5249"}],"curies":[{"name":"wp","href":"https:\/\/api.w.org\/{rel}","templated":true}]}}