{"id":5246,"date":"2023-07-12T19:04:11","date_gmt":"2023-07-12T22:04:11","guid":{"rendered":"https:\/\/ccgdistribuidora.com\/?post_type=product&#038;p=5246"},"modified":"2025-08-19T21:00:55","modified_gmt":"2025-08-20T00:00:55","slug":"sir-fausto-men-culture-oleo-fortalecedor-cuidado-barba-30m","status":"publish","type":"product","link":"https:\/\/ccgdistribuidora.com\/index.php\/product\/sir-fausto-men-culture-oleo-fortalecedor-cuidado-barba-30m\/","title":{"rendered":"Sir Fausto Men Culture Oleo Fortalecedor Cuidado Barba 30m"},"content":{"rendered":"<div class=\"ui-vpp-striped-specs\">\n<div class=\"ui-vpp-striped-specs__table\">\n<h3 class=\"ui-vpp-striped-specs__header\">Caracter\u00edsticas principales<\/h3>\n<table class=\"andes-table\">\n<tbody class=\"andes-table__body\">\n<tr class=\"andes-table__row ui-vpp-striped-specs__row\">\n<th class=\"andes-table__header andes-table__header--left ui-vpp-striped-specs__row__column ui-vpp-striped-specs__row__column--id\">Marca<\/th>\n<td class=\"andes-table__column andes-table__column--left ui-vpp-striped-specs__row__column\"><span class=\"andes-table__column--value\">Sir Fausto<\/span><\/td>\n<\/tr>\n<tr class=\"andes-table__row ui-vpp-striped-specs__row\">\n<th class=\"andes-table__header andes-table__header--left ui-vpp-striped-specs__row__column ui-vpp-striped-specs__row__column--id\">Modelo<\/th>\n<td class=\"andes-table__column andes-table__column--left ui-vpp-striped-specs__row__column\"><span class=\"andes-table__column--value\">Oleo Fortalecedor<\/span><\/td>\n<\/tr>\n<tr class=\"andes-table__row ui-vpp-striped-specs__row\">\n<th class=\"andes-table__header andes-table__header--left ui-vpp-striped-specs__row__column ui-vpp-striped-specs__row__column--id\">Tipo de humectante<\/th>\n<td class=\"andes-table__column andes-table__column--left ui-vpp-striped-specs__row__column\"><span class=\"andes-table__column--value\">B\u00e1lsamo<\/span><\/td>\n<\/tr>\n<tr class=\"andes-table__row ui-vpp-striped-specs__row\">\n<th class=\"andes-table__header andes-table__header--left ui-vpp-striped-specs__row__column ui-vpp-striped-specs__row__column--id\">Unidades por envase<\/th>\n<td class=\"andes-table__column andes-table__column--left ui-vpp-striped-specs__row__column\"><span class=\"andes-table__column--value\">1<\/span><\/td>\n<\/tr>\n<tr class=\"andes-table__row ui-vpp-striped-specs__row\">\n<th class=\"andes-table__header andes-table__header--left ui-vpp-striped-specs__row__column ui-vpp-striped-specs__row__column--id\">Volumen de la unidad<\/th>\n<td class=\"andes-table__column andes-table__column--left ui-vpp-striped-specs__row__column\"><span class=\"andes-table__column--value\">30 mL<\/span><\/td>\n<\/tr>\n<tr class=\"andes-table__row ui-vpp-striped-specs__row\">\n<th class=\"andes-table__header andes-table__header--left ui-vpp-striped-specs__row__column ui-vpp-striped-specs__row__column--id\">Peso de la unidad<\/th>\n<td class=\"andes-table__column andes-table__column--left ui-vpp-striped-specs__row__column\"><span class=\"andes-table__column--value\">30 g<\/span><\/td>\n<\/tr>\n<\/tbody>\n<\/table>\n<\/div>\n<\/div>\n<div class=\"ui-vpp-striped-specs\">\n<div class=\"ui-vpp-striped-specs__table\">\n<h3 class=\"ui-vpp-striped-specs__header\">SIR FAUSTO MEN\u00b4S CARE \u00d3LEO FORTALECEDOR PARA BARBA 30ML<br \/>\nOleo Fortalecedor, Reparador Y Suavizante Para Barba<\/p>\n<p>El oleo fortalecedor Sir Fausto Men\u00b4s Culture posee una f\u00f3rmula natural con extracto de t\u00e9 verde, aceite de chia y aceite de almendras.<\/p>\n<p>Este aceite para barba posee acciones terap\u00e9uticas tanto para la piel como para el vello facial: es descongestivo, antiinflamatorio y purificante.<\/p>\n<p>Rico en Vitamina C y E disminuye la producci\u00f3n de melanina mejorando el tono de la piel, devolvi\u00e9ndole naturalidad a la misma y favoreciendo la s\u00edntesis del col\u00e1geno de la piel.<\/p>\n<p>El aceite de chia y de almendras del oleo fortalecedor Sir Fausto, aporta Omegas y Vitaminas B, D y E que protege la piel y nutre en profundidad el vello de la barba. Adem\u00e1s, otorgan una suavidad excepcional.<\/p>\n<p>&#8211; BENEFICIOS-<\/p>\n<p>&gt; Descongestiona y purifica<br \/>\n&gt; Mejora el tono y la naturalidad de la piel<br \/>\n&gt; Nutre en profundidad la barba<br \/>\n&gt; Efecto suave al tacto<br \/>\n&gt; Regenerador natural<br \/>\n&gt; Antioxidante<\/p>\n<p>&#8211; MODO DE USO &#8211;<\/p>\n<p>Luego de higienizar la barba con el Shampoo para barba Sir Fausto Men\u00b4s Culture, aplicar de 3 a 5 gotas en las palmas de las manos del Oleo Fortalecedor Sir Fausto.<br \/>\nDistribuir tanto en la piel como en la barba.<\/h3>\n<\/div>\n<\/div>\n","protected":false},"excerpt":{"rendered":"<p>Caracter\u00edsticas principales Marca Sir Fausto Modelo Oleo Fortalecedor Tipo de humectante B\u00e1lsamo Unidades por envase 1 Volumen de la unidad 30 mL Peso de la unidad 30 g SIR FAUSTO MEN\u00b4S CARE \u00d3LEO FORTALECEDOR PARA BARBA 30ML Oleo Fortalecedor, Reparador Y Suavizante Para Barba El oleo fortalecedor Sir Fausto Men\u00b4s Culture posee una f\u00f3rmula natural con extracto de t\u00e9 verde, aceite de chia y aceite de almendras. Este aceite para barba posee acciones terap\u00e9uticas tanto para la piel como para el vello facial: es descongestivo, antiinflamatorio y purificante. Rico en Vitamina C y E disminuye la producci\u00f3n de melanina mejorando\u2026<\/p>\n","protected":false},"featured_media":5247,"comment_status":"open","ping_status":"closed","template":"","meta":[],"product_cat":[240,206,278],"product_tag":[950,942,949,947,940,948,946,917,939],"featured_image_urls":{"full":["https:\/\/ccgdistribuidora.com\/wp-content\/uploads\/2023\/07\/Sir-Fausto-Men-Culture-Oleo-Fortalecedor-Cuidado-Barba-30m.jpg",700,700,false],"thumbnail":["https:\/\/ccgdistribuidora.com\/wp-content\/uploads\/2023\/07\/Sir-Fausto-Men-Culture-Oleo-Fortalecedor-Cuidado-Barba-30m-150x150.jpg",150,150,true],"medium":["https:\/\/ccgdistribuidora.com\/wp-content\/uploads\/2023\/07\/Sir-Fausto-Men-Culture-Oleo-Fortalecedor-Cuidado-Barba-30m-300x300.jpg",300,300,true],"medium_large":["https:\/\/ccgdistribuidora.com\/wp-content\/uploads\/2023\/07\/Sir-Fausto-Men-Culture-Oleo-Fortalecedor-Cuidado-Barba-30m.jpg",700,700,false],"large":["https:\/\/ccgdistribuidora.com\/wp-content\/uploads\/2023\/07\/Sir-Fausto-Men-Culture-Oleo-Fortalecedor-Cuidado-Barba-30m.jpg",700,700,false],"1536x1536":["https:\/\/ccgdistribuidora.com\/wp-content\/uploads\/2023\/07\/Sir-Fausto-Men-Culture-Oleo-Fortalecedor-Cuidado-Barba-30m.jpg",700,700,false],"2048x2048":["https:\/\/ccgdistribuidora.com\/wp-content\/uploads\/2023\/07\/Sir-Fausto-Men-Culture-Oleo-Fortalecedor-Cuidado-Barba-30m.jpg",700,700,false],"mailpoet_newsletter_max":["https:\/\/ccgdistribuidora.com\/wp-content\/uploads\/2023\/07\/Sir-Fausto-Men-Culture-Oleo-Fortalecedor-Cuidado-Barba-30m.jpg",700,700,false],"woocommerce_thumbnail":["https:\/\/ccgdistribuidora.com\/wp-content\/uploads\/2023\/07\/Sir-Fausto-Men-Culture-Oleo-Fortalecedor-Cuidado-Barba-30m-300x400.jpg",300,400,true],"woocommerce_single":["https:\/\/ccgdistribuidora.com\/wp-content\/uploads\/2023\/07\/Sir-Fausto-Men-Culture-Oleo-Fortalecedor-Cuidado-Barba-30m-600x600.jpg",600,600,true],"woocommerce_gallery_thumbnail":["https:\/\/ccgdistribuidora.com\/wp-content\/uploads\/2023\/07\/Sir-Fausto-Men-Culture-Oleo-Fortalecedor-Cuidado-Barba-30m-100x100.jpg",100,100,true],"dgwt-wcas-product-suggestion":["https:\/\/ccgdistribuidora.com\/wp-content\/uploads\/2023\/07\/Sir-Fausto-Men-Culture-Oleo-Fortalecedor-Cuidado-Barba-30m-64x64.jpg",64,64,true]},"post_excerpt_stackable":"<p>Caracter\u00edsticas principales Marca Sir Fausto Modelo Oleo Fortalecedor Tipo de humectante B\u00e1lsamo Unidades por envase 1 Volumen de la unidad 30 mL Peso de la unidad 30 g SIR FAUSTO MEN\u00b4S CARE \u00d3LEO FORTALECEDOR PARA BARBA 30ML Oleo Fortalecedor, Reparador Y Suavizante Para Barba El oleo fortalecedor Sir Fausto Men\u00b4s Culture posee una f\u00f3rmula natural con extracto de t\u00e9 verde, aceite de chia y aceite de almendras. Este aceite para barba posee acciones terap\u00e9uticas tanto para la piel como para el vello facial: es descongestivo, antiinflamatorio y purificante. Rico en Vitamina C y E disminuye la producci\u00f3n de melanina mejorando&hellip;<\/p>\n","category_list":"","author_info":{"name":"","url":""},"comments_num":"0 comentarios","_links":{"self":[{"href":"https:\/\/ccgdistribuidora.com\/index.php\/wp-json\/wp\/v2\/product\/5246"}],"collection":[{"href":"https:\/\/ccgdistribuidora.com\/index.php\/wp-json\/wp\/v2\/product"}],"about":[{"href":"https:\/\/ccgdistribuidora.com\/index.php\/wp-json\/wp\/v2\/types\/product"}],"replies":[{"embeddable":true,"href":"https:\/\/ccgdistribuidora.com\/index.php\/wp-json\/wp\/v2\/comments?post=5246"}],"wp:featuredmedia":[{"embeddable":true,"href":"https:\/\/ccgdistribuidora.com\/index.php\/wp-json\/wp\/v2\/media\/5247"}],"wp:attachment":[{"href":"https:\/\/ccgdistribuidora.com\/index.php\/wp-json\/wp\/v2\/media?parent=5246"}],"wp:term":[{"taxonomy":"product_cat","embeddable":true,"href":"https:\/\/ccgdistribuidora.com\/index.php\/wp-json\/wp\/v2\/product_cat?post=5246"},{"taxonomy":"product_tag","embeddable":true,"href":"https:\/\/ccgdistribuidora.com\/index.php\/wp-json\/wp\/v2\/product_tag?post=5246"}],"curies":[{"name":"wp","href":"https:\/\/api.w.org\/{rel}","templated":true}]}}