{"id":5243,"date":"2023-08-17T11:40:16","date_gmt":"2023-08-17T14:40:16","guid":{"rendered":"https:\/\/ccgdistribuidora.com\/?post_type=product&#038;p=5243"},"modified":"2025-08-19T20:50:44","modified_gmt":"2025-08-19T23:50:44","slug":"sir-fausto-pomada-para-barba-antioxidante-restauradora-90ml","status":"publish","type":"product","link":"https:\/\/ccgdistribuidora.com\/index.php\/product\/sir-fausto-pomada-para-barba-antioxidante-restauradora-90ml\/","title":{"rendered":"Sir Fausto Pomada Para Barba Antioxidante Restauradora 90ml"},"content":{"rendered":"<div class=\"ui-pdp-container__row ui-pdp-container__row--highlighted-specs-title\">\n<h2 class=\"ui-vpp-text-alignment--left ui-pdp-color--BLACK ui-pdp-size--XLARGE ui-pdp-family--REGULAR highlighted-specs-title\">Caracter\u00edsticas del producto<\/h2>\n<\/div>\n<div class=\"ui-pdp-container__row ui-pdp-container__row--attributes\">\n<div class=\"ui-vpp-highlighted-specs__attribute-columns\">\n<div class=\"ui-vpp-highlighted-specs__attribute-columns__column\">\n<div class=\"ui-pdp-container__row ui-vpp-highlighted-specs__attribute-columns__row\">\n<div class=\"ui-vpp-highlighted-specs__key-value\">\n<div class=\"ui-pdp-background-color--GRAY_40 ui-vpp-highlighted-specs__filled-icon ui-vpp-highlighted-specs__filled-icon--ROUNDED\" aria-hidden=\"true\"><img decoding=\"async\" class=\"ui-pdp-image ui-vpp-image-component\" src=\"https:\/\/http2.mlstatic.com\/storage\/catalog-technical-specs\/images\/assets\/vectorial\/default.svg\" \/><\/div>\n<div class=\"ui-vpp-highlighted-specs__key-value__labels\">\n<p class=\"ui-pdp-family--REGULAR ui-vpp-highlighted-specs__key-value__labels__key-value\"><span class=\"ui-pdp-color--BLACK ui-pdp-size--XSMALL ui-pdp-family--REGULAR\">Unidades por envase:<\/span>\u00a0<span class=\"ui-pdp-color--BLACK ui-pdp-size--XSMALL ui-pdp-family--SEMIBOLD\">1<\/span><\/p>\n<\/div>\n<\/div>\n<\/div>\n<\/div>\n<div class=\"ui-vpp-highlighted-specs__attribute-columns__column\">\n<div class=\"ui-pdp-container__row ui-vpp-highlighted-specs__attribute-columns__row\">\n<div class=\"ui-vpp-highlighted-specs__key-value\">\n<div class=\"ui-pdp-background-color--GRAY_40 ui-vpp-highlighted-specs__filled-icon ui-vpp-highlighted-specs__filled-icon--ROUNDED\" aria-hidden=\"true\"><img decoding=\"async\" class=\"ui-pdp-image ui-vpp-image-component\" src=\"https:\/\/http2.mlstatic.com\/storage\/catalog-technical-specs\/images\/assets\/vectorial\/default.svg\" \/><\/div>\n<div class=\"ui-vpp-highlighted-specs__key-value__labels\">\n<p class=\"ui-pdp-family--REGULAR ui-vpp-highlighted-specs__key-value__labels__key-value\"><span class=\"ui-pdp-color--BLACK ui-pdp-size--XSMALL ui-pdp-family--REGULAR\">Marca:<\/span>\u00a0<span class=\"ui-pdp-color--BLACK ui-pdp-size--XSMALL ui-pdp-family--SEMIBOLD\">Sir Fausto<\/span><\/p>\n<\/div>\n<\/div>\n<\/div>\n<\/div>\n<\/div>\n<\/div>\n<div class=\"ui-pdp-container__row ui-pdp-container__row--technical-specifications\">\n<div class=\"ui-pdp-collapsable ui-vpp-highlighted-specs__striped-collapsed__action\">\n<div class=\"ui-pdp-collapsable__container\">\n<div class=\"ui-vpp-highlighted-specs__striped-specs\">\n<div class=\"ui-vpp-striped-specs\">\n<div class=\"ui-vpp-striped-specs__table\">\n<h3 class=\"ui-vpp-striped-specs__header\">Caracter\u00edsticas principales<\/h3>\n<table class=\"andes-table\">\n<tbody class=\"andes-table__body\">\n<tr class=\"andes-table__row ui-vpp-striped-specs__row\">\n<th class=\"andes-table__header andes-table__header--left ui-vpp-striped-specs__row__column ui-vpp-striped-specs__row__column--id\">Marca<\/th>\n<td class=\"andes-table__column andes-table__column--left ui-vpp-striped-specs__row__column\"><span class=\"andes-table__column--value\">Sir Fausto<\/span><\/td>\n<\/tr>\n<tr class=\"andes-table__row ui-vpp-striped-specs__row\">\n<th class=\"andes-table__header andes-table__header--left ui-vpp-striped-specs__row__column ui-vpp-striped-specs__row__column--id\">Modelo<\/th>\n<td class=\"andes-table__column andes-table__column--left ui-vpp-striped-specs__row__column\"><span class=\"andes-table__column--value\">Mens Culture<\/span><\/td>\n<\/tr>\n<tr class=\"andes-table__row ui-vpp-striped-specs__row\">\n<th class=\"andes-table__header andes-table__header--left ui-vpp-striped-specs__row__column ui-vpp-striped-specs__row__column--id\">Tipo de humectante<\/th>\n<td class=\"andes-table__column andes-table__column--left ui-vpp-striped-specs__row__column\"><span class=\"andes-table__column--value\">B\u00e1lsamo<\/span><\/td>\n<\/tr>\n<tr class=\"andes-table__row ui-vpp-striped-specs__row\">\n<th class=\"andes-table__header andes-table__header--left ui-vpp-striped-specs__row__column ui-vpp-striped-specs__row__column--id\">Unidades por envase<\/th>\n<td class=\"andes-table__column andes-table__column--left ui-vpp-striped-specs__row__column\"><span class=\"andes-table__column--value\">1<\/span><\/td>\n<\/tr>\n<tr class=\"andes-table__row ui-vpp-striped-specs__row\">\n<th class=\"andes-table__header andes-table__header--left ui-vpp-striped-specs__row__column ui-vpp-striped-specs__row__column--id\">Volumen de la unidad<\/th>\n<td class=\"andes-table__column andes-table__column--left ui-vpp-striped-specs__row__column\"><span class=\"andes-table__column--value\">90 mL<\/span><\/td>\n<\/tr>\n<tr class=\"andes-table__row ui-vpp-striped-specs__row\">\n<th class=\"andes-table__header andes-table__header--left ui-vpp-striped-specs__row__column ui-vpp-striped-specs__row__column--id\">Peso de la unidad<\/th>\n<td class=\"andes-table__column andes-table__column--left ui-vpp-striped-specs__row__column\"><span class=\"andes-table__column--value\">90 g<\/span><\/td>\n<\/tr>\n<\/tbody>\n<\/table>\n<\/div>\n<\/div>\n<div class=\"ui-vpp-striped-specs\">\n<div class=\"ui-vpp-striped-specs__table\"><\/div>\n<div>\n<h2 class=\"ui-pdp-description__title\">Descripci\u00f3n<\/h2>\n<p class=\"ui-pdp-description__content\">Sir Fausto &#8211; Pomada para Barba (90ml)<\/p>\n<p>DESCRIPCI\u00d3N<br \/>\nPomada para peinar, emprolijar, hidratar y restaurar barbas abundantes. De uso diario. Otorga brillo y una fijaci\u00f3n suave, ideal para tener tu barba ordenada todo el d\u00eda.<br \/>\nControl total de tu barba.<br \/>\nLa pomada para barba -de la l\u00ednea Barba collection para hombres- hidrata, nutre y mantiene tu barba controlada durante todo el d\u00eda. Ideal para barbas tupidas.<br \/>\n\u2022 Hidrata y fortalece la barba.<br \/>\n\u2022 Extractos 100% naturales.<br \/>\n\u2022 No contiene alcohol<br \/>\n\u2022 Aroma agradable con esencial herbal.<br \/>\n\u2022 No genera efecto graso.<br \/>\n\u2022 No contiene petr\u00f3latos, aceites minerales ni grasas animales.<\/p>\n<p>MODO DE USO<br \/>\nDespu\u00e9s de haber higienizado tu barba con Shampoo para Barba Sir Fausto, secar. Dependiendo de la longitud de la misma, aplicar cantidad necesaria sobre la palma de la mano y frotar. Distribuir la pomada en el vello de la barba.<br \/>\nTip: utiliza el secador de cabello con aire templado para lograr un mayor control y pulido sobre el vello. Con 20 o 30 segundos es suficiente. Resultado: Obtendr\u00e1s una barba brillante, suave, y controlada.<\/p>\n<p>ACTIVOS<br \/>\nCon Manteca de Karit\u00e9 por sus propiedades antioxidantes est\u00e1 destinada a crear una pel\u00edcula protectora de la piel y el vello facial. Gracias a su complejo de vitaminas A, E, F, estimula la producci\u00f3n del col\u00e1geno mejorando la elasticidad de la piel, retrasando el envejecimiento del vello de la barba, aport\u00e1ndole un acondicionamiento natural. Amisol Tr\u00edo: Complejo de l\u00edmpidos naturales destinados a acondicionar el vello facial, restaurando y protegiendo de agresiones externas gracias a su film protector. Ginseng: Es un ingrediente beneficioso para la salud y se ha utilizado en la medicina tradicional China desde hace miles de a\u00f1os.<\/p>\n<p>DETALLES<br \/>\n\u2022 No testeado en animales.<br \/>\n\u2022 Libre de Sales.<br \/>\n\u2022 Libre de Siliconas y Parabenos.<br \/>\n\u2022 Activos 100% Naturales.<\/p>\n<\/div>\n<\/div>\n<\/div>\n<\/div>\n<\/div>\n<\/div>\n","protected":false},"excerpt":{"rendered":"<p>Caracter\u00edsticas del producto Unidades por envase:\u00a01 Marca:\u00a0Sir Fausto Caracter\u00edsticas principales Marca Sir Fausto Modelo Mens Culture Tipo de humectante B\u00e1lsamo Unidades por envase 1 Volumen de la unidad 90 mL Peso de la unidad 90 g Descripci\u00f3n Sir Fausto &#8211; Pomada para Barba (90ml) DESCRIPCI\u00d3N Pomada para peinar, emprolijar, hidratar y restaurar barbas abundantes. De uso diario. Otorga brillo y una fijaci\u00f3n suave, ideal para tener tu barba ordenada todo el d\u00eda. Control total de tu barba. La pomada para barba -de la l\u00ednea Barba collection para hombres- hidrata, nutre y mantiene tu barba controlada durante todo el d\u00eda. Ideal\u2026<\/p>\n","protected":false},"featured_media":5244,"comment_status":"open","ping_status":"closed","template":"","meta":[],"product_cat":[240,206,278],"product_tag":[945,943,942,940,355,941,944,939],"featured_image_urls":{"full":["https:\/\/ccgdistribuidora.com\/wp-content\/uploads\/2023\/07\/Sir-Fausto-Pomada-Para-Barba-Antioxidante-Restauradora-90ml.jpg",700,700,false],"thumbnail":["https:\/\/ccgdistribuidora.com\/wp-content\/uploads\/2023\/07\/Sir-Fausto-Pomada-Para-Barba-Antioxidante-Restauradora-90ml-150x150.jpg",150,150,true],"medium":["https:\/\/ccgdistribuidora.com\/wp-content\/uploads\/2023\/07\/Sir-Fausto-Pomada-Para-Barba-Antioxidante-Restauradora-90ml-300x300.jpg",300,300,true],"medium_large":["https:\/\/ccgdistribuidora.com\/wp-content\/uploads\/2023\/07\/Sir-Fausto-Pomada-Para-Barba-Antioxidante-Restauradora-90ml.jpg",700,700,false],"large":["https:\/\/ccgdistribuidora.com\/wp-content\/uploads\/2023\/07\/Sir-Fausto-Pomada-Para-Barba-Antioxidante-Restauradora-90ml.jpg",700,700,false],"1536x1536":["https:\/\/ccgdistribuidora.com\/wp-content\/uploads\/2023\/07\/Sir-Fausto-Pomada-Para-Barba-Antioxidante-Restauradora-90ml.jpg",700,700,false],"2048x2048":["https:\/\/ccgdistribuidora.com\/wp-content\/uploads\/2023\/07\/Sir-Fausto-Pomada-Para-Barba-Antioxidante-Restauradora-90ml.jpg",700,700,false],"mailpoet_newsletter_max":["https:\/\/ccgdistribuidora.com\/wp-content\/uploads\/2023\/07\/Sir-Fausto-Pomada-Para-Barba-Antioxidante-Restauradora-90ml.jpg",700,700,false],"woocommerce_thumbnail":["https:\/\/ccgdistribuidora.com\/wp-content\/uploads\/2023\/07\/Sir-Fausto-Pomada-Para-Barba-Antioxidante-Restauradora-90ml-300x400.jpg",300,400,true],"woocommerce_single":["https:\/\/ccgdistribuidora.com\/wp-content\/uploads\/2023\/07\/Sir-Fausto-Pomada-Para-Barba-Antioxidante-Restauradora-90ml-600x600.jpg",600,600,true],"woocommerce_gallery_thumbnail":["https:\/\/ccgdistribuidora.com\/wp-content\/uploads\/2023\/07\/Sir-Fausto-Pomada-Para-Barba-Antioxidante-Restauradora-90ml-100x100.jpg",100,100,true],"dgwt-wcas-product-suggestion":["https:\/\/ccgdistribuidora.com\/wp-content\/uploads\/2023\/07\/Sir-Fausto-Pomada-Para-Barba-Antioxidante-Restauradora-90ml-64x64.jpg",64,64,true]},"post_excerpt_stackable":"<p>Caracter\u00edsticas del producto Unidades por envase:\u00a01 Marca:\u00a0Sir Fausto Caracter\u00edsticas principales Marca Sir Fausto Modelo Mens Culture Tipo de humectante B\u00e1lsamo Unidades por envase 1 Volumen de la unidad 90 mL Peso de la unidad 90 g Descripci\u00f3n Sir Fausto &#8211; Pomada para Barba (90ml) DESCRIPCI\u00d3N Pomada para peinar, emprolijar, hidratar y restaurar barbas abundantes. De uso diario. Otorga brillo y una fijaci\u00f3n suave, ideal para tener tu barba ordenada todo el d\u00eda. Control total de tu barba. La pomada para barba -de la l\u00ednea Barba collection para hombres- hidrata, nutre y mantiene tu barba controlada durante todo el d\u00eda. Ideal&hellip;<\/p>\n","category_list":"","author_info":{"name":"","url":""},"comments_num":"0 comentarios","_links":{"self":[{"href":"https:\/\/ccgdistribuidora.com\/index.php\/wp-json\/wp\/v2\/product\/5243"}],"collection":[{"href":"https:\/\/ccgdistribuidora.com\/index.php\/wp-json\/wp\/v2\/product"}],"about":[{"href":"https:\/\/ccgdistribuidora.com\/index.php\/wp-json\/wp\/v2\/types\/product"}],"replies":[{"embeddable":true,"href":"https:\/\/ccgdistribuidora.com\/index.php\/wp-json\/wp\/v2\/comments?post=5243"}],"wp:featuredmedia":[{"embeddable":true,"href":"https:\/\/ccgdistribuidora.com\/index.php\/wp-json\/wp\/v2\/media\/5244"}],"wp:attachment":[{"href":"https:\/\/ccgdistribuidora.com\/index.php\/wp-json\/wp\/v2\/media?parent=5243"}],"wp:term":[{"taxonomy":"product_cat","embeddable":true,"href":"https:\/\/ccgdistribuidora.com\/index.php\/wp-json\/wp\/v2\/product_cat?post=5243"},{"taxonomy":"product_tag","embeddable":true,"href":"https:\/\/ccgdistribuidora.com\/index.php\/wp-json\/wp\/v2\/product_tag?post=5243"}],"curies":[{"name":"wp","href":"https:\/\/api.w.org\/{rel}","templated":true}]}}