{"id":5205,"date":"2023-07-05T13:15:41","date_gmt":"2023-07-05T16:15:41","guid":{"rendered":"https:\/\/ccgdistribuidora.com\/?post_type=product&#038;p=5205"},"modified":"2024-03-05T15:48:56","modified_gmt":"2024-03-05T18:48:56","slug":"shampoo-nex-bidon-5l-acido-neutro-almendra-coco-o-colageno","status":"publish","type":"product","link":"https:\/\/ccgdistribuidora.com\/index.php\/product\/shampoo-nex-bidon-5l-acido-neutro-almendra-coco-o-colageno\/","title":{"rendered":"Shampoo Nex Bidon 5l Acido, Neutro, Almendra, Coco o Colageno"},"content":{"rendered":"<div id=\"highlighted_specs_attrs\" class=\"ui-pdp-container__row ui-pdp-container__row--highlighted-specs-attrs\">\n<section id=\"highlighted_specs_attrs\" class=\"ui-vpp-highlighted-specs pl-45 pr-45\">\n<div class=\"ui-pdp-container__row ui-pdp-container__row--highlighted-specs-title\">\n<h2 class=\"ui-vpp-text-alignment--left ui-pdp-color--BLACK ui-pdp-size--XLARGE ui-pdp-family--REGULAR highlighted-specs-title\">Caracter\u00edsticas del producto<\/h2>\n<\/div>\n<div class=\"ui-pdp-container__row ui-pdp-container__row--attributes\">\n<div class=\"ui-vpp-highlighted-specs__attribute-columns\">\n<div class=\"ui-vpp-highlighted-specs__attribute-columns__column\">\n<div class=\"ui-pdp-container__row ui-vpp-highlighted-specs__attribute-columns__row\">\n<div class=\"ui-vpp-highlighted-specs__key-value\">\n<div class=\"ui-pdp-background-color--GRAY_40 ui-vpp-highlighted-specs__filled-icon ui-vpp-highlighted-specs__filled-icon--ROUNDED\" aria-hidden=\"true\"><img decoding=\"async\" class=\"ui-pdp-image ui-vpp-image-component\" src=\"https:\/\/http2.mlstatic.com\/storage\/catalog-technical-specs\/images\/assets\/vectorial\/default.svg\" \/><\/div>\n<div class=\"ui-vpp-highlighted-specs__key-value__labels\">\n<p class=\"ui-pdp-family--REGULAR ui-vpp-highlighted-specs__key-value__labels__key-value\"><span class=\"ui-pdp-color--BLACK ui-pdp-size--XSMALL ui-pdp-family--REGULAR\">Marca:<\/span>\u00a0<span class=\"ui-pdp-color--BLACK ui-pdp-size--XSMALL ui-pdp-family--SEMIBOLD\">Nex<\/span><\/p>\n<\/div>\n<\/div>\n<\/div>\n<div class=\"ui-pdp-container__row ui-vpp-highlighted-specs__attribute-columns__row\">\n<div class=\"ui-vpp-highlighted-specs__key-value\">\n<div class=\"ui-pdp-background-color--GRAY_40 ui-vpp-highlighted-specs__filled-icon ui-vpp-highlighted-specs__filled-icon--ROUNDED\" aria-hidden=\"true\"><img decoding=\"async\" class=\"ui-pdp-image ui-vpp-image-component\" src=\"https:\/\/http2.mlstatic.com\/storage\/catalog-technical-specs\/images\/assets\/vectorial\/shampoo_conditioner_presentation.svg\" \/><\/div>\n<div class=\"ui-vpp-highlighted-specs__key-value__labels\">\n<p class=\"ui-pdp-family--REGULAR ui-vpp-highlighted-specs__key-value__labels__key-value\"><span class=\"ui-pdp-color--BLACK ui-pdp-size--XSMALL ui-pdp-family--REGULAR\">Presentaci\u00f3n:<\/span>\u00a0<span class=\"ui-pdp-color--BLACK ui-pdp-size--XSMALL ui-pdp-family--SEMIBOLD\">Bid\u00f3n<\/span><\/p>\n<\/div>\n<\/div>\n<\/div>\n<\/div>\n<div class=\"ui-vpp-highlighted-specs__attribute-columns__column\">\n<div class=\"ui-pdp-container__row ui-vpp-highlighted-specs__attribute-columns__row\">\n<div class=\"ui-vpp-highlighted-specs__key-value\">\n<div class=\"ui-pdp-background-color--GRAY_40 ui-vpp-highlighted-specs__filled-icon ui-vpp-highlighted-specs__filled-icon--ROUNDED\" aria-hidden=\"true\"><img decoding=\"async\" class=\"ui-pdp-image ui-vpp-image-component\" src=\"https:\/\/http2.mlstatic.com\/storage\/catalog-technical-specs\/images\/assets\/vectorial\/shampoo_conditioner_type.svg\" \/><\/div>\n<div class=\"ui-vpp-highlighted-specs__key-value__labels\">\n<p class=\"ui-pdp-family--REGULAR ui-vpp-highlighted-specs__key-value__labels__key-value\"><span class=\"ui-pdp-color--BLACK ui-pdp-size--XSMALL ui-pdp-family--REGULAR\">Tipo:<\/span>\u00a0<span class=\"ui-pdp-color--BLACK ui-pdp-size--XSMALL ui-pdp-family--SEMIBOLD\">Shampoo<\/span><\/p>\n<\/div>\n<\/div>\n<\/div>\n<div class=\"ui-pdp-container__row ui-vpp-highlighted-specs__attribute-columns__row\">\n<div class=\"ui-vpp-highlighted-specs__key-value\">\n<div class=\"ui-pdp-background-color--GRAY_40 ui-vpp-highlighted-specs__filled-icon ui-vpp-highlighted-specs__filled-icon--ROUNDED\" aria-hidden=\"true\"><img decoding=\"async\" class=\"ui-pdp-image ui-vpp-image-component\" src=\"https:\/\/http2.mlstatic.com\/storage\/catalog-technical-specs\/images\/assets\/vectorial\/default.svg\" \/><\/div>\n<div class=\"ui-vpp-highlighted-specs__key-value__labels\">\n<p class=\"ui-pdp-family--REGULAR ui-vpp-highlighted-specs__key-value__labels__key-value\"><span class=\"ui-pdp-color--BLACK ui-pdp-size--XSMALL ui-pdp-family--REGULAR\">Formato de venta:<\/span>\u00a0<span class=\"ui-pdp-color--BLACK ui-pdp-size--XSMALL ui-pdp-family--SEMIBOLD\">Unidad<\/span><\/p>\n<\/div>\n<\/div>\n<\/div>\n<\/div>\n<\/div>\n<\/div>\n<div class=\"ui-pdp-container__row ui-pdp-container__row--technical-specifications\">\n<div class=\"ui-pdp-collapsable ui-vpp-highlighted-specs__striped-collapsed__action\">\n<div class=\"ui-pdp-collapsable__container\">\n<div class=\"ui-vpp-highlighted-specs__striped-specs\">\n<div class=\"ui-vpp-striped-specs\">\n<div class=\"ui-vpp-striped-specs__table\">\n<h3 class=\"ui-vpp-striped-specs__header\">Caracter\u00edsticas principales<\/h3>\n<table class=\"andes-table\">\n<tbody class=\"andes-table__body\">\n<tr class=\"andes-table__row ui-vpp-striped-specs__row\">\n<th class=\"andes-table__header andes-table__header--left ui-vpp-striped-specs__row__column ui-vpp-striped-specs__row__column--id\">Marca<\/th>\n<td class=\"andes-table__column andes-table__column--left ui-vpp-striped-specs__row__column\"><span class=\"andes-table__column--value\">Nex<\/span><\/td>\n<\/tr>\n<tr class=\"andes-table__row ui-vpp-striped-specs__row\">\n<th class=\"andes-table__header andes-table__header--left ui-vpp-striped-specs__row__column ui-vpp-striped-specs__row__column--id\">L\u00ednea<\/th>\n<td class=\"andes-table__column andes-table__column--left ui-vpp-striped-specs__row__column\"><span class=\"andes-table__column--value\">Nex<\/span><\/td>\n<\/tr>\n<tr class=\"andes-table__row ui-vpp-striped-specs__row\">\n<th class=\"andes-table__header andes-table__header--left ui-vpp-striped-specs__row__column ui-vpp-striped-specs__row__column--id\">Nombre<\/th>\n<td class=\"andes-table__column andes-table__column--left ui-vpp-striped-specs__row__column\"><span class=\"andes-table__column--value\">Nex<\/span><\/td>\n<\/tr>\n<tr class=\"andes-table__row ui-vpp-striped-specs__row\">\n<th class=\"andes-table__header andes-table__header--left ui-vpp-striped-specs__row__column ui-vpp-striped-specs__row__column--id\">Tipo<\/th>\n<td class=\"andes-table__column andes-table__column--left ui-vpp-striped-specs__row__column\"><span class=\"andes-table__column--value\">Shampoo<\/span><\/td>\n<\/tr>\n<tr class=\"andes-table__row ui-vpp-striped-specs__row\">\n<th class=\"andes-table__header andes-table__header--left ui-vpp-striped-specs__row__column ui-vpp-striped-specs__row__column--id\">Presentaci\u00f3n<\/th>\n<td class=\"andes-table__column andes-table__column--left ui-vpp-striped-specs__row__column\"><span class=\"andes-table__column--value\">Bid\u00f3n<\/span><\/td>\n<\/tr>\n<tr class=\"andes-table__row ui-vpp-striped-specs__row\">\n<th class=\"andes-table__header andes-table__header--left ui-vpp-striped-specs__row__column ui-vpp-striped-specs__row__column--id\">Contenido total en peso<\/th>\n<td class=\"andes-table__column andes-table__column--left ui-vpp-striped-specs__row__column\"><span class=\"andes-table__column--value\">5 kg<\/span><\/td>\n<\/tr>\n<tr class=\"andes-table__row ui-vpp-striped-specs__row\">\n<th class=\"andes-table__header andes-table__header--left ui-vpp-striped-specs__row__column ui-vpp-striped-specs__row__column--id\">Contenido total en volumen<\/th>\n<td class=\"andes-table__column andes-table__column--left ui-vpp-striped-specs__row__column\"><span class=\"andes-table__column--value\">5 L<\/span><\/td>\n<\/tr>\n<tr class=\"andes-table__row ui-vpp-striped-specs__row\">\n<th class=\"andes-table__header andes-table__header--left ui-vpp-striped-specs__row__column ui-vpp-striped-specs__row__column--id\">Contenido total en volumen del kit<\/th>\n<td class=\"andes-table__column andes-table__column--left ui-vpp-striped-specs__row__column\"><span class=\"andes-table__column--value\">5000 mL<\/span><\/td>\n<\/tr>\n<tr class=\"andes-table__row ui-vpp-striped-specs__row\">\n<th class=\"andes-table__header andes-table__header--left ui-vpp-striped-specs__row__column ui-vpp-striped-specs__row__column--id\">Formato de venta<\/th>\n<td class=\"andes-table__column andes-table__column--left ui-vpp-striped-specs__row__column\"><span class=\"andes-table__column--value\">Unidad<\/span><\/td>\n<\/tr>\n<tr class=\"andes-table__row ui-vpp-striped-specs__row\">\n<th class=\"andes-table__header andes-table__header--left ui-vpp-striped-specs__row__column ui-vpp-striped-specs__row__column--id\">Unidades por pack<\/th>\n<td class=\"andes-table__column andes-table__column--left ui-vpp-striped-specs__row__column\"><span class=\"andes-table__column--value\">1<\/span><\/td>\n<\/tr>\n<\/tbody>\n<\/table>\n<\/div>\n<\/div>\n<div class=\"ui-vpp-striped-specs\">\n<div class=\"ui-vpp-striped-specs__table\">\n<h3 class=\"ui-vpp-striped-specs__header\">Otros<\/h3>\n<table class=\"andes-table\">\n<tbody class=\"andes-table__body\">\n<tr class=\"andes-table__row ui-vpp-striped-specs__row\">\n<th class=\"andes-table__header andes-table__header--left ui-vpp-striped-specs__row__column ui-vpp-striped-specs__row__column--id\">Tipos de cabello<\/th>\n<td class=\"andes-table__column andes-table__column--left ui-vpp-striped-specs__row__column\"><span class=\"andes-table__column--value\">Todo tipo de cabello<\/span><\/td>\n<\/tr>\n<tr class=\"andes-table__row ui-vpp-striped-specs__row\">\n<th class=\"andes-table__header andes-table__header--left ui-vpp-striped-specs__row__column ui-vpp-striped-specs__row__column--id\">Tipos de cuidado del cabello<\/th>\n<td class=\"andes-table__column andes-table__column--left ui-vpp-striped-specs__row__column\"><span class=\"andes-table__column--value\">Nutrici\u00f3n<\/span><\/td>\n<\/tr>\n<tr class=\"andes-table__row ui-vpp-striped-specs__row\">\n<th class=\"andes-table__header andes-table__header--left ui-vpp-striped-specs__row__column ui-vpp-striped-specs__row__column--id\">Es hipoalerg\u00e9nico<\/th>\n<td class=\"andes-table__column andes-table__column--left ui-vpp-striped-specs__row__column\"><span class=\"andes-table__column--value\">No<\/span><\/td>\n<\/tr>\n<tr class=\"andes-table__row ui-vpp-striped-specs__row\">\n<th class=\"andes-table__header andes-table__header--left ui-vpp-striped-specs__row__column ui-vpp-striped-specs__row__column--id\">Es libre de gluten<\/th>\n<td class=\"andes-table__column andes-table__column--left ui-vpp-striped-specs__row__column\"><span class=\"andes-table__column--value\">No<\/span><\/td>\n<\/tr>\n<tr class=\"andes-table__row ui-vpp-striped-specs__row\">\n<th class=\"andes-table__header andes-table__header--left ui-vpp-striped-specs__row__column ui-vpp-striped-specs__row__column--id\">Es libre de crueldad<\/th>\n<td class=\"andes-table__column andes-table__column--left ui-vpp-striped-specs__row__column\"><span class=\"andes-table__column--value\">No<\/span><\/td>\n<\/tr>\n<tr class=\"andes-table__row ui-vpp-striped-specs__row\">\n<th class=\"andes-table__header andes-table__header--left ui-vpp-striped-specs__row__column ui-vpp-striped-specs__row__column--id\">Est\u00e1 dermatol\u00f3gicamente testeado<\/th>\n<td class=\"andes-table__column andes-table__column--left ui-vpp-striped-specs__row__column\"><span class=\"andes-table__column--value\">S\u00ed<\/span><\/td>\n<\/tr>\n<tr class=\"andes-table__row ui-vpp-striped-specs__row\">\n<th class=\"andes-table__header andes-table__header--left ui-vpp-striped-specs__row__column ui-vpp-striped-specs__row__column--id\">Es vegano<\/th>\n<td class=\"andes-table__column andes-table__column--left ui-vpp-striped-specs__row__column\"><span class=\"andes-table__column--value\">No<\/span><\/td>\n<\/tr>\n<\/tbody>\n<\/table>\n<\/div>\n<\/div>\n<\/div>\n<\/div>\n<\/div>\n<\/div>\n<\/section>\n<\/div>\n<div id=\"description\" class=\"ui-pdp-container__row ui-pdp-container__row--description\">\n<div class=\"ui-pdp-description\">\n<h2 class=\"ui-pdp-description__title\">Descripci\u00f3n<\/h2>\n<p class=\"ui-pdp-description__content\">Shampoo y Acondicionador NEX bidon x 5 litros<\/p>\n<p>PODES ELEGIR SURTIDO EN SHAMPOO Y ACONDICIONADOR son todos de 5 litros<\/p>\n<p>Ideal para peluquer\u00eda profesionales<\/p>\n<\/div>\n<\/div>\n","protected":false},"excerpt":{"rendered":"<p>Caracter\u00edsticas del producto Marca:\u00a0Nex Presentaci\u00f3n:\u00a0Bid\u00f3n Tipo:\u00a0Shampoo Formato de venta:\u00a0Unidad Caracter\u00edsticas principales Marca Nex L\u00ednea Nex Nombre Nex Tipo Shampoo Presentaci\u00f3n Bid\u00f3n Contenido total en peso 5 kg Contenido total en volumen 5 L Contenido total en volumen del kit 5000 mL Formato de venta Unidad Unidades por pack 1 Otros Tipos de cabello Todo tipo de cabello Tipos de cuidado del cabello Nutrici\u00f3n Es hipoalerg\u00e9nico No Es libre de gluten No Es libre de crueldad No Est\u00e1 dermatol\u00f3gicamente testeado S\u00ed Es vegano No Descripci\u00f3n Shampoo y Acondicionador NEX bidon x 5 litros PODES ELEGIR SURTIDO EN SHAMPOO Y ACONDICIONADOR son\u2026<\/p>\n","protected":false},"featured_media":5206,"comment_status":"open","ping_status":"closed","template":"","meta":[],"product_cat":[896],"product_tag":[899,900,901,898,902,904,574,897,903,371],"featured_image_urls":{"full":["https:\/\/ccgdistribuidora.com\/wp-content\/uploads\/2023\/07\/Shampoo-Nex-Bidon-5l-Acido-Neutro-Almendra-O-Colageno.jpg",700,700,false],"thumbnail":["https:\/\/ccgdistribuidora.com\/wp-content\/uploads\/2023\/07\/Shampoo-Nex-Bidon-5l-Acido-Neutro-Almendra-O-Colageno-150x150.jpg",150,150,true],"medium":["https:\/\/ccgdistribuidora.com\/wp-content\/uploads\/2023\/07\/Shampoo-Nex-Bidon-5l-Acido-Neutro-Almendra-O-Colageno-300x300.jpg",300,300,true],"medium_large":["https:\/\/ccgdistribuidora.com\/wp-content\/uploads\/2023\/07\/Shampoo-Nex-Bidon-5l-Acido-Neutro-Almendra-O-Colageno.jpg",700,700,false],"large":["https:\/\/ccgdistribuidora.com\/wp-content\/uploads\/2023\/07\/Shampoo-Nex-Bidon-5l-Acido-Neutro-Almendra-O-Colageno.jpg",700,700,false],"1536x1536":["https:\/\/ccgdistribuidora.com\/wp-content\/uploads\/2023\/07\/Shampoo-Nex-Bidon-5l-Acido-Neutro-Almendra-O-Colageno.jpg",700,700,false],"2048x2048":["https:\/\/ccgdistribuidora.com\/wp-content\/uploads\/2023\/07\/Shampoo-Nex-Bidon-5l-Acido-Neutro-Almendra-O-Colageno.jpg",700,700,false],"mailpoet_newsletter_max":["https:\/\/ccgdistribuidora.com\/wp-content\/uploads\/2023\/07\/Shampoo-Nex-Bidon-5l-Acido-Neutro-Almendra-O-Colageno.jpg",700,700,false],"woocommerce_thumbnail":["https:\/\/ccgdistribuidora.com\/wp-content\/uploads\/2023\/07\/Shampoo-Nex-Bidon-5l-Acido-Neutro-Almendra-O-Colageno-300x400.jpg",300,400,true],"woocommerce_single":["https:\/\/ccgdistribuidora.com\/wp-content\/uploads\/2023\/07\/Shampoo-Nex-Bidon-5l-Acido-Neutro-Almendra-O-Colageno-600x600.jpg",600,600,true],"woocommerce_gallery_thumbnail":["https:\/\/ccgdistribuidora.com\/wp-content\/uploads\/2023\/07\/Shampoo-Nex-Bidon-5l-Acido-Neutro-Almendra-O-Colageno-100x100.jpg",100,100,true],"dgwt-wcas-product-suggestion":["https:\/\/ccgdistribuidora.com\/wp-content\/uploads\/2023\/07\/Shampoo-Nex-Bidon-5l-Acido-Neutro-Almendra-O-Colageno-64x64.jpg",64,64,true]},"post_excerpt_stackable":"<p>Caracter\u00edsticas del producto Marca:\u00a0Nex Presentaci\u00f3n:\u00a0Bid\u00f3n Tipo:\u00a0Shampoo Formato de venta:\u00a0Unidad Caracter\u00edsticas principales Marca Nex L\u00ednea Nex Nombre Nex Tipo Shampoo Presentaci\u00f3n Bid\u00f3n Contenido total en peso 5 kg Contenido total en volumen 5 L Contenido total en volumen del kit 5000 mL Formato de venta Unidad Unidades por pack 1 Otros Tipos de cabello Todo tipo de cabello Tipos de cuidado del cabello Nutrici\u00f3n Es hipoalerg\u00e9nico No Es libre de gluten No Es libre de crueldad No Est\u00e1 dermatol\u00f3gicamente testeado S\u00ed Es vegano No Descripci\u00f3n Shampoo y Acondicionador NEX bidon x 5 litros PODES ELEGIR SURTIDO EN SHAMPOO Y ACONDICIONADOR son&hellip;<\/p>\n","category_list":"","author_info":{"name":"","url":""},"comments_num":"0 comentarios","_links":{"self":[{"href":"https:\/\/ccgdistribuidora.com\/index.php\/wp-json\/wp\/v2\/product\/5205"}],"collection":[{"href":"https:\/\/ccgdistribuidora.com\/index.php\/wp-json\/wp\/v2\/product"}],"about":[{"href":"https:\/\/ccgdistribuidora.com\/index.php\/wp-json\/wp\/v2\/types\/product"}],"replies":[{"embeddable":true,"href":"https:\/\/ccgdistribuidora.com\/index.php\/wp-json\/wp\/v2\/comments?post=5205"}],"wp:featuredmedia":[{"embeddable":true,"href":"https:\/\/ccgdistribuidora.com\/index.php\/wp-json\/wp\/v2\/media\/5206"}],"wp:attachment":[{"href":"https:\/\/ccgdistribuidora.com\/index.php\/wp-json\/wp\/v2\/media?parent=5205"}],"wp:term":[{"taxonomy":"product_cat","embeddable":true,"href":"https:\/\/ccgdistribuidora.com\/index.php\/wp-json\/wp\/v2\/product_cat?post=5205"},{"taxonomy":"product_tag","embeddable":true,"href":"https:\/\/ccgdistribuidora.com\/index.php\/wp-json\/wp\/v2\/product_tag?post=5205"}],"curies":[{"name":"wp","href":"https:\/\/api.w.org\/{rel}","templated":true}]}}