{"id":5152,"date":"2023-05-25T14:20:44","date_gmt":"2023-05-25T17:20:44","guid":{"rendered":"https:\/\/ccgdistribuidora.com\/?post_type=product&#038;p=5152"},"modified":"2025-08-19T14:54:40","modified_gmt":"2025-08-19T17:54:40","slug":"6-pinzas-broches-grapas-grandes-negro-eurostil-50081-50","status":"publish","type":"product","link":"https:\/\/ccgdistribuidora.com\/index.php\/product\/6-pinzas-broches-grapas-grandes-negro-eurostil-50081-50\/","title":{"rendered":"6 Pinzas Broches Grapas Grandes Negro Eurostil  50081\/50"},"content":{"rendered":"<div id=\"highlighted_specs_attrs\" class=\"ui-pdp-container__row ui-pdp-container__row--highlighted-specs-attrs\">\n<section id=\"highlighted_specs_attrs\" class=\"ui-vpp-highlighted-specs pl-45 pr-45\">\n<div class=\"ui-pdp-container__row ui-pdp-container__row--technical-specifications\">\n<div class=\"ui-pdp-collapsable ui-vpp-highlighted-specs__striped-collapsed__action\">\n<div class=\"ui-pdp-collapsable__container\">\n<div class=\"ui-vpp-highlighted-specs__striped-specs\">\n<div class=\"ui-vpp-striped-specs\">\n<div class=\"ui-vpp-striped-specs__table\">\n<h3 class=\"ui-vpp-striped-specs__header\">Caracter\u00edsticas principales<\/h3>\n<table class=\"andes-table\">\n<tbody class=\"andes-table__body\">\n<tr class=\"andes-table__row ui-vpp-striped-specs__row\">\n<th class=\"andes-table__header andes-table__header--left ui-vpp-striped-specs__row__column ui-vpp-striped-specs__row__column--id\">Marca<\/th>\n<td class=\"andes-table__column andes-table__column--left ui-vpp-striped-specs__row__column\"><span class=\"andes-table__column--value\">Eurostil<\/span><\/td>\n<\/tr>\n<tr class=\"andes-table__row ui-vpp-striped-specs__row\">\n<th class=\"andes-table__header andes-table__header--left ui-vpp-striped-specs__row__column ui-vpp-striped-specs__row__column--id\">Modelo<\/th>\n<td class=\"andes-table__column andes-table__column--left ui-vpp-striped-specs__row__column\"><span class=\"andes-table__column--value\">50081\/50<\/span><\/td>\n<\/tr>\n<tr class=\"andes-table__row ui-vpp-striped-specs__row\">\n<th class=\"andes-table__header andes-table__header--left ui-vpp-striped-specs__row__column ui-vpp-striped-specs__row__column--id\">Unidades por envase<\/th>\n<td class=\"andes-table__column andes-table__column--left ui-vpp-striped-specs__row__column\"><span class=\"andes-table__column--value\">6<\/span><\/td>\n<\/tr>\n<\/tbody>\n<\/table>\n<\/div>\n<\/div>\n<div class=\"ui-vpp-striped-specs\">\n<div class=\"ui-vpp-striped-specs__table\">\n<h3 class=\"ui-vpp-striped-specs__header\">Otras caracter\u00edsticas<\/h3>\n<table class=\"andes-table\">\n<tbody class=\"andes-table__body\">\n<tr class=\"andes-table__row ui-vpp-striped-specs__row\">\n<th class=\"andes-table__header andes-table__header--left ui-vpp-striped-specs__row__column ui-vpp-striped-specs__row__column--id\">Material<\/th>\n<td class=\"andes-table__column andes-table__column--left ui-vpp-striped-specs__row__column\"><span class=\"andes-table__column--value\">Pl\u00e1stico<\/span><\/td>\n<\/tr>\n<\/tbody>\n<\/table>\n<\/div>\n<\/div>\n<\/div>\n<\/div>\n<\/div>\n<\/div>\n<\/section>\n<\/div>\n<div id=\"description\" class=\"ui-pdp-container__row ui-pdp-container__row--description\">\n<div class=\"ui-pdp-description\">\n<h2 class=\"ui-pdp-description__title\">Descripci\u00f3n<\/h2>\n<p>6 PINZAS BROCHES GRAPAS GRANDES EUROSTIL PELUQUERIA 50081\/50<\/p>\n<p>Broches sujetadores\/separadores de cabellos para peluquer\u00eda. Uso profesional.<\/p>\n<h2 class=\"ui-pdp-description__title\"><\/h2>\n<\/div>\n<\/div>\n","protected":false},"excerpt":{"rendered":"<p>Caracter\u00edsticas principales Marca Eurostil Modelo 50081\/50 Unidades por envase 6 Otras caracter\u00edsticas Material Pl\u00e1stico Descripci\u00f3n 6 PINZAS BROCHES GRAPAS GRANDES EUROSTIL PELUQUERIA 50081\/50 Broches sujetadores\/separadores de cabellos para peluquer\u00eda. Uso profesional.<\/p>\n","protected":false},"featured_media":5153,"comment_status":"open","ping_status":"closed","template":"","meta":[],"product_cat":[264,206],"product_tag":[858,853,855,656,856,857,854],"featured_image_urls":{"full":["https:\/\/ccgdistribuidora.com\/wp-content\/uploads\/2023\/05\/50.jpg",700,700,false],"thumbnail":["https:\/\/ccgdistribuidora.com\/wp-content\/uploads\/2023\/05\/50-150x150.jpg",150,150,true],"medium":["https:\/\/ccgdistribuidora.com\/wp-content\/uploads\/2023\/05\/50-300x300.jpg",300,300,true],"medium_large":["https:\/\/ccgdistribuidora.com\/wp-content\/uploads\/2023\/05\/50.jpg",700,700,false],"large":["https:\/\/ccgdistribuidora.com\/wp-content\/uploads\/2023\/05\/50.jpg",700,700,false],"1536x1536":["https:\/\/ccgdistribuidora.com\/wp-content\/uploads\/2023\/05\/50.jpg",700,700,false],"2048x2048":["https:\/\/ccgdistribuidora.com\/wp-content\/uploads\/2023\/05\/50.jpg",700,700,false],"mailpoet_newsletter_max":["https:\/\/ccgdistribuidora.com\/wp-content\/uploads\/2023\/05\/50.jpg",700,700,false],"woocommerce_thumbnail":["https:\/\/ccgdistribuidora.com\/wp-content\/uploads\/2023\/05\/50-300x400.jpg",300,400,true],"woocommerce_single":["https:\/\/ccgdistribuidora.com\/wp-content\/uploads\/2023\/05\/50-600x600.jpg",600,600,true],"woocommerce_gallery_thumbnail":["https:\/\/ccgdistribuidora.com\/wp-content\/uploads\/2023\/05\/50-100x100.jpg",100,100,true],"dgwt-wcas-product-suggestion":["https:\/\/ccgdistribuidora.com\/wp-content\/uploads\/2023\/05\/50-64x64.jpg",64,64,true]},"post_excerpt_stackable":"<p>Caracter\u00edsticas principales Marca Eurostil Modelo 50081\/50 Unidades por envase 6 Otras caracter\u00edsticas Material Pl\u00e1stico Descripci\u00f3n 6 PINZAS BROCHES GRAPAS GRANDES EUROSTIL PELUQUERIA 50081\/50 Broches sujetadores\/separadores de cabellos para peluquer\u00eda. Uso profesional.<\/p>\n","category_list":"","author_info":{"name":"","url":""},"comments_num":"0 comentarios","_links":{"self":[{"href":"https:\/\/ccgdistribuidora.com\/index.php\/wp-json\/wp\/v2\/product\/5152"}],"collection":[{"href":"https:\/\/ccgdistribuidora.com\/index.php\/wp-json\/wp\/v2\/product"}],"about":[{"href":"https:\/\/ccgdistribuidora.com\/index.php\/wp-json\/wp\/v2\/types\/product"}],"replies":[{"embeddable":true,"href":"https:\/\/ccgdistribuidora.com\/index.php\/wp-json\/wp\/v2\/comments?post=5152"}],"wp:featuredmedia":[{"embeddable":true,"href":"https:\/\/ccgdistribuidora.com\/index.php\/wp-json\/wp\/v2\/media\/5153"}],"wp:attachment":[{"href":"https:\/\/ccgdistribuidora.com\/index.php\/wp-json\/wp\/v2\/media?parent=5152"}],"wp:term":[{"taxonomy":"product_cat","embeddable":true,"href":"https:\/\/ccgdistribuidora.com\/index.php\/wp-json\/wp\/v2\/product_cat?post=5152"},{"taxonomy":"product_tag","embeddable":true,"href":"https:\/\/ccgdistribuidora.com\/index.php\/wp-json\/wp\/v2\/product_tag?post=5152"}],"curies":[{"name":"wp","href":"https:\/\/api.w.org\/{rel}","templated":true}]}}