{"id":5038,"date":"2023-05-15T22:40:58","date_gmt":"2023-05-16T01:40:58","guid":{"rendered":"https:\/\/ccgdistribuidora.com\/?post_type=product&#038;p=5038"},"modified":"2024-09-25T17:13:14","modified_gmt":"2024-09-25T20:13:14","slug":"tintura-alfaparf-evolution-x-60-grs","status":"publish","type":"product","link":"https:\/\/ccgdistribuidora.com\/index.php\/product\/tintura-alfaparf-evolution-x-60-grs\/","title":{"rendered":"Tintura  Alfaparf Evolution X 60 Grs"},"content":{"rendered":"<h2 class=\"ui-pdp-specs__title\">Caracter\u00edsticas principales<\/h2>\n<div class=\"ui-pdp-specs__table\">\n<table class=\"andes-table\">\n<tbody class=\"andes-table__body\">\n<tr class=\"andes-table__row\">\n<th class=\"andes-table__header andes-table__header--left ui-pdp-specs__table__column ui-pdp-specs__table__column-title\">Marca<\/th>\n<td class=\"andes-table__column andes-table__column--left ui-pdp-specs__table__column\"><span class=\"andes-table__column--value\">alfapart<\/span><\/td>\n<\/tr>\n<tr class=\"andes-table__row\">\n<th class=\"andes-table__header andes-table__header--left ui-pdp-specs__table__column ui-pdp-specs__table__column-title\">L\u00ednea<\/th>\n<td class=\"andes-table__column andes-table__column--left ui-pdp-specs__table__column\"><span class=\"andes-table__column--value\">Evolution<\/span><\/td>\n<\/tr>\n<\/tbody>\n<\/table>\n<\/div>\n<h3 class=\"ui-pdp-specs__subtitle\">Otros<\/h3>\n<div class=\"ui-pdp-list ui-pdp-specs__list\">\n<ul class=\"ui-pdp-list__wrapper\">\n<li class=\"ui-pdp-list__item\">\n<p class=\"ui-pdp-family--REGULAR ui-pdp-list__text\"><span class=\"ui-pdp-color--BLACK ui-pdp-size--XSMALL ui-pdp-family--BOLD\">Volumen neto<\/span>: 60 mL<\/p>\n<\/li>\n<li class=\"ui-pdp-list__item\">\n<p class=\"ui-pdp-family--REGULAR ui-pdp-list__text\"><span class=\"ui-pdp-color--BLACK ui-pdp-size--XSMALL ui-pdp-family--BOLD\">Peso neto<\/span>: 60 g<\/p>\n<\/li>\n<\/ul>\n<ul class=\"ui-pdp-list__wrapper\">\n<li class=\"ui-pdp-list__item\">\n<p class=\"ui-pdp-family--REGULAR ui-pdp-list__text\"><span class=\"ui-pdp-color--BLACK ui-pdp-size--XSMALL ui-pdp-family--BOLD\">Tipos de producto<\/span>: Tintura<\/p>\n<\/li>\n<li class=\"ui-pdp-list__item\">\n<p class=\"ui-pdp-family--REGULAR ui-pdp-list__text\"><span class=\"ui-pdp-color--BLACK ui-pdp-size--XSMALL ui-pdp-family--BOLD\">Presentaci\u00f3n<\/span>: Pomo<\/p>\n<\/li>\n<\/ul>\n<ul class=\"ui-pdp-list__wrapper\">\n<li class=\"ui-pdp-list__item\">\n<p class=\"ui-pdp-family--REGULAR ui-pdp-list__text\"><span class=\"ui-pdp-color--BLACK ui-pdp-size--XSMALL ui-pdp-family--BOLD\">Incluye activador<\/span>: No<\/p>\n<\/li>\n<li class=\"ui-pdp-list__item\">\n<p class=\"ui-pdp-family--REGULAR ui-pdp-list__text\"><span class=\"ui-pdp-color--BLACK ui-pdp-size--XSMALL ui-pdp-family--BOLD\">Unidades por envase<\/span>: 1<\/p>\n<\/li>\n<li>\n<h2 class=\"ui-pdp-description__title\">Descripci\u00f3n<\/h2>\n<\/li>\n<li>Hasta 3 tonos de aclaraci\u00f3n (hasta 5 tonos utilizando Platinium.<br \/>\n&gt; Confort \u00f3ptimo del cuero cabelludo.<br \/>\n&gt; Respeto total del cabello.<br \/>\n&gt; Potencia de color infinita.<br \/>\n&gt; Cobertura de hasta el 100% de los cabellos blancos.&gt; Ver carta de colores en im\u00e1genes de la publicaci\u00f3n<\/li>\n<\/ul>\n<\/div>\n","protected":false},"excerpt":{"rendered":"<p>Caracter\u00edsticas principales Marca alfapart L\u00ednea Evolution Otros Volumen neto: 60 mL Peso neto: 60 g Tipos de producto: Tintura Presentaci\u00f3n: Pomo Incluye activador: No Unidades por envase: 1 Descripci\u00f3n Hasta 3 tonos de aclaraci\u00f3n (hasta 5 tonos utilizando Platinium. &gt; Confort \u00f3ptimo del cuero cabelludo. &gt; Respeto total del cabello. &gt; Potencia de color infinita. &gt; Cobertura de hasta el 100% de los cabellos blancos.&gt; Ver carta de colores en im\u00e1genes de la publicaci\u00f3n<\/p>\n","protected":false},"featured_media":5039,"comment_status":"open","ping_status":"closed","template":"","meta":[],"product_cat":[207,222,247],"product_tag":[828,827,829],"featured_image_urls":{"full":["https:\/\/ccgdistribuidora.com\/wp-content\/uploads\/2023\/05\/Tintura-Alfa-Parf-Alfaparf-Evolution-X-60-Grs.jpg",700,700,false],"thumbnail":["https:\/\/ccgdistribuidora.com\/wp-content\/uploads\/2023\/05\/Tintura-Alfa-Parf-Alfaparf-Evolution-X-60-Grs-150x150.jpg",150,150,true],"medium":["https:\/\/ccgdistribuidora.com\/wp-content\/uploads\/2023\/05\/Tintura-Alfa-Parf-Alfaparf-Evolution-X-60-Grs-300x300.jpg",300,300,true],"medium_large":["https:\/\/ccgdistribuidora.com\/wp-content\/uploads\/2023\/05\/Tintura-Alfa-Parf-Alfaparf-Evolution-X-60-Grs.jpg",700,700,false],"large":["https:\/\/ccgdistribuidora.com\/wp-content\/uploads\/2023\/05\/Tintura-Alfa-Parf-Alfaparf-Evolution-X-60-Grs.jpg",700,700,false],"1536x1536":["https:\/\/ccgdistribuidora.com\/wp-content\/uploads\/2023\/05\/Tintura-Alfa-Parf-Alfaparf-Evolution-X-60-Grs.jpg",700,700,false],"2048x2048":["https:\/\/ccgdistribuidora.com\/wp-content\/uploads\/2023\/05\/Tintura-Alfa-Parf-Alfaparf-Evolution-X-60-Grs.jpg",700,700,false],"mailpoet_newsletter_max":["https:\/\/ccgdistribuidora.com\/wp-content\/uploads\/2023\/05\/Tintura-Alfa-Parf-Alfaparf-Evolution-X-60-Grs.jpg",700,700,false],"woocommerce_thumbnail":["https:\/\/ccgdistribuidora.com\/wp-content\/uploads\/2023\/05\/Tintura-Alfa-Parf-Alfaparf-Evolution-X-60-Grs-300x400.jpg",300,400,true],"woocommerce_single":["https:\/\/ccgdistribuidora.com\/wp-content\/uploads\/2023\/05\/Tintura-Alfa-Parf-Alfaparf-Evolution-X-60-Grs-600x600.jpg",600,600,true],"woocommerce_gallery_thumbnail":["https:\/\/ccgdistribuidora.com\/wp-content\/uploads\/2023\/05\/Tintura-Alfa-Parf-Alfaparf-Evolution-X-60-Grs-100x100.jpg",100,100,true],"dgwt-wcas-product-suggestion":["https:\/\/ccgdistribuidora.com\/wp-content\/uploads\/2023\/05\/Tintura-Alfa-Parf-Alfaparf-Evolution-X-60-Grs-64x64.jpg",64,64,true]},"post_excerpt_stackable":"<p>Caracter\u00edsticas principales Marca alfapart L\u00ednea Evolution Otros Volumen neto: 60 mL Peso neto: 60 g Tipos de producto: Tintura Presentaci\u00f3n: Pomo Incluye activador: No Unidades por envase: 1 Descripci\u00f3n Hasta 3 tonos de aclaraci\u00f3n (hasta 5 tonos utilizando Platinium. &gt; Confort \u00f3ptimo del cuero cabelludo. &gt; Respeto total del cabello. &gt; Potencia de color infinita. &gt; Cobertura de hasta el 100% de los cabellos blancos.&gt; Ver carta de colores en im\u00e1genes de la publicaci\u00f3n<\/p>\n","category_list":"","author_info":{"name":"","url":""},"comments_num":"0 comentarios","_links":{"self":[{"href":"https:\/\/ccgdistribuidora.com\/index.php\/wp-json\/wp\/v2\/product\/5038"}],"collection":[{"href":"https:\/\/ccgdistribuidora.com\/index.php\/wp-json\/wp\/v2\/product"}],"about":[{"href":"https:\/\/ccgdistribuidora.com\/index.php\/wp-json\/wp\/v2\/types\/product"}],"replies":[{"embeddable":true,"href":"https:\/\/ccgdistribuidora.com\/index.php\/wp-json\/wp\/v2\/comments?post=5038"}],"wp:featuredmedia":[{"embeddable":true,"href":"https:\/\/ccgdistribuidora.com\/index.php\/wp-json\/wp\/v2\/media\/5039"}],"wp:attachment":[{"href":"https:\/\/ccgdistribuidora.com\/index.php\/wp-json\/wp\/v2\/media?parent=5038"}],"wp:term":[{"taxonomy":"product_cat","embeddable":true,"href":"https:\/\/ccgdistribuidora.com\/index.php\/wp-json\/wp\/v2\/product_cat?post=5038"},{"taxonomy":"product_tag","embeddable":true,"href":"https:\/\/ccgdistribuidora.com\/index.php\/wp-json\/wp\/v2\/product_tag?post=5038"}],"curies":[{"name":"wp","href":"https:\/\/api.w.org\/{rel}","templated":true}]}}