{"id":5031,"date":"2023-05-09T15:36:27","date_gmt":"2023-05-09T18:36:27","guid":{"rendered":"https:\/\/ccgdistribuidora.com\/?post_type=product&#038;p=5031"},"modified":"2025-08-19T21:22:01","modified_gmt":"2025-08-20T00:22:01","slug":"tecnoliss-kit-paso-1-2-y-3-1000cc","status":"publish","type":"product","link":"https:\/\/ccgdistribuidora.com\/index.php\/product\/tecnoliss-kit-paso-1-2-y-3-1000cc\/","title":{"rendered":"Tecnoliss, Kit ,Paso, 1, 2 Y 3 ,1000cc"},"content":{"rendered":"<div id=\"highlighted_specs_attrs\" class=\"ui-pdp-container__row ui-pdp-container__row--highlighted-specs-attrs\">\n<section id=\"highlighted_specs_attrs\" class=\"ui-vpp-highlighted-specs pl-45 pr-45\">\n<div class=\"ui-pdp-container__row ui-pdp-container__row--highlighted-specs-title\">\n<h2 class=\"ui-vpp-text-alignment--left ui-pdp-color--BLACK ui-pdp-size--XLARGE ui-pdp-family--REGULAR highlighted-specs-title\">Caracter\u00edsticas del producto<\/h2>\n<\/div>\n<div class=\"ui-pdp-container__row ui-pdp-container__row--attributes\">\n<div class=\"ui-vpp-highlighted-specs__attribute-columns\">\n<div class=\"ui-vpp-highlighted-specs__attribute-columns__column\">\n<div class=\"ui-pdp-container__row ui-vpp-highlighted-specs__attribute-columns__row\">\n<div class=\"ui-vpp-highlighted-specs__key-value\">\n<div class=\"ui-pdp-background-color--GRAY_40 ui-vpp-highlighted-specs__filled-icon ui-vpp-highlighted-specs__filled-icon--ROUNDED\" aria-hidden=\"true\"><img decoding=\"async\" class=\"ui-pdp-image ui-vpp-image-component\" src=\"https:\/\/http2.mlstatic.com\/resources\/frontend\/ft-extended-v00\/assets\/vectorial\/default.svg\" \/><\/div>\n<div class=\"ui-vpp-highlighted-specs__key-value__labels\">\n<p class=\"ui-pdp-family--REGULAR ui-vpp-highlighted-specs__key-value__labels__key-value\"><span class=\"ui-pdp-color--BLACK ui-pdp-size--XSMALL ui-pdp-family--REGULAR\">Marca:<\/span>\u00a0<span class=\"ui-pdp-color--BLACK ui-pdp-size--XSMALL ui-pdp-family--SEMIBOLD\">Tecnoliss<\/span><\/p>\n<\/div>\n<\/div>\n<\/div>\n<div class=\"ui-pdp-container__row ui-vpp-highlighted-specs__attribute-columns__row\">\n<div class=\"ui-vpp-highlighted-specs__key-value\">\n<div class=\"ui-pdp-background-color--GRAY_40 ui-vpp-highlighted-specs__filled-icon ui-vpp-highlighted-specs__filled-icon--ROUNDED\" aria-hidden=\"true\"><img decoding=\"async\" class=\"ui-pdp-image ui-vpp-image-component\" src=\"https:\/\/http2.mlstatic.com\/storage\/catalog-technical-specs\/images\/assets\/vectorial\/hair_treatment_type.svg\" \/><\/div>\n<div class=\"ui-vpp-highlighted-specs__key-value__labels\">\n<p class=\"ui-pdp-family--REGULAR ui-vpp-highlighted-specs__key-value__labels__key-value\"><span class=\"ui-pdp-color--BLACK ui-pdp-size--XSMALL ui-pdp-family--REGULAR\">Tipo de cuidado:<\/span>\u00a0<span class=\"ui-pdp-color--BLACK ui-pdp-size--XSMALL ui-pdp-family--SEMIBOLD\">Hidrataci\u00f3n<\/span><\/p>\n<\/div>\n<\/div>\n<\/div>\n<\/div>\n<div class=\"ui-vpp-highlighted-specs__attribute-columns__column\">\n<div class=\"ui-pdp-container__row ui-vpp-highlighted-specs__attribute-columns__row\">\n<div class=\"ui-vpp-highlighted-specs__key-value\">\n<div class=\"ui-pdp-background-color--GRAY_40 ui-vpp-highlighted-specs__filled-icon ui-vpp-highlighted-specs__filled-icon--ROUNDED\" aria-hidden=\"true\"><img decoding=\"async\" class=\"ui-pdp-image ui-vpp-image-component\" src=\"https:\/\/http2.mlstatic.com\/storage\/catalog-technical-specs\/images\/assets\/vectorial\/hair_treatment_presentation.svg\" \/><\/div>\n<div class=\"ui-vpp-highlighted-specs__key-value__labels\">\n<p class=\"ui-pdp-family--REGULAR ui-vpp-highlighted-specs__key-value__labels__key-value\"><span class=\"ui-pdp-color--BLACK ui-pdp-size--XSMALL ui-pdp-family--REGULAR\">Presentaci\u00f3n:<\/span>\u00a0<span class=\"ui-pdp-color--BLACK ui-pdp-size--XSMALL ui-pdp-family--SEMIBOLD\">Pote<\/span><\/p>\n<\/div>\n<\/div>\n<\/div>\n<div class=\"ui-pdp-container__row ui-vpp-highlighted-specs__attribute-columns__row\">\n<div class=\"ui-vpp-highlighted-specs__key-value\">\n<div class=\"ui-pdp-background-color--GRAY_40 ui-vpp-highlighted-specs__filled-icon ui-vpp-highlighted-specs__filled-icon--ROUNDED\" aria-hidden=\"true\"><img decoding=\"async\" class=\"ui-pdp-image ui-vpp-image-component\" src=\"https:\/\/http2.mlstatic.com\/storage\/catalog-technical-specs\/images\/assets\/vectorial\/hair_treatment_format.svg\" \/><\/div>\n<div class=\"ui-vpp-highlighted-specs__key-value__labels\">\n<p class=\"ui-pdp-family--REGULAR ui-vpp-highlighted-specs__key-value__labels__key-value\"><span class=\"ui-pdp-color--BLACK ui-pdp-size--XSMALL ui-pdp-family--REGULAR\">Formato:<\/span>\u00a0<span class=\"ui-pdp-color--BLACK ui-pdp-size--XSMALL ui-pdp-family--SEMIBOLD\">Crema<\/span><\/p>\n<\/div>\n<\/div>\n<\/div>\n<\/div>\n<\/div>\n<\/div>\n<div class=\"ui-pdp-container__row ui-pdp-container__row--technical-specifications\">\n<div class=\"ui-pdp-collapsable ui-vpp-highlighted-specs__striped-collapsed__action\">\n<div class=\"ui-pdp-collapsable__container\">\n<div class=\"ui-vpp-highlighted-specs__striped-specs\">\n<div class=\"ui-vpp-striped-specs\">\n<div class=\"ui-vpp-striped-specs__table\">\n<h3 class=\"ui-vpp-striped-specs__header\">Caracter\u00edsticas principales<\/h3>\n<table class=\"andes-table\">\n<tbody class=\"andes-table__body\">\n<tr class=\"andes-table__row ui-vpp-striped-specs__row\">\n<th class=\"andes-table__header andes-table__header--left ui-vpp-striped-specs__row__column ui-vpp-striped-specs__row__column--id\">Marca<\/th>\n<td class=\"andes-table__column andes-table__column--left ui-vpp-striped-specs__row__column\"><span class=\"andes-table__column--value\">Tecnoliss<\/span><\/td>\n<\/tr>\n<tr class=\"andes-table__row ui-vpp-striped-specs__row\">\n<th class=\"andes-table__header andes-table__header--left ui-vpp-striped-specs__row__column ui-vpp-striped-specs__row__column--id\">L\u00ednea<\/th>\n<td class=\"andes-table__column andes-table__column--left ui-vpp-striped-specs__row__column\"><span class=\"andes-table__column--value\">Tecnoliss<\/span><\/td>\n<\/tr>\n<tr class=\"andes-table__row ui-vpp-striped-specs__row\">\n<th class=\"andes-table__header andes-table__header--left ui-vpp-striped-specs__row__column ui-vpp-striped-specs__row__column--id\">Tipo de producto<\/th>\n<td class=\"andes-table__column andes-table__column--left ui-vpp-striped-specs__row__column\"><span class=\"andes-table__column--value\">alisado hidro nutritivo<\/span><\/td>\n<\/tr>\n<tr class=\"andes-table__row ui-vpp-striped-specs__row\">\n<th class=\"andes-table__header andes-table__header--left ui-vpp-striped-specs__row__column ui-vpp-striped-specs__row__column--id\">Tipo de cuidado<\/th>\n<td class=\"andes-table__column andes-table__column--left ui-vpp-striped-specs__row__column\"><span class=\"andes-table__column--value\">Hidrataci\u00f3n<\/span><\/td>\n<\/tr>\n<tr class=\"andes-table__row ui-vpp-striped-specs__row\">\n<th class=\"andes-table__header andes-table__header--left ui-vpp-striped-specs__row__column ui-vpp-striped-specs__row__column--id\">Es kit<\/th>\n<td class=\"andes-table__column andes-table__column--left ui-vpp-striped-specs__row__column\"><span class=\"andes-table__column--value\">S\u00ed<\/span><\/td>\n<\/tr>\n<tr class=\"andes-table__row ui-vpp-striped-specs__row\">\n<th class=\"andes-table__header andes-table__header--left ui-vpp-striped-specs__row__column ui-vpp-striped-specs__row__column--id\">Unidades por envase<\/th>\n<td class=\"andes-table__column andes-table__column--left ui-vpp-striped-specs__row__column\"><span class=\"andes-table__column--value\">3<\/span><\/td>\n<\/tr>\n<\/tbody>\n<\/table>\n<\/div>\n<\/div>\n<div class=\"ui-vpp-striped-specs\">\n<div class=\"ui-vpp-striped-specs__table\"><\/div>\n<div class=\"ui-vpp-striped-specs__table\">\n<h3 class=\"ui-vpp-striped-specs__header\">Otros<\/h3>\n<table class=\"andes-table\">\n<tbody class=\"andes-table__body\">\n<tr class=\"andes-table__row ui-vpp-striped-specs__row\">\n<th class=\"andes-table__header andes-table__header--left ui-vpp-striped-specs__row__column ui-vpp-striped-specs__row__column--id\">Tipos de cabello<\/th>\n<td class=\"andes-table__column andes-table__column--left ui-vpp-striped-specs__row__column\"><span class=\"andes-table__column--value\">Con rulos,Lacio,Te\u00f1idos,Todo tipo de cabello,mota,rubios<\/span><\/td>\n<\/tr>\n<tr class=\"andes-table__row ui-vpp-striped-specs__row\">\n<th class=\"andes-table__header andes-table__header--left ui-vpp-striped-specs__row__column ui-vpp-striped-specs__row__column--id\">Efectos<\/th>\n<td class=\"andes-table__column andes-table__column--left ui-vpp-striped-specs__row__column\"><span class=\"andes-table__column--value\">Alisa Nutre Repara,Hidrataci\u00f3n,Suave y brillo<\/span><\/td>\n<\/tr>\n<tr class=\"andes-table__row ui-vpp-striped-specs__row\">\n<th class=\"andes-table__header andes-table__header--left ui-vpp-striped-specs__row__column ui-vpp-striped-specs__row__column--id\">Formato<\/th>\n<td class=\"andes-table__column andes-table__column--left ui-vpp-striped-specs__row__column\"><span class=\"andes-table__column--value\">Crema<\/span><\/td>\n<\/tr>\n<tr class=\"andes-table__row ui-vpp-striped-specs__row\">\n<th class=\"andes-table__header andes-table__header--left ui-vpp-striped-specs__row__column ui-vpp-striped-specs__row__column--id\">Presentaci\u00f3n<\/th>\n<td class=\"andes-table__column andes-table__column--left ui-vpp-striped-specs__row__column\"><span class=\"andes-table__column--value\">Pote<\/span><\/td>\n<\/tr>\n<tr class=\"andes-table__row ui-vpp-striped-specs__row\">\n<th class=\"andes-table__header andes-table__header--left ui-vpp-striped-specs__row__column ui-vpp-striped-specs__row__column--id\">G\u00e9nero<\/th>\n<td class=\"andes-table__column andes-table__column--left ui-vpp-striped-specs__row__column\"><span class=\"andes-table__column--value\">Sin g\u00e9nero<\/span><\/td>\n<\/tr>\n<tr class=\"andes-table__row ui-vpp-striped-specs__row\">\n<th class=\"andes-table__header andes-table__header--left ui-vpp-striped-specs__row__column ui-vpp-striped-specs__row__column--id\">Es testeado dermatol\u00f3gicamente<\/th>\n<td class=\"andes-table__column andes-table__column--left ui-vpp-striped-specs__row__column\"><span class=\"andes-table__column--value\">S\u00ed<\/span><\/td>\n<\/tr>\n<tr class=\"andes-table__row ui-vpp-striped-specs__row\">\n<th class=\"andes-table__header andes-table__header--left ui-vpp-striped-specs__row__column ui-vpp-striped-specs__row__column--id\">Es hipoalerg\u00e9nico<\/th>\n<td class=\"andes-table__column andes-table__column--left ui-vpp-striped-specs__row__column\"><span class=\"andes-table__column--value\">No<\/span><\/td>\n<\/tr>\n<tr class=\"andes-table__row ui-vpp-striped-specs__row\">\n<th class=\"andes-table__header andes-table__header--left ui-vpp-striped-specs__row__column ui-vpp-striped-specs__row__column--id\">Es libre de crueldad<\/th>\n<td class=\"andes-table__column andes-table__column--left ui-vpp-striped-specs__row__column\"><span class=\"andes-table__column--value\">S\u00ed<\/span><\/td>\n<\/tr>\n<tr class=\"andes-table__row ui-vpp-striped-specs__row\">\n<th class=\"andes-table__header andes-table__header--left ui-vpp-striped-specs__row__column ui-vpp-striped-specs__row__column--id\">Con fragancia<\/th>\n<td class=\"andes-table__column andes-table__column--left ui-vpp-striped-specs__row__column\"><span class=\"andes-table__column--value\">No<\/span><\/td>\n<\/tr>\n<\/tbody>\n<\/table>\n<\/div>\n<\/div>\n<\/div>\n<\/div>\n<\/div>\n<\/div>\n<\/section>\n<\/div>\n<div id=\"description\" class=\"ui-pdp-container__row ui-pdp-container__row--description\">\n<div class=\"ui-pdp-description\">\n<h2 class=\"ui-pdp-description__title\">Descripci\u00f3n<\/h2>\n<p class=\"ui-pdp-description__content\">TECNO-LISS KIT TECNO-LISS PASO 1 &#8211; PASO 2 &#8211; PASO 3<\/p>\n<p>RINDE 18 APLICACIONES<\/p>\n<p>\u2014&#8212;&#8212;-HIDRATACI\u00d3N INTENSA DESDE EL PRIMER USO \u2014&#8212;&#8212;-<\/p>\n<p>PASO 1 : Shampoo Antiresiduos de limpieza profunda, indicado tambi\u00e9n para antes de cualquier trabajo t\u00e9cnico.<br \/>\nRetira Restos Qu\u00edmicos No Utilizables<br \/>\nPASO 2 : Shock Queratinico Laciante<br \/>\nRepositor Querat\u00ednico I Anti Frizz I Repositor Proteico<br \/>\nPASO 3 : Crema Niveladora Antiestatica<br \/>\nRepositor Hidrico I Nutre Fibra Capilar I Antiestatico I Brillo y suavidad I<\/p>\n<p>EL CABELLO LUCIR\u00c1 SUAVE , BRILLOSO Y CON UN ASPECTO DE LACIO NATURAL.<\/p>\n<p>__________ TRATAMIENTOS DIVERSOS QUE SE PUEDEN HACER CON LOS 3 PASOS DE TECNO-LISS __________<\/p>\n<p>ALISADO PROGRESIVO ANTI-FRIZZ I*P1+P2+P3*I<br \/>\nHIDRO NUTRITIVO EXTREME I*P1+P3*I<br \/>\nFLASH TOUCH (Toque R\u00e1pido Anti-Frizz) I*P2+P3*I<\/p>\n<p>ALISADO PROGRESIVO ANTI-FRIZZ: Formula Innovadora, aplicada sobre los cabellos fragilizados, da\u00f1ados o quebradizos, tratados qu\u00edmicamente, nos devuelve , SALUD , RESISTENCIA y BRILLO INTENSO, acompa\u00f1ado de un LISO PERFECTO: I PASO 1 + PASO 2 + PASO 3 I<\/p>\n<p>\u00acLavar el cabello con SHAMPOO ANTIRESIDUOS (PASO 1)<br \/>\n\u00acSecar el cabello 100%.<br \/>\n\u00acDividir el cabello,agitar y aplicar de ra\u00edz a puntas. El anti-frizz (paso 2) con pincel mecha por mecha y dejar actuar 20 minutos.<br \/>\n\u00acRetirar totalmente el excedente de productos con PEINE FINO.<br \/>\n\u00acSecar con secador. Temperatura media en un 80%.<br \/>\n\u00acDividimos nuevamente el cabello para tomar mechas finas, casi transparentes y pasar plancha (180\u00b0 a 200\u00b0) mecha a mecha, no menos de 15 pasadas de ra\u00edz a puntas.<br \/>\n\u00acDejar enfriar el cabello naturalmente, aplicar la mascarilla finalizadora (paso 3) mecha por mecha, distribuyendo con ayuda de un peine medio. Dejar actuar 10 minutos.<br \/>\n\u00acEnjuagar Abundantemente<br \/>\n\u00acSecar con secador caliente direccionado de ra\u00edz a puntas, ayud\u00e1ndonos con nuestras propias manos.<\/p>\n<p>EXCEPCIONES: En Caso de Cabellos a la ALTURA 9 o 10 o muy DECOLORADOS o con REFLEJOS que superen el 80%, reducir al 50% las pasadas de plancha, evitara que este se castigue por sobrecarga de calor.<\/p>\n<p>IMPORTANTE: Es muy importante respetar y ejecutar la T\u00e9cnica Adecuada (paso a paso), en especial la retirada de producto con peine fino ( paso4 &#8211; viene en el flayer con el producto) y tomar mechas transparentes para luego pasar plancha no menos de 15 veces (paso 6).<br \/>\nEsto nos garantiza un perfecto sellamiento y CAUTERIZACI\u00d3N del cabello.<\/p>\n<p>B) HIDRO NUTRITIVO EXTREME : Este servicio da una respuesta PROFESIONAL sencilla y r\u00e1pida en el momento, para el cabello da\u00f1ado o qu\u00edmicamente tratado, HIDRATA, NUTRE Y SELLA la cut\u00edcula del Cabello, proporcionando LIGEREZA,BRILLO y SEDOSIDAD NATURAL. I PASO 1 + PASO 2 I<\/p>\n<p>TRATAMENTO SIN FORMOL &#8211; NO ES ALISADO!!!<\/p>\n<p>\u00acLavar el cabello en Shampoo ANTI RESIDUO.<br \/>\n\u00acRetirar rl exceso de agua con una toalla. Peinar para desenredar el cabello<br \/>\n\u00acAplicar la Mascara Finalizadora (paso 3) masajeando suavemente mecha por mecha.<br \/>\n\u00acDejar actuar 20 minutos en vapor o calor seco.<br \/>\n\u00acenjuagar abundantemente.<br \/>\n\u00acProceder el peinado habitual<\/p>\n<p>c) FLASH TOUCH (toque r\u00e1pido Anti-Frizz): Servicio exclusivo que disciplina y controla el FRIZZ de los cabellos rebeldes e indisciplinados, aport\u00e1ndoles NUTRICI\u00d3N y BRILLO INTENSO. En cabellos con rulos, BAJA el FRIZZ, volviendo los rulos DISCIPLINADOS y PROLIJOS. I PASO 2 + PASO 3 I<\/p>\n<p>\u00acLavar el cabello en Shampoo Anti Residuo.<br \/>\n\u00acSecar el cabello 100%<br \/>\n\u00acAgitar y preparar una mezcla en proporci\u00f3n 1 +2 (una parte de Anti-Frizz mas dos partes de mascarilla Finalizadora). Aplicar con pincel de ra\u00edz a punta, mecha por mecha. Dejar actuar 20 minutos.<br \/>\n\u00acretirar el exceso con peine fino.<br \/>\n\u00acSecar el camello a un 80% para ayudar la absorci\u00f3n del producto.<br \/>\n\u00acRealizar plancha gruesa y dejar enfriar naturalmente.<br \/>\n\u00acEnjuagar abundantemente.<br \/>\n\u00acProceder el peinado habitual o dejar secar naturalmente en cabellos lacios.<br \/>\n\u00acEn cabellos rizados secar con difusor o dejar secar naturalmente.<\/p>\n<p>EL PRODUCTO NO ARRASTRA EL COLOR NATURAL NI LA TINTURA ARTIFICIAL DEL CABELLO.<\/p>\n<p>CONSEJOS:<br \/>\n\u201cPARA MEJORES RESULTADOS USA EL KIT DE MANTENIMIENTO DE SHAMPOO , B\u00c1LSAMO Y LEAVE-IN (anti-frizz) TECNO-LISS\u201d<\/p>\n<p>Es de vital importancia el uso del KIT DE MANTENIMIENTO compuesto por Shampoo &#8211; Balsamo &#8211; Leave-in , pues nos asegura un debido cuidado post tratamiento<br \/>\nGracias a su formulaci\u00f3n equilibrada con emolientes nutritivos naturales cuida y PROLONGA el ALISAMIENTO PROGRESIVO<br \/>\nEl uso del Leave.In PROLONGA el alisado en el tiempo, a su vez forma una fina pel\u00edcula que lo protege de agentes externos.<\/p>\n<p>BENEFICIOS:<br \/>\nINNOVACION COSMETICA &#8211; MICRO KERATINA &#8211; MK &#8211;<\/p>\n<p>*APORTA M\u00c1S BRILLO Y PROLONGA EL ALISADO EN EL TIEMPO *<\/p>\n<p>PARA CUALQUIER TIPO DE CABELLO &#8211; DA\u00d1ADOS &#8211; CON TRATAMIENTOS.<\/p>\n<p>HIDRATA INTENSAMENTE &#8211; DESENREDA &#8211; LISO PERFECTO<\/p>\n<p>Reparaci\u00f3n Integral. &#8211; 34% PUNTAS ABIERTAS.<\/p>\n<p>Un cabello fresco , m\u00e1s vital y manejable en pocos pasos de la mano de Tecno-Liss<\/p>\n<p>FREE PARABENS ========== CRUELTY FREE ========= VEGAN FORMULA<\/p>\n<p>FREE PARAB\u00c9NS : Los productos libres de parabenos son una buena opci\u00f3n para el cuidado de pieles sensibles o para quienes eligen productos sin conservantes artificiales.<\/p>\n<p>CRUELTY FREE : Este producto es elaborado sin lastimar a ning\u00fan animal.<\/p>\n<p>VEGAN F\u00d3RMULA : Este producto es realizado en base a elementos naturales de origen vegetal.<\/p>\n<p>PRO-VITAMINAS<br \/>\nANTIOXIDANTE<br \/>\nNUTRITIVO<br \/>\nHUMECTANTE<br \/>\nACABADO PERFECTO<br \/>\nBRILLO Y SUAVIDAD<\/p>\n<p>ADVERTENCIA: Evite el contacto con los ojos, suspenda su uso si observa alguna reacci\u00f3n desfavorable, mant\u00e9ngase fuera del alcance de los ni\u00f1os.<\/p>\n<p>MODO DE USO: Agite antes de usar * Aplique * Frote * Enjuague * Repita.<\/p>\n<\/div>\n<\/div>\n","protected":false},"excerpt":{"rendered":"<p>Caracter\u00edsticas del producto Marca:\u00a0Tecnoliss Tipo de cuidado:\u00a0Hidrataci\u00f3n Presentaci\u00f3n:\u00a0Pote Formato:\u00a0Crema Caracter\u00edsticas principales Marca Tecnoliss L\u00ednea Tecnoliss Tipo de producto alisado hidro nutritivo Tipo de cuidado Hidrataci\u00f3n Es kit S\u00ed Unidades por envase 3 Otros Tipos de cabello Con rulos,Lacio,Te\u00f1idos,Todo tipo de cabello,mota,rubios Efectos Alisa Nutre Repara,Hidrataci\u00f3n,Suave y brillo Formato Crema Presentaci\u00f3n Pote G\u00e9nero Sin g\u00e9nero Es testeado dermatol\u00f3gicamente S\u00ed Es hipoalerg\u00e9nico No Es libre de crueldad S\u00ed Con fragancia No Descripci\u00f3n TECNO-LISS KIT TECNO-LISS PASO 1 &#8211; PASO 2 &#8211; PASO 3 RINDE 18 APLICACIONES \u2014&#8212;&#8212;-HIDRATACI\u00d3N INTENSA DESDE EL PRIMER USO \u2014&#8212;&#8212;- PASO 1 : Shampoo Antiresiduos de limpieza profunda, indicado\u2026<\/p>\n","protected":false},"featured_media":5032,"comment_status":"open","ping_status":"closed","template":"","meta":[],"product_cat":[222,813],"product_tag":[825,822,826,569,824,823],"featured_image_urls":{"full":["https:\/\/ccgdistribuidora.com\/wp-content\/uploads\/2023\/05\/Tecnoliss-Kit-Paso-1-2-Y-3-1000cc.jpg",700,700,false],"thumbnail":["https:\/\/ccgdistribuidora.com\/wp-content\/uploads\/2023\/05\/Tecnoliss-Kit-Paso-1-2-Y-3-1000cc-150x150.jpg",150,150,true],"medium":["https:\/\/ccgdistribuidora.com\/wp-content\/uploads\/2023\/05\/Tecnoliss-Kit-Paso-1-2-Y-3-1000cc-300x300.jpg",300,300,true],"medium_large":["https:\/\/ccgdistribuidora.com\/wp-content\/uploads\/2023\/05\/Tecnoliss-Kit-Paso-1-2-Y-3-1000cc.jpg",700,700,false],"large":["https:\/\/ccgdistribuidora.com\/wp-content\/uploads\/2023\/05\/Tecnoliss-Kit-Paso-1-2-Y-3-1000cc.jpg",700,700,false],"1536x1536":["https:\/\/ccgdistribuidora.com\/wp-content\/uploads\/2023\/05\/Tecnoliss-Kit-Paso-1-2-Y-3-1000cc.jpg",700,700,false],"2048x2048":["https:\/\/ccgdistribuidora.com\/wp-content\/uploads\/2023\/05\/Tecnoliss-Kit-Paso-1-2-Y-3-1000cc.jpg",700,700,false],"mailpoet_newsletter_max":["https:\/\/ccgdistribuidora.com\/wp-content\/uploads\/2023\/05\/Tecnoliss-Kit-Paso-1-2-Y-3-1000cc.jpg",700,700,false],"woocommerce_thumbnail":["https:\/\/ccgdistribuidora.com\/wp-content\/uploads\/2023\/05\/Tecnoliss-Kit-Paso-1-2-Y-3-1000cc-300x400.jpg",300,400,true],"woocommerce_single":["https:\/\/ccgdistribuidora.com\/wp-content\/uploads\/2023\/05\/Tecnoliss-Kit-Paso-1-2-Y-3-1000cc-600x600.jpg",600,600,true],"woocommerce_gallery_thumbnail":["https:\/\/ccgdistribuidora.com\/wp-content\/uploads\/2023\/05\/Tecnoliss-Kit-Paso-1-2-Y-3-1000cc-100x100.jpg",100,100,true],"dgwt-wcas-product-suggestion":["https:\/\/ccgdistribuidora.com\/wp-content\/uploads\/2023\/05\/Tecnoliss-Kit-Paso-1-2-Y-3-1000cc-64x64.jpg",64,64,true]},"post_excerpt_stackable":"<p>Caracter\u00edsticas del producto Marca:\u00a0Tecnoliss Tipo de cuidado:\u00a0Hidrataci\u00f3n Presentaci\u00f3n:\u00a0Pote Formato:\u00a0Crema Caracter\u00edsticas principales Marca Tecnoliss L\u00ednea Tecnoliss Tipo de producto alisado hidro nutritivo Tipo de cuidado Hidrataci\u00f3n Es kit S\u00ed Unidades por envase 3 Otros Tipos de cabello Con rulos,Lacio,Te\u00f1idos,Todo tipo de cabello,mota,rubios Efectos Alisa Nutre Repara,Hidrataci\u00f3n,Suave y brillo Formato Crema Presentaci\u00f3n Pote G\u00e9nero Sin g\u00e9nero Es testeado dermatol\u00f3gicamente S\u00ed Es hipoalerg\u00e9nico No Es libre de crueldad S\u00ed Con fragancia No Descripci\u00f3n TECNO-LISS KIT TECNO-LISS PASO 1 &#8211; PASO 2 &#8211; PASO 3 RINDE 18 APLICACIONES \u2014&#8212;&#8212;-HIDRATACI\u00d3N INTENSA DESDE EL PRIMER USO \u2014&#8212;&#8212;- PASO 1 : Shampoo Antiresiduos de limpieza profunda, indicado&hellip;<\/p>\n","category_list":"","author_info":{"name":"","url":""},"comments_num":"0 comentarios","_links":{"self":[{"href":"https:\/\/ccgdistribuidora.com\/index.php\/wp-json\/wp\/v2\/product\/5031"}],"collection":[{"href":"https:\/\/ccgdistribuidora.com\/index.php\/wp-json\/wp\/v2\/product"}],"about":[{"href":"https:\/\/ccgdistribuidora.com\/index.php\/wp-json\/wp\/v2\/types\/product"}],"replies":[{"embeddable":true,"href":"https:\/\/ccgdistribuidora.com\/index.php\/wp-json\/wp\/v2\/comments?post=5031"}],"wp:featuredmedia":[{"embeddable":true,"href":"https:\/\/ccgdistribuidora.com\/index.php\/wp-json\/wp\/v2\/media\/5032"}],"wp:attachment":[{"href":"https:\/\/ccgdistribuidora.com\/index.php\/wp-json\/wp\/v2\/media?parent=5031"}],"wp:term":[{"taxonomy":"product_cat","embeddable":true,"href":"https:\/\/ccgdistribuidora.com\/index.php\/wp-json\/wp\/v2\/product_cat?post=5031"},{"taxonomy":"product_tag","embeddable":true,"href":"https:\/\/ccgdistribuidora.com\/index.php\/wp-json\/wp\/v2\/product_tag?post=5031"}],"curies":[{"name":"wp","href":"https:\/\/api.w.org\/{rel}","templated":true}]}}