{"id":5029,"date":"2023-05-09T15:23:23","date_gmt":"2023-05-09T18:23:23","guid":{"rendered":"https:\/\/ccgdistribuidora.com\/?post_type=product&#038;p=5029"},"modified":"2025-08-19T21:22:37","modified_gmt":"2025-08-20T00:22:37","slug":"tecno-liss-hialuron-plastificado1000cc","status":"publish","type":"product","link":"https:\/\/ccgdistribuidora.com\/index.php\/product\/tecno-liss-hialuron-plastificado1000cc\/","title":{"rendered":"TECNO-LISS, HIALUR\u00d3N ,PLASTIFICADO,1000cc"},"content":{"rendered":"<div id=\"highlighted_specs_attrs\" class=\"ui-pdp-container__row ui-pdp-container__row--highlighted-specs-attrs\">\n<section id=\"highlighted_specs_attrs\" class=\"ui-vpp-highlighted-specs pl-45 pr-45\">\n<div class=\"ui-pdp-container__row ui-pdp-container__row--highlighted-specs-title\">\n<h2 class=\"ui-vpp-text-alignment--left ui-pdp-color--BLACK ui-pdp-size--XLARGE ui-pdp-family--REGULAR highlighted-specs-title\">Caracter\u00edsticas del producto<\/h2>\n<\/div>\n<div class=\"ui-pdp-container__row ui-pdp-container__row--attributes\">\n<div class=\"ui-vpp-highlighted-specs__attribute-columns\">\n<div class=\"ui-vpp-highlighted-specs__attribute-columns__column\">\n<div class=\"ui-pdp-container__row ui-vpp-highlighted-specs__attribute-columns__row\">\n<div class=\"ui-vpp-highlighted-specs__key-value\">\n<div class=\"ui-pdp-background-color--GRAY_40 ui-vpp-highlighted-specs__filled-icon ui-vpp-highlighted-specs__filled-icon--ROUNDED\" aria-hidden=\"true\"><img decoding=\"async\" class=\"ui-pdp-image ui-vpp-image-component\" src=\"https:\/\/http2.mlstatic.com\/resources\/frontend\/ft-extended-v00\/assets\/vectorial\/default.svg\" \/><\/div>\n<div class=\"ui-vpp-highlighted-specs__key-value__labels\">\n<p class=\"ui-pdp-family--REGULAR ui-vpp-highlighted-specs__key-value__labels__key-value\"><span class=\"ui-pdp-color--BLACK ui-pdp-size--XSMALL ui-pdp-family--REGULAR\">Marca:<\/span>\u00a0<span class=\"ui-pdp-color--BLACK ui-pdp-size--XSMALL ui-pdp-family--SEMIBOLD\">Tecnoliss<\/span><\/p>\n<\/div>\n<\/div>\n<\/div>\n<div class=\"ui-pdp-container__row ui-vpp-highlighted-specs__attribute-columns__row\">\n<div class=\"ui-vpp-highlighted-specs__key-value\">\n<div class=\"ui-pdp-background-color--GRAY_40 ui-vpp-highlighted-specs__filled-icon ui-vpp-highlighted-specs__filled-icon--ROUNDED\" aria-hidden=\"true\"><img decoding=\"async\" class=\"ui-pdp-image ui-vpp-image-component\" src=\"https:\/\/http2.mlstatic.com\/storage\/catalog-technical-specs\/images\/assets\/vectorial\/hair_treatment_type.svg\" \/><\/div>\n<div class=\"ui-vpp-highlighted-specs__key-value__labels\">\n<p class=\"ui-pdp-family--REGULAR ui-vpp-highlighted-specs__key-value__labels__key-value\"><span class=\"ui-pdp-color--BLACK ui-pdp-size--XSMALL ui-pdp-family--REGULAR\">Tipo de cuidado:<\/span>\u00a0<span class=\"ui-pdp-color--BLACK ui-pdp-size--XSMALL ui-pdp-family--SEMIBOLD\">Hidrataci\u00f3n<\/span><\/p>\n<\/div>\n<\/div>\n<\/div>\n<\/div>\n<div class=\"ui-vpp-highlighted-specs__attribute-columns__column\">\n<div class=\"ui-pdp-container__row ui-vpp-highlighted-specs__attribute-columns__row\">\n<div class=\"ui-vpp-highlighted-specs__key-value\">\n<div class=\"ui-pdp-background-color--GRAY_40 ui-vpp-highlighted-specs__filled-icon ui-vpp-highlighted-specs__filled-icon--ROUNDED\" aria-hidden=\"true\"><img decoding=\"async\" class=\"ui-pdp-image ui-vpp-image-component\" src=\"https:\/\/http2.mlstatic.com\/storage\/catalog-technical-specs\/images\/assets\/vectorial\/hair_treatment_presentation.svg\" \/><\/div>\n<div class=\"ui-vpp-highlighted-specs__key-value__labels\">\n<p class=\"ui-pdp-family--REGULAR ui-vpp-highlighted-specs__key-value__labels__key-value\"><span class=\"ui-pdp-color--BLACK ui-pdp-size--XSMALL ui-pdp-family--REGULAR\">Presentaci\u00f3n:<\/span>\u00a0<span class=\"ui-pdp-color--BLACK ui-pdp-size--XSMALL ui-pdp-family--SEMIBOLD\">Pote<\/span><\/p>\n<\/div>\n<\/div>\n<\/div>\n<div class=\"ui-pdp-container__row ui-vpp-highlighted-specs__attribute-columns__row\">\n<div class=\"ui-vpp-highlighted-specs__key-value\">\n<div class=\"ui-pdp-background-color--GRAY_40 ui-vpp-highlighted-specs__filled-icon ui-vpp-highlighted-specs__filled-icon--ROUNDED\" aria-hidden=\"true\"><img decoding=\"async\" class=\"ui-pdp-image ui-vpp-image-component\" src=\"https:\/\/http2.mlstatic.com\/storage\/catalog-technical-specs\/images\/assets\/vectorial\/hair_treatment_format.svg\" \/><\/div>\n<div class=\"ui-vpp-highlighted-specs__key-value__labels\">\n<p class=\"ui-pdp-family--REGULAR ui-vpp-highlighted-specs__key-value__labels__key-value\"><span class=\"ui-pdp-color--BLACK ui-pdp-size--XSMALL ui-pdp-family--REGULAR\">Formato:<\/span>\u00a0<span class=\"ui-pdp-color--BLACK ui-pdp-size--XSMALL ui-pdp-family--SEMIBOLD\">Crema<\/span><\/p>\n<\/div>\n<\/div>\n<\/div>\n<\/div>\n<\/div>\n<\/div>\n<div class=\"ui-pdp-container__row ui-pdp-container__row--technical-specifications\">\n<div class=\"ui-pdp-collapsable ui-vpp-highlighted-specs__striped-collapsed__action\">\n<div class=\"ui-pdp-collapsable__container\">\n<div class=\"ui-vpp-highlighted-specs__striped-specs\">\n<div class=\"ui-vpp-striped-specs\">\n<div class=\"ui-vpp-striped-specs__table\">\n<h3 class=\"ui-vpp-striped-specs__header\">Caracter\u00edsticas principales<\/h3>\n<table class=\"andes-table\">\n<tbody class=\"andes-table__body\">\n<tr class=\"andes-table__row ui-vpp-striped-specs__row\">\n<th class=\"andes-table__header andes-table__header--left ui-vpp-striped-specs__row__column ui-vpp-striped-specs__row__column--id\">Marca<\/th>\n<td class=\"andes-table__column andes-table__column--left ui-vpp-striped-specs__row__column\"><span class=\"andes-table__column--value\">Tecnoliss<\/span><\/td>\n<\/tr>\n<tr class=\"andes-table__row ui-vpp-striped-specs__row\">\n<th class=\"andes-table__header andes-table__header--left ui-vpp-striped-specs__row__column ui-vpp-striped-specs__row__column--id\">L\u00ednea<\/th>\n<td class=\"andes-table__column andes-table__column--left ui-vpp-striped-specs__row__column\"><span class=\"andes-table__column--value\">Hialurion<\/span><\/td>\n<\/tr>\n<tr class=\"andes-table__row ui-vpp-striped-specs__row\">\n<th class=\"andes-table__header andes-table__header--left ui-vpp-striped-specs__row__column ui-vpp-striped-specs__row__column--id\">Tipo de producto<\/th>\n<td class=\"andes-table__column andes-table__column--left ui-vpp-striped-specs__row__column\"><span class=\"andes-table__column--value\">Plastificado<\/span><\/td>\n<\/tr>\n<tr class=\"andes-table__row ui-vpp-striped-specs__row\">\n<th class=\"andes-table__header andes-table__header--left ui-vpp-striped-specs__row__column ui-vpp-striped-specs__row__column--id\">Tipo de cuidado<\/th>\n<td class=\"andes-table__column andes-table__column--left ui-vpp-striped-specs__row__column\"><span class=\"andes-table__column--value\">Hidrataci\u00f3n<\/span><\/td>\n<\/tr>\n<tr class=\"andes-table__row ui-vpp-striped-specs__row\">\n<th class=\"andes-table__header andes-table__header--left ui-vpp-striped-specs__row__column ui-vpp-striped-specs__row__column--id\">Es kit<\/th>\n<td class=\"andes-table__column andes-table__column--left ui-vpp-striped-specs__row__column\"><span class=\"andes-table__column--value\">No<\/span><\/td>\n<\/tr>\n<tr class=\"andes-table__row ui-vpp-striped-specs__row\">\n<th class=\"andes-table__header andes-table__header--left ui-vpp-striped-specs__row__column ui-vpp-striped-specs__row__column--id\">Unidades por envase<\/th>\n<td class=\"andes-table__column andes-table__column--left ui-vpp-striped-specs__row__column\"><span class=\"andes-table__column--value\">1<\/span><\/td>\n<\/tr>\n<\/tbody>\n<\/table>\n<\/div>\n<\/div>\n<div class=\"ui-vpp-striped-specs\">\n<div class=\"ui-vpp-striped-specs__table\">\n<h3 class=\"ui-vpp-striped-specs__header\">Registros de producto<\/h3>\n<table class=\"andes-table\">\n<tbody class=\"andes-table__body\">\n<tr class=\"andes-table__row ui-vpp-striped-specs__row\">\n<th class=\"andes-table__header andes-table__header--left ui-vpp-striped-specs__row__column ui-vpp-striped-specs__row__column--id\">N\u00famero de legajo resoluci\u00f3n 155\/98<\/th>\n<td class=\"andes-table__column andes-table__column--left ui-vpp-striped-specs__row__column\"><span class=\"andes-table__column--value\">0<\/span><\/td>\n<\/tr>\n<\/tbody>\n<\/table>\n<\/div>\n<div class=\"ui-vpp-striped-specs__table\">\n<h3 class=\"ui-vpp-striped-specs__header\">Otros<\/h3>\n<table class=\"andes-table\">\n<tbody class=\"andes-table__body\">\n<tr class=\"andes-table__row ui-vpp-striped-specs__row\">\n<th class=\"andes-table__header andes-table__header--left ui-vpp-striped-specs__row__column ui-vpp-striped-specs__row__column--id\">Tipos de cabello<\/th>\n<td class=\"andes-table__column andes-table__column--left ui-vpp-striped-specs__row__column\"><span class=\"andes-table__column--value\">Con Ondas,Con rulos,Da\u00f1ados,Lasio,cabellos te\u00f1idos<\/span><\/td>\n<\/tr>\n<tr class=\"andes-table__row ui-vpp-striped-specs__row\">\n<th class=\"andes-table__header andes-table__header--left ui-vpp-striped-specs__row__column ui-vpp-striped-specs__row__column--id\">Efectos<\/th>\n<td class=\"andes-table__column andes-table__column--left ui-vpp-striped-specs__row__column\"><span class=\"andes-table__column--value\">lisoperfecto<\/span><\/td>\n<\/tr>\n<tr class=\"andes-table__row ui-vpp-striped-specs__row\">\n<th class=\"andes-table__header andes-table__header--left ui-vpp-striped-specs__row__column ui-vpp-striped-specs__row__column--id\">Formato<\/th>\n<td class=\"andes-table__column andes-table__column--left ui-vpp-striped-specs__row__column\"><span class=\"andes-table__column--value\">Crema<\/span><\/td>\n<\/tr>\n<tr class=\"andes-table__row ui-vpp-striped-specs__row\">\n<th class=\"andes-table__header andes-table__header--left ui-vpp-striped-specs__row__column ui-vpp-striped-specs__row__column--id\">Presentaci\u00f3n<\/th>\n<td class=\"andes-table__column andes-table__column--left ui-vpp-striped-specs__row__column\"><span class=\"andes-table__column--value\">Pote<\/span><\/td>\n<\/tr>\n<tr class=\"andes-table__row ui-vpp-striped-specs__row\">\n<th class=\"andes-table__header andes-table__header--left ui-vpp-striped-specs__row__column ui-vpp-striped-specs__row__column--id\">G\u00e9nero<\/th>\n<td class=\"andes-table__column andes-table__column--left ui-vpp-striped-specs__row__column\"><span class=\"andes-table__column--value\">Sin g\u00e9nero<\/span><\/td>\n<\/tr>\n<tr class=\"andes-table__row ui-vpp-striped-specs__row\">\n<th class=\"andes-table__header andes-table__header--left ui-vpp-striped-specs__row__column ui-vpp-striped-specs__row__column--id\">Es testeado dermatol\u00f3gicamente<\/th>\n<td class=\"andes-table__column andes-table__column--left ui-vpp-striped-specs__row__column\"><span class=\"andes-table__column--value\">S\u00ed<\/span><\/td>\n<\/tr>\n<tr class=\"andes-table__row ui-vpp-striped-specs__row\">\n<th class=\"andes-table__header andes-table__header--left ui-vpp-striped-specs__row__column ui-vpp-striped-specs__row__column--id\">Es hipoalerg\u00e9nico<\/th>\n<td class=\"andes-table__column andes-table__column--left ui-vpp-striped-specs__row__column\"><span class=\"andes-table__column--value\">No<\/span><\/td>\n<\/tr>\n<tr class=\"andes-table__row ui-vpp-striped-specs__row\">\n<th class=\"andes-table__header andes-table__header--left ui-vpp-striped-specs__row__column ui-vpp-striped-specs__row__column--id\">Es libre de crueldad<\/th>\n<td class=\"andes-table__column andes-table__column--left ui-vpp-striped-specs__row__column\"><span class=\"andes-table__column--value\">S\u00ed<\/span><\/td>\n<\/tr>\n<tr class=\"andes-table__row ui-vpp-striped-specs__row\">\n<th class=\"andes-table__header andes-table__header--left ui-vpp-striped-specs__row__column ui-vpp-striped-specs__row__column--id\">Con fragancia<\/th>\n<td class=\"andes-table__column andes-table__column--left ui-vpp-striped-specs__row__column\"><span class=\"andes-table__column--value\">No<\/span><\/td>\n<\/tr>\n<tr class=\"andes-table__row ui-vpp-striped-specs__row\">\n<th class=\"andes-table__header andes-table__header--left ui-vpp-striped-specs__row__column ui-vpp-striped-specs__row__column--id\">Es vegano<\/th>\n<td class=\"andes-table__column andes-table__column--left ui-vpp-striped-specs__row__column\"><span class=\"andes-table__column--value\">No<\/span><\/td>\n<\/tr>\n<\/tbody>\n<\/table>\n<\/div>\n<\/div>\n<\/div>\n<\/div>\n<\/div>\n<\/div>\n<\/section>\n<\/div>\n<div id=\"description\" class=\"ui-pdp-container__row ui-pdp-container__row--description\">\n<div class=\"ui-pdp-description\">\n<h2 class=\"ui-pdp-description__title\">Descripci\u00f3n<\/h2>\n<p class=\"ui-pdp-description__content\">TECNO-LISS HIALUR\u00d3N PLASTIFICADO<br \/>\nRINDE 20 APLICACIONES<\/p>\n<p>\u2014&#8212;&#8212;-HIDRATACI\u00d3N INTENSA DESDE EL PRIMER USO \u2014&#8212;&#8212;-<\/p>\n<p>El Plastificado en base a su formulaci\u00f3n, nos permite brindarle a nuestro cliente un servicio diferenciado otorg\u00e1ndole a su cabello micro queratinas, fibras naturales y c\u00e9lulas madres de arg\u00e1in , sumando a siliconas minerales le dan un brillo natural y duradero .<br \/>\nEl tratamiento es FACIL de aplicar dando resultados INMEDIATOS.<\/p>\n<p>Tratamiento para el cabello a base de aceite de argain y \u00e1cido hialur\u00f3nico, keratina y se concentr\u00f3 en aceites esenciales. Al depositar m\u00e1s fibra donde sea necesario. Sustituy\u00e9ndolas y una cut\u00edcula sellada perfecto.<\/p>\n<p>\u00ac SIN ENJUAGUE FINAL \u00ac<\/p>\n<p>BENEFICIOS:<br \/>\nOLEO DE ARGAIN:Hace que el cabello est\u00e9 SUAVE Y BRILLANTE. Por lo tanto, es un acondicionador maravilloso e incluso puede ayudar a reducir las puntas abiertas, Gracias a sus propiedades nutritivas, este aceite se puede utilizar para facilitar el peinado.<br \/>\n\u00c1CIDO HIALUR\u00d3NICO : El \u00e1cido Hialur\u00f3nico funciona HIDRATANDO y Sellando la Humedad. Ayuda a retener el equilibrio adecuado y genera prote\u00ednas para un cabello sano.<br \/>\nCoincide con los tiempos de un alisado, la duraci\u00f3n va depender tambi\u00e9n de las caracter\u00edsticas del cabello y del cuidado con que sea tratado, de 2 a 5 meses.<\/p>\n<p>INNOVACION COSMETICA &#8211; MICRO KERATINA &#8211; MK &#8211;<\/p>\n<p>*APORTA M\u00c1S BRILLO Y PROLONGA EL PLASTIFICADO EN EL TIEMPO *<\/p>\n<p>EL PRODUCTO NO ARRASTRA EL COLOR NATURAL NI LA TINTURA ARTIFICIAL DEL CABELLO.<\/p>\n<p>PARA CUALQUIER TIPO DE CABELLO &#8211; DA\u00d1ADOS &#8211; CON TRATAMIENTOS.<\/p>\n<p>HIDRATA INTENSAMENTE &#8211; DESENREDA &#8211; LISO PERFECTO<\/p>\n<p>Reparaci\u00f3n Integral. &#8211; 34% PUNTAS ABIERTAS.<\/p>\n<p>Un cabello fresco , m\u00e1s vital y manejable en pocos pasos de la mano de Tecno-Liss<\/p>\n<p>FREE PARABENS ========== CRUELTY FREE ========= VEGAN FORMULA<\/p>\n<p>FREE PARAB\u00c9NS : Los productos libres de parabenos son una buena opci\u00f3n para el cuidado de pieles sensibles o para quienes eligen productos sin conservantes artificiales.<\/p>\n<p>CRUELTY FREE : Este producto es elaborado sin lastimar a ning\u00fan animal.<\/p>\n<p>VEGAN F\u00d3RMULA : Este producto es realizado en base a elementos naturales de origen vegetal.<\/p>\n<p>PRO-VITAMINAS<br \/>\nANTIOXIDANTE<br \/>\nNUTRITIVO<br \/>\nHUMECTANTE<br \/>\nACABADO PERFECTO<br \/>\nBRILLO Y SUAVIDAD<\/p>\n<p>ADVERTENCIA: Evite el contacto con los ojos, suspenda su uso si observa alguna reacci\u00f3n desfavorable, mant\u00e9ngase fuera del alcance de los ni\u00f1os.<\/p>\n<p>MODO DE USO: Agite antes de usar * Aplique * Frote * Enjuague * Repita.<\/p>\n<\/div>\n<\/div>\n","protected":false},"excerpt":{"rendered":"<p>Caracter\u00edsticas del producto Marca:\u00a0Tecnoliss Tipo de cuidado:\u00a0Hidrataci\u00f3n Presentaci\u00f3n:\u00a0Pote Formato:\u00a0Crema Caracter\u00edsticas principales Marca Tecnoliss L\u00ednea Hialurion Tipo de producto Plastificado Tipo de cuidado Hidrataci\u00f3n Es kit No Unidades por envase 1 Registros de producto N\u00famero de legajo resoluci\u00f3n 155\/98 0 Otros Tipos de cabello Con Ondas,Con rulos,Da\u00f1ados,Lasio,cabellos te\u00f1idos Efectos lisoperfecto Formato Crema Presentaci\u00f3n Pote G\u00e9nero Sin g\u00e9nero Es testeado dermatol\u00f3gicamente S\u00ed Es hipoalerg\u00e9nico No Es libre de crueldad S\u00ed Con fragancia No Es vegano No Descripci\u00f3n TECNO-LISS HIALUR\u00d3N PLASTIFICADO RINDE 20 APLICACIONES \u2014&#8212;&#8212;-HIDRATACI\u00d3N INTENSA DESDE EL PRIMER USO \u2014&#8212;&#8212;- El Plastificado en base a su formulaci\u00f3n, nos permite brindarle a nuestro\u2026<\/p>\n","protected":false},"featured_media":5030,"comment_status":"open","ping_status":"closed","template":"","meta":[],"product_cat":[222,813],"product_tag":[822,820,821,817],"featured_image_urls":{"full":["https:\/\/ccgdistribuidora.com\/wp-content\/uploads\/2023\/05\/Hilaurion-Plastificado-1000cc.jpg",700,700,false],"thumbnail":["https:\/\/ccgdistribuidora.com\/wp-content\/uploads\/2023\/05\/Hilaurion-Plastificado-1000cc-150x150.jpg",150,150,true],"medium":["https:\/\/ccgdistribuidora.com\/wp-content\/uploads\/2023\/05\/Hilaurion-Plastificado-1000cc-300x300.jpg",300,300,true],"medium_large":["https:\/\/ccgdistribuidora.com\/wp-content\/uploads\/2023\/05\/Hilaurion-Plastificado-1000cc.jpg",700,700,false],"large":["https:\/\/ccgdistribuidora.com\/wp-content\/uploads\/2023\/05\/Hilaurion-Plastificado-1000cc.jpg",700,700,false],"1536x1536":["https:\/\/ccgdistribuidora.com\/wp-content\/uploads\/2023\/05\/Hilaurion-Plastificado-1000cc.jpg",700,700,false],"2048x2048":["https:\/\/ccgdistribuidora.com\/wp-content\/uploads\/2023\/05\/Hilaurion-Plastificado-1000cc.jpg",700,700,false],"mailpoet_newsletter_max":["https:\/\/ccgdistribuidora.com\/wp-content\/uploads\/2023\/05\/Hilaurion-Plastificado-1000cc.jpg",700,700,false],"woocommerce_thumbnail":["https:\/\/ccgdistribuidora.com\/wp-content\/uploads\/2023\/05\/Hilaurion-Plastificado-1000cc-300x400.jpg",300,400,true],"woocommerce_single":["https:\/\/ccgdistribuidora.com\/wp-content\/uploads\/2023\/05\/Hilaurion-Plastificado-1000cc-600x600.jpg",600,600,true],"woocommerce_gallery_thumbnail":["https:\/\/ccgdistribuidora.com\/wp-content\/uploads\/2023\/05\/Hilaurion-Plastificado-1000cc-100x100.jpg",100,100,true],"dgwt-wcas-product-suggestion":["https:\/\/ccgdistribuidora.com\/wp-content\/uploads\/2023\/05\/Hilaurion-Plastificado-1000cc-64x64.jpg",64,64,true]},"post_excerpt_stackable":"<p>Caracter\u00edsticas del producto Marca:\u00a0Tecnoliss Tipo de cuidado:\u00a0Hidrataci\u00f3n Presentaci\u00f3n:\u00a0Pote Formato:\u00a0Crema Caracter\u00edsticas principales Marca Tecnoliss L\u00ednea Hialurion Tipo de producto Plastificado Tipo de cuidado Hidrataci\u00f3n Es kit No Unidades por envase 1 Registros de producto N\u00famero de legajo resoluci\u00f3n 155\/98 0 Otros Tipos de cabello Con Ondas,Con rulos,Da\u00f1ados,Lasio,cabellos te\u00f1idos Efectos lisoperfecto Formato Crema Presentaci\u00f3n Pote G\u00e9nero Sin g\u00e9nero Es testeado dermatol\u00f3gicamente S\u00ed Es hipoalerg\u00e9nico No Es libre de crueldad S\u00ed Con fragancia No Es vegano No Descripci\u00f3n TECNO-LISS HIALUR\u00d3N PLASTIFICADO RINDE 20 APLICACIONES \u2014&#8212;&#8212;-HIDRATACI\u00d3N INTENSA DESDE EL PRIMER USO \u2014&#8212;&#8212;- El Plastificado en base a su formulaci\u00f3n, nos permite brindarle a nuestro&hellip;<\/p>\n","category_list":"","author_info":{"name":"","url":""},"comments_num":"0 comentarios","_links":{"self":[{"href":"https:\/\/ccgdistribuidora.com\/index.php\/wp-json\/wp\/v2\/product\/5029"}],"collection":[{"href":"https:\/\/ccgdistribuidora.com\/index.php\/wp-json\/wp\/v2\/product"}],"about":[{"href":"https:\/\/ccgdistribuidora.com\/index.php\/wp-json\/wp\/v2\/types\/product"}],"replies":[{"embeddable":true,"href":"https:\/\/ccgdistribuidora.com\/index.php\/wp-json\/wp\/v2\/comments?post=5029"}],"wp:featuredmedia":[{"embeddable":true,"href":"https:\/\/ccgdistribuidora.com\/index.php\/wp-json\/wp\/v2\/media\/5030"}],"wp:attachment":[{"href":"https:\/\/ccgdistribuidora.com\/index.php\/wp-json\/wp\/v2\/media?parent=5029"}],"wp:term":[{"taxonomy":"product_cat","embeddable":true,"href":"https:\/\/ccgdistribuidora.com\/index.php\/wp-json\/wp\/v2\/product_cat?post=5029"},{"taxonomy":"product_tag","embeddable":true,"href":"https:\/\/ccgdistribuidora.com\/index.php\/wp-json\/wp\/v2\/product_tag?post=5029"}],"curies":[{"name":"wp","href":"https:\/\/api.w.org\/{rel}","templated":true}]}}