{"id":5027,"date":"2023-05-09T15:11:33","date_gmt":"2023-05-09T18:11:33","guid":{"rendered":"https:\/\/ccgdistribuidora.com\/?post_type=product&#038;p=5027"},"modified":"2025-08-19T21:23:36","modified_gmt":"2025-08-20T00:23:36","slug":"trataminto-botox-x-1-kg-splash-x-200-fresh-tecno-liss","status":"publish","type":"product","link":"https:\/\/ccgdistribuidora.com\/index.php\/product\/trataminto-botox-x-1-kg-splash-x-200-fresh-tecno-liss\/","title":{"rendered":"TRATAMINTO, BOTOX x 1 KG + SPLASH x 200 FRESH ,Tecno-Liss"},"content":{"rendered":"<div id=\"highlighted_specs_attrs\" class=\"ui-pdp-container__row ui-pdp-container__row--highlighted-specs-attrs\">\n<section id=\"highlighted_specs_attrs\" class=\"ui-vpp-highlighted-specs pl-45 pr-45\">\n<div class=\"ui-pdp-container__row ui-pdp-container__row--highlighted-specs-title\">\n<h2 class=\"ui-vpp-text-alignment--left ui-pdp-color--BLACK ui-pdp-size--XLARGE ui-pdp-family--REGULAR highlighted-specs-title\">Caracter\u00edsticas del producto<\/h2>\n<\/div>\n<div class=\"ui-pdp-container__row ui-pdp-container__row--attributes\">\n<div class=\"ui-vpp-highlighted-specs__attribute-columns\">\n<div class=\"ui-vpp-highlighted-specs__attribute-columns__column\">\n<div class=\"ui-pdp-container__row ui-vpp-highlighted-specs__attribute-columns__row\">\n<div class=\"ui-vpp-highlighted-specs__key-value\">\n<div class=\"ui-pdp-background-color--GRAY_40 ui-vpp-highlighted-specs__filled-icon ui-vpp-highlighted-specs__filled-icon--ROUNDED\" aria-hidden=\"true\"><img decoding=\"async\" class=\"ui-pdp-image ui-vpp-image-component\" src=\"https:\/\/http2.mlstatic.com\/resources\/frontend\/ft-extended-v00\/assets\/vectorial\/default.svg\" \/><\/div>\n<div class=\"ui-vpp-highlighted-specs__key-value__labels\">\n<p class=\"ui-pdp-family--REGULAR ui-vpp-highlighted-specs__key-value__labels__key-value\"><span class=\"ui-pdp-color--BLACK ui-pdp-size--XSMALL ui-pdp-family--REGULAR\">Marca:<\/span>\u00a0<span class=\"ui-pdp-color--BLACK ui-pdp-size--XSMALL ui-pdp-family--SEMIBOLD\">Tecno Liss<\/span><\/p>\n<\/div>\n<\/div>\n<\/div>\n<div class=\"ui-pdp-container__row ui-vpp-highlighted-specs__attribute-columns__row\">\n<div class=\"ui-vpp-highlighted-specs__key-value\">\n<div class=\"ui-pdp-background-color--GRAY_40 ui-vpp-highlighted-specs__filled-icon ui-vpp-highlighted-specs__filled-icon--ROUNDED\" aria-hidden=\"true\"><img decoding=\"async\" class=\"ui-pdp-image ui-vpp-image-component\" src=\"https:\/\/http2.mlstatic.com\/storage\/catalog-technical-specs\/images\/assets\/vectorial\/hair_treatment_format.svg\" \/><\/div>\n<div class=\"ui-vpp-highlighted-specs__key-value__labels\">\n<p class=\"ui-pdp-family--REGULAR ui-vpp-highlighted-specs__key-value__labels__key-value\"><span class=\"ui-pdp-color--BLACK ui-pdp-size--XSMALL ui-pdp-family--REGULAR\">Formato:<\/span>\u00a0<span class=\"ui-pdp-color--BLACK ui-pdp-size--XSMALL ui-pdp-family--SEMIBOLD\">Crema<\/span><\/p>\n<\/div>\n<\/div>\n<\/div>\n<\/div>\n<div class=\"ui-vpp-highlighted-specs__attribute-columns__column\">\n<div class=\"ui-pdp-container__row ui-vpp-highlighted-specs__attribute-columns__row\">\n<div class=\"ui-vpp-highlighted-specs__key-value\">\n<div class=\"ui-pdp-background-color--GRAY_40 ui-vpp-highlighted-specs__filled-icon ui-vpp-highlighted-specs__filled-icon--ROUNDED\" aria-hidden=\"true\"><img decoding=\"async\" class=\"ui-pdp-image ui-vpp-image-component\" src=\"https:\/\/http2.mlstatic.com\/storage\/catalog-technical-specs\/images\/assets\/vectorial\/hair_treatment_presentation.svg\" \/><\/div>\n<div class=\"ui-vpp-highlighted-specs__key-value__labels\">\n<p class=\"ui-pdp-family--REGULAR ui-vpp-highlighted-specs__key-value__labels__key-value\"><span class=\"ui-pdp-color--BLACK ui-pdp-size--XSMALL ui-pdp-family--REGULAR\">Presentaci\u00f3n:<\/span>\u00a0<span class=\"ui-pdp-color--BLACK ui-pdp-size--XSMALL ui-pdp-family--SEMIBOLD\">Pote<\/span><\/p>\n<\/div>\n<\/div>\n<\/div>\n<\/div>\n<\/div>\n<\/div>\n<div class=\"ui-pdp-container__row ui-pdp-container__row--technical-specifications\">\n<div class=\"ui-pdp-collapsable ui-vpp-highlighted-specs__striped-collapsed__action\">\n<div class=\"ui-pdp-collapsable__container\">\n<div class=\"ui-vpp-highlighted-specs__striped-specs\">\n<div class=\"ui-vpp-striped-specs\">\n<div class=\"ui-vpp-striped-specs__table\">\n<h3 class=\"ui-vpp-striped-specs__header\">Caracter\u00edsticas principales<\/h3>\n<table class=\"andes-table\">\n<tbody class=\"andes-table__body\">\n<tr class=\"andes-table__row ui-vpp-striped-specs__row\">\n<th class=\"andes-table__header andes-table__header--left ui-vpp-striped-specs__row__column ui-vpp-striped-specs__row__column--id\">Marca<\/th>\n<td class=\"andes-table__column andes-table__column--left ui-vpp-striped-specs__row__column\"><span class=\"andes-table__column--value\">Tecno Liss<\/span><\/td>\n<\/tr>\n<tr class=\"andes-table__row ui-vpp-striped-specs__row\">\n<th class=\"andes-table__header andes-table__header--left ui-vpp-striped-specs__row__column ui-vpp-striped-specs__row__column--id\">Tipo de producto<\/th>\n<td class=\"andes-table__column andes-table__column--left ui-vpp-striped-specs__row__column\"><span class=\"andes-table__column--value\">B\u00f3tox<\/span><\/td>\n<\/tr>\n<tr class=\"andes-table__row ui-vpp-striped-specs__row\">\n<th class=\"andes-table__header andes-table__header--left ui-vpp-striped-specs__row__column ui-vpp-striped-specs__row__column--id\">Es kit<\/th>\n<td class=\"andes-table__column andes-table__column--left ui-vpp-striped-specs__row__column\"><span class=\"andes-table__column--value\">S\u00ed<\/span><\/td>\n<\/tr>\n<tr class=\"andes-table__row ui-vpp-striped-specs__row\">\n<th class=\"andes-table__header andes-table__header--left ui-vpp-striped-specs__row__column ui-vpp-striped-specs__row__column--id\">Unidades por envase<\/th>\n<td class=\"andes-table__column andes-table__column--left ui-vpp-striped-specs__row__column\"><span class=\"andes-table__column--value\">2<\/span><\/td>\n<\/tr>\n<\/tbody>\n<\/table>\n<\/div>\n<\/div>\n<div class=\"ui-vpp-striped-specs\">\n<div class=\"ui-vpp-striped-specs__table\">\n<h3 class=\"ui-vpp-striped-specs__header\">Otros<\/h3>\n<table class=\"andes-table\">\n<tbody class=\"andes-table__body\">\n<tr class=\"andes-table__row ui-vpp-striped-specs__row\">\n<th class=\"andes-table__header andes-table__header--left ui-vpp-striped-specs__row__column ui-vpp-striped-specs__row__column--id\">Efectos<\/th>\n<td class=\"andes-table__column andes-table__column--left ui-vpp-striped-specs__row__column\"><span class=\"andes-table__column--value\">Reconstrucci\u00f3n<\/span><\/td>\n<\/tr>\n<tr class=\"andes-table__row ui-vpp-striped-specs__row\">\n<th class=\"andes-table__header andes-table__header--left ui-vpp-striped-specs__row__column ui-vpp-striped-specs__row__column--id\">Formato<\/th>\n<td class=\"andes-table__column andes-table__column--left ui-vpp-striped-specs__row__column\"><span class=\"andes-table__column--value\">Crema<\/span><\/td>\n<\/tr>\n<tr class=\"andes-table__row ui-vpp-striped-specs__row\">\n<th class=\"andes-table__header andes-table__header--left ui-vpp-striped-specs__row__column ui-vpp-striped-specs__row__column--id\">Presentaci\u00f3n<\/th>\n<td class=\"andes-table__column andes-table__column--left ui-vpp-striped-specs__row__column\"><span class=\"andes-table__column--value\">Pote<\/span><\/td>\n<\/tr>\n<tr class=\"andes-table__row ui-vpp-striped-specs__row\">\n<th class=\"andes-table__header andes-table__header--left ui-vpp-striped-specs__row__column ui-vpp-striped-specs__row__column--id\">Es inflamable<\/th>\n<td class=\"andes-table__column andes-table__column--left ui-vpp-striped-specs__row__column\"><span class=\"andes-table__column--value\">No<\/span><\/td>\n<\/tr>\n<\/tbody>\n<\/table>\n<\/div>\n<\/div>\n<\/div>\n<\/div>\n<\/div>\n<\/div>\n<\/section>\n<\/div>\n<div id=\"description\" class=\"ui-pdp-container__row ui-pdp-container__row--description\">\n<div class=\"ui-pdp-description\">\n<h2 class=\"ui-pdp-description__title\">Descripci\u00f3n<\/h2>\n<p class=\"ui-pdp-description__content\">Botox Capilar Evoluci\u00f3n de Tecno liss.<\/p>\n<p>Contiene:<\/p>\n<p>-Crema reestructurante de efecto inmediato x1000cc.<br \/>\n-Splash x200ml.<\/p>\n<p>GENERALIDADES:<\/p>\n<p>Este innovador tratamiento impulsado por la cosm\u00e9tica Francesa en la CosmoProf y masificado por Hair Brasil 2013, acompa\u00f1ando esta tendencia mundial de seguir avanzando en la b\u00fasqueda de la excelencia en productos de nutrici\u00f3n profunda e hidrataci\u00f3n, a la vez reparando en profundidad la fibra capilar aportando la keratina faltante en dichos cabellos logrando obtener un resultado casi m\u00e1gico devolviendo al cliente un cabello suave, con brillo y f\u00e1cil de manejar.<\/p>\n<p>MODO DE USO:<\/p>\n<p>Lavar con shampoo exfoliante de limpieza profunda una o dos veces si fuese necesario secar con toalla para luego aplicar la crema mecha por mecha en toda la cabellera de ra\u00edz a punta, masajeando suavemente. No sobresaturar de producto. Terminada la colocaci\u00f3n dejar reposar 15 minutos con gorra o bajo vaporeol o climazon.<br \/>\nEl calor potencia su efecto y duraci\u00f3n.<br \/>\nConcluido el tiempo de exposici\u00f3n proceder al enjuague, una vez retirado el producto secar el excedente a toalla y con el cabello h\u00famedo rociar la cabellera con SPLASH luego peinar y finalizar el trabajo con brushing o planchita. El resultado ser\u00e1 sorprendente e inmediato dejando al cabello suave, d\u00f3cil y f\u00e1cil de peinar, de un aspecto sano y rejuvenecido.<br \/>\nEs recomendable repetir esta operaci\u00f3n cada 10 d\u00edas para tener un pelo brillante todo el mes.<br \/>\nProducto de alto rendimiento en la utilizaci\u00f3n.<\/p>\n<p>MANTENIMIENTO:<\/p>\n<p>Para mantener el resultado \u00f3ptimo con este tratamiento aconsejamos el uso de Shampoo y Acondicionador de la l\u00ednea, pudi\u00e9ndose seguir usando despu\u00e9s de cada lavado SPLASH RAIN que le proporciona m\u00e1s duraci\u00f3n en el tiempo a nuestro tratamiento.<\/p>\n<\/div>\n<\/div>\n","protected":false},"excerpt":{"rendered":"<p>Caracter\u00edsticas del producto Marca:\u00a0Tecno Liss Formato:\u00a0Crema Presentaci\u00f3n:\u00a0Pote Caracter\u00edsticas principales Marca Tecno Liss Tipo de producto B\u00f3tox Es kit S\u00ed Unidades por envase 2 Otros Efectos Reconstrucci\u00f3n Formato Crema Presentaci\u00f3n Pote Es inflamable No Descripci\u00f3n Botox Capilar Evoluci\u00f3n de Tecno liss. Contiene: -Crema reestructurante de efecto inmediato x1000cc. -Splash x200ml. GENERALIDADES: Este innovador tratamiento impulsado por la cosm\u00e9tica Francesa en la CosmoProf y masificado por Hair Brasil 2013, acompa\u00f1ando esta tendencia mundial de seguir avanzando en la b\u00fasqueda de la excelencia en productos de nutrici\u00f3n profunda e hidrataci\u00f3n, a la vez reparando en profundidad la fibra capilar aportando la keratina faltante\u2026<\/p>\n","protected":false},"featured_media":5028,"comment_status":"open","ping_status":"closed","template":"","meta":[],"product_cat":[222,813],"product_tag":[819,817,814],"featured_image_urls":{"full":["https:\/\/ccgdistribuidora.com\/wp-content\/uploads\/2023\/05\/CREMA-BOTOX-x-1-KG-SPLASH-x-200-FRESH.jpg",700,700,false],"thumbnail":["https:\/\/ccgdistribuidora.com\/wp-content\/uploads\/2023\/05\/CREMA-BOTOX-x-1-KG-SPLASH-x-200-FRESH-150x150.jpg",150,150,true],"medium":["https:\/\/ccgdistribuidora.com\/wp-content\/uploads\/2023\/05\/CREMA-BOTOX-x-1-KG-SPLASH-x-200-FRESH-300x300.jpg",300,300,true],"medium_large":["https:\/\/ccgdistribuidora.com\/wp-content\/uploads\/2023\/05\/CREMA-BOTOX-x-1-KG-SPLASH-x-200-FRESH.jpg",700,700,false],"large":["https:\/\/ccgdistribuidora.com\/wp-content\/uploads\/2023\/05\/CREMA-BOTOX-x-1-KG-SPLASH-x-200-FRESH.jpg",700,700,false],"1536x1536":["https:\/\/ccgdistribuidora.com\/wp-content\/uploads\/2023\/05\/CREMA-BOTOX-x-1-KG-SPLASH-x-200-FRESH.jpg",700,700,false],"2048x2048":["https:\/\/ccgdistribuidora.com\/wp-content\/uploads\/2023\/05\/CREMA-BOTOX-x-1-KG-SPLASH-x-200-FRESH.jpg",700,700,false],"mailpoet_newsletter_max":["https:\/\/ccgdistribuidora.com\/wp-content\/uploads\/2023\/05\/CREMA-BOTOX-x-1-KG-SPLASH-x-200-FRESH.jpg",700,700,false],"woocommerce_thumbnail":["https:\/\/ccgdistribuidora.com\/wp-content\/uploads\/2023\/05\/CREMA-BOTOX-x-1-KG-SPLASH-x-200-FRESH-300x400.jpg",300,400,true],"woocommerce_single":["https:\/\/ccgdistribuidora.com\/wp-content\/uploads\/2023\/05\/CREMA-BOTOX-x-1-KG-SPLASH-x-200-FRESH-600x600.jpg",600,600,true],"woocommerce_gallery_thumbnail":["https:\/\/ccgdistribuidora.com\/wp-content\/uploads\/2023\/05\/CREMA-BOTOX-x-1-KG-SPLASH-x-200-FRESH-100x100.jpg",100,100,true],"dgwt-wcas-product-suggestion":["https:\/\/ccgdistribuidora.com\/wp-content\/uploads\/2023\/05\/CREMA-BOTOX-x-1-KG-SPLASH-x-200-FRESH-64x64.jpg",64,64,true]},"post_excerpt_stackable":"<p>Caracter\u00edsticas del producto Marca:\u00a0Tecno Liss Formato:\u00a0Crema Presentaci\u00f3n:\u00a0Pote Caracter\u00edsticas principales Marca Tecno Liss Tipo de producto B\u00f3tox Es kit S\u00ed Unidades por envase 2 Otros Efectos Reconstrucci\u00f3n Formato Crema Presentaci\u00f3n Pote Es inflamable No Descripci\u00f3n Botox Capilar Evoluci\u00f3n de Tecno liss. Contiene: -Crema reestructurante de efecto inmediato x1000cc. -Splash x200ml. GENERALIDADES: Este innovador tratamiento impulsado por la cosm\u00e9tica Francesa en la CosmoProf y masificado por Hair Brasil 2013, acompa\u00f1ando esta tendencia mundial de seguir avanzando en la b\u00fasqueda de la excelencia en productos de nutrici\u00f3n profunda e hidrataci\u00f3n, a la vez reparando en profundidad la fibra capilar aportando la keratina faltante&hellip;<\/p>\n","category_list":"","author_info":{"name":"","url":""},"comments_num":"0 comentarios","_links":{"self":[{"href":"https:\/\/ccgdistribuidora.com\/index.php\/wp-json\/wp\/v2\/product\/5027"}],"collection":[{"href":"https:\/\/ccgdistribuidora.com\/index.php\/wp-json\/wp\/v2\/product"}],"about":[{"href":"https:\/\/ccgdistribuidora.com\/index.php\/wp-json\/wp\/v2\/types\/product"}],"replies":[{"embeddable":true,"href":"https:\/\/ccgdistribuidora.com\/index.php\/wp-json\/wp\/v2\/comments?post=5027"}],"wp:featuredmedia":[{"embeddable":true,"href":"https:\/\/ccgdistribuidora.com\/index.php\/wp-json\/wp\/v2\/media\/5028"}],"wp:attachment":[{"href":"https:\/\/ccgdistribuidora.com\/index.php\/wp-json\/wp\/v2\/media?parent=5027"}],"wp:term":[{"taxonomy":"product_cat","embeddable":true,"href":"https:\/\/ccgdistribuidora.com\/index.php\/wp-json\/wp\/v2\/product_cat?post=5027"},{"taxonomy":"product_tag","embeddable":true,"href":"https:\/\/ccgdistribuidora.com\/index.php\/wp-json\/wp\/v2\/product_tag?post=5027"}],"curies":[{"name":"wp","href":"https:\/\/api.w.org\/{rel}","templated":true}]}}