{"id":5016,"date":"2023-05-08T22:48:55","date_gmt":"2023-05-09T01:48:55","guid":{"rendered":"https:\/\/ccgdistribuidora.com\/?post_type=product&#038;p=5016"},"modified":"2025-08-19T21:39:09","modified_gmt":"2025-08-20T00:39:09","slug":"framesi-for-me-314-gloss-me-wax-x-80-ml","status":"publish","type":"product","link":"https:\/\/ccgdistribuidora.com\/index.php\/product\/framesi-for-me-314-gloss-me-wax-x-80-ml\/","title":{"rendered":"FRAMESI FOR-ME 314 GLOSS ME WAX X 80 ML"},"content":{"rendered":"<div id=\"technical_specifications\" class=\"ui-pdp-container__row ui-pdp-container__row--technical-specifications\">\n<div class=\"ui-pdp-specs\">\n<h2 class=\"ui-pdp-specs__title\">Caracter\u00edsticas principales<\/h2>\n<div class=\"ui-pdp-specs__table\">\n<table class=\"andes-table\">\n<tbody class=\"andes-table__body\">\n<tr class=\"andes-table__row\">\n<th class=\"andes-table__header andes-table__header--left ui-pdp-specs__table__column ui-pdp-specs__table__column-title\">Marca<\/th>\n<td class=\"andes-table__column andes-table__column--left ui-pdp-specs__table__column\"><span class=\"andes-table__column--value\">Framesi<\/span><\/td>\n<\/tr>\n<\/tbody>\n<\/table>\n<\/div>\n<h3 class=\"ui-pdp-specs__subtitle\">Otros<\/h3>\n<div class=\"ui-pdp-list ui-pdp-specs__list\">\n<ul class=\"ui-pdp-list__wrapper\">\n<li class=\"ui-pdp-list__item\">\n<p class=\"ui-pdp-family--REGULAR ui-pdp-list__text\"><span class=\"ui-pdp-color--BLACK ui-pdp-size--XSMALL ui-pdp-family--BOLD\">L\u00ednea<\/span>: FOR ME 314 GLOSS ME<\/p>\n<\/li>\n<li class=\"ui-pdp-list__item\">\n<p class=\"ui-pdp-family--REGULAR ui-pdp-list__text\"><span class=\"ui-pdp-color--BLACK ui-pdp-size--XSMALL ui-pdp-family--BOLD\">Consistencia<\/span>: Gel<\/p>\n<\/li>\n<\/ul>\n<ul class=\"ui-pdp-list__wrapper\">\n<li class=\"ui-pdp-list__item\">\n<p class=\"ui-pdp-family--REGULAR ui-pdp-list__text\"><span class=\"ui-pdp-color--BLACK ui-pdp-size--XSMALL ui-pdp-family--BOLD\">Funciones<\/span>: brillo,CUERPO,FIJACI\u00d3N,FLEXIBILIDAD<\/p>\n<\/li>\n<li class=\"ui-pdp-list__item\">\n<p class=\"ui-pdp-family--REGULAR ui-pdp-list__text\"><span class=\"ui-pdp-color--BLACK ui-pdp-size--XSMALL ui-pdp-family--BOLD\">Ingredientes destacados<\/span>: ALGA WAKAME<\/p>\n<\/li>\n<\/ul>\n<ul class=\"ui-pdp-list__wrapper\">\n<li class=\"ui-pdp-list__item\">\n<p class=\"ui-pdp-family--REGULAR ui-pdp-list__text\"><span class=\"ui-pdp-color--BLACK ui-pdp-size--XSMALL ui-pdp-family--BOLD\">Formato de venta<\/span>: Unidad<\/p>\n<\/li>\n<li class=\"ui-pdp-list__item\">\n<p class=\"ui-pdp-family--REGULAR ui-pdp-list__text\"><span class=\"ui-pdp-color--BLACK ui-pdp-size--XSMALL ui-pdp-family--BOLD\">Peso neto<\/span>: 80 mg<\/p>\n<\/li>\n<\/ul>\n<ul class=\"ui-pdp-list__wrapper\">\n<li class=\"ui-pdp-list__item\">\n<p class=\"ui-pdp-family--REGULAR ui-pdp-list__text\"><span class=\"ui-pdp-color--BLACK ui-pdp-size--XSMALL ui-pdp-family--BOLD\">Volumen neto<\/span>: 80 mL<\/p>\n<\/li>\n<li class=\"ui-pdp-list__item\">\n<p class=\"ui-pdp-family--REGULAR ui-pdp-list__text\"><span class=\"ui-pdp-color--BLACK ui-pdp-size--XSMALL ui-pdp-family--BOLD\">Tipo de envase<\/span>: Frasco<\/p>\n<\/li>\n<\/ul>\n<ul class=\"ui-pdp-list__wrapper\">\n<li class=\"ui-pdp-list__item\">\n<p class=\"ui-pdp-family--REGULAR ui-pdp-list__text\"><span class=\"ui-pdp-color--BLACK ui-pdp-size--XSMALL ui-pdp-family--BOLD\">Est\u00e1 dermatol\u00f3gicamente testeado<\/span>: S\u00ed<\/p>\n<\/li>\n<li class=\"ui-pdp-list__item\">\n<p class=\"ui-pdp-family--REGULAR ui-pdp-list__text\"><span class=\"ui-pdp-color--BLACK ui-pdp-size--XSMALL ui-pdp-family--BOLD\">Es vegano<\/span>: S\u00ed<\/p>\n<\/li>\n<\/ul>\n<ul class=\"ui-pdp-list__wrapper\">\n<li class=\"ui-pdp-list__item\">\n<p class=\"ui-pdp-family--REGULAR ui-pdp-list__text\"><span class=\"ui-pdp-color--BLACK ui-pdp-size--XSMALL ui-pdp-family--BOLD\">Es libre de gluten<\/span>: S\u00ed<\/p>\n<\/li>\n<\/ul>\n<\/div>\n<\/div>\n<\/div>\n<div id=\"description\" class=\"ui-pdp-container__row ui-pdp-container__row--description\">\n<div class=\"ui-pdp-description\">\n<h2 class=\"ui-pdp-description__title\">Descripci\u00f3n<\/h2>\n<p class=\"ui-pdp-description__content\">Framesi For Me Gloss Me Wax Cera 314 x 80ml<br \/>\nControl remoldeable<br \/>\nPARA PEINADOS SEMIBRILLANTES<\/p>\n<p>ACCI\u00d3N<br \/>\nsujeci\u00f3n pre-secado<br \/>\nayuda al acabado<\/p>\n<p>RESULTADO<br \/>\nmechones con cuerpo<br \/>\nfijaci\u00f3n flexible<\/p>\n<p>INGREDIENTES<br \/>\nextracto de Algas Wakame<br \/>\nresina antihumedad<br \/>\nceras vegetales protectoras<\/p>\n<p>MODO DE EMPLEO<br \/>\npara dar cuerpo, aplicar en el cabello h\u00famedo<br \/>\nsecar con cepillo y secador<br \/>\nvolver a aplicar, en el cabello seco, para definir los detalles<br \/>\nControl remoldeable. Para peinados semi brillantes.<\/p>\n<\/div>\n<\/div>\n","protected":false},"excerpt":{"rendered":"<p>Caracter\u00edsticas principales Marca Framesi Otros L\u00ednea: FOR ME 314 GLOSS ME Consistencia: Gel Funciones: brillo,CUERPO,FIJACI\u00d3N,FLEXIBILIDAD Ingredientes destacados: ALGA WAKAME Formato de venta: Unidad Peso neto: 80 mg Volumen neto: 80 mL Tipo de envase: Frasco Est\u00e1 dermatol\u00f3gicamente testeado: S\u00ed Es vegano: S\u00ed Es libre de gluten: S\u00ed Descripci\u00f3n Framesi For Me Gloss Me Wax Cera 314 x 80ml Control remoldeable PARA PEINADOS SEMIBRILLANTES ACCI\u00d3N sujeci\u00f3n pre-secado ayuda al acabado RESULTADO mechones con cuerpo fijaci\u00f3n flexible INGREDIENTES extracto de Algas Wakame resina antihumedad ceras vegetales protectoras MODO DE EMPLEO para dar cuerpo, aplicar en el cabello h\u00famedo secar con cepillo y\u2026<\/p>\n","protected":false},"featured_media":5017,"comment_status":"open","ping_status":"closed","template":"","meta":[],"product_cat":[222,267],"product_tag":[804,807,764,711,805,775,806,752],"featured_image_urls":{"full":["https:\/\/ccgdistribuidora.com\/wp-content\/uploads\/2023\/05\/FRAMESI-FOR-ME-314-GLOSS-ME-WAX-X-80-ML.jpg",700,700,false],"thumbnail":["https:\/\/ccgdistribuidora.com\/wp-content\/uploads\/2023\/05\/FRAMESI-FOR-ME-314-GLOSS-ME-WAX-X-80-ML-150x150.jpg",150,150,true],"medium":["https:\/\/ccgdistribuidora.com\/wp-content\/uploads\/2023\/05\/FRAMESI-FOR-ME-314-GLOSS-ME-WAX-X-80-ML-300x300.jpg",300,300,true],"medium_large":["https:\/\/ccgdistribuidora.com\/wp-content\/uploads\/2023\/05\/FRAMESI-FOR-ME-314-GLOSS-ME-WAX-X-80-ML.jpg",700,700,false],"large":["https:\/\/ccgdistribuidora.com\/wp-content\/uploads\/2023\/05\/FRAMESI-FOR-ME-314-GLOSS-ME-WAX-X-80-ML.jpg",700,700,false],"1536x1536":["https:\/\/ccgdistribuidora.com\/wp-content\/uploads\/2023\/05\/FRAMESI-FOR-ME-314-GLOSS-ME-WAX-X-80-ML.jpg",700,700,false],"2048x2048":["https:\/\/ccgdistribuidora.com\/wp-content\/uploads\/2023\/05\/FRAMESI-FOR-ME-314-GLOSS-ME-WAX-X-80-ML.jpg",700,700,false],"mailpoet_newsletter_max":["https:\/\/ccgdistribuidora.com\/wp-content\/uploads\/2023\/05\/FRAMESI-FOR-ME-314-GLOSS-ME-WAX-X-80-ML.jpg",700,700,false],"woocommerce_thumbnail":["https:\/\/ccgdistribuidora.com\/wp-content\/uploads\/2023\/05\/FRAMESI-FOR-ME-314-GLOSS-ME-WAX-X-80-ML-300x400.jpg",300,400,true],"woocommerce_single":["https:\/\/ccgdistribuidora.com\/wp-content\/uploads\/2023\/05\/FRAMESI-FOR-ME-314-GLOSS-ME-WAX-X-80-ML-600x600.jpg",600,600,true],"woocommerce_gallery_thumbnail":["https:\/\/ccgdistribuidora.com\/wp-content\/uploads\/2023\/05\/FRAMESI-FOR-ME-314-GLOSS-ME-WAX-X-80-ML-100x100.jpg",100,100,true],"dgwt-wcas-product-suggestion":["https:\/\/ccgdistribuidora.com\/wp-content\/uploads\/2023\/05\/FRAMESI-FOR-ME-314-GLOSS-ME-WAX-X-80-ML-64x64.jpg",64,64,true]},"post_excerpt_stackable":"<p>Caracter\u00edsticas principales Marca Framesi Otros L\u00ednea: FOR ME 314 GLOSS ME Consistencia: Gel Funciones: brillo,CUERPO,FIJACI\u00d3N,FLEXIBILIDAD Ingredientes destacados: ALGA WAKAME Formato de venta: Unidad Peso neto: 80 mg Volumen neto: 80 mL Tipo de envase: Frasco Est\u00e1 dermatol\u00f3gicamente testeado: S\u00ed Es vegano: S\u00ed Es libre de gluten: S\u00ed Descripci\u00f3n Framesi For Me Gloss Me Wax Cera 314 x 80ml Control remoldeable PARA PEINADOS SEMIBRILLANTES ACCI\u00d3N sujeci\u00f3n pre-secado ayuda al acabado RESULTADO mechones con cuerpo fijaci\u00f3n flexible INGREDIENTES extracto de Algas Wakame resina antihumedad ceras vegetales protectoras MODO DE EMPLEO para dar cuerpo, aplicar en el cabello h\u00famedo secar con cepillo y&hellip;<\/p>\n","category_list":"","author_info":{"name":"","url":""},"comments_num":"0 comentarios","_links":{"self":[{"href":"https:\/\/ccgdistribuidora.com\/index.php\/wp-json\/wp\/v2\/product\/5016"}],"collection":[{"href":"https:\/\/ccgdistribuidora.com\/index.php\/wp-json\/wp\/v2\/product"}],"about":[{"href":"https:\/\/ccgdistribuidora.com\/index.php\/wp-json\/wp\/v2\/types\/product"}],"replies":[{"embeddable":true,"href":"https:\/\/ccgdistribuidora.com\/index.php\/wp-json\/wp\/v2\/comments?post=5016"}],"wp:featuredmedia":[{"embeddable":true,"href":"https:\/\/ccgdistribuidora.com\/index.php\/wp-json\/wp\/v2\/media\/5017"}],"wp:attachment":[{"href":"https:\/\/ccgdistribuidora.com\/index.php\/wp-json\/wp\/v2\/media?parent=5016"}],"wp:term":[{"taxonomy":"product_cat","embeddable":true,"href":"https:\/\/ccgdistribuidora.com\/index.php\/wp-json\/wp\/v2\/product_cat?post=5016"},{"taxonomy":"product_tag","embeddable":true,"href":"https:\/\/ccgdistribuidora.com\/index.php\/wp-json\/wp\/v2\/product_tag?post=5016"}],"curies":[{"name":"wp","href":"https:\/\/api.w.org\/{rel}","templated":true}]}}