{"id":5012,"date":"2023-05-08T22:32:11","date_gmt":"2023-05-09T01:32:11","guid":{"rendered":"https:\/\/ccgdistribuidora.com\/?post_type=product&#038;p=5012"},"modified":"2025-08-19T21:40:13","modified_gmt":"2025-08-20T00:40:13","slug":"framesi-for-me-607-hold-me-extremely-hairspray-x-500-ml","status":"publish","type":"product","link":"https:\/\/ccgdistribuidora.com\/index.php\/product\/framesi-for-me-607-hold-me-extremely-hairspray-x-500-ml\/","title":{"rendered":"FRAMESI FOR-ME 607 HOLD ME EXTREMELY HAIRSPRAY X 500 ML"},"content":{"rendered":"<div id=\"technical_specifications\" class=\"ui-pdp-container__row ui-pdp-container__row--technical-specifications\">\n<div class=\"ui-pdp-specs\">\n<h2 class=\"ui-pdp-specs__title\">Caracter\u00edsticas principales<\/h2>\n<div class=\"ui-pdp-specs__table\">\n<table class=\"andes-table\">\n<tbody class=\"andes-table__body\">\n<tr class=\"andes-table__row\">\n<th class=\"andes-table__header andes-table__header--left ui-pdp-specs__table__column ui-pdp-specs__table__column-title\">Marca<\/th>\n<td class=\"andes-table__column andes-table__column--left ui-pdp-specs__table__column\"><span class=\"andes-table__column--value\">Framesi<\/span><\/td>\n<\/tr>\n<\/tbody>\n<\/table>\n<\/div>\n<h3 class=\"ui-pdp-specs__subtitle\">Otros<\/h3>\n<div class=\"ui-pdp-list ui-pdp-specs__list\">\n<ul class=\"ui-pdp-list__wrapper\">\n<li class=\"ui-pdp-list__item\">\n<p class=\"ui-pdp-family--REGULAR ui-pdp-list__text\"><span class=\"ui-pdp-color--BLACK ui-pdp-size--XSMALL ui-pdp-family--BOLD\">L\u00ednea<\/span>: For Me<\/p>\n<\/li>\n<li class=\"ui-pdp-list__item\">\n<p class=\"ui-pdp-family--REGULAR ui-pdp-list__text\"><span class=\"ui-pdp-color--BLACK ui-pdp-size--XSMALL ui-pdp-family--BOLD\">Consistencia<\/span>: Spray<\/p>\n<\/li>\n<\/ul>\n<ul class=\"ui-pdp-list__wrapper\">\n<li class=\"ui-pdp-list__item\">\n<p class=\"ui-pdp-family--REGULAR ui-pdp-list__text\"><span class=\"ui-pdp-color--BLACK ui-pdp-size--XSMALL ui-pdp-family--BOLD\">Formato de venta<\/span>: Unidad<\/p>\n<\/li>\n<li class=\"ui-pdp-list__item\">\n<p class=\"ui-pdp-family--REGULAR ui-pdp-list__text\"><span class=\"ui-pdp-color--BLACK ui-pdp-size--XSMALL ui-pdp-family--BOLD\">Unidades por pack<\/span>: 1<\/p>\n<\/li>\n<\/ul>\n<ul class=\"ui-pdp-list__wrapper\">\n<li class=\"ui-pdp-list__item\">\n<p class=\"ui-pdp-family--REGULAR ui-pdp-list__text\"><span class=\"ui-pdp-color--BLACK ui-pdp-size--XSMALL ui-pdp-family--BOLD\">Peso neto<\/span>: 500 g<\/p>\n<\/li>\n<li class=\"ui-pdp-list__item\">\n<p class=\"ui-pdp-family--REGULAR ui-pdp-list__text\"><span class=\"ui-pdp-color--BLACK ui-pdp-size--XSMALL ui-pdp-family--BOLD\">Volumen neto<\/span>: 500 mL<\/p>\n<\/li>\n<\/ul>\n<\/div>\n<\/div>\n<\/div>\n<div id=\"description\" class=\"ui-pdp-container__row ui-pdp-container__row--description\">\n<div class=\"ui-pdp-description\">\n<h2 class=\"ui-pdp-description__title\">Descripci\u00f3n<\/h2>\n<p class=\"ui-pdp-description__content\">607<br \/>\n\/\/ Hold Me Extremely Hairspray \/\/ FOR ME \/\/ FRAMESI<br \/>\nfijaci\u00f3n extrafuerte<\/p>\n<p>PARA EL CONTROL ABSOLUTO DE PEINADOS Y RECOGIDOS<\/p>\n<p>ACCI\u00d3N<br \/>\n&gt; fijaci\u00f3n extrema<br \/>\n&gt; sost\u00e9n m\u00e1ximo del tallo capilar<br \/>\n&gt; disciplinante<\/p>\n<p>RESULTADO<br \/>\n&gt; control de los mechones m\u00e1s largos<br \/>\n&gt; dominio del peinado m\u00e1s extremo<br \/>\n&gt; el cabello se seca inmediatamente<\/p>\n<p>INGREDIENTES<br \/>\n&gt; extracto de Algas Wakame<br \/>\n&gt; filtro UV<br \/>\n&gt; queratina hidrolizada<br \/>\n&gt; pantenol<\/p>\n<p>MODO DE USO :<br \/>\nAgitar y vaporizar uniformemente<\/p>\n<\/div>\n<\/div>\n","protected":false},"excerpt":{"rendered":"<p>Caracter\u00edsticas principales Marca Framesi Otros L\u00ednea: For Me Consistencia: Spray Formato de venta: Unidad Unidades por pack: 1 Peso neto: 500 g Volumen neto: 500 mL Descripci\u00f3n 607 \/\/ Hold Me Extremely Hairspray \/\/ FOR ME \/\/ FRAMESI fijaci\u00f3n extrafuerte PARA EL CONTROL ABSOLUTO DE PEINADOS Y RECOGIDOS ACCI\u00d3N &gt; fijaci\u00f3n extrema &gt; sost\u00e9n m\u00e1ximo del tallo capilar &gt; disciplinante RESULTADO &gt; control de los mechones m\u00e1s largos &gt; dominio del peinado m\u00e1s extremo &gt; el cabello se seca inmediatamente INGREDIENTES &gt; extracto de Algas Wakame &gt; filtro UV &gt; queratina hidrolizada &gt; pantenol MODO DE USO : Agitar y\u2026<\/p>\n","protected":false},"featured_media":5013,"comment_status":"open","ping_status":"closed","template":"","meta":[],"product_cat":[222,267],"product_tag":[799,794,796,764,711,798,795,775,752,797],"featured_image_urls":{"full":["https:\/\/ccgdistribuidora.com\/wp-content\/uploads\/2023\/05\/FRAMESI-FOR-ME-607-HOLD-ME-EXTREMELY-HAIRSPRAY-X-500-ML.jpg",700,700,false],"thumbnail":["https:\/\/ccgdistribuidora.com\/wp-content\/uploads\/2023\/05\/FRAMESI-FOR-ME-607-HOLD-ME-EXTREMELY-HAIRSPRAY-X-500-ML-150x150.jpg",150,150,true],"medium":["https:\/\/ccgdistribuidora.com\/wp-content\/uploads\/2023\/05\/FRAMESI-FOR-ME-607-HOLD-ME-EXTREMELY-HAIRSPRAY-X-500-ML-300x300.jpg",300,300,true],"medium_large":["https:\/\/ccgdistribuidora.com\/wp-content\/uploads\/2023\/05\/FRAMESI-FOR-ME-607-HOLD-ME-EXTREMELY-HAIRSPRAY-X-500-ML.jpg",700,700,false],"large":["https:\/\/ccgdistribuidora.com\/wp-content\/uploads\/2023\/05\/FRAMESI-FOR-ME-607-HOLD-ME-EXTREMELY-HAIRSPRAY-X-500-ML.jpg",700,700,false],"1536x1536":["https:\/\/ccgdistribuidora.com\/wp-content\/uploads\/2023\/05\/FRAMESI-FOR-ME-607-HOLD-ME-EXTREMELY-HAIRSPRAY-X-500-ML.jpg",700,700,false],"2048x2048":["https:\/\/ccgdistribuidora.com\/wp-content\/uploads\/2023\/05\/FRAMESI-FOR-ME-607-HOLD-ME-EXTREMELY-HAIRSPRAY-X-500-ML.jpg",700,700,false],"mailpoet_newsletter_max":["https:\/\/ccgdistribuidora.com\/wp-content\/uploads\/2023\/05\/FRAMESI-FOR-ME-607-HOLD-ME-EXTREMELY-HAIRSPRAY-X-500-ML.jpg",700,700,false],"woocommerce_thumbnail":["https:\/\/ccgdistribuidora.com\/wp-content\/uploads\/2023\/05\/FRAMESI-FOR-ME-607-HOLD-ME-EXTREMELY-HAIRSPRAY-X-500-ML-300x400.jpg",300,400,true],"woocommerce_single":["https:\/\/ccgdistribuidora.com\/wp-content\/uploads\/2023\/05\/FRAMESI-FOR-ME-607-HOLD-ME-EXTREMELY-HAIRSPRAY-X-500-ML-600x600.jpg",600,600,true],"woocommerce_gallery_thumbnail":["https:\/\/ccgdistribuidora.com\/wp-content\/uploads\/2023\/05\/FRAMESI-FOR-ME-607-HOLD-ME-EXTREMELY-HAIRSPRAY-X-500-ML-100x100.jpg",100,100,true],"dgwt-wcas-product-suggestion":["https:\/\/ccgdistribuidora.com\/wp-content\/uploads\/2023\/05\/FRAMESI-FOR-ME-607-HOLD-ME-EXTREMELY-HAIRSPRAY-X-500-ML-64x64.jpg",64,64,true]},"post_excerpt_stackable":"<p>Caracter\u00edsticas principales Marca Framesi Otros L\u00ednea: For Me Consistencia: Spray Formato de venta: Unidad Unidades por pack: 1 Peso neto: 500 g Volumen neto: 500 mL Descripci\u00f3n 607 \/\/ Hold Me Extremely Hairspray \/\/ FOR ME \/\/ FRAMESI fijaci\u00f3n extrafuerte PARA EL CONTROL ABSOLUTO DE PEINADOS Y RECOGIDOS ACCI\u00d3N &gt; fijaci\u00f3n extrema &gt; sost\u00e9n m\u00e1ximo del tallo capilar &gt; disciplinante RESULTADO &gt; control de los mechones m\u00e1s largos &gt; dominio del peinado m\u00e1s extremo &gt; el cabello se seca inmediatamente INGREDIENTES &gt; extracto de Algas Wakame &gt; filtro UV &gt; queratina hidrolizada &gt; pantenol MODO DE USO : Agitar y&hellip;<\/p>\n","category_list":"","author_info":{"name":"","url":""},"comments_num":"0 comentarios","_links":{"self":[{"href":"https:\/\/ccgdistribuidora.com\/index.php\/wp-json\/wp\/v2\/product\/5012"}],"collection":[{"href":"https:\/\/ccgdistribuidora.com\/index.php\/wp-json\/wp\/v2\/product"}],"about":[{"href":"https:\/\/ccgdistribuidora.com\/index.php\/wp-json\/wp\/v2\/types\/product"}],"replies":[{"embeddable":true,"href":"https:\/\/ccgdistribuidora.com\/index.php\/wp-json\/wp\/v2\/comments?post=5012"}],"wp:featuredmedia":[{"embeddable":true,"href":"https:\/\/ccgdistribuidora.com\/index.php\/wp-json\/wp\/v2\/media\/5013"}],"wp:attachment":[{"href":"https:\/\/ccgdistribuidora.com\/index.php\/wp-json\/wp\/v2\/media?parent=5012"}],"wp:term":[{"taxonomy":"product_cat","embeddable":true,"href":"https:\/\/ccgdistribuidora.com\/index.php\/wp-json\/wp\/v2\/product_cat?post=5012"},{"taxonomy":"product_tag","embeddable":true,"href":"https:\/\/ccgdistribuidora.com\/index.php\/wp-json\/wp\/v2\/product_tag?post=5012"}],"curies":[{"name":"wp","href":"https:\/\/api.w.org\/{rel}","templated":true}]}}