{"id":5008,"date":"2023-05-08T22:13:43","date_gmt":"2023-05-09T01:13:43","guid":{"rendered":"https:\/\/ccgdistribuidora.com\/?post_type=product&#038;p=5008"},"modified":"2025-08-19T21:40:45","modified_gmt":"2025-08-20T00:40:45","slug":"framesi-for-me-227-wake-me-up-curl-spray-x-150-ml","status":"publish","type":"product","link":"https:\/\/ccgdistribuidora.com\/index.php\/product\/framesi-for-me-227-wake-me-up-curl-spray-x-150-ml\/","title":{"rendered":"FRAMESI FOR-ME 227 WAKE ME UP CURL SPRAY X 150 ML"},"content":{"rendered":"<h2 class=\"ui-pdp-specs__title\">Caracter\u00edsticas principales<\/h2>\n<div class=\"ui-pdp-specs__table\">\n<table class=\"andes-table\">\n<tbody class=\"andes-table__body\">\n<tr class=\"andes-table__row\">\n<th class=\"andes-table__header andes-table__header--left ui-pdp-specs__table__column ui-pdp-specs__table__column-title\">Marca<\/th>\n<td class=\"andes-table__column andes-table__column--left ui-pdp-specs__table__column\"><span class=\"andes-table__column--value\">Framesi<\/span><\/td>\n<\/tr>\n<\/tbody>\n<\/table>\n<\/div>\n<h3 class=\"ui-pdp-specs__subtitle\">Otros<\/h3>\n<div class=\"ui-pdp-list ui-pdp-specs__list\">\n<ul class=\"ui-pdp-list__wrapper\">\n<li class=\"ui-pdp-list__item\">\n<p class=\"ui-pdp-family--REGULAR ui-pdp-list__text\"><span class=\"ui-pdp-color--BLACK ui-pdp-size--XSMALL ui-pdp-family--BOLD\">L\u00ednea<\/span>: For Me<\/p>\n<\/li>\n<li class=\"ui-pdp-list__item\">\n<p class=\"ui-pdp-family--REGULAR ui-pdp-list__text\"><span class=\"ui-pdp-color--BLACK ui-pdp-size--XSMALL ui-pdp-family--BOLD\">Consistencia<\/span>: Spray<\/p>\n<\/li>\n<\/ul>\n<ul class=\"ui-pdp-list__wrapper\">\n<li class=\"ui-pdp-list__item\">\n<p class=\"ui-pdp-family--REGULAR ui-pdp-list__text\"><span class=\"ui-pdp-color--BLACK ui-pdp-size--XSMALL ui-pdp-family--BOLD\">Funciones<\/span>: Hidrata<\/p>\n<\/li>\n<li class=\"ui-pdp-list__item\">\n<p class=\"ui-pdp-family--REGULAR ui-pdp-list__text\"><span class=\"ui-pdp-color--BLACK ui-pdp-size--XSMALL ui-pdp-family--BOLD\">Formato de venta<\/span>: Unidad<\/p>\n<\/li>\n<\/ul>\n<ul class=\"ui-pdp-list__wrapper\">\n<li class=\"ui-pdp-list__item\">\n<p class=\"ui-pdp-family--REGULAR ui-pdp-list__text\"><span class=\"ui-pdp-color--BLACK ui-pdp-size--XSMALL ui-pdp-family--BOLD\">Unidades por pack<\/span>: 1<\/p>\n<\/li>\n<li class=\"ui-pdp-list__item\">\n<p class=\"ui-pdp-family--REGULAR ui-pdp-list__text\"><span class=\"ui-pdp-color--BLACK ui-pdp-size--XSMALL ui-pdp-family--BOLD\">Volumen neto<\/span>: 150 mL<\/p>\n<\/li>\n<\/ul>\n<ul class=\"ui-pdp-list__wrapper\">\n<li class=\"ui-pdp-list__item\">\n<p class=\"ui-pdp-family--REGULAR ui-pdp-list__text\"><span class=\"ui-pdp-color--BLACK ui-pdp-size--XSMALL ui-pdp-family--BOLD\">Tipo de envase<\/span>: Spray<\/p>\n<\/li>\n<li class=\"ui-pdp-list__item\">\n<p class=\"ui-pdp-family--REGULAR ui-pdp-list__text\"><span class=\"ui-pdp-color--BLACK ui-pdp-size--XSMALL ui-pdp-family--BOLD\">Est\u00e1 dermatol\u00f3gicamente testeado<\/span>: S\u00ed<\/p>\n<\/li>\n<\/ul>\n<\/div>\n<p><strong>Rizo voluminoso y lleno de energia entre lavados<\/strong><\/p>\n<div class=\"et_pb_module et_pb_text et_pb_text_1  et_pb_text_align_left et_pb_bg_layout_light\">\n<div class=\"et_pb_text_inner\">\n<p><strong>PARA CABELLO RIZADO<\/strong><\/p>\n<\/div>\n<\/div>\n<div class=\"et_pb_module et_pb_text et_pb_text_2  et_pb_text_align_left et_pb_bg_layout_light\">\n<div class=\"et_pb_text_inner\">\n<p><strong>ACCI\u00d3N<br \/>\n<\/strong><\/p>\n<ul>\n<li>renueva el movimiento de los mechones ondulados<\/li>\n<li>hidrataci\u00f3n profunda sin apelmazar<\/li>\n<li>protecci\u00f3n anti-contaminaci\u00f3n<\/li>\n<\/ul>\n<\/div>\n<\/div>\n<div class=\"et_pb_module et_pb_text et_pb_text_3  et_pb_text_align_left et_pb_bg_layout_light\">\n<div class=\"et_pb_text_inner\">\n<p><strong>RESULTADO<\/strong><\/p>\n<ul>\n<li>rizo voluminoso y llenos de energia entre lavados<\/li>\n<li>cabello con cuerpo<\/li>\n<li>peinado mas f\u00e1cil de mantener<\/li>\n<\/ul>\n<\/div>\n<\/div>\n<div class=\"et_pb_module et_pb_text et_pb_text_4  et_pb_text_align_left et_pb_bg_layout_light\">\n<div class=\"et_pb_text_inner\">\n<p><strong>INGREDIENTES<\/strong><\/p>\n<ul>\n<li>extracto de Algas Wakame<\/li>\n<li>fitoqueratina hidrolizada vegetal<\/li>\n<li>pantenol hidratante y fortalecedor<\/li>\n<li>formula sin silicona<\/li>\n<\/ul>\n<\/div>\n<\/div>\n","protected":false},"excerpt":{"rendered":"<p>Caracter\u00edsticas principales Marca Framesi Otros L\u00ednea: For Me Consistencia: Spray Funciones: Hidrata Formato de venta: Unidad Unidades por pack: 1 Volumen neto: 150 mL Tipo de envase: Spray Est\u00e1 dermatol\u00f3gicamente testeado: S\u00ed Rizo voluminoso y lleno de energia entre lavados PARA CABELLO RIZADO ACCI\u00d3N renueva el movimiento de los mechones ondulados hidrataci\u00f3n profunda sin apelmazar protecci\u00f3n anti-contaminaci\u00f3n RESULTADO rizo voluminoso y llenos de energia entre lavados cabello con cuerpo peinado mas f\u00e1cil de mantener INGREDIENTES extracto de Algas Wakame fitoqueratina hidrolizada vegetal pantenol hidratante y fortalecedor formula sin silicona<\/p>\n","protected":false},"featured_media":5009,"comment_status":"open","ping_status":"closed","template":"","meta":[],"product_cat":[222,267],"product_tag":[789,786,768,764,711,775,471,788,787,752],"featured_image_urls":{"full":["https:\/\/ccgdistribuidora.com\/wp-content\/uploads\/2023\/05\/FRAMESI-FOR-ME-227-WAKE-ME-UP-CURL-SPRAY-X-150-ML.jpg",700,700,false],"thumbnail":["https:\/\/ccgdistribuidora.com\/wp-content\/uploads\/2023\/05\/FRAMESI-FOR-ME-227-WAKE-ME-UP-CURL-SPRAY-X-150-ML-150x150.jpg",150,150,true],"medium":["https:\/\/ccgdistribuidora.com\/wp-content\/uploads\/2023\/05\/FRAMESI-FOR-ME-227-WAKE-ME-UP-CURL-SPRAY-X-150-ML-300x300.jpg",300,300,true],"medium_large":["https:\/\/ccgdistribuidora.com\/wp-content\/uploads\/2023\/05\/FRAMESI-FOR-ME-227-WAKE-ME-UP-CURL-SPRAY-X-150-ML.jpg",700,700,false],"large":["https:\/\/ccgdistribuidora.com\/wp-content\/uploads\/2023\/05\/FRAMESI-FOR-ME-227-WAKE-ME-UP-CURL-SPRAY-X-150-ML.jpg",700,700,false],"1536x1536":["https:\/\/ccgdistribuidora.com\/wp-content\/uploads\/2023\/05\/FRAMESI-FOR-ME-227-WAKE-ME-UP-CURL-SPRAY-X-150-ML.jpg",700,700,false],"2048x2048":["https:\/\/ccgdistribuidora.com\/wp-content\/uploads\/2023\/05\/FRAMESI-FOR-ME-227-WAKE-ME-UP-CURL-SPRAY-X-150-ML.jpg",700,700,false],"mailpoet_newsletter_max":["https:\/\/ccgdistribuidora.com\/wp-content\/uploads\/2023\/05\/FRAMESI-FOR-ME-227-WAKE-ME-UP-CURL-SPRAY-X-150-ML.jpg",700,700,false],"woocommerce_thumbnail":["https:\/\/ccgdistribuidora.com\/wp-content\/uploads\/2023\/05\/FRAMESI-FOR-ME-227-WAKE-ME-UP-CURL-SPRAY-X-150-ML-300x400.jpg",300,400,true],"woocommerce_single":["https:\/\/ccgdistribuidora.com\/wp-content\/uploads\/2023\/05\/FRAMESI-FOR-ME-227-WAKE-ME-UP-CURL-SPRAY-X-150-ML-600x600.jpg",600,600,true],"woocommerce_gallery_thumbnail":["https:\/\/ccgdistribuidora.com\/wp-content\/uploads\/2023\/05\/FRAMESI-FOR-ME-227-WAKE-ME-UP-CURL-SPRAY-X-150-ML-100x100.jpg",100,100,true],"dgwt-wcas-product-suggestion":["https:\/\/ccgdistribuidora.com\/wp-content\/uploads\/2023\/05\/FRAMESI-FOR-ME-227-WAKE-ME-UP-CURL-SPRAY-X-150-ML-64x64.jpg",64,64,true]},"post_excerpt_stackable":"<p>Caracter\u00edsticas principales Marca Framesi Otros L\u00ednea: For Me Consistencia: Spray Funciones: Hidrata Formato de venta: Unidad Unidades por pack: 1 Volumen neto: 150 mL Tipo de envase: Spray Est\u00e1 dermatol\u00f3gicamente testeado: S\u00ed Rizo voluminoso y lleno de energia entre lavados PARA CABELLO RIZADO ACCI\u00d3N renueva el movimiento de los mechones ondulados hidrataci\u00f3n profunda sin apelmazar protecci\u00f3n anti-contaminaci\u00f3n RESULTADO rizo voluminoso y llenos de energia entre lavados cabello con cuerpo peinado mas f\u00e1cil de mantener INGREDIENTES extracto de Algas Wakame fitoqueratina hidrolizada vegetal pantenol hidratante y fortalecedor formula sin silicona<\/p>\n","category_list":"","author_info":{"name":"","url":""},"comments_num":"0 comentarios","_links":{"self":[{"href":"https:\/\/ccgdistribuidora.com\/index.php\/wp-json\/wp\/v2\/product\/5008"}],"collection":[{"href":"https:\/\/ccgdistribuidora.com\/index.php\/wp-json\/wp\/v2\/product"}],"about":[{"href":"https:\/\/ccgdistribuidora.com\/index.php\/wp-json\/wp\/v2\/types\/product"}],"replies":[{"embeddable":true,"href":"https:\/\/ccgdistribuidora.com\/index.php\/wp-json\/wp\/v2\/comments?post=5008"}],"wp:featuredmedia":[{"embeddable":true,"href":"https:\/\/ccgdistribuidora.com\/index.php\/wp-json\/wp\/v2\/media\/5009"}],"wp:attachment":[{"href":"https:\/\/ccgdistribuidora.com\/index.php\/wp-json\/wp\/v2\/media?parent=5008"}],"wp:term":[{"taxonomy":"product_cat","embeddable":true,"href":"https:\/\/ccgdistribuidora.com\/index.php\/wp-json\/wp\/v2\/product_cat?post=5008"},{"taxonomy":"product_tag","embeddable":true,"href":"https:\/\/ccgdistribuidora.com\/index.php\/wp-json\/wp\/v2\/product_tag?post=5008"}],"curies":[{"name":"wp","href":"https:\/\/api.w.org\/{rel}","templated":true}]}}