{"id":5000,"date":"2023-05-08T21:00:16","date_gmt":"2023-05-09T00:00:16","guid":{"rendered":"https:\/\/ccgdistribuidora.com\/?post_type=product&#038;p=5000"},"modified":"2025-08-19T21:41:51","modified_gmt":"2025-08-20T00:41:51","slug":"for-me-308-elevate-curl-cream-150-ml-framesi","status":"publish","type":"product","link":"https:\/\/ccgdistribuidora.com\/index.php\/product\/for-me-308-elevate-curl-cream-150-ml-framesi\/","title":{"rendered":"For Me &#8211; 308 Elevate Curl Cream 150 Ml &#8211; Framesi"},"content":{"rendered":"<div id=\"technical_specifications\" class=\"ui-pdp-container__row ui-pdp-container__row--technical-specifications\">\n<div class=\"ui-pdp-specs\">\n<h2 class=\"ui-pdp-specs__title\">Caracter\u00edsticas principales<\/h2>\n<div class=\"ui-pdp-specs__table\">\n<table class=\"andes-table\">\n<tbody class=\"andes-table__body\">\n<tr class=\"andes-table__row\">\n<th class=\"andes-table__header andes-table__header--left ui-pdp-specs__table__column ui-pdp-specs__table__column-title\">Marca<\/th>\n<td class=\"andes-table__column andes-table__column--left ui-pdp-specs__table__column\"><span class=\"andes-table__column--value\">Framesi<\/span><\/td>\n<\/tr>\n<\/tbody>\n<\/table>\n<\/div>\n<div class=\"ui-pdp-specs-groups-collapsable ui-pdp-specs\">\n<div class=\"ui-pdp-list ui-pdp-specs__list\">\n<p class=\"ui-pdp-family--REGULAR ui-pdp-list__text\">Otros<\/p>\n<\/div>\n<div class=\"ui-pdp-list ui-pdp-specs-groups-collapsable__list\">\n<ul class=\"ui-pdp-list__wrapper\">\n<li class=\"ui-pdp-list__item\">\n<p class=\"ui-pdp-family--REGULAR ui-pdp-list__text\"><span class=\"ui-pdp-color--BLACK ui-pdp-size--XSMALL ui-pdp-family--BOLD\">L\u00ednea<\/span>: For Me<\/p>\n<\/li>\n<li class=\"ui-pdp-list__item\">\n<p class=\"ui-pdp-family--REGULAR ui-pdp-list__text\"><span class=\"ui-pdp-color--BLACK ui-pdp-size--XSMALL ui-pdp-family--BOLD\">Consistencia<\/span>: Gel<\/p>\n<\/li>\n<\/ul>\n<ul class=\"ui-pdp-list__wrapper\">\n<li class=\"ui-pdp-list__item\">\n<p class=\"ui-pdp-family--REGULAR ui-pdp-list__text\"><span class=\"ui-pdp-color--BLACK ui-pdp-size--XSMALL ui-pdp-family--BOLD\">Funciones<\/span>: Modelador,VOLUMINIZANTE,ANTICRESPO<\/p>\n<\/li>\n<li class=\"ui-pdp-list__item\">\n<p class=\"ui-pdp-family--REGULAR ui-pdp-list__text\"><span class=\"ui-pdp-color--BLACK ui-pdp-size--XSMALL ui-pdp-family--BOLD\">Ingredientes destacados<\/span>: Extracto de Algas Wakame,Agentes filmogenicos<\/p>\n<\/li>\n<\/ul>\n<ul class=\"ui-pdp-list__wrapper\">\n<li class=\"ui-pdp-list__item\">\n<p class=\"ui-pdp-family--REGULAR ui-pdp-list__text\"><span class=\"ui-pdp-color--BLACK ui-pdp-size--XSMALL ui-pdp-family--BOLD\">Formato de venta<\/span>: Unidad<\/p>\n<\/li>\n<li class=\"ui-pdp-list__item\">\n<p class=\"ui-pdp-family--REGULAR ui-pdp-list__text\"><span class=\"ui-pdp-color--BLACK ui-pdp-size--XSMALL ui-pdp-family--BOLD\">Peso neto<\/span>: 150 mg<\/p>\n<\/li>\n<\/ul>\n<ul class=\"ui-pdp-list__wrapper\">\n<li class=\"ui-pdp-list__item\">\n<p class=\"ui-pdp-family--REGULAR ui-pdp-list__text\"><span class=\"ui-pdp-color--BLACK ui-pdp-size--XSMALL ui-pdp-family--BOLD\">Volumen neto<\/span>: 150 L<\/p>\n<\/li>\n<li class=\"ui-pdp-list__item\">\n<p class=\"ui-pdp-family--REGULAR ui-pdp-list__text\"><span class=\"ui-pdp-color--BLACK ui-pdp-size--XSMALL ui-pdp-family--BOLD\">Tipo de envase<\/span>: Botella<\/p>\n<\/li>\n<\/ul>\n<ul class=\"ui-pdp-list__wrapper\">\n<li class=\"ui-pdp-list__item\">\n<p class=\"ui-pdp-family--REGULAR ui-pdp-list__text\"><span class=\"ui-pdp-color--BLACK ui-pdp-size--XSMALL ui-pdp-family--BOLD\">Est\u00e1 dermatol\u00f3gicamente testeado<\/span>: S\u00ed<\/p>\n<\/li>\n<li class=\"ui-pdp-list__item\">\n<p class=\"ui-pdp-family--REGULAR ui-pdp-list__text\"><span class=\"ui-pdp-color--BLACK ui-pdp-size--XSMALL ui-pdp-family--BOLD\">Es vegano<\/span>: No<\/p>\n<\/li>\n<\/ul>\n<ul class=\"ui-pdp-list__wrapper\">\n<li class=\"ui-pdp-list__item\">\n<p class=\"ui-pdp-family--REGULAR ui-pdp-list__text\"><span class=\"ui-pdp-color--BLACK ui-pdp-size--XSMALL ui-pdp-family--BOLD\">Es libre de gluten<\/span>: S\u00ed<\/p>\n<\/li>\n<\/ul>\n<\/div>\n<\/div>\n<\/div>\n<\/div>\n<div id=\"description\" class=\"ui-pdp-container__row ui-pdp-container__row--description\">\n<div class=\"ui-pdp-description\">\n<h2 class=\"ui-pdp-description__title\">Descripci\u00f3n<\/h2>\n<p class=\"ui-pdp-description__content\">308<br \/>\nElevate Me Curl<br \/>\nCream<br \/>\ndefinici\u00f3n e hidrataci\u00f3n intensa<\/p>\n<p>PARA CABELLO RIZADO<\/p>\n<p>ACCI\u00d3N<\/p>\n<p>voluminizante<br \/>\nsuper acondicionadora<br \/>\nanti-crespo<br \/>\nRESULTADO<\/p>\n<p>rizos definidos<br \/>\nsedosos<br \/>\nINGREDIENTES<\/p>\n<p>extracto de Algas Wakame<br \/>\nagentes film\u00f3genos efecto barrera<br \/>\nmanteca de Karit\u00e9<br \/>\nfiltro UV<br \/>\n150 ml.<\/p>\n<\/div>\n<\/div>\n","protected":false},"excerpt":{"rendered":"<p>Caracter\u00edsticas principales Marca Framesi Otros L\u00ednea: For Me Consistencia: Gel Funciones: Modelador,VOLUMINIZANTE,ANTICRESPO Ingredientes destacados: Extracto de Algas Wakame,Agentes filmogenicos Formato de venta: Unidad Peso neto: 150 mg Volumen neto: 150 L Tipo de envase: Botella Est\u00e1 dermatol\u00f3gicamente testeado: S\u00ed Es vegano: No Es libre de gluten: S\u00ed Descripci\u00f3n 308 Elevate Me Curl Cream definici\u00f3n e hidrataci\u00f3n intensa PARA CABELLO RIZADO ACCI\u00d3N voluminizante super acondicionadora anti-crespo RESULTADO rizos definidos sedosos INGREDIENTES extracto de Algas Wakame agentes film\u00f3genos efecto barrera manteca de Karit\u00e9 filtro UV 150 ml.<\/p>\n","protected":false},"featured_media":5001,"comment_status":"open","ping_status":"closed","template":"","meta":[],"product_cat":[222,267,244],"product_tag":[766,769,768,767,764,711,212],"featured_image_urls":{"full":["https:\/\/ccgdistribuidora.com\/wp-content\/uploads\/2023\/05\/For-Me-308-Elevate-Curl-Cream-150-Ml-Framesi.jpg",700,700,false],"thumbnail":["https:\/\/ccgdistribuidora.com\/wp-content\/uploads\/2023\/05\/For-Me-308-Elevate-Curl-Cream-150-Ml-Framesi-150x150.jpg",150,150,true],"medium":["https:\/\/ccgdistribuidora.com\/wp-content\/uploads\/2023\/05\/For-Me-308-Elevate-Curl-Cream-150-Ml-Framesi-300x300.jpg",300,300,true],"medium_large":["https:\/\/ccgdistribuidora.com\/wp-content\/uploads\/2023\/05\/For-Me-308-Elevate-Curl-Cream-150-Ml-Framesi.jpg",700,700,false],"large":["https:\/\/ccgdistribuidora.com\/wp-content\/uploads\/2023\/05\/For-Me-308-Elevate-Curl-Cream-150-Ml-Framesi.jpg",700,700,false],"1536x1536":["https:\/\/ccgdistribuidora.com\/wp-content\/uploads\/2023\/05\/For-Me-308-Elevate-Curl-Cream-150-Ml-Framesi.jpg",700,700,false],"2048x2048":["https:\/\/ccgdistribuidora.com\/wp-content\/uploads\/2023\/05\/For-Me-308-Elevate-Curl-Cream-150-Ml-Framesi.jpg",700,700,false],"mailpoet_newsletter_max":["https:\/\/ccgdistribuidora.com\/wp-content\/uploads\/2023\/05\/For-Me-308-Elevate-Curl-Cream-150-Ml-Framesi.jpg",700,700,false],"woocommerce_thumbnail":["https:\/\/ccgdistribuidora.com\/wp-content\/uploads\/2023\/05\/For-Me-308-Elevate-Curl-Cream-150-Ml-Framesi-300x400.jpg",300,400,true],"woocommerce_single":["https:\/\/ccgdistribuidora.com\/wp-content\/uploads\/2023\/05\/For-Me-308-Elevate-Curl-Cream-150-Ml-Framesi-600x600.jpg",600,600,true],"woocommerce_gallery_thumbnail":["https:\/\/ccgdistribuidora.com\/wp-content\/uploads\/2023\/05\/For-Me-308-Elevate-Curl-Cream-150-Ml-Framesi-100x100.jpg",100,100,true],"dgwt-wcas-product-suggestion":["https:\/\/ccgdistribuidora.com\/wp-content\/uploads\/2023\/05\/For-Me-308-Elevate-Curl-Cream-150-Ml-Framesi-64x64.jpg",64,64,true]},"post_excerpt_stackable":"<p>Caracter\u00edsticas principales Marca Framesi Otros L\u00ednea: For Me Consistencia: Gel Funciones: Modelador,VOLUMINIZANTE,ANTICRESPO Ingredientes destacados: Extracto de Algas Wakame,Agentes filmogenicos Formato de venta: Unidad Peso neto: 150 mg Volumen neto: 150 L Tipo de envase: Botella Est\u00e1 dermatol\u00f3gicamente testeado: S\u00ed Es vegano: No Es libre de gluten: S\u00ed Descripci\u00f3n 308 Elevate Me Curl Cream definici\u00f3n e hidrataci\u00f3n intensa PARA CABELLO RIZADO ACCI\u00d3N voluminizante super acondicionadora anti-crespo RESULTADO rizos definidos sedosos INGREDIENTES extracto de Algas Wakame agentes film\u00f3genos efecto barrera manteca de Karit\u00e9 filtro UV 150 ml.<\/p>\n","category_list":"","author_info":{"name":"","url":""},"comments_num":"0 comentarios","_links":{"self":[{"href":"https:\/\/ccgdistribuidora.com\/index.php\/wp-json\/wp\/v2\/product\/5000"}],"collection":[{"href":"https:\/\/ccgdistribuidora.com\/index.php\/wp-json\/wp\/v2\/product"}],"about":[{"href":"https:\/\/ccgdistribuidora.com\/index.php\/wp-json\/wp\/v2\/types\/product"}],"replies":[{"embeddable":true,"href":"https:\/\/ccgdistribuidora.com\/index.php\/wp-json\/wp\/v2\/comments?post=5000"}],"wp:featuredmedia":[{"embeddable":true,"href":"https:\/\/ccgdistribuidora.com\/index.php\/wp-json\/wp\/v2\/media\/5001"}],"wp:attachment":[{"href":"https:\/\/ccgdistribuidora.com\/index.php\/wp-json\/wp\/v2\/media?parent=5000"}],"wp:term":[{"taxonomy":"product_cat","embeddable":true,"href":"https:\/\/ccgdistribuidora.com\/index.php\/wp-json\/wp\/v2\/product_cat?post=5000"},{"taxonomy":"product_tag","embeddable":true,"href":"https:\/\/ccgdistribuidora.com\/index.php\/wp-json\/wp\/v2\/product_tag?post=5000"}],"curies":[{"name":"wp","href":"https:\/\/api.w.org\/{rel}","templated":true}]}}