{"id":4981,"date":"2023-05-08T18:25:16","date_gmt":"2023-05-08T21:25:16","guid":{"rendered":"https:\/\/ccgdistribuidora.com\/?post_type=product&#038;p=4981"},"modified":"2024-03-05T14:31:08","modified_gmt":"2024-03-05T17:31:08","slug":"framesi-decolor-b-clay-decolorante-sin-amoniaco-500g","status":"publish","type":"product","link":"https:\/\/ccgdistribuidora.com\/index.php\/product\/framesi-decolor-b-clay-decolorante-sin-amoniaco-500g\/","title":{"rendered":"Framesi Decolor B Clay Decolorante Sin Amoniaco 500g"},"content":{"rendered":"<div id=\"technical_specifications\" class=\"ui-pdp-container__row ui-pdp-container__row--technical-specifications\">\n<div class=\"ui-pdp-specs\">\n<h2 class=\"ui-pdp-specs__title\">Caracter\u00edsticas principales<\/h2>\n<div class=\"ui-pdp-specs__table\">\n<table class=\"andes-table\">\n<tbody class=\"andes-table__body\">\n<tr class=\"andes-table__row\">\n<th class=\"andes-table__header andes-table__header--left ui-pdp-specs__table__column ui-pdp-specs__table__column-title\">Marca<\/th>\n<td class=\"andes-table__column andes-table__column--left ui-pdp-specs__table__column\"><span class=\"andes-table__column--value\">Framesi<\/span><\/td>\n<\/tr>\n<tr class=\"andes-table__row\">\n<th class=\"andes-table__header andes-table__header--left ui-pdp-specs__table__column ui-pdp-specs__table__column-title\">L\u00ednea<\/th>\n<td class=\"andes-table__column andes-table__column--left ui-pdp-specs__table__column\"><span class=\"andes-table__column--value\">DECOLOR<\/span><\/td>\n<\/tr>\n<tr class=\"andes-table__row\">\n<th class=\"andes-table__header andes-table__header--left ui-pdp-specs__table__column ui-pdp-specs__table__column-title\">Nombre<\/th>\n<td class=\"andes-table__column andes-table__column--left ui-pdp-specs__table__column\"><span class=\"andes-table__column--value\">DECOLOR B CLAY<\/span><\/td>\n<\/tr>\n<\/tbody>\n<\/table>\n<\/div>\n<div class=\"ui-pdp-specs-groups-collapsable ui-pdp-specs\">\n<div class=\"ui-pdp-list ui-pdp-specs__list\">\n<p>&nbsp;<\/p>\n<p class=\"ui-pdp-family--REGULAR ui-pdp-list__text\">Otros<\/p>\n<\/div>\n<div class=\"ui-pdp-list ui-pdp-specs-groups-collapsable__list\">\n<ul class=\"ui-pdp-list__wrapper\">\n<li class=\"ui-pdp-list__item\">\n<p class=\"ui-pdp-family--REGULAR ui-pdp-list__text\"><span class=\"ui-pdp-color--BLACK ui-pdp-size--XSMALL ui-pdp-family--BOLD\">Volumen neto<\/span>: 500 mL<\/p>\n<\/li>\n<li class=\"ui-pdp-list__item\">\n<p class=\"ui-pdp-family--REGULAR ui-pdp-list__text\"><span class=\"ui-pdp-color--BLACK ui-pdp-size--XSMALL ui-pdp-family--BOLD\">Peso neto<\/span>: 500 g<\/p>\n<\/li>\n<\/ul>\n<ul class=\"ui-pdp-list__wrapper\">\n<li class=\"ui-pdp-list__item\">\n<p class=\"ui-pdp-family--REGULAR ui-pdp-list__text\"><span class=\"ui-pdp-color--BLACK ui-pdp-size--XSMALL ui-pdp-family--BOLD\">Tipos de producto<\/span>: Decolorante<\/p>\n<\/li>\n<li class=\"ui-pdp-list__item\">\n<p class=\"ui-pdp-family--REGULAR ui-pdp-list__text\"><span class=\"ui-pdp-color--BLACK ui-pdp-size--XSMALL ui-pdp-family--BOLD\">Consistencia<\/span>: Polvo<\/p>\n<\/li>\n<\/ul>\n<ul class=\"ui-pdp-list__wrapper\">\n<li class=\"ui-pdp-list__item\">\n<p class=\"ui-pdp-family--REGULAR ui-pdp-list__text\"><span class=\"ui-pdp-color--BLACK ui-pdp-size--XSMALL ui-pdp-family--BOLD\">Presentaci\u00f3n<\/span>: Paquete<\/p>\n<\/li>\n<li class=\"ui-pdp-list__item\">\n<p class=\"ui-pdp-family--REGULAR ui-pdp-list__text\"><span class=\"ui-pdp-color--BLACK ui-pdp-size--XSMALL ui-pdp-family--BOLD\">Incluye activador<\/span>: No<\/p>\n<\/li>\n<\/ul>\n<ul class=\"ui-pdp-list__wrapper\">\n<li class=\"ui-pdp-list__item\">\n<p class=\"ui-pdp-family--REGULAR ui-pdp-list__text\"><span class=\"ui-pdp-color--BLACK ui-pdp-size--XSMALL ui-pdp-family--BOLD\">Con cobertura de canas<\/span>: S\u00ed<\/p>\n<\/li>\n<li class=\"ui-pdp-list__item\">\n<p class=\"ui-pdp-family--REGULAR ui-pdp-list__text\"><span class=\"ui-pdp-color--BLACK ui-pdp-size--XSMALL ui-pdp-family--BOLD\">Es sin amon\u00edaco<\/span>: S\u00ed<\/p>\n<\/li>\n<\/ul>\n<ul class=\"ui-pdp-list__wrapper\">\n<li class=\"ui-pdp-list__item\">\n<p class=\"ui-pdp-family--REGULAR ui-pdp-list__text\"><span class=\"ui-pdp-color--BLACK ui-pdp-size--XSMALL ui-pdp-family--BOLD\">Es libre de gluten<\/span>: No<\/p>\n<\/li>\n<li class=\"ui-pdp-list__item\">\n<p class=\"ui-pdp-family--REGULAR ui-pdp-list__text\"><span class=\"ui-pdp-color--BLACK ui-pdp-size--XSMALL ui-pdp-family--BOLD\">Es vegano<\/span>: S\u00ed<\/p>\n<\/li>\n<\/ul>\n<ul class=\"ui-pdp-list__wrapper\">\n<li class=\"ui-pdp-list__item\">\n<p class=\"ui-pdp-family--REGULAR ui-pdp-list__text\"><span class=\"ui-pdp-color--BLACK ui-pdp-size--XSMALL ui-pdp-family--BOLD\">Unidades por envase<\/span>: 1<\/p>\n<\/li>\n<\/ul>\n<\/div>\n<\/div>\n<\/div>\n<\/div>\n<div id=\"description\" class=\"ui-pdp-container__row ui-pdp-container__row--description\">\n<div class=\"ui-pdp-description\">\n<h2 class=\"ui-pdp-description__title\">Descripci\u00f3n<\/h2>\n<p class=\"ui-pdp-description__content\">DECOLOR B CLAY LIGHTENER 500 grs<\/p>\n<p>DECOLORANTE SIN AMON\u00cdACO DE CONSISTENCIA ARCILLOSA<\/p>\n<p>Decolorante sin amon\u00edaco y sin perfume. Ideal par utilizar en todas las t\u00e9cnicas de mano alzada. Contiene una mezcla de sustancias protectivas, como la goma de guar o los derivados del az\u00facar.<\/p>\n<p>Nivel de aclarado 9+. Consistencia densa y cremosa.<\/p>\n<p>Diluci\u00f3n: 1 parte de decolorante por 2 de oxidante.<\/p>\n<\/div>\n<\/div>\n","protected":false},"excerpt":{"rendered":"<p>Caracter\u00edsticas principales Marca Framesi L\u00ednea DECOLOR Nombre DECOLOR B CLAY &nbsp; Otros Volumen neto: 500 mL Peso neto: 500 g Tipos de producto: Decolorante Consistencia: Polvo Presentaci\u00f3n: Paquete Incluye activador: No Con cobertura de canas: S\u00ed Es sin amon\u00edaco: S\u00ed Es libre de gluten: No Es vegano: S\u00ed Unidades por envase: 1 Descripci\u00f3n DECOLOR B CLAY LIGHTENER 500 grs DECOLORANTE SIN AMON\u00cdACO DE CONSISTENCIA ARCILLOSA Decolorante sin amon\u00edaco y sin perfume. Ideal par utilizar en todas las t\u00e9cnicas de mano alzada. Contiene una mezcla de sustancias protectivas, como la goma de guar o los derivados del az\u00facar. Nivel de aclarado\u2026<\/p>\n","protected":false},"featured_media":4982,"comment_status":"open","ping_status":"closed","template":"","meta":[],"product_cat":[222,247,267],"product_tag":[742,741,502,711,503],"featured_image_urls":{"full":["https:\/\/ccgdistribuidora.com\/wp-content\/uploads\/2023\/05\/Framesi-Decolor-B-Clay-Decolorante-Sin-Amoniaco-500g.jpg",700,700,false],"thumbnail":["https:\/\/ccgdistribuidora.com\/wp-content\/uploads\/2023\/05\/Framesi-Decolor-B-Clay-Decolorante-Sin-Amoniaco-500g-150x150.jpg",150,150,true],"medium":["https:\/\/ccgdistribuidora.com\/wp-content\/uploads\/2023\/05\/Framesi-Decolor-B-Clay-Decolorante-Sin-Amoniaco-500g-300x300.jpg",300,300,true],"medium_large":["https:\/\/ccgdistribuidora.com\/wp-content\/uploads\/2023\/05\/Framesi-Decolor-B-Clay-Decolorante-Sin-Amoniaco-500g.jpg",700,700,false],"large":["https:\/\/ccgdistribuidora.com\/wp-content\/uploads\/2023\/05\/Framesi-Decolor-B-Clay-Decolorante-Sin-Amoniaco-500g.jpg",700,700,false],"1536x1536":["https:\/\/ccgdistribuidora.com\/wp-content\/uploads\/2023\/05\/Framesi-Decolor-B-Clay-Decolorante-Sin-Amoniaco-500g.jpg",700,700,false],"2048x2048":["https:\/\/ccgdistribuidora.com\/wp-content\/uploads\/2023\/05\/Framesi-Decolor-B-Clay-Decolorante-Sin-Amoniaco-500g.jpg",700,700,false],"mailpoet_newsletter_max":["https:\/\/ccgdistribuidora.com\/wp-content\/uploads\/2023\/05\/Framesi-Decolor-B-Clay-Decolorante-Sin-Amoniaco-500g.jpg",700,700,false],"woocommerce_thumbnail":["https:\/\/ccgdistribuidora.com\/wp-content\/uploads\/2023\/05\/Framesi-Decolor-B-Clay-Decolorante-Sin-Amoniaco-500g-300x400.jpg",300,400,true],"woocommerce_single":["https:\/\/ccgdistribuidora.com\/wp-content\/uploads\/2023\/05\/Framesi-Decolor-B-Clay-Decolorante-Sin-Amoniaco-500g-600x600.jpg",600,600,true],"woocommerce_gallery_thumbnail":["https:\/\/ccgdistribuidora.com\/wp-content\/uploads\/2023\/05\/Framesi-Decolor-B-Clay-Decolorante-Sin-Amoniaco-500g-100x100.jpg",100,100,true],"dgwt-wcas-product-suggestion":["https:\/\/ccgdistribuidora.com\/wp-content\/uploads\/2023\/05\/Framesi-Decolor-B-Clay-Decolorante-Sin-Amoniaco-500g-64x64.jpg",64,64,true]},"post_excerpt_stackable":"<p>Caracter\u00edsticas principales Marca Framesi L\u00ednea DECOLOR Nombre DECOLOR B CLAY &nbsp; Otros Volumen neto: 500 mL Peso neto: 500 g Tipos de producto: Decolorante Consistencia: Polvo Presentaci\u00f3n: Paquete Incluye activador: No Con cobertura de canas: S\u00ed Es sin amon\u00edaco: S\u00ed Es libre de gluten: No Es vegano: S\u00ed Unidades por envase: 1 Descripci\u00f3n DECOLOR B CLAY LIGHTENER 500 grs DECOLORANTE SIN AMON\u00cdACO DE CONSISTENCIA ARCILLOSA Decolorante sin amon\u00edaco y sin perfume. Ideal par utilizar en todas las t\u00e9cnicas de mano alzada. Contiene una mezcla de sustancias protectivas, como la goma de guar o los derivados del az\u00facar. Nivel de aclarado&hellip;<\/p>\n","category_list":"","author_info":{"name":"","url":""},"comments_num":"0 comentarios","_links":{"self":[{"href":"https:\/\/ccgdistribuidora.com\/index.php\/wp-json\/wp\/v2\/product\/4981"}],"collection":[{"href":"https:\/\/ccgdistribuidora.com\/index.php\/wp-json\/wp\/v2\/product"}],"about":[{"href":"https:\/\/ccgdistribuidora.com\/index.php\/wp-json\/wp\/v2\/types\/product"}],"replies":[{"embeddable":true,"href":"https:\/\/ccgdistribuidora.com\/index.php\/wp-json\/wp\/v2\/comments?post=4981"}],"wp:featuredmedia":[{"embeddable":true,"href":"https:\/\/ccgdistribuidora.com\/index.php\/wp-json\/wp\/v2\/media\/4982"}],"wp:attachment":[{"href":"https:\/\/ccgdistribuidora.com\/index.php\/wp-json\/wp\/v2\/media?parent=4981"}],"wp:term":[{"taxonomy":"product_cat","embeddable":true,"href":"https:\/\/ccgdistribuidora.com\/index.php\/wp-json\/wp\/v2\/product_cat?post=4981"},{"taxonomy":"product_tag","embeddable":true,"href":"https:\/\/ccgdistribuidora.com\/index.php\/wp-json\/wp\/v2\/product_tag?post=4981"}],"curies":[{"name":"wp","href":"https:\/\/api.w.org\/{rel}","templated":true}]}}