{"id":4963,"date":"2023-05-04T22:52:48","date_gmt":"2023-05-05T01:52:48","guid":{"rendered":"https:\/\/ccgdistribuidora.com\/?post_type=product&#038;p=4963"},"modified":"2026-04-22T14:45:30","modified_gmt":"2026-04-22T17:45:30","slug":"tintura-eclectic-framesi-60g-tono-sobre-tono","status":"publish","type":"product","link":"https:\/\/ccgdistribuidora.com\/index.php\/product\/tintura-eclectic-framesi-60g-tono-sobre-tono\/","title":{"rendered":"Tintura Eclectic Framesi 60g Tono Sobre Tono"},"content":{"rendered":"<div id=\"technical_specifications\" class=\"ui-pdp-container__row ui-pdp-container__row--technical-specifications\">\n<div class=\"ui-pdp-specs\">\n<h2 class=\"ui-pdp-specs__title\">Caracter\u00edsticas principales<\/h2>\n<div class=\"ui-pdp-specs__table\">\n<table class=\"andes-table\">\n<tbody class=\"andes-table__body\">\n<tr class=\"andes-table__row\">\n<th class=\"andes-table__header andes-table__header--left ui-pdp-specs__table__column ui-pdp-specs__table__column-title\">Marca<\/th>\n<td class=\"andes-table__column andes-table__column--left ui-pdp-specs__table__column\"><span class=\"andes-table__column--value\">Framesi<\/span><\/td>\n<\/tr>\n<\/tbody>\n<\/table>\n<\/div>\n<h3 class=\"ui-pdp-specs__subtitle\">Otros<\/h3>\n<div class=\"ui-pdp-list ui-pdp-specs__list\">\n<ul class=\"ui-pdp-list__wrapper\">\n<li class=\"ui-pdp-list__item\">\n<p class=\"ui-pdp-family--REGULAR ui-pdp-list__text\"><span class=\"ui-pdp-color--BLACK ui-pdp-size--XSMALL ui-pdp-family--BOLD\">Tipos de producto<\/span>: Tintura semipermanente<\/p>\n<\/li>\n<li class=\"ui-pdp-list__item\">\n<p class=\"ui-pdp-family--REGULAR ui-pdp-list__text\"><span class=\"ui-pdp-color--BLACK ui-pdp-size--XSMALL ui-pdp-family--BOLD\">Unidades por envase<\/span>: 1<\/p>\n<\/li>\n<\/ul>\n<\/div>\n<\/div>\n<\/div>\n<div id=\"description\" class=\"ui-pdp-container__row ui-pdp-container__row--description\">\n<div class=\"ui-pdp-description\">\n<h2 class=\"ui-pdp-description__title\">Descripci\u00f3n<\/h2>\n<p class=\"ui-pdp-description__content\">FRAMCOLOR ECLECTIC<br \/>\nUn color sofisticado e incre\u00edblemente brillante. No altera la estructura del cabello y regala una tonalidad intensa y duradera.<\/p>\n<p>Tecnolog\u00eda Capsulate Complex, el sistema innovador que envuelve los cabellos con un intenso color. Con derivados del az\u00facar, vitamina E, \u00e1cidos grasos y amino\u00e1cidos. Contiene polvo de diamante negro para dar al color un brillo y una intensidad extraordinarios.<\/p>\n<p>Diluci\u00f3n: 1 parte de crema por 2 partes de activador.<br \/>\nTubo 60 G<\/p>\n<\/div>\n<\/div>\n","protected":false},"excerpt":{"rendered":"<p>Caracter\u00edsticas principales Marca Framesi Otros Tipos de producto: Tintura semipermanente Unidades por envase: 1 Descripci\u00f3n FRAMCOLOR ECLECTIC Un color sofisticado e incre\u00edblemente brillante. No altera la estructura del cabello y regala una tonalidad intensa y duradera. Tecnolog\u00eda Capsulate Complex, el sistema innovador que envuelve los cabellos con un intenso color. Con derivados del az\u00facar, vitamina E, \u00e1cidos grasos y amino\u00e1cidos. Contiene polvo de diamante negro para dar al color un brillo y una intensidad extraordinarios. Diluci\u00f3n: 1 parte de crema por 2 partes de activador. Tubo 60 G<\/p>\n","protected":false},"featured_media":4964,"comment_status":"open","ping_status":"closed","template":"","meta":[],"product_cat":[222,247,267,206],"product_tag":[719,718,711,721,354,720],"featured_image_urls":{"full":["https:\/\/ccgdistribuidora.com\/wp-content\/uploads\/2023\/05\/Tintura-Eclectic-Framesi-60g-Tono-Sobre-Tono-.jpg",700,700,false],"thumbnail":["https:\/\/ccgdistribuidora.com\/wp-content\/uploads\/2023\/05\/Tintura-Eclectic-Framesi-60g-Tono-Sobre-Tono--150x150.jpg",150,150,true],"medium":["https:\/\/ccgdistribuidora.com\/wp-content\/uploads\/2023\/05\/Tintura-Eclectic-Framesi-60g-Tono-Sobre-Tono--300x300.jpg",300,300,true],"medium_large":["https:\/\/ccgdistribuidora.com\/wp-content\/uploads\/2023\/05\/Tintura-Eclectic-Framesi-60g-Tono-Sobre-Tono-.jpg",700,700,false],"large":["https:\/\/ccgdistribuidora.com\/wp-content\/uploads\/2023\/05\/Tintura-Eclectic-Framesi-60g-Tono-Sobre-Tono-.jpg",700,700,false],"1536x1536":["https:\/\/ccgdistribuidora.com\/wp-content\/uploads\/2023\/05\/Tintura-Eclectic-Framesi-60g-Tono-Sobre-Tono-.jpg",700,700,false],"2048x2048":["https:\/\/ccgdistribuidora.com\/wp-content\/uploads\/2023\/05\/Tintura-Eclectic-Framesi-60g-Tono-Sobre-Tono-.jpg",700,700,false],"mailpoet_newsletter_max":["https:\/\/ccgdistribuidora.com\/wp-content\/uploads\/2023\/05\/Tintura-Eclectic-Framesi-60g-Tono-Sobre-Tono-.jpg",700,700,false],"woocommerce_thumbnail":["https:\/\/ccgdistribuidora.com\/wp-content\/uploads\/2023\/05\/Tintura-Eclectic-Framesi-60g-Tono-Sobre-Tono--300x400.jpg",300,400,true],"woocommerce_single":["https:\/\/ccgdistribuidora.com\/wp-content\/uploads\/2023\/05\/Tintura-Eclectic-Framesi-60g-Tono-Sobre-Tono--600x600.jpg",600,600,true],"woocommerce_gallery_thumbnail":["https:\/\/ccgdistribuidora.com\/wp-content\/uploads\/2023\/05\/Tintura-Eclectic-Framesi-60g-Tono-Sobre-Tono--100x100.jpg",100,100,true],"dgwt-wcas-product-suggestion":["https:\/\/ccgdistribuidora.com\/wp-content\/uploads\/2023\/05\/Tintura-Eclectic-Framesi-60g-Tono-Sobre-Tono--64x64.jpg",64,64,true]},"post_excerpt_stackable":"<p>Caracter\u00edsticas principales Marca Framesi Otros Tipos de producto: Tintura semipermanente Unidades por envase: 1 Descripci\u00f3n FRAMCOLOR ECLECTIC Un color sofisticado e incre\u00edblemente brillante. No altera la estructura del cabello y regala una tonalidad intensa y duradera. Tecnolog\u00eda Capsulate Complex, el sistema innovador que envuelve los cabellos con un intenso color. Con derivados del az\u00facar, vitamina E, \u00e1cidos grasos y amino\u00e1cidos. Contiene polvo de diamante negro para dar al color un brillo y una intensidad extraordinarios. Diluci\u00f3n: 1 parte de crema por 2 partes de activador. Tubo 60 G<\/p>\n","category_list":"","author_info":{"name":"","url":""},"comments_num":"0 comentarios","_links":{"self":[{"href":"https:\/\/ccgdistribuidora.com\/index.php\/wp-json\/wp\/v2\/product\/4963"}],"collection":[{"href":"https:\/\/ccgdistribuidora.com\/index.php\/wp-json\/wp\/v2\/product"}],"about":[{"href":"https:\/\/ccgdistribuidora.com\/index.php\/wp-json\/wp\/v2\/types\/product"}],"replies":[{"embeddable":true,"href":"https:\/\/ccgdistribuidora.com\/index.php\/wp-json\/wp\/v2\/comments?post=4963"}],"wp:featuredmedia":[{"embeddable":true,"href":"https:\/\/ccgdistribuidora.com\/index.php\/wp-json\/wp\/v2\/media\/4964"}],"wp:attachment":[{"href":"https:\/\/ccgdistribuidora.com\/index.php\/wp-json\/wp\/v2\/media?parent=4963"}],"wp:term":[{"taxonomy":"product_cat","embeddable":true,"href":"https:\/\/ccgdistribuidora.com\/index.php\/wp-json\/wp\/v2\/product_cat?post=4963"},{"taxonomy":"product_tag","embeddable":true,"href":"https:\/\/ccgdistribuidora.com\/index.php\/wp-json\/wp\/v2\/product_tag?post=4963"}],"curies":[{"name":"wp","href":"https:\/\/api.w.org\/{rel}","templated":true}]}}