{"id":4947,"date":"2023-05-04T18:55:15","date_gmt":"2023-05-04T21:55:15","guid":{"rendered":"https:\/\/ccgdistribuidora.com\/?post_type=product&#038;p=4947"},"modified":"2024-03-05T14:36:08","modified_gmt":"2024-03-05T17:36:08","slug":"tintura-framesi-pure-pigment-plus-x-60ml","status":"publish","type":"product","link":"https:\/\/ccgdistribuidora.com\/index.php\/product\/tintura-framesi-pure-pigment-plus-x-60ml\/","title":{"rendered":"Tintura Framesi Pure Pigment Plus X 60ml"},"content":{"rendered":"<div id=\"technical_specifications\" class=\"ui-pdp-container__row ui-pdp-container__row--technical-specifications\">\n<div class=\"ui-pdp-specs\">\n<div class=\"ui-pdp-specs__table\">\n<div class=\"ui-pdp-specs__table\"><\/div>\n<\/div>\n<h2 class=\"ui-pdp-specs__title\">Caracter\u00edsticas principales<\/h2>\n<div class=\"ui-pdp-specs__table\">\n<table class=\"andes-table\">\n<tbody class=\"andes-table__body\">\n<tr class=\"andes-table__row\">\n<th class=\"andes-table__header andes-table__header--left ui-pdp-specs__table__column ui-pdp-specs__table__column-title\">Marca<\/th>\n<td class=\"andes-table__column andes-table__column--left ui-pdp-specs__table__column\"><span class=\"andes-table__column--value\">Framesi<\/span><\/td>\n<\/tr>\n<tr class=\"andes-table__row\">\n<th class=\"andes-table__header andes-table__header--left ui-pdp-specs__table__column ui-pdp-specs__table__column-title\">L\u00ednea<\/th>\n<td class=\"andes-table__column andes-table__column--left ui-pdp-specs__table__column\"><span class=\"andes-table__column--value\">PURE PIGMENTS<\/span><\/td>\n<\/tr>\n<tr class=\"andes-table__row\">\n<th class=\"andes-table__header andes-table__header--left ui-pdp-specs__table__column ui-pdp-specs__table__column-title\">Nombre<\/th>\n<td class=\"andes-table__column andes-table__column--left ui-pdp-specs__table__column\"><span class=\"andes-table__column--value\">Tintura Framcolor Pure Pigment Plus Framesi<\/span><\/td>\n<\/tr>\n<\/tbody>\n<\/table>\n<\/div>\n<h3 class=\"ui-pdp-specs__subtitle\">Otros<\/h3>\n<div class=\"ui-pdp-list ui-pdp-specs__list\">\n<ul class=\"ui-pdp-list__wrapper\">\n<li class=\"ui-pdp-list__item\">\n<p class=\"ui-pdp-family--REGULAR ui-pdp-list__text\"><span class=\"ui-pdp-color--BLACK ui-pdp-size--XSMALL ui-pdp-family--BOLD\">Volumen neto<\/span>: 60 mL<\/p>\n<\/li>\n<li class=\"ui-pdp-list__item\">\n<p class=\"ui-pdp-family--REGULAR ui-pdp-list__text\"><span class=\"ui-pdp-color--BLACK ui-pdp-size--XSMALL ui-pdp-family--BOLD\">Peso neto<\/span>: 60 g<\/p>\n<\/li>\n<\/ul>\n<ul class=\"ui-pdp-list__wrapper\">\n<li class=\"ui-pdp-list__item\">\n<p class=\"ui-pdp-family--REGULAR ui-pdp-list__text\"><span class=\"ui-pdp-color--BLACK ui-pdp-size--XSMALL ui-pdp-family--BOLD\">Tipos de producto<\/span>: Tintura Directa<\/p>\n<\/li>\n<li class=\"ui-pdp-list__item\">\n<p class=\"ui-pdp-family--REGULAR ui-pdp-list__text\"><span class=\"ui-pdp-color--BLACK ui-pdp-size--XSMALL ui-pdp-family--BOLD\">Presentaci\u00f3n<\/span>: Pomo<\/p>\n<\/li>\n<\/ul>\n<ul class=\"ui-pdp-list__wrapper\">\n<li class=\"ui-pdp-list__item\">\n<p class=\"ui-pdp-family--REGULAR ui-pdp-list__text\"><span class=\"ui-pdp-color--BLACK ui-pdp-size--XSMALL ui-pdp-family--BOLD\">Incluye activador<\/span>: No<\/p>\n<\/li>\n<li class=\"ui-pdp-list__item\">\n<p class=\"ui-pdp-family--REGULAR ui-pdp-list__text\"><span class=\"ui-pdp-color--BLACK ui-pdp-size--XSMALL ui-pdp-family--BOLD\">Unidades por envase<\/span>: 1<\/p>\n<\/li>\n<\/ul>\n<\/div>\n<\/div>\n<\/div>\n<div id=\"description\" class=\"ui-pdp-container__row ui-pdp-container__row--description\">\n<div class=\"ui-pdp-description\">\n<h2 class=\"ui-pdp-description__title\">Descripci\u00f3n<\/h2>\n<p class=\"ui-pdp-description__content\">TINTURA FRAMES PURE PIGMENT PLUS COLORACION DIRECTA X 60ML<br \/>\nPuede usarse directamente como color, como matizador o tonalizador, mezclado con el tinte como potenciador o corrector, en mascarillas o con los tratamientos, para dar brillo\u2026 Puede aclarar y te\u00f1ir al mismo tiempo. Una coloraci\u00f3n como ninguna.<\/p>\n<p>La hidrataci\u00f3n profunda y la ausencia de alcalinizantes son el secreto de un color que hace que el cabello sea m\u00e1s fuerte y brillante.<\/p>\n<p>HYPER-HYDRO TECHNOLOGY: Un fitocomplejo de \u00faltima generaci\u00f3n que garantiza el equilibrio hidrolip\u00eddico,<\/p>\n<p>El pH \u00e1cido asegura la compacidad del tallo capilar, capturando las mol\u00e9culas colorantes incluso en las zonas m\u00e1s porosas y f\u00e1cilmente susceptibles de perder el color.<\/p>\n<p>Disponible en 16 tonalidades.<br \/>\nTubo 60 ml.<\/p>\n<\/div>\n<\/div>\n","protected":false},"excerpt":{"rendered":"<p>Caracter\u00edsticas principales Marca Framesi L\u00ednea PURE PIGMENTS Nombre Tintura Framcolor Pure Pigment Plus Framesi Otros Volumen neto: 60 mL Peso neto: 60 g Tipos de producto: Tintura Directa Presentaci\u00f3n: Pomo Incluye activador: No Unidades por envase: 1 Descripci\u00f3n TINTURA FRAMES PURE PIGMENT PLUS COLORACION DIRECTA X 60ML Puede usarse directamente como color, como matizador o tonalizador, mezclado con el tinte como potenciador o corrector, en mascarillas o con los tratamientos, para dar brillo\u2026 Puede aclarar y te\u00f1ir al mismo tiempo. Una coloraci\u00f3n como ninguna. La hidrataci\u00f3n profunda y la ausencia de alcalinizantes son el secreto de un color que hace\u2026<\/p>\n","protected":false},"featured_media":4948,"comment_status":"open","ping_status":"closed","template":"","meta":[],"product_cat":[222,247,267,206],"product_tag":[711,709,710,708,354,541],"featured_image_urls":{"full":["https:\/\/ccgdistribuidora.com\/wp-content\/uploads\/2023\/05\/Tintura-Framesi-Pure-Pigment-Plus-X-60ml.jpg",700,700,false],"thumbnail":["https:\/\/ccgdistribuidora.com\/wp-content\/uploads\/2023\/05\/Tintura-Framesi-Pure-Pigment-Plus-X-60ml-150x150.jpg",150,150,true],"medium":["https:\/\/ccgdistribuidora.com\/wp-content\/uploads\/2023\/05\/Tintura-Framesi-Pure-Pigment-Plus-X-60ml-300x300.jpg",300,300,true],"medium_large":["https:\/\/ccgdistribuidora.com\/wp-content\/uploads\/2023\/05\/Tintura-Framesi-Pure-Pigment-Plus-X-60ml.jpg",700,700,false],"large":["https:\/\/ccgdistribuidora.com\/wp-content\/uploads\/2023\/05\/Tintura-Framesi-Pure-Pigment-Plus-X-60ml.jpg",700,700,false],"1536x1536":["https:\/\/ccgdistribuidora.com\/wp-content\/uploads\/2023\/05\/Tintura-Framesi-Pure-Pigment-Plus-X-60ml.jpg",700,700,false],"2048x2048":["https:\/\/ccgdistribuidora.com\/wp-content\/uploads\/2023\/05\/Tintura-Framesi-Pure-Pigment-Plus-X-60ml.jpg",700,700,false],"mailpoet_newsletter_max":["https:\/\/ccgdistribuidora.com\/wp-content\/uploads\/2023\/05\/Tintura-Framesi-Pure-Pigment-Plus-X-60ml.jpg",700,700,false],"woocommerce_thumbnail":["https:\/\/ccgdistribuidora.com\/wp-content\/uploads\/2023\/05\/Tintura-Framesi-Pure-Pigment-Plus-X-60ml-300x400.jpg",300,400,true],"woocommerce_single":["https:\/\/ccgdistribuidora.com\/wp-content\/uploads\/2023\/05\/Tintura-Framesi-Pure-Pigment-Plus-X-60ml-600x600.jpg",600,600,true],"woocommerce_gallery_thumbnail":["https:\/\/ccgdistribuidora.com\/wp-content\/uploads\/2023\/05\/Tintura-Framesi-Pure-Pigment-Plus-X-60ml-100x100.jpg",100,100,true],"dgwt-wcas-product-suggestion":["https:\/\/ccgdistribuidora.com\/wp-content\/uploads\/2023\/05\/Tintura-Framesi-Pure-Pigment-Plus-X-60ml-64x64.jpg",64,64,true]},"post_excerpt_stackable":"<p>Caracter\u00edsticas principales Marca Framesi L\u00ednea PURE PIGMENTS Nombre Tintura Framcolor Pure Pigment Plus Framesi Otros Volumen neto: 60 mL Peso neto: 60 g Tipos de producto: Tintura Directa Presentaci\u00f3n: Pomo Incluye activador: No Unidades por envase: 1 Descripci\u00f3n TINTURA FRAMES PURE PIGMENT PLUS COLORACION DIRECTA X 60ML Puede usarse directamente como color, como matizador o tonalizador, mezclado con el tinte como potenciador o corrector, en mascarillas o con los tratamientos, para dar brillo\u2026 Puede aclarar y te\u00f1ir al mismo tiempo. Una coloraci\u00f3n como ninguna. La hidrataci\u00f3n profunda y la ausencia de alcalinizantes son el secreto de un color que hace&hellip;<\/p>\n","category_list":"","author_info":{"name":"","url":""},"comments_num":"0 comentarios","_links":{"self":[{"href":"https:\/\/ccgdistribuidora.com\/index.php\/wp-json\/wp\/v2\/product\/4947"}],"collection":[{"href":"https:\/\/ccgdistribuidora.com\/index.php\/wp-json\/wp\/v2\/product"}],"about":[{"href":"https:\/\/ccgdistribuidora.com\/index.php\/wp-json\/wp\/v2\/types\/product"}],"replies":[{"embeddable":true,"href":"https:\/\/ccgdistribuidora.com\/index.php\/wp-json\/wp\/v2\/comments?post=4947"}],"wp:featuredmedia":[{"embeddable":true,"href":"https:\/\/ccgdistribuidora.com\/index.php\/wp-json\/wp\/v2\/media\/4948"}],"wp:attachment":[{"href":"https:\/\/ccgdistribuidora.com\/index.php\/wp-json\/wp\/v2\/media?parent=4947"}],"wp:term":[{"taxonomy":"product_cat","embeddable":true,"href":"https:\/\/ccgdistribuidora.com\/index.php\/wp-json\/wp\/v2\/product_cat?post=4947"},{"taxonomy":"product_tag","embeddable":true,"href":"https:\/\/ccgdistribuidora.com\/index.php\/wp-json\/wp\/v2\/product_tag?post=4947"}],"curies":[{"name":"wp","href":"https:\/\/api.w.org\/{rel}","templated":true}]}}