{"id":4910,"date":"2023-04-26T18:17:00","date_gmt":"2023-04-26T21:17:00","guid":{"rendered":"https:\/\/ccgdistribuidora.com\/?post_type=product&#038;p=4910"},"modified":"2023-08-17T12:07:37","modified_gmt":"2023-08-17T15:07:37","slug":"a20-ayudante-aprilia","status":"publish","type":"product","link":"https:\/\/ccgdistribuidora.com\/index.php\/product\/a20-ayudante-aprilia\/","title":{"rendered":"A20 AYUDANTE APRILIA"},"content":{"rendered":"<div id=\"technical_specifications\" class=\"ui-pdp-container__row ui-pdp-container__row--technical-specifications\">\n<div class=\"ui-pdp-specs\">\n<h2 class=\"ui-pdp-specs__title\">Caracter\u00edsticas principales<\/h2>\n<div class=\"ui-pdp-specs__table\">\n<table class=\"andes-table\">\n<tbody class=\"andes-table__body\">\n<tr class=\"andes-table__row\">\n<th class=\"andes-table__header andes-table__header--left ui-pdp-specs__table__column ui-pdp-specs__table__column-title\">Marca<\/th>\n<td class=\"andes-table__column andes-table__column--left ui-pdp-specs__table__column\"><span class=\"andes-table__column--value\">Mundo Estetico<\/span><\/td>\n<\/tr>\n<tr class=\"andes-table__row\">\n<th class=\"andes-table__header andes-table__header--left ui-pdp-specs__table__column ui-pdp-specs__table__column-title\">Modelo<\/th>\n<td class=\"andes-table__column andes-table__column--left ui-pdp-specs__table__column\"><span class=\"andes-table__column--value\">A20 AYUDANTE APRILIA<\/span><\/td>\n<\/tr>\n<\/tbody>\n<\/table>\n<\/div>\n<h3 class=\"ui-pdp-specs__subtitle\">Otras caracter\u00edsticas<\/h3>\n<div class=\"ui-pdp-list ui-pdp-specs__list\">\n<ul class=\"ui-pdp-list__wrapper\">\n<li class=\"ui-pdp-list__item\">\n<p class=\"ui-pdp-family--REGULAR ui-pdp-list__text\"><span class=\"ui-pdp-color--BLACK ui-pdp-size--XSMALL ui-pdp-family--BOLD\">Material<\/span>: MADERA<\/p>\n<\/li>\n<li class=\"ui-pdp-list__item\">\n<p class=\"ui-pdp-family--REGULAR ui-pdp-list__text\"><span class=\"ui-pdp-color--BLACK ui-pdp-size--XSMALL ui-pdp-family--BOLD\">Profundidad x Altura x Ancho<\/span>: 35 cm x 85 cm x 34 cm<\/p>\n<\/li>\n<\/ul>\n<\/div>\n<\/div>\n<\/div>\n<div id=\"description\" class=\"ui-pdp-container__row ui-pdp-container__row--description\">\n<div class=\"ui-pdp-description\">\n<h2 class=\"ui-pdp-description__title\">Descripci\u00f3n<\/h2>\n<p class=\"ui-pdp-description__content\">M\u00f3dulo Carro <span class=\"andes-table__column--value\">AYUDANTE APRILIA A 20<\/span> Peluquer\u00eda<\/p>\n<\/div>\n<\/div>\n","protected":false},"excerpt":{"rendered":"<p>Caracter\u00edsticas principales Marca Mundo Estetico Modelo A20 AYUDANTE APRILIA Otras caracter\u00edsticas Material: MADERA Profundidad x Altura x Ancho: 35 cm x 85 cm x 34 cm Descripci\u00f3n M\u00f3dulo Carro AYUDANTE APRILIA A 20 Peluquer\u00eda<\/p>\n","protected":false},"featured_media":4911,"comment_status":"open","ping_status":"closed","template":"","meta":[],"product_cat":[204],"product_tag":[706,707,692],"featured_image_urls":{"full":["https:\/\/ccgdistribuidora.com\/wp-content\/uploads\/2023\/04\/A20-AYUDANTE-APRILIA.jpg",700,700,false],"thumbnail":["https:\/\/ccgdistribuidora.com\/wp-content\/uploads\/2023\/04\/A20-AYUDANTE-APRILIA-150x150.jpg",150,150,true],"medium":["https:\/\/ccgdistribuidora.com\/wp-content\/uploads\/2023\/04\/A20-AYUDANTE-APRILIA-300x300.jpg",300,300,true],"medium_large":["https:\/\/ccgdistribuidora.com\/wp-content\/uploads\/2023\/04\/A20-AYUDANTE-APRILIA.jpg",700,700,false],"large":["https:\/\/ccgdistribuidora.com\/wp-content\/uploads\/2023\/04\/A20-AYUDANTE-APRILIA.jpg",700,700,false],"1536x1536":["https:\/\/ccgdistribuidora.com\/wp-content\/uploads\/2023\/04\/A20-AYUDANTE-APRILIA.jpg",700,700,false],"2048x2048":["https:\/\/ccgdistribuidora.com\/wp-content\/uploads\/2023\/04\/A20-AYUDANTE-APRILIA.jpg",700,700,false],"mailpoet_newsletter_max":["https:\/\/ccgdistribuidora.com\/wp-content\/uploads\/2023\/04\/A20-AYUDANTE-APRILIA.jpg",700,700,false],"woocommerce_thumbnail":["https:\/\/ccgdistribuidora.com\/wp-content\/uploads\/2023\/04\/A20-AYUDANTE-APRILIA-300x400.jpg",300,400,true],"woocommerce_single":["https:\/\/ccgdistribuidora.com\/wp-content\/uploads\/2023\/04\/A20-AYUDANTE-APRILIA-600x600.jpg",600,600,true],"woocommerce_gallery_thumbnail":["https:\/\/ccgdistribuidora.com\/wp-content\/uploads\/2023\/04\/A20-AYUDANTE-APRILIA-100x100.jpg",100,100,true],"dgwt-wcas-product-suggestion":["https:\/\/ccgdistribuidora.com\/wp-content\/uploads\/2023\/04\/A20-AYUDANTE-APRILIA-64x64.jpg",64,64,true]},"post_excerpt_stackable":"<p>Caracter\u00edsticas principales Marca Mundo Estetico Modelo A20 AYUDANTE APRILIA Otras caracter\u00edsticas Material: MADERA Profundidad x Altura x Ancho: 35 cm x 85 cm x 34 cm Descripci\u00f3n M\u00f3dulo Carro AYUDANTE APRILIA A 20 Peluquer\u00eda<\/p>\n","category_list":"","author_info":{"name":"","url":""},"comments_num":"0 comentarios","_links":{"self":[{"href":"https:\/\/ccgdistribuidora.com\/index.php\/wp-json\/wp\/v2\/product\/4910"}],"collection":[{"href":"https:\/\/ccgdistribuidora.com\/index.php\/wp-json\/wp\/v2\/product"}],"about":[{"href":"https:\/\/ccgdistribuidora.com\/index.php\/wp-json\/wp\/v2\/types\/product"}],"replies":[{"embeddable":true,"href":"https:\/\/ccgdistribuidora.com\/index.php\/wp-json\/wp\/v2\/comments?post=4910"}],"wp:featuredmedia":[{"embeddable":true,"href":"https:\/\/ccgdistribuidora.com\/index.php\/wp-json\/wp\/v2\/media\/4911"}],"wp:attachment":[{"href":"https:\/\/ccgdistribuidora.com\/index.php\/wp-json\/wp\/v2\/media?parent=4910"}],"wp:term":[{"taxonomy":"product_cat","embeddable":true,"href":"https:\/\/ccgdistribuidora.com\/index.php\/wp-json\/wp\/v2\/product_cat?post=4910"},{"taxonomy":"product_tag","embeddable":true,"href":"https:\/\/ccgdistribuidora.com\/index.php\/wp-json\/wp\/v2\/product_tag?post=4910"}],"curies":[{"name":"wp","href":"https:\/\/api.w.org\/{rel}","templated":true}]}}