{"id":4885,"date":"2023-04-25T16:46:04","date_gmt":"2023-04-25T19:46:04","guid":{"rendered":"https:\/\/ccgdistribuidora.com\/?post_type=product&#038;p=4885"},"modified":"2025-08-19T14:35:31","modified_gmt":"2025-08-19T17:35:31","slug":"cepillo-saca-pelo-quita-pelusa-cabello-peluqueria-barberia","status":"publish","type":"product","link":"https:\/\/ccgdistribuidora.com\/index.php\/product\/cepillo-saca-pelo-quita-pelusa-cabello-peluqueria-barberia\/","title":{"rendered":"Cepillo Saca Pelo Quita Pelusa Cabello Peluqueria Barberia CV1239"},"content":{"rendered":"<div id=\"technical_specifications\" class=\"ui-pdp-container__row ui-pdp-container__row--technical-specifications\">\n<div class=\"ui-pdp-specs\">\n<h2 class=\"ui-pdp-specs__title\">Caracter\u00edsticas principales<\/h2>\n<div class=\"ui-pdp-specs__table\">\n<table class=\"andes-table\">\n<tbody class=\"andes-table__body\">\n<tr class=\"andes-table__row\">\n<th class=\"andes-table__header andes-table__header--left ui-pdp-specs__table__column ui-pdp-specs__table__column-title\">Marca<\/th>\n<td class=\"andes-table__column andes-table__column--left ui-pdp-specs__table__column\">Geotec<\/td>\n<\/tr>\n<tr class=\"andes-table__row\">\n<th class=\"andes-table__header andes-table__header--left ui-pdp-specs__table__column ui-pdp-specs__table__column-title\">Modelo<\/th>\n<td class=\"andes-table__column andes-table__column--left ui-pdp-specs__table__column\"><span class=\"andes-table__column--value\">Saca pelusa Bicolor<\/span><\/td>\n<\/tr>\n<tr class=\"andes-table__row\">\n<th class=\"andes-table__header andes-table__header--left ui-pdp-specs__table__column ui-pdp-specs__table__column-title\">Tipo de cepillo<\/th>\n<td class=\"andes-table__column andes-table__column--left ui-pdp-specs__table__column\"><span class=\"andes-table__column--value\">Plano<\/span><\/td>\n<\/tr>\n<\/tbody>\n<\/table>\n<\/div>\n<h3 class=\"ui-pdp-specs__subtitle\">Otras caracter\u00edsticas<\/h3>\n<div class=\"ui-pdp-list ui-pdp-specs__list\">\n<ul class=\"ui-pdp-list__wrapper\">\n<li class=\"ui-pdp-list__item\">\n<p class=\"ui-pdp-family--REGULAR ui-pdp-list__text\"><span class=\"ui-pdp-color--BLACK ui-pdp-size--XSMALL ui-pdp-family--BOLD\">Material de las cerdas<\/span>: Natural<\/p>\n<\/li>\n<li class=\"ui-pdp-list__item\">\n<p class=\"ui-pdp-family--REGULAR ui-pdp-list__text\"><span class=\"ui-pdp-color--BLACK ui-pdp-size--XSMALL ui-pdp-family--BOLD\">Material del cuerpo<\/span>: Pl\u00e1stico<\/p>\n<\/li>\n<\/ul>\n<ul class=\"ui-pdp-list__wrapper\">\n<li class=\"ui-pdp-list__item\">\n<p class=\"ui-pdp-family--REGULAR ui-pdp-list__text\"><span class=\"ui-pdp-color--BLACK ui-pdp-size--XSMALL ui-pdp-family--BOLD\">Material del mango<\/span>: Mango pl\u00e1stico s\u00edmil metal.<\/p>\n<\/li>\n<li class=\"ui-pdp-list__item\">\n<p class=\"ui-pdp-family--REGULAR ui-pdp-list__text\"><span class=\"ui-pdp-color--BLACK ui-pdp-size--XSMALL ui-pdp-family--BOLD\">Es t\u00e9rmico<\/span>: No<\/p>\n<\/li>\n<\/ul>\n<ul class=\"ui-pdp-list__wrapper\">\n<li class=\"ui-pdp-list__item\">\n<p class=\"ui-pdp-family--REGULAR ui-pdp-list__text\"><span class=\"ui-pdp-color--BLACK ui-pdp-size--XSMALL ui-pdp-family--BOLD\">Cantidad de cepillos<\/span>: 1<\/p>\n<\/li>\n<li>Cod: <span data-sheets-value=\"{&quot;1&quot;:2,&quot;2&quot;:&quot;'CV1239&quot;,&quot;6&quot;:1}\" data-sheets-userformat=\"{&quot;2&quot;:14399,&quot;3&quot;:{&quot;1&quot;:0,&quot;3&quot;:1},&quot;4&quot;:{&quot;1&quot;:3,&quot;3&quot;:2},&quot;5&quot;:{&quot;1&quot;:[{&quot;1&quot;:2,&quot;2&quot;:0,&quot;5&quot;:{&quot;1&quot;:2,&quot;2&quot;:0}},{&quot;1&quot;:0,&quot;2&quot;:0,&quot;3&quot;:3},{&quot;1&quot;:1,&quot;2&quot;:0,&quot;4&quot;:1}]},&quot;6&quot;:{&quot;1&quot;:[{&quot;1&quot;:2,&quot;2&quot;:0,&quot;5&quot;:{&quot;1&quot;:2,&quot;2&quot;:0}},{&quot;1&quot;:0,&quot;2&quot;:0,&quot;3&quot;:3},{&quot;1&quot;:1,&quot;2&quot;:0,&quot;4&quot;:1}]},&quot;7&quot;:{&quot;1&quot;:[{&quot;1&quot;:2,&quot;2&quot;:0,&quot;5&quot;:{&quot;1&quot;:2,&quot;2&quot;:0}},{&quot;1&quot;:0,&quot;2&quot;:0,&quot;3&quot;:3},{&quot;1&quot;:1,&quot;2&quot;:0,&quot;4&quot;:1}]},&quot;8&quot;:{&quot;1&quot;:[{&quot;1&quot;:2,&quot;2&quot;:0,&quot;5&quot;:{&quot;1&quot;:2,&quot;2&quot;:0}},{&quot;1&quot;:0,&quot;2&quot;:0,&quot;3&quot;:3},{&quot;1&quot;:1,&quot;2&quot;:0,&quot;4&quot;:1}]},&quot;14&quot;:{&quot;1&quot;:3,&quot;3&quot;:1},&quot;15&quot;:&quot;Calibri&quot;,&quot;16&quot;:11}\">CV1239<\/span><\/li>\n<\/ul>\n<\/div>\n<\/div>\n<\/div>\n<div id=\"description\" class=\"ui-pdp-container__row ui-pdp-container__row--description\">\n<div class=\"ui-pdp-description\">\n<h2 class=\"ui-pdp-description__title\">Descripci\u00f3n<\/h2>\n<p class=\"ui-pdp-description__content\">Cepillo Saca Pelusa Bicolor Peluquer\u00eda Barberia Quita Pelo<\/p>\n<p>Beneficios<br \/>\nEl cepillo Saca Pelusa Bicolor es ideal para mantener el pelo que se ha cortado fuera del alcance del cliente; manteniendo al mismo siempre cuidado y limpio.<\/p>\n<p>Caracteristicas<br \/>\n&#8211; Cepillo con divertidos colores negro y fucsia<br \/>\n&#8211; Ideal para peluquer\u00edas y barber\u00edas<br \/>\n&#8211; Suave al tacto<\/p>\n<\/div>\n<\/div>\n","protected":false},"excerpt":{"rendered":"<p>Caracter\u00edsticas principales Marca Geotec Modelo Saca pelusa Bicolor Tipo de cepillo Plano Otras caracter\u00edsticas Material de las cerdas: Natural Material del cuerpo: Pl\u00e1stico Material del mango: Mango pl\u00e1stico s\u00edmil metal. Es t\u00e9rmico: No Cantidad de cepillos: 1 Cod: CV1239 Descripci\u00f3n Cepillo Saca Pelusa Bicolor Peluquer\u00eda Barberia Quita Pelo Beneficios El cepillo Saca Pelusa Bicolor es ideal para mantener el pelo que se ha cortado fuera del alcance del cliente; manteniendo al mismo siempre cuidado y limpio. Caracteristicas &#8211; Cepillo con divertidos colores negro y fucsia &#8211; Ideal para peluquer\u00edas y barber\u00edas &#8211; Suave al tacto<\/p>\n","protected":false},"featured_media":4886,"comment_status":"open","ping_status":"closed","template":"","meta":[],"product_cat":[249,659,268,206],"product_tag":[689,688,685,663,687,686],"featured_image_urls":{"full":["https:\/\/ccgdistribuidora.com\/wp-content\/uploads\/2023\/04\/Cepillo-Saca-Pelo-Quita-Pelusa-Cabello-Peluqueria-Barberia1.jpg",700,700,false],"thumbnail":["https:\/\/ccgdistribuidora.com\/wp-content\/uploads\/2023\/04\/Cepillo-Saca-Pelo-Quita-Pelusa-Cabello-Peluqueria-Barberia1-150x150.jpg",150,150,true],"medium":["https:\/\/ccgdistribuidora.com\/wp-content\/uploads\/2023\/04\/Cepillo-Saca-Pelo-Quita-Pelusa-Cabello-Peluqueria-Barberia1-300x300.jpg",300,300,true],"medium_large":["https:\/\/ccgdistribuidora.com\/wp-content\/uploads\/2023\/04\/Cepillo-Saca-Pelo-Quita-Pelusa-Cabello-Peluqueria-Barberia1.jpg",700,700,false],"large":["https:\/\/ccgdistribuidora.com\/wp-content\/uploads\/2023\/04\/Cepillo-Saca-Pelo-Quita-Pelusa-Cabello-Peluqueria-Barberia1.jpg",700,700,false],"1536x1536":["https:\/\/ccgdistribuidora.com\/wp-content\/uploads\/2023\/04\/Cepillo-Saca-Pelo-Quita-Pelusa-Cabello-Peluqueria-Barberia1.jpg",700,700,false],"2048x2048":["https:\/\/ccgdistribuidora.com\/wp-content\/uploads\/2023\/04\/Cepillo-Saca-Pelo-Quita-Pelusa-Cabello-Peluqueria-Barberia1.jpg",700,700,false],"mailpoet_newsletter_max":["https:\/\/ccgdistribuidora.com\/wp-content\/uploads\/2023\/04\/Cepillo-Saca-Pelo-Quita-Pelusa-Cabello-Peluqueria-Barberia1.jpg",700,700,false],"woocommerce_thumbnail":["https:\/\/ccgdistribuidora.com\/wp-content\/uploads\/2023\/04\/Cepillo-Saca-Pelo-Quita-Pelusa-Cabello-Peluqueria-Barberia1-300x400.jpg",300,400,true],"woocommerce_single":["https:\/\/ccgdistribuidora.com\/wp-content\/uploads\/2023\/04\/Cepillo-Saca-Pelo-Quita-Pelusa-Cabello-Peluqueria-Barberia1-600x600.jpg",600,600,true],"woocommerce_gallery_thumbnail":["https:\/\/ccgdistribuidora.com\/wp-content\/uploads\/2023\/04\/Cepillo-Saca-Pelo-Quita-Pelusa-Cabello-Peluqueria-Barberia1-100x100.jpg",100,100,true],"dgwt-wcas-product-suggestion":["https:\/\/ccgdistribuidora.com\/wp-content\/uploads\/2023\/04\/Cepillo-Saca-Pelo-Quita-Pelusa-Cabello-Peluqueria-Barberia1-64x64.jpg",64,64,true]},"post_excerpt_stackable":"<p>Caracter\u00edsticas principales Marca Geotec Modelo Saca pelusa Bicolor Tipo de cepillo Plano Otras caracter\u00edsticas Material de las cerdas: Natural Material del cuerpo: Pl\u00e1stico Material del mango: Mango pl\u00e1stico s\u00edmil metal. Es t\u00e9rmico: No Cantidad de cepillos: 1 Cod: CV1239 Descripci\u00f3n Cepillo Saca Pelusa Bicolor Peluquer\u00eda Barberia Quita Pelo Beneficios El cepillo Saca Pelusa Bicolor es ideal para mantener el pelo que se ha cortado fuera del alcance del cliente; manteniendo al mismo siempre cuidado y limpio. Caracteristicas &#8211; Cepillo con divertidos colores negro y fucsia &#8211; Ideal para peluquer\u00edas y barber\u00edas &#8211; Suave al tacto<\/p>\n","category_list":"","author_info":{"name":"","url":""},"comments_num":"0 comentarios","_links":{"self":[{"href":"https:\/\/ccgdistribuidora.com\/index.php\/wp-json\/wp\/v2\/product\/4885"}],"collection":[{"href":"https:\/\/ccgdistribuidora.com\/index.php\/wp-json\/wp\/v2\/product"}],"about":[{"href":"https:\/\/ccgdistribuidora.com\/index.php\/wp-json\/wp\/v2\/types\/product"}],"replies":[{"embeddable":true,"href":"https:\/\/ccgdistribuidora.com\/index.php\/wp-json\/wp\/v2\/comments?post=4885"}],"wp:featuredmedia":[{"embeddable":true,"href":"https:\/\/ccgdistribuidora.com\/index.php\/wp-json\/wp\/v2\/media\/4886"}],"wp:attachment":[{"href":"https:\/\/ccgdistribuidora.com\/index.php\/wp-json\/wp\/v2\/media?parent=4885"}],"wp:term":[{"taxonomy":"product_cat","embeddable":true,"href":"https:\/\/ccgdistribuidora.com\/index.php\/wp-json\/wp\/v2\/product_cat?post=4885"},{"taxonomy":"product_tag","embeddable":true,"href":"https:\/\/ccgdistribuidora.com\/index.php\/wp-json\/wp\/v2\/product_tag?post=4885"}],"curies":[{"name":"wp","href":"https:\/\/api.w.org\/{rel}","templated":true}]}}