{"id":4883,"date":"2023-04-25T16:06:18","date_gmt":"2023-04-25T19:06:18","guid":{"rendered":"https:\/\/ccgdistribuidora.com\/?post_type=product&#038;p=4883"},"modified":"2024-09-25T16:33:24","modified_gmt":"2024-09-25T19:33:24","slug":"sacapelusa-con-talquera-peluqueria-quita-pelo-wahl-andis","status":"publish","type":"product","link":"https:\/\/ccgdistribuidora.com\/index.php\/product\/sacapelusa-con-talquera-peluqueria-quita-pelo-wahl-andis\/","title":{"rendered":"Sacapelusa Con Talquera Peluquer\u00eda Quita Pelo Wahl Andis CV1042"},"content":{"rendered":"<div id=\"technical_specifications\" class=\"ui-pdp-container__row ui-pdp-container__row--technical-specifications\">\n<div class=\"ui-pdp-specs\">\n<h2 class=\"ui-pdp-specs__title\">Caracter\u00edsticas principales<\/h2>\n<div class=\"ui-pdp-specs__table\">\n<table class=\"andes-table\">\n<tbody class=\"andes-table__body\">\n<tr class=\"andes-table__row\">\n<th class=\"andes-table__header andes-table__header--left ui-pdp-specs__table__column ui-pdp-specs__table__column-title\">Marca<\/th>\n<td class=\"andes-table__column andes-table__column--left ui-pdp-specs__table__column\"><span class=\"andes-table__column--value\">Geo2000<\/span><\/td>\n<\/tr>\n<tr class=\"andes-table__row\">\n<th class=\"andes-table__header andes-table__header--left ui-pdp-specs__table__column ui-pdp-specs__table__column-title\">Modelo<\/th>\n<td class=\"andes-table__column andes-table__column--left ui-pdp-specs__table__column\"><span class=\"andes-table__column--value\">T\/SPARTAL<\/span><\/td>\n<\/tr>\n<tr class=\"andes-table__row\">\n<th class=\"andes-table__header andes-table__header--left ui-pdp-specs__table__column ui-pdp-specs__table__column-title\">Tipo de cepillo<\/th>\n<td class=\"andes-table__column andes-table__column--left ui-pdp-specs__table__column\"><span class=\"andes-table__column--value\">SACAPELUSA<\/span><\/td>\n<\/tr>\n<tr class=\"andes-table__row\">\n<th class=\"andes-table__header andes-table__header--left ui-pdp-specs__table__column ui-pdp-specs__table__column-title\">Di\u00e1metro del cepillo<\/th>\n<td class=\"andes-table__column andes-table__column--left ui-pdp-specs__table__column\"><span class=\"andes-table__column--value\">6 cm<\/span><\/td>\n<\/tr>\n<\/tbody>\n<\/table>\n<\/div>\n<h3 class=\"ui-pdp-specs__subtitle\">Otras caracter\u00edsticas<\/h3>\n<div class=\"ui-pdp-list ui-pdp-specs__list\">\n<ul class=\"ui-pdp-list__wrapper\">\n<li class=\"ui-pdp-list__item\">\n<p class=\"ui-pdp-family--REGULAR ui-pdp-list__text\"><span class=\"ui-pdp-color--BLACK ui-pdp-size--XSMALL ui-pdp-family--BOLD\">Material de las cerdas<\/span>: Pl\u00e1stico<\/p>\n<\/li>\n<li class=\"ui-pdp-list__item\">\n<p class=\"ui-pdp-family--REGULAR ui-pdp-list__text\"><span class=\"ui-pdp-color--BLACK ui-pdp-size--XSMALL ui-pdp-family--BOLD\">Material del cuerpo<\/span>: Pl\u00e1stico<\/p>\n<\/li>\n<\/ul>\n<ul class=\"ui-pdp-list__wrapper\">\n<li class=\"ui-pdp-list__item\">\n<p class=\"ui-pdp-family--REGULAR ui-pdp-list__text\"><span class=\"ui-pdp-color--BLACK ui-pdp-size--XSMALL ui-pdp-family--BOLD\">Material del mango<\/span>: Pl\u00e1stico<\/p>\n<\/li>\n<li class=\"ui-pdp-list__item\">\n<p class=\"ui-pdp-family--REGULAR ui-pdp-list__text\"><span class=\"ui-pdp-color--BLACK ui-pdp-size--XSMALL ui-pdp-family--BOLD\">Es t\u00e9rmico<\/span>: No<\/p>\n<\/li>\n<\/ul>\n<ul class=\"ui-pdp-list__wrapper\">\n<li class=\"ui-pdp-list__item\">\n<p class=\"ui-pdp-family--REGULAR ui-pdp-list__text\"><span class=\"ui-pdp-color--BLACK ui-pdp-size--XSMALL ui-pdp-family--BOLD\">Cantidad de cepillos<\/span>: 1<\/p>\n<\/li>\n<li>Cod: <span data-sheets-value=\"{&quot;1&quot;:2,&quot;2&quot;:&quot;'CV1042&quot;,&quot;6&quot;:1}\" data-sheets-userformat=\"{&quot;2&quot;:14399,&quot;3&quot;:{&quot;1&quot;:0,&quot;3&quot;:1},&quot;4&quot;:{&quot;1&quot;:3,&quot;3&quot;:2},&quot;5&quot;:{&quot;1&quot;:[{&quot;1&quot;:2,&quot;2&quot;:0,&quot;5&quot;:{&quot;1&quot;:2,&quot;2&quot;:0}},{&quot;1&quot;:0,&quot;2&quot;:0,&quot;3&quot;:3},{&quot;1&quot;:1,&quot;2&quot;:0,&quot;4&quot;:1}]},&quot;6&quot;:{&quot;1&quot;:[{&quot;1&quot;:2,&quot;2&quot;:0,&quot;5&quot;:{&quot;1&quot;:2,&quot;2&quot;:0}},{&quot;1&quot;:0,&quot;2&quot;:0,&quot;3&quot;:3},{&quot;1&quot;:1,&quot;2&quot;:0,&quot;4&quot;:1}]},&quot;7&quot;:{&quot;1&quot;:[{&quot;1&quot;:2,&quot;2&quot;:0,&quot;5&quot;:{&quot;1&quot;:2,&quot;2&quot;:0}},{&quot;1&quot;:0,&quot;2&quot;:0,&quot;3&quot;:3},{&quot;1&quot;:1,&quot;2&quot;:0,&quot;4&quot;:1}]},&quot;8&quot;:{&quot;1&quot;:[{&quot;1&quot;:2,&quot;2&quot;:0,&quot;5&quot;:{&quot;1&quot;:2,&quot;2&quot;:0}},{&quot;1&quot;:0,&quot;2&quot;:0,&quot;3&quot;:3},{&quot;1&quot;:1,&quot;2&quot;:0,&quot;4&quot;:1}]},&quot;14&quot;:{&quot;1&quot;:3,&quot;3&quot;:1},&quot;15&quot;:&quot;Calibri&quot;,&quot;16&quot;:11}\">CV1042<\/span><\/li>\n<\/ul>\n<\/div>\n<\/div>\n<\/div>\n<div id=\"description\" class=\"ui-pdp-container__row ui-pdp-container__row--description\">\n<div class=\"ui-pdp-description\">\n<h2 class=\"ui-pdp-description__title\">Descripci\u00f3n<\/h2>\n<p class=\"ui-pdp-description__content\">Brocha profesional con talquera dise\u00f1ada para mantener al cliente libre de la molestia ocasionada por los cabellos cortados.<br \/>\nEl talco permite quitar los cabellos con mayor facilidad.<br \/>\nIdeal para uso profesional.<br \/>\nSolo presionando el bot\u00f3n libera el talco que se coloca en el interior,<\/p>\n<p>Excelente resistencia y durabilidad.<\/p>\n<\/div>\n<\/div>\n","protected":false},"excerpt":{"rendered":"<p>Caracter\u00edsticas principales Marca Geo2000 Modelo T\/SPARTAL Tipo de cepillo SACAPELUSA Di\u00e1metro del cepillo 6 cm Otras caracter\u00edsticas Material de las cerdas: Pl\u00e1stico Material del cuerpo: Pl\u00e1stico Material del mango: Pl\u00e1stico Es t\u00e9rmico: No Cantidad de cepillos: 1 Cod: CV1042 Descripci\u00f3n Brocha profesional con talquera dise\u00f1ada para mantener al cliente libre de la molestia ocasionada por los cabellos cortados. El talco permite quitar los cabellos con mayor facilidad. Ideal para uso profesional. Solo presionando el bot\u00f3n libera el talco que se coloca en el interior, Excelente resistencia y durabilidad.<\/p>\n","protected":false},"featured_media":4884,"comment_status":"open","ping_status":"closed","template":"","meta":[],"product_cat":[249,659,206],"product_tag":[683,663,681,677,684],"featured_image_urls":{"full":["https:\/\/ccgdistribuidora.com\/wp-content\/uploads\/2023\/04\/Sacapelusa-Con-Talquera-Peluqueria-Quita-Pelo-Wahl-Andis.jpg",700,700,false],"thumbnail":["https:\/\/ccgdistribuidora.com\/wp-content\/uploads\/2023\/04\/Sacapelusa-Con-Talquera-Peluqueria-Quita-Pelo-Wahl-Andis-150x150.jpg",150,150,true],"medium":["https:\/\/ccgdistribuidora.com\/wp-content\/uploads\/2023\/04\/Sacapelusa-Con-Talquera-Peluqueria-Quita-Pelo-Wahl-Andis-300x300.jpg",300,300,true],"medium_large":["https:\/\/ccgdistribuidora.com\/wp-content\/uploads\/2023\/04\/Sacapelusa-Con-Talquera-Peluqueria-Quita-Pelo-Wahl-Andis.jpg",700,700,false],"large":["https:\/\/ccgdistribuidora.com\/wp-content\/uploads\/2023\/04\/Sacapelusa-Con-Talquera-Peluqueria-Quita-Pelo-Wahl-Andis.jpg",700,700,false],"1536x1536":["https:\/\/ccgdistribuidora.com\/wp-content\/uploads\/2023\/04\/Sacapelusa-Con-Talquera-Peluqueria-Quita-Pelo-Wahl-Andis.jpg",700,700,false],"2048x2048":["https:\/\/ccgdistribuidora.com\/wp-content\/uploads\/2023\/04\/Sacapelusa-Con-Talquera-Peluqueria-Quita-Pelo-Wahl-Andis.jpg",700,700,false],"mailpoet_newsletter_max":["https:\/\/ccgdistribuidora.com\/wp-content\/uploads\/2023\/04\/Sacapelusa-Con-Talquera-Peluqueria-Quita-Pelo-Wahl-Andis.jpg",700,700,false],"woocommerce_thumbnail":["https:\/\/ccgdistribuidora.com\/wp-content\/uploads\/2023\/04\/Sacapelusa-Con-Talquera-Peluqueria-Quita-Pelo-Wahl-Andis-300x400.jpg",300,400,true],"woocommerce_single":["https:\/\/ccgdistribuidora.com\/wp-content\/uploads\/2023\/04\/Sacapelusa-Con-Talquera-Peluqueria-Quita-Pelo-Wahl-Andis-600x600.jpg",600,600,true],"woocommerce_gallery_thumbnail":["https:\/\/ccgdistribuidora.com\/wp-content\/uploads\/2023\/04\/Sacapelusa-Con-Talquera-Peluqueria-Quita-Pelo-Wahl-Andis-100x100.jpg",100,100,true],"dgwt-wcas-product-suggestion":["https:\/\/ccgdistribuidora.com\/wp-content\/uploads\/2023\/04\/Sacapelusa-Con-Talquera-Peluqueria-Quita-Pelo-Wahl-Andis-64x64.jpg",64,64,true]},"post_excerpt_stackable":"<p>Caracter\u00edsticas principales Marca Geo2000 Modelo T\/SPARTAL Tipo de cepillo SACAPELUSA Di\u00e1metro del cepillo 6 cm Otras caracter\u00edsticas Material de las cerdas: Pl\u00e1stico Material del cuerpo: Pl\u00e1stico Material del mango: Pl\u00e1stico Es t\u00e9rmico: No Cantidad de cepillos: 1 Cod: CV1042 Descripci\u00f3n Brocha profesional con talquera dise\u00f1ada para mantener al cliente libre de la molestia ocasionada por los cabellos cortados. El talco permite quitar los cabellos con mayor facilidad. Ideal para uso profesional. Solo presionando el bot\u00f3n libera el talco que se coloca en el interior, Excelente resistencia y durabilidad.<\/p>\n","category_list":"","author_info":{"name":"","url":""},"comments_num":"0 comentarios","_links":{"self":[{"href":"https:\/\/ccgdistribuidora.com\/index.php\/wp-json\/wp\/v2\/product\/4883"}],"collection":[{"href":"https:\/\/ccgdistribuidora.com\/index.php\/wp-json\/wp\/v2\/product"}],"about":[{"href":"https:\/\/ccgdistribuidora.com\/index.php\/wp-json\/wp\/v2\/types\/product"}],"replies":[{"embeddable":true,"href":"https:\/\/ccgdistribuidora.com\/index.php\/wp-json\/wp\/v2\/comments?post=4883"}],"wp:featuredmedia":[{"embeddable":true,"href":"https:\/\/ccgdistribuidora.com\/index.php\/wp-json\/wp\/v2\/media\/4884"}],"wp:attachment":[{"href":"https:\/\/ccgdistribuidora.com\/index.php\/wp-json\/wp\/v2\/media?parent=4883"}],"wp:term":[{"taxonomy":"product_cat","embeddable":true,"href":"https:\/\/ccgdistribuidora.com\/index.php\/wp-json\/wp\/v2\/product_cat?post=4883"},{"taxonomy":"product_tag","embeddable":true,"href":"https:\/\/ccgdistribuidora.com\/index.php\/wp-json\/wp\/v2\/product_tag?post=4883"}],"curies":[{"name":"wp","href":"https:\/\/api.w.org\/{rel}","templated":true}]}}