{"id":4871,"date":"2023-04-25T15:01:15","date_gmt":"2023-04-25T18:01:15","guid":{"rendered":"https:\/\/ccgdistribuidora.com\/?post_type=product&#038;p=4871"},"modified":"2025-08-19T14:37:01","modified_gmt":"2025-08-19T17:37:01","slug":"cuello-de-goma-para-corte-barberia-afeitado-barber-geo2000","status":"publish","type":"product","link":"https:\/\/ccgdistribuidora.com\/index.php\/product\/cuello-de-goma-para-corte-barberia-afeitado-barber-geo2000\/","title":{"rendered":"Cuello De Goma Para Corte Barberia Afeitado Barber Geo2000 AV3127"},"content":{"rendered":"<div id=\"technical_specifications\" class=\"ui-pdp-container__row ui-pdp-container__row--technical-specifications\">\n<div class=\"ui-pdp-specs\">\n<h2 class=\"ui-pdp-specs__title\">Caracter\u00edsticas principales<\/h2>\n<div class=\"ui-pdp-specs__table\">\n<table class=\"andes-table\" style=\"height: 59px;\" width=\"141\">\n<tbody class=\"andes-table__body\">\n<tr class=\"andes-table__row\">\n<th class=\"andes-table__header andes-table__header--left ui-pdp-specs__table__column ui-pdp-specs__table__column-title\">Marca<\/th>\n<td class=\"andes-table__column andes-table__column--left ui-pdp-specs__table__column\">Geo2000<\/td>\n<\/tr>\n<tr class=\"andes-table__row\">\n<th class=\"andes-table__header andes-table__header--left ui-pdp-specs__table__column ui-pdp-specs__table__column-title\">Tipo<\/th>\n<td class=\"andes-table__column andes-table__column--left ui-pdp-specs__table__column\"><span class=\"andes-table__column--value\">AV3127<\/span><\/td>\n<\/tr>\n<\/tbody>\n<\/table>\n<\/div>\n<table class=\"andes-table\">\n<tbody class=\"andes-table__body\">\n<tr class=\"andes-table__row\">\n<th class=\"andes-table__header andes-table__header--left ui-pdp-specs__table__column ui-pdp-specs__table__column-title\">Modelo<\/th>\n<td class=\"andes-table__column andes-table__column--left ui-pdp-specs__table__column\"><span class=\"andes-table__column--value\">Cuello de Goma<\/span><\/td>\n<\/tr>\n<\/tbody>\n<\/table>\n<h3 class=\"ui-pdp-specs__subtitle\">Otras caracter\u00edsticas<\/h3>\n<div class=\"ui-pdp-list ui-pdp-specs__list\">\n<ul class=\"ui-pdp-list__wrapper\">\n<li class=\"ui-pdp-list__item\">\n<p class=\"ui-pdp-family--REGULAR ui-pdp-list__text\"><span class=\"ui-pdp-color--BLACK ui-pdp-size--XSMALL ui-pdp-family--BOLD\">Forma<\/span>: REDONDO<\/p>\n<\/li>\n<li class=\"ui-pdp-list__item\">\n<p class=\"ui-pdp-family--REGULAR ui-pdp-list__text\"><span class=\"ui-pdp-color--BLACK ui-pdp-size--XSMALL ui-pdp-family--BOLD\">Material de la cuchilla<\/span>: Goma<\/p>\n<\/li>\n<\/ul>\n<ul class=\"ui-pdp-list__wrapper\">\n<li class=\"ui-pdp-list__item\">\n<p class=\"ui-pdp-family--REGULAR ui-pdp-list__text\"><span class=\"ui-pdp-color--BLACK ui-pdp-size--XSMALL ui-pdp-family--BOLD\">Longitud de la tijera<\/span>: 1 cm<\/p>\n<\/li>\n<li class=\"ui-pdp-list__item\">\n<p class=\"ui-pdp-family--REGULAR ui-pdp-list__text\"><span class=\"ui-pdp-color--BLACK ui-pdp-size--XSMALL ui-pdp-family--BOLD\">Incluye estuche<\/span>: S\u00ed<\/p>\n<\/li>\n<\/ul>\n<ul class=\"ui-pdp-list__wrapper\">\n<li class=\"ui-pdp-list__item\">\n<p class=\"ui-pdp-family--REGULAR ui-pdp-list__text\"><span class=\"ui-pdp-color--BLACK ui-pdp-size--XSMALL ui-pdp-family--BOLD\">Grado de dureza<\/span>: 1<\/p>\n<\/li>\n<li class=\"ui-pdp-list__item\">\n<p class=\"ui-pdp-family--REGULAR ui-pdp-list__text\"><span class=\"ui-pdp-color--BLACK ui-pdp-size--XSMALL ui-pdp-family--BOLD\">Unidades por envase<\/span>: 1<\/p>\n<\/li>\n<\/ul>\n<\/div>\n<\/div>\n<\/div>\n<div id=\"description\" class=\"ui-pdp-container__row ui-pdp-container__row--description\">\n<div class=\"ui-pdp-description\">\n<h2 class=\"ui-pdp-description__title\">Descripci\u00f3n<\/h2>\n<p class=\"ui-pdp-description__content\">CUELLO DE GOMA PROFESIONAL PARA CORTE, AFEITADO, ETC.<br \/>\n*CIERRE HERMETICO CON EL CUELLO DEL CLIENTE, SE APLICA SOBRE LA CAPA DE CORTE.<br \/>\n*ANCHO TOTALMENTE AJUSTABLE.<br \/>\n*DIAMETRO: 36cm + CIERRE DE 6cm DE VELCRO.<br \/>\n*UNISEX<\/p>\n<\/div>\n<\/div>\n","protected":false},"excerpt":{"rendered":"<p>Caracter\u00edsticas principales Marca Geo2000 Tipo AV3127 Modelo Cuello de Goma Otras caracter\u00edsticas Forma: REDONDO Material de la cuchilla: Goma Longitud de la tijera: 1 cm Incluye estuche: S\u00ed Grado de dureza: 1 Unidades por envase: 1 Descripci\u00f3n CUELLO DE GOMA PROFESIONAL PARA CORTE, AFEITADO, ETC. *CIERRE HERMETICO CON EL CUELLO DEL CLIENTE, SE APLICA SOBRE LA CAPA DE CORTE. *ANCHO TOTALMENTE AJUSTABLE. *DIAMETRO: 36cm + CIERRE DE 6cm DE VELCRO. *UNISEX<\/p>\n","protected":false},"featured_media":4872,"comment_status":"open","ping_status":"closed","template":"","meta":[],"product_cat":[249,240,659],"product_tag":[672,215,671,670,669,673,355],"featured_image_urls":{"full":["https:\/\/ccgdistribuidora.com\/wp-content\/uploads\/2023\/04\/Cuello-De-Goma-Para-Corte-Barberia-Afeitado-Barber-GEO-2000.jpg",700,700,false],"thumbnail":["https:\/\/ccgdistribuidora.com\/wp-content\/uploads\/2023\/04\/Cuello-De-Goma-Para-Corte-Barberia-Afeitado-Barber-GEO-2000-150x150.jpg",150,150,true],"medium":["https:\/\/ccgdistribuidora.com\/wp-content\/uploads\/2023\/04\/Cuello-De-Goma-Para-Corte-Barberia-Afeitado-Barber-GEO-2000-300x300.jpg",300,300,true],"medium_large":["https:\/\/ccgdistribuidora.com\/wp-content\/uploads\/2023\/04\/Cuello-De-Goma-Para-Corte-Barberia-Afeitado-Barber-GEO-2000.jpg",700,700,false],"large":["https:\/\/ccgdistribuidora.com\/wp-content\/uploads\/2023\/04\/Cuello-De-Goma-Para-Corte-Barberia-Afeitado-Barber-GEO-2000.jpg",700,700,false],"1536x1536":["https:\/\/ccgdistribuidora.com\/wp-content\/uploads\/2023\/04\/Cuello-De-Goma-Para-Corte-Barberia-Afeitado-Barber-GEO-2000.jpg",700,700,false],"2048x2048":["https:\/\/ccgdistribuidora.com\/wp-content\/uploads\/2023\/04\/Cuello-De-Goma-Para-Corte-Barberia-Afeitado-Barber-GEO-2000.jpg",700,700,false],"mailpoet_newsletter_max":["https:\/\/ccgdistribuidora.com\/wp-content\/uploads\/2023\/04\/Cuello-De-Goma-Para-Corte-Barberia-Afeitado-Barber-GEO-2000.jpg",700,700,false],"woocommerce_thumbnail":["https:\/\/ccgdistribuidora.com\/wp-content\/uploads\/2023\/04\/Cuello-De-Goma-Para-Corte-Barberia-Afeitado-Barber-GEO-2000-300x400.jpg",300,400,true],"woocommerce_single":["https:\/\/ccgdistribuidora.com\/wp-content\/uploads\/2023\/04\/Cuello-De-Goma-Para-Corte-Barberia-Afeitado-Barber-GEO-2000-600x600.jpg",600,600,true],"woocommerce_gallery_thumbnail":["https:\/\/ccgdistribuidora.com\/wp-content\/uploads\/2023\/04\/Cuello-De-Goma-Para-Corte-Barberia-Afeitado-Barber-GEO-2000-100x100.jpg",100,100,true],"dgwt-wcas-product-suggestion":["https:\/\/ccgdistribuidora.com\/wp-content\/uploads\/2023\/04\/Cuello-De-Goma-Para-Corte-Barberia-Afeitado-Barber-GEO-2000-64x64.jpg",64,64,true]},"post_excerpt_stackable":"<p>Caracter\u00edsticas principales Marca Geo2000 Tipo AV3127 Modelo Cuello de Goma Otras caracter\u00edsticas Forma: REDONDO Material de la cuchilla: Goma Longitud de la tijera: 1 cm Incluye estuche: S\u00ed Grado de dureza: 1 Unidades por envase: 1 Descripci\u00f3n CUELLO DE GOMA PROFESIONAL PARA CORTE, AFEITADO, ETC. *CIERRE HERMETICO CON EL CUELLO DEL CLIENTE, SE APLICA SOBRE LA CAPA DE CORTE. *ANCHO TOTALMENTE AJUSTABLE. *DIAMETRO: 36cm + CIERRE DE 6cm DE VELCRO. *UNISEX<\/p>\n","category_list":"","author_info":{"name":"","url":""},"comments_num":"0 comentarios","_links":{"self":[{"href":"https:\/\/ccgdistribuidora.com\/index.php\/wp-json\/wp\/v2\/product\/4871"}],"collection":[{"href":"https:\/\/ccgdistribuidora.com\/index.php\/wp-json\/wp\/v2\/product"}],"about":[{"href":"https:\/\/ccgdistribuidora.com\/index.php\/wp-json\/wp\/v2\/types\/product"}],"replies":[{"embeddable":true,"href":"https:\/\/ccgdistribuidora.com\/index.php\/wp-json\/wp\/v2\/comments?post=4871"}],"wp:featuredmedia":[{"embeddable":true,"href":"https:\/\/ccgdistribuidora.com\/index.php\/wp-json\/wp\/v2\/media\/4872"}],"wp:attachment":[{"href":"https:\/\/ccgdistribuidora.com\/index.php\/wp-json\/wp\/v2\/media?parent=4871"}],"wp:term":[{"taxonomy":"product_cat","embeddable":true,"href":"https:\/\/ccgdistribuidora.com\/index.php\/wp-json\/wp\/v2\/product_cat?post=4871"},{"taxonomy":"product_tag","embeddable":true,"href":"https:\/\/ccgdistribuidora.com\/index.php\/wp-json\/wp\/v2\/product_tag?post=4871"}],"curies":[{"name":"wp","href":"https:\/\/api.w.org\/{rel}","templated":true}]}}