{"id":4868,"date":"2023-04-25T13:42:47","date_gmt":"2023-04-25T16:42:47","guid":{"rendered":"https:\/\/ccgdistribuidora.com\/?post_type=product&#038;p=4868"},"modified":"2025-08-19T14:56:21","modified_gmt":"2025-08-19T17:56:21","slug":"eurostil-escoba-escobillon-de-goma-atrapa-pelos-peluqueria","status":"publish","type":"product","link":"https:\/\/ccgdistribuidora.com\/index.php\/product\/eurostil-escoba-escobillon-de-goma-atrapa-pelos-peluqueria\/","title":{"rendered":"Eurostil Escoba Escobillon De Goma Atrapa Pelos Peluqueria 52185\/50"},"content":{"rendered":"<div id=\"technical_specifications\" class=\"ui-pdp-container__row ui-pdp-container__row--technical-specifications\">\n<div class=\"ui-pdp-specs\">\n<h2 class=\"ui-pdp-specs__title\">Caracter\u00edsticas principales<\/h2>\n<div class=\"ui-pdp-specs__table\">\n<table class=\"andes-table\">\n<tbody class=\"andes-table__body\">\n<tr class=\"andes-table__row\">\n<th class=\"andes-table__header andes-table__header--left ui-pdp-specs__table__column ui-pdp-specs__table__column-title\">Marca<\/th>\n<td class=\"andes-table__column andes-table__column--left ui-pdp-specs__table__column\"><span class=\"andes-table__column--value\">Eurostil<\/span><\/td>\n<\/tr>\n<tr class=\"andes-table__row\">\n<th class=\"andes-table__header andes-table__header--left ui-pdp-specs__table__column ui-pdp-specs__table__column-title\">Modelo<\/th>\n<td class=\"andes-table__column andes-table__column--left ui-pdp-specs__table__column\"><span class=\"andes-table__column--value\">Escoba De Goma 52185\/50<\/span><\/td>\n<\/tr>\n<\/tbody>\n<\/table>\n<\/div>\n<\/div>\n<\/div>\n<div id=\"description\" class=\"ui-pdp-container__row ui-pdp-container__row--description\">\n<div class=\"ui-pdp-description\">\n<h2 class=\"ui-pdp-description__title\">Descripci\u00f3n<\/h2>\n<p class=\"ui-pdp-description__content\">\nEUROSTIL SCOPA DI GOMMA COD. 52185-50<br \/>\nEscoba De Goma Para Limpiar Cabello Y Polvo<\/p>\n<p>Eurostil es la m\u00e1s amplia l\u00ednea de productos y accesorios de alta calidad, exclusivos para el profesional de peluquer\u00eda. Su extensa gama y perfecto acabado es fruto de un estudiado dise\u00f1o para dar respuesta a todas las necesidades del m\u00e1s exigente profesional.<\/p>\n<p>Es un concepto totalmente nuevo especialmente estudiado para conseguir una limpieza total. La eficacia del dise\u00f1o de sus p\u00faas logra arrastrar el polvo sin levantarlo, favoreciendo un ambiente m\u00e1s limpio, ideal para las personas al\u00e9rgicas. Es de f\u00e1cil limpieza y larga duraci\u00f3n.<\/p>\n<p>&gt;Medidas: 31cm x 4cm<br \/>\n&gt;Material resistente de gran calidad y duraci\u00f3n<\/p>\n<\/div>\n<\/div>\n","protected":false},"excerpt":{"rendered":"<p>Caracter\u00edsticas principales Marca Eurostil Modelo Escoba De Goma 52185\/50 Descripci\u00f3n EUROSTIL SCOPA DI GOMMA COD. 52185-50 Escoba De Goma Para Limpiar Cabello Y Polvo Eurostil es la m\u00e1s amplia l\u00ednea de productos y accesorios de alta calidad, exclusivos para el profesional de peluquer\u00eda. Su extensa gama y perfecto acabado es fruto de un estudiado dise\u00f1o para dar respuesta a todas las necesidades del m\u00e1s exigente profesional. Es un concepto totalmente nuevo especialmente estudiado para conseguir una limpieza total. La eficacia del dise\u00f1o de sus p\u00faas logra arrastrar el polvo sin levantarlo, favoreciendo un ambiente m\u00e1s limpio, ideal para las personas\u2026<\/p>\n","protected":false},"featured_media":4870,"comment_status":"open","ping_status":"closed","template":"","meta":[],"product_cat":[264],"product_tag":[668,666,667,656,663],"featured_image_urls":{"full":["https:\/\/ccgdistribuidora.com\/wp-content\/uploads\/2023\/04\/Eurostil-Escoba-Escobillon-De-Goma-Atrapa-Pelos-Peluqueria.jpg",700,700,false],"thumbnail":["https:\/\/ccgdistribuidora.com\/wp-content\/uploads\/2023\/04\/Eurostil-Escoba-Escobillon-De-Goma-Atrapa-Pelos-Peluqueria-150x150.jpg",150,150,true],"medium":["https:\/\/ccgdistribuidora.com\/wp-content\/uploads\/2023\/04\/Eurostil-Escoba-Escobillon-De-Goma-Atrapa-Pelos-Peluqueria-300x300.jpg",300,300,true],"medium_large":["https:\/\/ccgdistribuidora.com\/wp-content\/uploads\/2023\/04\/Eurostil-Escoba-Escobillon-De-Goma-Atrapa-Pelos-Peluqueria.jpg",700,700,false],"large":["https:\/\/ccgdistribuidora.com\/wp-content\/uploads\/2023\/04\/Eurostil-Escoba-Escobillon-De-Goma-Atrapa-Pelos-Peluqueria.jpg",700,700,false],"1536x1536":["https:\/\/ccgdistribuidora.com\/wp-content\/uploads\/2023\/04\/Eurostil-Escoba-Escobillon-De-Goma-Atrapa-Pelos-Peluqueria.jpg",700,700,false],"2048x2048":["https:\/\/ccgdistribuidora.com\/wp-content\/uploads\/2023\/04\/Eurostil-Escoba-Escobillon-De-Goma-Atrapa-Pelos-Peluqueria.jpg",700,700,false],"mailpoet_newsletter_max":["https:\/\/ccgdistribuidora.com\/wp-content\/uploads\/2023\/04\/Eurostil-Escoba-Escobillon-De-Goma-Atrapa-Pelos-Peluqueria.jpg",700,700,false],"woocommerce_thumbnail":["https:\/\/ccgdistribuidora.com\/wp-content\/uploads\/2023\/04\/Eurostil-Escoba-Escobillon-De-Goma-Atrapa-Pelos-Peluqueria-300x400.jpg",300,400,true],"woocommerce_single":["https:\/\/ccgdistribuidora.com\/wp-content\/uploads\/2023\/04\/Eurostil-Escoba-Escobillon-De-Goma-Atrapa-Pelos-Peluqueria-600x600.jpg",600,600,true],"woocommerce_gallery_thumbnail":["https:\/\/ccgdistribuidora.com\/wp-content\/uploads\/2023\/04\/Eurostil-Escoba-Escobillon-De-Goma-Atrapa-Pelos-Peluqueria-100x100.jpg",100,100,true],"dgwt-wcas-product-suggestion":["https:\/\/ccgdistribuidora.com\/wp-content\/uploads\/2023\/04\/Eurostil-Escoba-Escobillon-De-Goma-Atrapa-Pelos-Peluqueria-64x64.jpg",64,64,true]},"post_excerpt_stackable":"<p>Caracter\u00edsticas principales Marca Eurostil Modelo Escoba De Goma 52185\/50 Descripci\u00f3n EUROSTIL SCOPA DI GOMMA COD. 52185-50 Escoba De Goma Para Limpiar Cabello Y Polvo Eurostil es la m\u00e1s amplia l\u00ednea de productos y accesorios de alta calidad, exclusivos para el profesional de peluquer\u00eda. Su extensa gama y perfecto acabado es fruto de un estudiado dise\u00f1o para dar respuesta a todas las necesidades del m\u00e1s exigente profesional. Es un concepto totalmente nuevo especialmente estudiado para conseguir una limpieza total. La eficacia del dise\u00f1o de sus p\u00faas logra arrastrar el polvo sin levantarlo, favoreciendo un ambiente m\u00e1s limpio, ideal para las personas&hellip;<\/p>\n","category_list":"","author_info":{"name":"","url":""},"comments_num":"0 comentarios","_links":{"self":[{"href":"https:\/\/ccgdistribuidora.com\/index.php\/wp-json\/wp\/v2\/product\/4868"}],"collection":[{"href":"https:\/\/ccgdistribuidora.com\/index.php\/wp-json\/wp\/v2\/product"}],"about":[{"href":"https:\/\/ccgdistribuidora.com\/index.php\/wp-json\/wp\/v2\/types\/product"}],"replies":[{"embeddable":true,"href":"https:\/\/ccgdistribuidora.com\/index.php\/wp-json\/wp\/v2\/comments?post=4868"}],"wp:featuredmedia":[{"embeddable":true,"href":"https:\/\/ccgdistribuidora.com\/index.php\/wp-json\/wp\/v2\/media\/4870"}],"wp:attachment":[{"href":"https:\/\/ccgdistribuidora.com\/index.php\/wp-json\/wp\/v2\/media?parent=4868"}],"wp:term":[{"taxonomy":"product_cat","embeddable":true,"href":"https:\/\/ccgdistribuidora.com\/index.php\/wp-json\/wp\/v2\/product_cat?post=4868"},{"taxonomy":"product_tag","embeddable":true,"href":"https:\/\/ccgdistribuidora.com\/index.php\/wp-json\/wp\/v2\/product_tag?post=4868"}],"curies":[{"name":"wp","href":"https:\/\/api.w.org\/{rel}","templated":true}]}}