{"id":4861,"date":"2023-04-25T11:02:47","date_gmt":"2023-04-25T14:02:47","guid":{"rendered":"https:\/\/ccgdistribuidora.com\/?post_type=product&#038;p=4861"},"modified":"2025-08-19T14:56:51","modified_gmt":"2025-08-19T17:56:51","slug":"eurostil-rollo-papel-aluminio-reflejos-mechas-x-50mt-51113","status":"publish","type":"product","link":"https:\/\/ccgdistribuidora.com\/index.php\/product\/eurostil-rollo-papel-aluminio-reflejos-mechas-x-50mt-51113\/","title":{"rendered":"Eurostil Rollo Papel Aluminio Reflejos Mechas X 50mt 51113"},"content":{"rendered":"<div id=\"technical_specifications\" class=\"ui-pdp-container__row ui-pdp-container__row--technical-specifications\">\n<div class=\"ui-pdp-specs\">\n<h2 class=\"ui-pdp-specs__title\">Caracter\u00edsticas principales<\/h2>\n<div class=\"ui-pdp-specs__table\">\n<table class=\"andes-table\">\n<tbody class=\"andes-table__body\">\n<tr class=\"andes-table__row\">\n<th class=\"andes-table__header andes-table__header--left ui-pdp-specs__table__column ui-pdp-specs__table__column-title\">Marca<\/th>\n<td class=\"andes-table__column andes-table__column--left ui-pdp-specs__table__column\"><span class=\"andes-table__column--value\">Eurostil<\/span><\/td>\n<\/tr>\n<tr class=\"andes-table__row\">\n<th class=\"andes-table__header andes-table__header--left ui-pdp-specs__table__column ui-pdp-specs__table__column-title\">Modelo<\/th>\n<td class=\"andes-table__column andes-table__column--left ui-pdp-specs__table__column\"><span class=\"andes-table__column--value\">Papel de Aluminio<\/span><\/td>\n<\/tr>\n<\/tbody>\n<\/table>\n<\/div>\n<\/div>\n<\/div>\n<div id=\"description\" class=\"ui-pdp-container__row ui-pdp-container__row--description\">\n<div class=\"ui-pdp-description\">\n<h2 class=\"ui-pdp-description__title\">Descripci\u00f3n<\/h2>\n<p class=\"ui-pdp-description__content\">ROLLO PAPEL ALUMINIO EUROSTIL REFLEJOS MECHAS 50 METROS<\/p>\n<p>Lamina fuerte y resistente, ideal para coloraci\u00f3n, mechas y reflejos.<\/p>\n<\/div>\n<\/div>\n","protected":false},"excerpt":{"rendered":"<p>Caracter\u00edsticas principales Marca Eurostil Modelo Papel de Aluminio Descripci\u00f3n ROLLO PAPEL ALUMINIO EUROSTIL REFLEJOS MECHAS 50 METROS Lamina fuerte y resistente, ideal para coloraci\u00f3n, mechas y reflejos.<\/p>\n","protected":false},"featured_media":4863,"comment_status":"open","ping_status":"closed","template":"","meta":[],"product_cat":[249,264,206],"product_tag":[656,658,657],"featured_image_urls":{"full":["https:\/\/ccgdistribuidora.com\/wp-content\/uploads\/2023\/04\/Eurostil-Rollo-Papel-Aluminio-Reflejos-Mechas-X-50mt-51113.jpg",700,700,false],"thumbnail":["https:\/\/ccgdistribuidora.com\/wp-content\/uploads\/2023\/04\/Eurostil-Rollo-Papel-Aluminio-Reflejos-Mechas-X-50mt-51113-150x150.jpg",150,150,true],"medium":["https:\/\/ccgdistribuidora.com\/wp-content\/uploads\/2023\/04\/Eurostil-Rollo-Papel-Aluminio-Reflejos-Mechas-X-50mt-51113-300x300.jpg",300,300,true],"medium_large":["https:\/\/ccgdistribuidora.com\/wp-content\/uploads\/2023\/04\/Eurostil-Rollo-Papel-Aluminio-Reflejos-Mechas-X-50mt-51113.jpg",700,700,false],"large":["https:\/\/ccgdistribuidora.com\/wp-content\/uploads\/2023\/04\/Eurostil-Rollo-Papel-Aluminio-Reflejos-Mechas-X-50mt-51113.jpg",700,700,false],"1536x1536":["https:\/\/ccgdistribuidora.com\/wp-content\/uploads\/2023\/04\/Eurostil-Rollo-Papel-Aluminio-Reflejos-Mechas-X-50mt-51113.jpg",700,700,false],"2048x2048":["https:\/\/ccgdistribuidora.com\/wp-content\/uploads\/2023\/04\/Eurostil-Rollo-Papel-Aluminio-Reflejos-Mechas-X-50mt-51113.jpg",700,700,false],"mailpoet_newsletter_max":["https:\/\/ccgdistribuidora.com\/wp-content\/uploads\/2023\/04\/Eurostil-Rollo-Papel-Aluminio-Reflejos-Mechas-X-50mt-51113.jpg",700,700,false],"woocommerce_thumbnail":["https:\/\/ccgdistribuidora.com\/wp-content\/uploads\/2023\/04\/Eurostil-Rollo-Papel-Aluminio-Reflejos-Mechas-X-50mt-51113-300x400.jpg",300,400,true],"woocommerce_single":["https:\/\/ccgdistribuidora.com\/wp-content\/uploads\/2023\/04\/Eurostil-Rollo-Papel-Aluminio-Reflejos-Mechas-X-50mt-51113-600x600.jpg",600,600,true],"woocommerce_gallery_thumbnail":["https:\/\/ccgdistribuidora.com\/wp-content\/uploads\/2023\/04\/Eurostil-Rollo-Papel-Aluminio-Reflejos-Mechas-X-50mt-51113-100x100.jpg",100,100,true],"dgwt-wcas-product-suggestion":["https:\/\/ccgdistribuidora.com\/wp-content\/uploads\/2023\/04\/Eurostil-Rollo-Papel-Aluminio-Reflejos-Mechas-X-50mt-51113-64x64.jpg",64,64,true]},"post_excerpt_stackable":"<p>Caracter\u00edsticas principales Marca Eurostil Modelo Papel de Aluminio Descripci\u00f3n ROLLO PAPEL ALUMINIO EUROSTIL REFLEJOS MECHAS 50 METROS Lamina fuerte y resistente, ideal para coloraci\u00f3n, mechas y reflejos.<\/p>\n","category_list":"","author_info":{"name":"","url":""},"comments_num":"0 comentarios","_links":{"self":[{"href":"https:\/\/ccgdistribuidora.com\/index.php\/wp-json\/wp\/v2\/product\/4861"}],"collection":[{"href":"https:\/\/ccgdistribuidora.com\/index.php\/wp-json\/wp\/v2\/product"}],"about":[{"href":"https:\/\/ccgdistribuidora.com\/index.php\/wp-json\/wp\/v2\/types\/product"}],"replies":[{"embeddable":true,"href":"https:\/\/ccgdistribuidora.com\/index.php\/wp-json\/wp\/v2\/comments?post=4861"}],"wp:featuredmedia":[{"embeddable":true,"href":"https:\/\/ccgdistribuidora.com\/index.php\/wp-json\/wp\/v2\/media\/4863"}],"wp:attachment":[{"href":"https:\/\/ccgdistribuidora.com\/index.php\/wp-json\/wp\/v2\/media?parent=4861"}],"wp:term":[{"taxonomy":"product_cat","embeddable":true,"href":"https:\/\/ccgdistribuidora.com\/index.php\/wp-json\/wp\/v2\/product_cat?post=4861"},{"taxonomy":"product_tag","embeddable":true,"href":"https:\/\/ccgdistribuidora.com\/index.php\/wp-json\/wp\/v2\/product_tag?post=4861"}],"curies":[{"name":"wp","href":"https:\/\/api.w.org\/{rel}","templated":true}]}}