{"id":4852,"date":"2023-04-24T20:20:03","date_gmt":"2023-04-24T23:20:03","guid":{"rendered":"https:\/\/ccgdistribuidora.com\/?post_type=product&#038;p=4852"},"modified":"2026-04-22T10:02:21","modified_gmt":"2026-04-22T13:02:21","slug":"activador-de-rulos-perfect-curly-kleno-sin-enjuage-x-150","status":"publish","type":"product","link":"https:\/\/ccgdistribuidora.com\/index.php\/product\/activador-de-rulos-perfect-curly-kleno-sin-enjuage-x-150\/","title":{"rendered":"Activador De Rulos Perfect Curly Kleno Sin Enjuage X 150"},"content":{"rendered":"<div class=\"ui-pdp-container__row\">\n<div class=\"ui-pdp-container__col col-1 ui-pdp-with--separator ui-pdp-with--separator--40\">\n<section class=\"ui-vpp-highlighted-specs pl-45 pr-45\">\n<div class=\"ui-pdp-container__row ui-pdp-container__row--technical-specifications\">\n<div class=\"ui-pdp-collapsable ui-vpp-highlighted-specs__striped-collapsed__action\">\n<div class=\"ui-pdp-collapsable__container\">\n<div class=\"ui-vpp-highlighted-specs__striped-specs\">\n<div class=\"ui-vpp-striped-specs\">\n<div class=\"ui-vpp-striped-specs__table\">\n<h3 class=\"ui-vpp-striped-specs__header\">Caracter\u00edsticas principales<\/h3>\n<table class=\"andes-table\">\n<tbody class=\"andes-table__body\">\n<tr class=\"andes-table__row ui-vpp-striped-specs__row\">\n<th class=\"andes-table__header andes-table__header--left ui-vpp-striped-specs__row__column ui-vpp-striped-specs__row__column--id\">Marca<\/th>\n<td class=\"andes-table__column andes-table__column--left ui-vpp-striped-specs__row__column\"><span class=\"andes-table__column--value\">Kleno<\/span><\/td>\n<\/tr>\n<tr class=\"andes-table__row ui-vpp-striped-specs__row\">\n<th class=\"andes-table__header andes-table__header--left ui-vpp-striped-specs__row__column ui-vpp-striped-specs__row__column--id\">L\u00ednea<\/th>\n<td class=\"andes-table__column andes-table__column--left ui-vpp-striped-specs__row__column\"><span class=\"andes-table__column--value\">Perfect Curly<\/span><\/td>\n<\/tr>\n<tr class=\"andes-table__row ui-vpp-striped-specs__row\">\n<th class=\"andes-table__header andes-table__header--left ui-vpp-striped-specs__row__column ui-vpp-striped-specs__row__column--id\">Es kit<\/th>\n<td class=\"andes-table__column andes-table__column--left ui-vpp-striped-specs__row__column\"><span class=\"andes-table__column--value\">No<\/span><\/td>\n<\/tr>\n<\/tbody>\n<\/table>\n<\/div>\n<\/div>\n<div class=\"ui-vpp-striped-specs\">\n<div class=\"ui-vpp-striped-specs__table\">\n<h3 class=\"ui-vpp-striped-specs__header\">Otros<\/h3>\n<table class=\"andes-table\">\n<tbody class=\"andes-table__body\">\n<tr class=\"andes-table__row ui-vpp-striped-specs__row\">\n<th class=\"andes-table__header andes-table__header--left ui-vpp-striped-specs__row__column ui-vpp-striped-specs__row__column--id\">Formato<\/th>\n<td class=\"andes-table__column andes-table__column--left ui-vpp-striped-specs__row__column\"><span class=\"andes-table__column--value\">Crema<\/span><\/td>\n<\/tr>\n<tr class=\"andes-table__row ui-vpp-striped-specs__row\">\n<th class=\"andes-table__header andes-table__header--left ui-vpp-striped-specs__row__column ui-vpp-striped-specs__row__column--id\">Presentaci\u00f3n<\/th>\n<td class=\"andes-table__column andes-table__column--left ui-vpp-striped-specs__row__column\"><span class=\"andes-table__column--value\">Botella<\/span><\/td>\n<\/tr>\n<tr class=\"andes-table__row ui-vpp-striped-specs__row\">\n<th class=\"andes-table__header andes-table__header--left ui-vpp-striped-specs__row__column ui-vpp-striped-specs__row__column--id\">Es hipoalerg\u00e9nica<\/th>\n<td class=\"andes-table__column andes-table__column--left ui-vpp-striped-specs__row__column\"><span class=\"andes-table__column--value\">No<\/span><\/td>\n<\/tr>\n<tr class=\"andes-table__row ui-vpp-striped-specs__row\">\n<th class=\"andes-table__header andes-table__header--left ui-vpp-striped-specs__row__column ui-vpp-striped-specs__row__column--id\">Es libre de crueldad<\/th>\n<td class=\"andes-table__column andes-table__column--left ui-vpp-striped-specs__row__column\"><span class=\"andes-table__column--value\">S\u00ed<\/span><\/td>\n<\/tr>\n<tr class=\"andes-table__row ui-vpp-striped-specs__row\">\n<th class=\"andes-table__header andes-table__header--left ui-vpp-striped-specs__row__column ui-vpp-striped-specs__row__column--id\">Con fragancia<\/th>\n<td class=\"andes-table__column andes-table__column--left ui-vpp-striped-specs__row__column\"><span class=\"andes-table__column--value\">S\u00ed<\/span><\/td>\n<\/tr>\n<\/tbody>\n<\/table>\n<\/div>\n<\/div>\n<\/div>\n<\/div>\n<\/div>\n<\/div>\n<\/section>\n<\/div>\n<\/div>\n<div class=\"ui-pdp-container__row\">\n<div class=\"ui-pdp-container__col col-1 ui-pdp-with--separator ui-pdp-with--separator--40\"><\/div>\n<\/div>\n<div class=\"ui-pdp-container__row\">\n<div class=\"ui-pdp-container__col col-1 ui-pdp-with--separator ui-pdp-with--separator--40\"><\/div>\n<\/div>\n<div class=\"ui-pdp-container__row\">\n<div class=\"ui-pdp-container__col col-1\">\n<div class=\"ui-pdp-description pl-45 pr-45 ui-pdp-collapsable--is-collapsed\">\n<h2 class=\"ui-pdp-description__title\">Descripci\u00f3n<\/h2>\n<\/div>\n<\/div>\n<\/div>\n<p>Activador de rulos Perfect Curly Kleno rulos perfectos<\/p>\n<p>Contenido: 150 cc.<\/p>\n<p>Es un tratamiento intensivo para rizos que limpia y fortifica el cabello aportando una definici\u00f3n duradera de los rulos. Otorga un cuidado intensivo, que nutren en profundidad y regenera la fibra capilar, aport\u00e1ndole una hidrataci\u00f3n superior.<\/p>\n<p>Caracter\u00edsticas:<br \/>\n&#8211; Reduce el frizz<br \/>\n&#8211; Otorga brillo extremo, logrando como resultado rulos muy manejables.<br \/>\n&#8211; Regenera la fibra capilar<br \/>\n&#8211; Previene la rotura del cabello<br \/>\n&#8211; Evita las puntas abiertas<br \/>\n&#8211; Proporciona una protecci\u00f3n t\u00e9rmica hasta 80*C<br \/>\n&#8211; Nutrici\u00f3n y brillo extremo<br \/>\n&#8211; Libre de sulfatos<br \/>\n&#8211; Libre de parabenos<br \/>\n&#8211; Libre de siliconas<br \/>\n&#8211; Libre de petrolatos<br \/>\n&#8211; Libre de sales<\/p>\n<p>Por su propia anatom\u00eda, los cabellos con rulos presentan mayor resistencia a los minerales que aportan nutrici\u00f3n en el cabello, por lo que es com\u00fan que se vean secos y faltos de vida.<\/p>\n<p>Las m\u00e1scaras y productos de peinado especialmente dise\u00f1ados para estos cabellos logran nutrirlos, hidratarlos y controlarlos, devolvi\u00e9ndoles su movimiento, salud y vida.<\/p>\n","protected":false},"excerpt":{"rendered":"<p>Caracter\u00edsticas principales Marca Kleno L\u00ednea Perfect Curly Es kit No Otros Formato Crema Presentaci\u00f3n Botella Es hipoalerg\u00e9nica No Es libre de crueldad S\u00ed Con fragancia S\u00ed Descripci\u00f3n Activador de rulos Perfect Curly Kleno rulos perfectos Contenido: 150 cc. Es un tratamiento intensivo para rizos que limpia y fortifica el cabello aportando una definici\u00f3n duradera de los rulos. Otorga un cuidado intensivo, que nutren en profundidad y regenera la fibra capilar, aport\u00e1ndole una hidrataci\u00f3n superior. Caracter\u00edsticas: &#8211; Reduce el frizz &#8211; Otorga brillo extremo, logrando como resultado rulos muy manejables. &#8211; Regenera la fibra capilar &#8211; Previene la rotura del cabello\u2026<\/p>\n","protected":false},"featured_media":4854,"comment_status":"open","ping_status":"closed","template":"","meta":[],"product_cat":[222,272,206],"product_tag":[649,568,650],"featured_image_urls":{"full":["https:\/\/ccgdistribuidora.com\/wp-content\/uploads\/2023\/04\/Activador-De-Rulos-Perfect-Curly-Kleno-Sin-Enjuage-X-150.jpg",700,700,false],"thumbnail":["https:\/\/ccgdistribuidora.com\/wp-content\/uploads\/2023\/04\/Activador-De-Rulos-Perfect-Curly-Kleno-Sin-Enjuage-X-150-150x150.jpg",150,150,true],"medium":["https:\/\/ccgdistribuidora.com\/wp-content\/uploads\/2023\/04\/Activador-De-Rulos-Perfect-Curly-Kleno-Sin-Enjuage-X-150-300x300.jpg",300,300,true],"medium_large":["https:\/\/ccgdistribuidora.com\/wp-content\/uploads\/2023\/04\/Activador-De-Rulos-Perfect-Curly-Kleno-Sin-Enjuage-X-150.jpg",700,700,false],"large":["https:\/\/ccgdistribuidora.com\/wp-content\/uploads\/2023\/04\/Activador-De-Rulos-Perfect-Curly-Kleno-Sin-Enjuage-X-150.jpg",700,700,false],"1536x1536":["https:\/\/ccgdistribuidora.com\/wp-content\/uploads\/2023\/04\/Activador-De-Rulos-Perfect-Curly-Kleno-Sin-Enjuage-X-150.jpg",700,700,false],"2048x2048":["https:\/\/ccgdistribuidora.com\/wp-content\/uploads\/2023\/04\/Activador-De-Rulos-Perfect-Curly-Kleno-Sin-Enjuage-X-150.jpg",700,700,false],"mailpoet_newsletter_max":["https:\/\/ccgdistribuidora.com\/wp-content\/uploads\/2023\/04\/Activador-De-Rulos-Perfect-Curly-Kleno-Sin-Enjuage-X-150.jpg",700,700,false],"woocommerce_thumbnail":["https:\/\/ccgdistribuidora.com\/wp-content\/uploads\/2023\/04\/Activador-De-Rulos-Perfect-Curly-Kleno-Sin-Enjuage-X-150-300x400.jpg",300,400,true],"woocommerce_single":["https:\/\/ccgdistribuidora.com\/wp-content\/uploads\/2023\/04\/Activador-De-Rulos-Perfect-Curly-Kleno-Sin-Enjuage-X-150-600x600.jpg",600,600,true],"woocommerce_gallery_thumbnail":["https:\/\/ccgdistribuidora.com\/wp-content\/uploads\/2023\/04\/Activador-De-Rulos-Perfect-Curly-Kleno-Sin-Enjuage-X-150-100x100.jpg",100,100,true],"dgwt-wcas-product-suggestion":["https:\/\/ccgdistribuidora.com\/wp-content\/uploads\/2023\/04\/Activador-De-Rulos-Perfect-Curly-Kleno-Sin-Enjuage-X-150-64x64.jpg",64,64,true]},"post_excerpt_stackable":"<p>Caracter\u00edsticas principales Marca Kleno L\u00ednea Perfect Curly Es kit No Otros Formato Crema Presentaci\u00f3n Botella Es hipoalerg\u00e9nica No Es libre de crueldad S\u00ed Con fragancia S\u00ed Descripci\u00f3n Activador de rulos Perfect Curly Kleno rulos perfectos Contenido: 150 cc. Es un tratamiento intensivo para rizos que limpia y fortifica el cabello aportando una definici\u00f3n duradera de los rulos. Otorga un cuidado intensivo, que nutren en profundidad y regenera la fibra capilar, aport\u00e1ndole una hidrataci\u00f3n superior. Caracter\u00edsticas: &#8211; Reduce el frizz &#8211; Otorga brillo extremo, logrando como resultado rulos muy manejables. &#8211; Regenera la fibra capilar &#8211; Previene la rotura del cabello&hellip;<\/p>\n","category_list":"","author_info":{"name":"","url":""},"comments_num":"0 comentarios","_links":{"self":[{"href":"https:\/\/ccgdistribuidora.com\/index.php\/wp-json\/wp\/v2\/product\/4852"}],"collection":[{"href":"https:\/\/ccgdistribuidora.com\/index.php\/wp-json\/wp\/v2\/product"}],"about":[{"href":"https:\/\/ccgdistribuidora.com\/index.php\/wp-json\/wp\/v2\/types\/product"}],"replies":[{"embeddable":true,"href":"https:\/\/ccgdistribuidora.com\/index.php\/wp-json\/wp\/v2\/comments?post=4852"}],"wp:featuredmedia":[{"embeddable":true,"href":"https:\/\/ccgdistribuidora.com\/index.php\/wp-json\/wp\/v2\/media\/4854"}],"wp:attachment":[{"href":"https:\/\/ccgdistribuidora.com\/index.php\/wp-json\/wp\/v2\/media?parent=4852"}],"wp:term":[{"taxonomy":"product_cat","embeddable":true,"href":"https:\/\/ccgdistribuidora.com\/index.php\/wp-json\/wp\/v2\/product_cat?post=4852"},{"taxonomy":"product_tag","embeddable":true,"href":"https:\/\/ccgdistribuidora.com\/index.php\/wp-json\/wp\/v2\/product_tag?post=4852"}],"curies":[{"name":"wp","href":"https:\/\/api.w.org\/{rel}","templated":true}]}}