{"id":4838,"date":"2023-04-24T19:42:48","date_gmt":"2023-04-24T22:42:48","guid":{"rendered":"https:\/\/ccgdistribuidora.com\/?post_type=product&#038;p=4838"},"modified":"2024-02-19T18:29:37","modified_gmt":"2024-02-19T21:29:37","slug":"kleno-smooth-in-motion-shampoo-para-lacios-con-argan-350cc","status":"publish","type":"product","link":"https:\/\/ccgdistribuidora.com\/index.php\/product\/kleno-smooth-in-motion-shampoo-para-lacios-con-argan-350cc\/","title":{"rendered":"Kleno Smooth In Motion Shampoo Para Lacios Con Argan 350cc"},"content":{"rendered":"<div class=\"ui-pdp-container__row\">\n<div class=\"ui-pdp-container__col col-1 ui-pdp-with--separator ui-pdp-with--separator--40\">\n<section class=\"ui-vpp-highlighted-specs pl-45 pr-45\">\n<div class=\"ui-pdp-container__row ui-pdp-container__row--technical-specifications\">\n<div class=\"ui-pdp-collapsable ui-vpp-highlighted-specs__striped-collapsed__action\">\n<div class=\"ui-pdp-collapsable__container\">\n<div class=\"ui-vpp-highlighted-specs__striped-specs\">\n<div class=\"ui-vpp-striped-specs\">\n<div class=\"ui-vpp-striped-specs__table\">\n<h3 class=\"ui-vpp-striped-specs__header\">Caracter\u00edsticas principales<\/h3>\n<table class=\"andes-table\">\n<tbody class=\"andes-table__body\">\n<tr class=\"andes-table__row ui-vpp-striped-specs__row\">\n<th class=\"andes-table__header andes-table__header--left ui-vpp-striped-specs__row__column ui-vpp-striped-specs__row__column--id\">Marca<\/th>\n<td class=\"andes-table__column andes-table__column--left ui-vpp-striped-specs__row__column\"><span class=\"andes-table__column--value\">Kleno<\/span><\/td>\n<\/tr>\n<tr class=\"andes-table__row ui-vpp-striped-specs__row\">\n<th class=\"andes-table__header andes-table__header--left ui-vpp-striped-specs__row__column ui-vpp-striped-specs__row__column--id\">Nombre<\/th>\n<td class=\"andes-table__column andes-table__column--left ui-vpp-striped-specs__row__column\"><span class=\"andes-table__column--value\">Smooth In Motion<\/span><\/td>\n<\/tr>\n<tr class=\"andes-table__row ui-vpp-striped-specs__row\">\n<th class=\"andes-table__header andes-table__header--left ui-vpp-striped-specs__row__column ui-vpp-striped-specs__row__column--id\">Tipo<\/th>\n<td class=\"andes-table__column andes-table__column--left ui-vpp-striped-specs__row__column\"><span class=\"andes-table__column--value\">Shampoo<\/span><\/td>\n<\/tr>\n<tr class=\"andes-table__row ui-vpp-striped-specs__row\">\n<th class=\"andes-table__header andes-table__header--left ui-vpp-striped-specs__row__column ui-vpp-striped-specs__row__column--id\">Presentaci\u00f3n<\/th>\n<td class=\"andes-table__column andes-table__column--left ui-vpp-striped-specs__row__column\"><span class=\"andes-table__column--value\">Botella<\/span><\/td>\n<\/tr>\n<\/tbody>\n<\/table>\n<\/div>\n<\/div>\n<div class=\"ui-vpp-striped-specs\">\n<div class=\"ui-vpp-striped-specs__table\">\n<h3 class=\"ui-vpp-striped-specs__header\">Otros<\/h3>\n<table class=\"andes-table\">\n<tbody class=\"andes-table__body\">\n<tr class=\"andes-table__row ui-vpp-striped-specs__row\">\n<th class=\"andes-table__header andes-table__header--left ui-vpp-striped-specs__row__column ui-vpp-striped-specs__row__column--id\">Tipos de cabello<\/th>\n<td class=\"andes-table__column andes-table__column--left ui-vpp-striped-specs__row__column\"><span class=\"andes-table__column--value\">Lacios<\/span><\/td>\n<\/tr>\n<tr class=\"andes-table__row ui-vpp-striped-specs__row\">\n<th class=\"andes-table__header andes-table__header--left ui-vpp-striped-specs__row__column ui-vpp-striped-specs__row__column--id\">Est\u00e1 dermatol\u00f3gicamente testeado<\/th>\n<td class=\"andes-table__column andes-table__column--left ui-vpp-striped-specs__row__column\"><span class=\"andes-table__column--value\">S\u00ed<\/span><\/td>\n<\/tr>\n<tr class=\"andes-table__row ui-vpp-striped-specs__row\">\n<th class=\"andes-table__header andes-table__header--left ui-vpp-striped-specs__row__column ui-vpp-striped-specs__row__column--id\">Es vegano<\/th>\n<td class=\"andes-table__column andes-table__column--left ui-vpp-striped-specs__row__column\"><span class=\"andes-table__column--value\">No<\/span><\/td>\n<\/tr>\n<\/tbody>\n<\/table>\n<\/div>\n<\/div>\n<\/div>\n<\/div>\n<\/div>\n<\/div>\n<\/section>\n<\/div>\n<\/div>\n<div class=\"ui-pdp-container__row\">\n<div class=\"ui-pdp-container__col col-1 ui-pdp-with--separator ui-pdp-with--separator--40\"><\/div>\n<\/div>\n<div class=\"ui-pdp-container__row\">\n<div class=\"ui-pdp-container__col col-1 ui-pdp-with--separator ui-pdp-with--separator--40\"><\/div>\n<\/div>\n<div class=\"ui-pdp-container__row\">\n<div class=\"ui-pdp-container__col col-1\">\n<div class=\"ui-pdp-description pl-45 pr-45 ui-pdp-collapsable--is-collapsed\">\n<h2 class=\"ui-pdp-description__title\">Descripci\u00f3n<\/h2>\n<p>Shampoo para pelo lacio\u00a0engrosador Smooth In Motion\u00a0Kleno<\/p>\n<p><span data-sheets-userformat=\"{2:513,3:{1:0},12:0}\" data-sheets-value=\"{1:2,2:productos kleno}\">Productos Kleno\u00a0<\/span>Lacios\u00a0es un tratamiento capilar intensivo para cabellos lacios naturales que limpia y fortifica el cabello aport\u00e1ndole mucha suavidad y brillo.<\/p>\n<p>Otorga un cuidado intensivo que nutre en profundidad y regenera la fibra capilar, aport\u00e1ndole un aspecto saludable y realmente hermosos.<\/p>\n<p>Reduce el frizz devolvi\u00e9ndole su soltura y su flexibilidad natural.<\/p>\n<p>Regenera la fibra capilar, previene la rotura del cabello y evita las puntas abiertas,<\/p>\n<p>Proporciona una protecci\u00f3n t\u00e9rmica hasta 80\u00b0C.<\/p>\n<p>Presentaci\u00f3n: Shampoo Kleno\u00a0350 Ml.<\/p>\n<p>Caracter\u00edsticas<\/p>\n<p>&#8211; Engrosador y Antifrizz<br \/>\n&#8211; Sin Sulfatos, Parabenos, Siliconas, Petrolato, Sales.<br \/>\n&#8211; Arg\u00e1n + 11 Amino\u00e1cidos<br \/>\n&#8211; Anti Quiebre<\/p>\n<p>Modo de Uso<br \/>\nAplicar con el cabello mojado y masajear con las yemas de los dedos hasta formar una abundante espuma. Luego enjuagar. Repetir este procedimiento una vez m\u00e1s.<\/p>\n<\/div>\n<\/div>\n<\/div>\n","protected":false},"excerpt":{"rendered":"<p>Caracter\u00edsticas principales Marca Kleno Nombre Smooth In Motion Tipo Shampoo Presentaci\u00f3n Botella Otros Tipos de cabello Lacios Est\u00e1 dermatol\u00f3gicamente testeado S\u00ed Es vegano No Descripci\u00f3n Shampoo para pelo lacio\u00a0engrosador Smooth In Motion\u00a0Kleno Productos Kleno\u00a0Lacios\u00a0es un tratamiento capilar intensivo para cabellos lacios naturales que limpia y fortifica el cabello aport\u00e1ndole mucha suavidad y brillo. Otorga un cuidado intensivo que nutre en profundidad y regenera la fibra capilar, aport\u00e1ndole un aspecto saludable y realmente hermosos. Reduce el frizz devolvi\u00e9ndole su soltura y su flexibilidad natural. Regenera la fibra capilar, previene la rotura del cabello y evita las puntas abiertas, Proporciona una protecci\u00f3n\u2026<\/p>\n","protected":false},"featured_media":4840,"comment_status":"open","ping_status":"closed","template":"","meta":[],"product_cat":[222,272,206],"product_tag":[568,641],"featured_image_urls":{"full":["https:\/\/ccgdistribuidora.com\/wp-content\/uploads\/2023\/04\/Kleno-Smooth-In-Motion-Shampoo-Para-Lacios-Con-Argan-350cc.jpg",700,700,false],"thumbnail":["https:\/\/ccgdistribuidora.com\/wp-content\/uploads\/2023\/04\/Kleno-Smooth-In-Motion-Shampoo-Para-Lacios-Con-Argan-350cc-150x150.jpg",150,150,true],"medium":["https:\/\/ccgdistribuidora.com\/wp-content\/uploads\/2023\/04\/Kleno-Smooth-In-Motion-Shampoo-Para-Lacios-Con-Argan-350cc-300x300.jpg",300,300,true],"medium_large":["https:\/\/ccgdistribuidora.com\/wp-content\/uploads\/2023\/04\/Kleno-Smooth-In-Motion-Shampoo-Para-Lacios-Con-Argan-350cc.jpg",700,700,false],"large":["https:\/\/ccgdistribuidora.com\/wp-content\/uploads\/2023\/04\/Kleno-Smooth-In-Motion-Shampoo-Para-Lacios-Con-Argan-350cc.jpg",700,700,false],"1536x1536":["https:\/\/ccgdistribuidora.com\/wp-content\/uploads\/2023\/04\/Kleno-Smooth-In-Motion-Shampoo-Para-Lacios-Con-Argan-350cc.jpg",700,700,false],"2048x2048":["https:\/\/ccgdistribuidora.com\/wp-content\/uploads\/2023\/04\/Kleno-Smooth-In-Motion-Shampoo-Para-Lacios-Con-Argan-350cc.jpg",700,700,false],"mailpoet_newsletter_max":["https:\/\/ccgdistribuidora.com\/wp-content\/uploads\/2023\/04\/Kleno-Smooth-In-Motion-Shampoo-Para-Lacios-Con-Argan-350cc.jpg",700,700,false],"woocommerce_thumbnail":["https:\/\/ccgdistribuidora.com\/wp-content\/uploads\/2023\/04\/Kleno-Smooth-In-Motion-Shampoo-Para-Lacios-Con-Argan-350cc-300x400.jpg",300,400,true],"woocommerce_single":["https:\/\/ccgdistribuidora.com\/wp-content\/uploads\/2023\/04\/Kleno-Smooth-In-Motion-Shampoo-Para-Lacios-Con-Argan-350cc-600x600.jpg",600,600,true],"woocommerce_gallery_thumbnail":["https:\/\/ccgdistribuidora.com\/wp-content\/uploads\/2023\/04\/Kleno-Smooth-In-Motion-Shampoo-Para-Lacios-Con-Argan-350cc-100x100.jpg",100,100,true],"dgwt-wcas-product-suggestion":["https:\/\/ccgdistribuidora.com\/wp-content\/uploads\/2023\/04\/Kleno-Smooth-In-Motion-Shampoo-Para-Lacios-Con-Argan-350cc-64x64.jpg",64,64,true]},"post_excerpt_stackable":"<p>Caracter\u00edsticas principales Marca Kleno Nombre Smooth In Motion Tipo Shampoo Presentaci\u00f3n Botella Otros Tipos de cabello Lacios Est\u00e1 dermatol\u00f3gicamente testeado S\u00ed Es vegano No Descripci\u00f3n Shampoo para pelo lacio\u00a0engrosador Smooth In Motion\u00a0Kleno Productos Kleno\u00a0Lacios\u00a0es un tratamiento capilar intensivo para cabellos lacios naturales que limpia y fortifica el cabello aport\u00e1ndole mucha suavidad y brillo. Otorga un cuidado intensivo que nutre en profundidad y regenera la fibra capilar, aport\u00e1ndole un aspecto saludable y realmente hermosos. Reduce el frizz devolvi\u00e9ndole su soltura y su flexibilidad natural. Regenera la fibra capilar, previene la rotura del cabello y evita las puntas abiertas, Proporciona una protecci\u00f3n&hellip;<\/p>\n","category_list":"","author_info":{"name":"","url":""},"comments_num":"0 comentarios","_links":{"self":[{"href":"https:\/\/ccgdistribuidora.com\/index.php\/wp-json\/wp\/v2\/product\/4838"}],"collection":[{"href":"https:\/\/ccgdistribuidora.com\/index.php\/wp-json\/wp\/v2\/product"}],"about":[{"href":"https:\/\/ccgdistribuidora.com\/index.php\/wp-json\/wp\/v2\/types\/product"}],"replies":[{"embeddable":true,"href":"https:\/\/ccgdistribuidora.com\/index.php\/wp-json\/wp\/v2\/comments?post=4838"}],"wp:featuredmedia":[{"embeddable":true,"href":"https:\/\/ccgdistribuidora.com\/index.php\/wp-json\/wp\/v2\/media\/4840"}],"wp:attachment":[{"href":"https:\/\/ccgdistribuidora.com\/index.php\/wp-json\/wp\/v2\/media?parent=4838"}],"wp:term":[{"taxonomy":"product_cat","embeddable":true,"href":"https:\/\/ccgdistribuidora.com\/index.php\/wp-json\/wp\/v2\/product_cat?post=4838"},{"taxonomy":"product_tag","embeddable":true,"href":"https:\/\/ccgdistribuidora.com\/index.php\/wp-json\/wp\/v2\/product_tag?post=4838"}],"curies":[{"name":"wp","href":"https:\/\/api.w.org\/{rel}","templated":true}]}}