{"id":4807,"date":"2023-04-24T16:37:49","date_gmt":"2023-04-24T19:37:49","guid":{"rendered":"https:\/\/ccgdistribuidora.com\/?post_type=product&#038;p=4807"},"modified":"2024-02-19T18:40:24","modified_gmt":"2024-02-19T21:40:24","slug":"locion-kleno-hair-resist-anti-caida-con-aminoacidos-x-100","status":"publish","type":"product","link":"https:\/\/ccgdistribuidora.com\/index.php\/product\/locion-kleno-hair-resist-anti-caida-con-aminoacidos-x-100\/","title":{"rendered":"Locion Kleno Hair Resist Anti Caida Con Aminoacidos X 100"},"content":{"rendered":"<div>\n<div class=\"ui-pdp-container__row\">\n<div class=\"ui-pdp-container__col col-1 ui-pdp-with--separator ui-pdp-with--separator--40\">\n<section class=\"ui-vpp-highlighted-specs pl-45 pr-45\">\n<div class=\"ui-pdp-container__row ui-pdp-container__row--technical-specifications\">\n<div class=\"ui-pdp-collapsable ui-vpp-highlighted-specs__striped-collapsed__action\">\n<div class=\"ui-pdp-collapsable__container\">\n<div class=\"ui-vpp-highlighted-specs__striped-specs\">\n<div class=\"ui-vpp-striped-specs\">\n<div class=\"ui-vpp-striped-specs__table\">\n<h3 class=\"ui-vpp-striped-specs__header\">Caracter\u00edsticas principales<\/h3>\n<table class=\"andes-table\">\n<tbody class=\"andes-table__body\">\n<tr class=\"andes-table__row ui-vpp-striped-specs__row\">\n<th class=\"andes-table__header andes-table__header--left ui-vpp-striped-specs__row__column ui-vpp-striped-specs__row__column--id\">Marca<\/th>\n<td class=\"andes-table__column andes-table__column--left ui-vpp-striped-specs__row__column\"><span class=\"andes-table__column--value\">Kleno<\/span><\/td>\n<\/tr>\n<tr class=\"andes-table__row ui-vpp-striped-specs__row\">\n<th class=\"andes-table__header andes-table__header--left ui-vpp-striped-specs__row__column ui-vpp-striped-specs__row__column--id\">L\u00ednea<\/th>\n<td class=\"andes-table__column andes-table__column--left ui-vpp-striped-specs__row__column\"><span class=\"andes-table__column--value\">Hair Resist<\/span><\/td>\n<\/tr>\n<tr class=\"andes-table__row ui-vpp-striped-specs__row\">\n<th class=\"andes-table__header andes-table__header--left ui-vpp-striped-specs__row__column ui-vpp-striped-specs__row__column--id\">Tipo de producto<\/th>\n<td class=\"andes-table__column andes-table__column--left ui-vpp-striped-specs__row__column\"><span class=\"andes-table__column--value\">Loci\u00f3n<\/span><\/td>\n<\/tr>\n<tr class=\"andes-table__row ui-vpp-striped-specs__row\">\n<th class=\"andes-table__header andes-table__header--left ui-vpp-striped-specs__row__column ui-vpp-striped-specs__row__column--id\">Es kit<\/th>\n<td class=\"andes-table__column andes-table__column--left ui-vpp-striped-specs__row__column\"><span class=\"andes-table__column--value\">No<\/span><\/td>\n<\/tr>\n<tr class=\"andes-table__row ui-vpp-striped-specs__row\">\n<th class=\"andes-table__header andes-table__header--left ui-vpp-striped-specs__row__column ui-vpp-striped-specs__row__column--id\">Unidades por envase<\/th>\n<td class=\"andes-table__column andes-table__column--left ui-vpp-striped-specs__row__column\"><span class=\"andes-table__column--value\">1<\/span><\/td>\n<\/tr>\n<tr class=\"andes-table__row ui-vpp-striped-specs__row\">\n<th class=\"andes-table__header andes-table__header--left ui-vpp-striped-specs__row__column ui-vpp-striped-specs__row__column--id\">Formato de venta<\/th>\n<td class=\"andes-table__column andes-table__column--left ui-vpp-striped-specs__row__column\"><span class=\"andes-table__column--value\">Unidad<\/span><\/td>\n<\/tr>\n<tr class=\"andes-table__row ui-vpp-striped-specs__row\">\n<th class=\"andes-table__header andes-table__header--left ui-vpp-striped-specs__row__column ui-vpp-striped-specs__row__column--id\">Unidades por pack<\/th>\n<td class=\"andes-table__column andes-table__column--left ui-vpp-striped-specs__row__column\"><span class=\"andes-table__column--value\">1<\/span><\/td>\n<\/tr>\n<tr class=\"andes-table__row ui-vpp-striped-specs__row\">\n<th class=\"andes-table__header andes-table__header--left ui-vpp-striped-specs__row__column ui-vpp-striped-specs__row__column--id\">Peso neto<\/th>\n<td class=\"andes-table__column andes-table__column--left ui-vpp-striped-specs__row__column\"><span class=\"andes-table__column--value\">100 g<\/span><\/td>\n<\/tr>\n<tr class=\"andes-table__row ui-vpp-striped-specs__row\">\n<th class=\"andes-table__header andes-table__header--left ui-vpp-striped-specs__row__column ui-vpp-striped-specs__row__column--id\">Volumen neto<\/th>\n<td class=\"andes-table__column andes-table__column--left ui-vpp-striped-specs__row__column\"><span class=\"andes-table__column--value\">100 mL<\/span><\/td>\n<\/tr>\n<\/tbody>\n<\/table>\n<\/div>\n<\/div>\n<div class=\"ui-vpp-striped-specs\">\n<div class=\"ui-vpp-striped-specs__table\">\n<h3 class=\"ui-vpp-striped-specs__header\">Otros<\/h3>\n<table class=\"andes-table\">\n<tbody class=\"andes-table__body\">\n<tr class=\"andes-table__row ui-vpp-striped-specs__row\">\n<th class=\"andes-table__header andes-table__header--left ui-vpp-striped-specs__row__column ui-vpp-striped-specs__row__column--id\">Efectos<\/th>\n<td class=\"andes-table__column andes-table__column--left ui-vpp-striped-specs__row__column\"><span class=\"andes-table__column--value\">Antica\u00edda<\/span><\/td>\n<\/tr>\n<\/tbody>\n<\/table>\n<\/div>\n<\/div>\n<\/div>\n<\/div>\n<\/div>\n<\/div>\n<\/section>\n<\/div>\n<\/div>\n<div class=\"ui-pdp-container__row\">\n<div class=\"ui-pdp-container__col col-1 ui-pdp-with--separator ui-pdp-with--separator--40\"><\/div>\n<\/div>\n<div class=\"ui-pdp-container__row\">\n<div class=\"ui-pdp-container__col col-1 ui-pdp-with--separator ui-pdp-with--separator--40\"><\/div>\n<\/div>\n<div class=\"ui-pdp-container__row\">\n<div class=\"ui-pdp-container__col col-1\">\n<div class=\"ui-pdp-description pl-45 pr-45 ui-pdp-collapsable--is-collapsed\">\n<h2 class=\"ui-pdp-description__title\">Descripci\u00f3n<\/h2>\n<\/div>\n<\/div>\n<\/div>\n<p>HAIR RESIST KLENO es un complejo biol\u00f3gico, bot\u00e1nico y biotecnol\u00f3gico destinado a reducir la p\u00e9rdida de cabello y estimular su crecimiento. Por su alta concentraci\u00f3n de Amino\u00e1cidos del crecimiento tales como la Arginina, Prote\u00ednas de Placenta, Prote\u00ednas de Soja; y Vitaminas tales como la Biotina (Vitamina B-9) y \u00a0el Panthenol (Vitamina B-5), HAIR RESIST KLENO es un poderoso agente nutritivo de la ra\u00edz, restructurando la fibra capilar y logrando que el cabello crezca m\u00e1s fuerte, obteniendo as\u00ed cabellos resistentes, suaves y brillantes.<\/p>\n<ul>\n<li>Tratamiento Antica\u00edda con Amino\u00e1cidos del Crecimiento<\/li>\n<\/ul>\n<\/div>\n<div>Modo de Uso:\u00a0\u00a0Aplicar sobre el cuero cabelludo, secci\u00f3n por secci\u00f3n, sobre el cabello seco o secado previamente con una toalla. Realizar un masaje ejerciendo una ligera presi\u00f3n con las puntas de los dedos. Esta ampolla debe utilizarse en \u00a0tratamientos intensivos, alternando su uso con la Loci\u00f3n HAIR RESIST KLENO, 3 veces por semana. Se recomienda realizar \u00e9ste tratamiento durante 2 meses, ya que los primeros resultados se ver\u00e1n a las 6 semanas de comenzado. Se aconseja lavar el cabello diariamente con Shampoo HAIR RESIST, ya que sus componentes favorecen al tratamiento.<\/div>\n","protected":false},"excerpt":{"rendered":"<p>Caracter\u00edsticas principales Marca Kleno L\u00ednea Hair Resist Tipo de producto Loci\u00f3n Es kit No Unidades por envase 1 Formato de venta Unidad Unidades por pack 1 Peso neto 100 g Volumen neto 100 mL Otros Efectos Antica\u00edda Descripci\u00f3n HAIR RESIST KLENO es un complejo biol\u00f3gico, bot\u00e1nico y biotecnol\u00f3gico destinado a reducir la p\u00e9rdida de cabello y estimular su crecimiento. Por su alta concentraci\u00f3n de Amino\u00e1cidos del crecimiento tales como la Arginina, Prote\u00ednas de Placenta, Prote\u00ednas de Soja; y Vitaminas tales como la Biotina (Vitamina B-9) y \u00a0el Panthenol (Vitamina B-5), HAIR RESIST KLENO es un poderoso agente nutritivo de la\u2026<\/p>\n","protected":false},"featured_media":4809,"comment_status":"open","ping_status":"closed","template":"","meta":[],"product_cat":[222,272,206],"product_tag":[627,568,626],"featured_image_urls":{"full":["https:\/\/ccgdistribuidora.com\/wp-content\/uploads\/2023\/04\/Locion-Kleno-Hair-Resist-Anti-Caida-Con-Aminoacidos-X-100.jpg",700,700,false],"thumbnail":["https:\/\/ccgdistribuidora.com\/wp-content\/uploads\/2023\/04\/Locion-Kleno-Hair-Resist-Anti-Caida-Con-Aminoacidos-X-100-150x150.jpg",150,150,true],"medium":["https:\/\/ccgdistribuidora.com\/wp-content\/uploads\/2023\/04\/Locion-Kleno-Hair-Resist-Anti-Caida-Con-Aminoacidos-X-100-300x300.jpg",300,300,true],"medium_large":["https:\/\/ccgdistribuidora.com\/wp-content\/uploads\/2023\/04\/Locion-Kleno-Hair-Resist-Anti-Caida-Con-Aminoacidos-X-100.jpg",700,700,false],"large":["https:\/\/ccgdistribuidora.com\/wp-content\/uploads\/2023\/04\/Locion-Kleno-Hair-Resist-Anti-Caida-Con-Aminoacidos-X-100.jpg",700,700,false],"1536x1536":["https:\/\/ccgdistribuidora.com\/wp-content\/uploads\/2023\/04\/Locion-Kleno-Hair-Resist-Anti-Caida-Con-Aminoacidos-X-100.jpg",700,700,false],"2048x2048":["https:\/\/ccgdistribuidora.com\/wp-content\/uploads\/2023\/04\/Locion-Kleno-Hair-Resist-Anti-Caida-Con-Aminoacidos-X-100.jpg",700,700,false],"mailpoet_newsletter_max":["https:\/\/ccgdistribuidora.com\/wp-content\/uploads\/2023\/04\/Locion-Kleno-Hair-Resist-Anti-Caida-Con-Aminoacidos-X-100.jpg",700,700,false],"woocommerce_thumbnail":["https:\/\/ccgdistribuidora.com\/wp-content\/uploads\/2023\/04\/Locion-Kleno-Hair-Resist-Anti-Caida-Con-Aminoacidos-X-100-300x400.jpg",300,400,true],"woocommerce_single":["https:\/\/ccgdistribuidora.com\/wp-content\/uploads\/2023\/04\/Locion-Kleno-Hair-Resist-Anti-Caida-Con-Aminoacidos-X-100-600x600.jpg",600,600,true],"woocommerce_gallery_thumbnail":["https:\/\/ccgdistribuidora.com\/wp-content\/uploads\/2023\/04\/Locion-Kleno-Hair-Resist-Anti-Caida-Con-Aminoacidos-X-100-100x100.jpg",100,100,true],"dgwt-wcas-product-suggestion":["https:\/\/ccgdistribuidora.com\/wp-content\/uploads\/2023\/04\/Locion-Kleno-Hair-Resist-Anti-Caida-Con-Aminoacidos-X-100-64x64.jpg",64,64,true]},"post_excerpt_stackable":"<p>Caracter\u00edsticas principales Marca Kleno L\u00ednea Hair Resist Tipo de producto Loci\u00f3n Es kit No Unidades por envase 1 Formato de venta Unidad Unidades por pack 1 Peso neto 100 g Volumen neto 100 mL Otros Efectos Antica\u00edda Descripci\u00f3n HAIR RESIST KLENO es un complejo biol\u00f3gico, bot\u00e1nico y biotecnol\u00f3gico destinado a reducir la p\u00e9rdida de cabello y estimular su crecimiento. Por su alta concentraci\u00f3n de Amino\u00e1cidos del crecimiento tales como la Arginina, Prote\u00ednas de Placenta, Prote\u00ednas de Soja; y Vitaminas tales como la Biotina (Vitamina B-9) y \u00a0el Panthenol (Vitamina B-5), HAIR RESIST KLENO es un poderoso agente nutritivo de la&hellip;<\/p>\n","category_list":"","author_info":{"name":"","url":""},"comments_num":"0 comentarios","_links":{"self":[{"href":"https:\/\/ccgdistribuidora.com\/index.php\/wp-json\/wp\/v2\/product\/4807"}],"collection":[{"href":"https:\/\/ccgdistribuidora.com\/index.php\/wp-json\/wp\/v2\/product"}],"about":[{"href":"https:\/\/ccgdistribuidora.com\/index.php\/wp-json\/wp\/v2\/types\/product"}],"replies":[{"embeddable":true,"href":"https:\/\/ccgdistribuidora.com\/index.php\/wp-json\/wp\/v2\/comments?post=4807"}],"wp:featuredmedia":[{"embeddable":true,"href":"https:\/\/ccgdistribuidora.com\/index.php\/wp-json\/wp\/v2\/media\/4809"}],"wp:attachment":[{"href":"https:\/\/ccgdistribuidora.com\/index.php\/wp-json\/wp\/v2\/media?parent=4807"}],"wp:term":[{"taxonomy":"product_cat","embeddable":true,"href":"https:\/\/ccgdistribuidora.com\/index.php\/wp-json\/wp\/v2\/product_cat?post=4807"},{"taxonomy":"product_tag","embeddable":true,"href":"https:\/\/ccgdistribuidora.com\/index.php\/wp-json\/wp\/v2\/product_tag?post=4807"}],"curies":[{"name":"wp","href":"https:\/\/api.w.org\/{rel}","templated":true}]}}