{"id":4804,"date":"2023-04-24T16:27:42","date_gmt":"2023-04-24T19:27:42","guid":{"rendered":"https:\/\/ccgdistribuidora.com\/?post_type=product&#038;p=4804"},"modified":"2024-02-19T18:40:48","modified_gmt":"2024-02-19T21:40:48","slug":"acondicionador-kleno-hair-resist-anti-caida-aminoacido-x-300","status":"publish","type":"product","link":"https:\/\/ccgdistribuidora.com\/index.php\/product\/acondicionador-kleno-hair-resist-anti-caida-aminoacido-x-300\/","title":{"rendered":"Acondicionador Kleno Hair Resist Anti Caida Aminoacido X 300"},"content":{"rendered":"<div class=\"ui-pdp-container__row\">\n<div class=\"ui-pdp-container__col col-1 ui-pdp-with--separator ui-pdp-with--separator--40\">\n<section class=\"ui-vpp-highlighted-specs pl-45 pr-45\">\n<div class=\"ui-pdp-container__row ui-pdp-container__row--technical-specifications\">\n<div class=\"ui-pdp-collapsable ui-vpp-highlighted-specs__striped-collapsed__action\">\n<div class=\"ui-pdp-collapsable__container\">\n<div class=\"ui-vpp-highlighted-specs__striped-specs\">\n<div class=\"ui-vpp-striped-specs\">\n<div class=\"ui-vpp-striped-specs__table\">\n<h3 class=\"ui-vpp-striped-specs__header\">Caracter\u00edsticas principales<\/h3>\n<table class=\"andes-table\">\n<tbody class=\"andes-table__body\">\n<tr class=\"andes-table__row ui-vpp-striped-specs__row\">\n<th class=\"andes-table__header andes-table__header--left ui-vpp-striped-specs__row__column ui-vpp-striped-specs__row__column--id\">Marca<\/th>\n<td class=\"andes-table__column andes-table__column--left ui-vpp-striped-specs__row__column\"><span class=\"andes-table__column--value\">Kleno<\/span><\/td>\n<\/tr>\n<tr class=\"andes-table__row ui-vpp-striped-specs__row\">\n<th class=\"andes-table__header andes-table__header--left ui-vpp-striped-specs__row__column ui-vpp-striped-specs__row__column--id\">L\u00ednea<\/th>\n<td class=\"andes-table__column andes-table__column--left ui-vpp-striped-specs__row__column\"><span class=\"andes-table__column--value\">HAIR RESIST<\/span><\/td>\n<\/tr>\n<tr class=\"andes-table__row ui-vpp-striped-specs__row\">\n<th class=\"andes-table__header andes-table__header--left ui-vpp-striped-specs__row__column ui-vpp-striped-specs__row__column--id\">Tipo<\/th>\n<td class=\"andes-table__column andes-table__column--left ui-vpp-striped-specs__row__column\"><span class=\"andes-table__column--value\">Acondicionador<\/span><\/td>\n<\/tr>\n<tr class=\"andes-table__row ui-vpp-striped-specs__row\">\n<th class=\"andes-table__header andes-table__header--left ui-vpp-striped-specs__row__column ui-vpp-striped-specs__row__column--id\">Presentaci\u00f3n<\/th>\n<td class=\"andes-table__column andes-table__column--left ui-vpp-striped-specs__row__column\"><span class=\"andes-table__column--value\">Botella<\/span><\/td>\n<\/tr>\n<tr class=\"andes-table__row ui-vpp-striped-specs__row\">\n<th class=\"andes-table__header andes-table__header--left ui-vpp-striped-specs__row__column ui-vpp-striped-specs__row__column--id\">Contenido total en peso<\/th>\n<td class=\"andes-table__column andes-table__column--left ui-vpp-striped-specs__row__column\"><span class=\"andes-table__column--value\">300 g<\/span><\/td>\n<\/tr>\n<tr class=\"andes-table__row ui-vpp-striped-specs__row\">\n<th class=\"andes-table__header andes-table__header--left ui-vpp-striped-specs__row__column ui-vpp-striped-specs__row__column--id\">Contenido total en volumen<\/th>\n<td class=\"andes-table__column andes-table__column--left ui-vpp-striped-specs__row__column\"><span class=\"andes-table__column--value\">300 mL<\/span><\/td>\n<\/tr>\n<tr class=\"andes-table__row ui-vpp-striped-specs__row\">\n<th class=\"andes-table__header andes-table__header--left ui-vpp-striped-specs__row__column ui-vpp-striped-specs__row__column--id\">Formato de venta<\/th>\n<td class=\"andes-table__column andes-table__column--left ui-vpp-striped-specs__row__column\"><span class=\"andes-table__column--value\">Unidad<\/span><\/td>\n<\/tr>\n<tr class=\"andes-table__row ui-vpp-striped-specs__row\">\n<th class=\"andes-table__header andes-table__header--left ui-vpp-striped-specs__row__column ui-vpp-striped-specs__row__column--id\">Unidades por pack<\/th>\n<td class=\"andes-table__column andes-table__column--left ui-vpp-striped-specs__row__column\"><span class=\"andes-table__column--value\">1<\/span><\/td>\n<\/tr>\n<\/tbody>\n<\/table>\n<\/div>\n<\/div>\n<div class=\"ui-vpp-striped-specs\">\n<div class=\"ui-vpp-striped-specs__table\">\n<h3 class=\"ui-vpp-striped-specs__header\">Otros<\/h3>\n<table class=\"andes-table\">\n<tbody class=\"andes-table__body\">\n<tr class=\"andes-table__row ui-vpp-striped-specs__row\">\n<th class=\"andes-table__header andes-table__header--left ui-vpp-striped-specs__row__column ui-vpp-striped-specs__row__column--id\">Tipos de cuidado del cabello<\/th>\n<td class=\"andes-table__column andes-table__column--left ui-vpp-striped-specs__row__column\"><span class=\"andes-table__column--value\">Antica\u00edda<\/span><\/td>\n<\/tr>\n<\/tbody>\n<\/table>\n<\/div>\n<\/div>\n<\/div>\n<\/div>\n<\/div>\n<\/div>\n<\/section>\n<\/div>\n<\/div>\n<div class=\"ui-pdp-container__row\">\n<div class=\"ui-pdp-container__col col-1 ui-pdp-with--separator ui-pdp-with--separator--40\"><\/div>\n<\/div>\n<div class=\"ui-pdp-container__row\">\n<div class=\"ui-pdp-container__col col-1 ui-pdp-with--separator ui-pdp-with--separator--40\"><\/div>\n<\/div>\n<div class=\"ui-pdp-container__row\">\n<div class=\"ui-pdp-container__col col-1\">\n<div class=\"ui-pdp-description pl-45 pr-45 ui-pdp-collapsable--is-collapsed\">\n<h2 class=\"ui-pdp-description__title\">Descripci\u00f3n<\/h2>\n<\/div>\n<\/div>\n<\/div>\n<p>HAIR RESIST ACONDICIONADOR KLENO aumenta considerablemente la acci\u00f3n del Shampoo, multiplicando la concentraci\u00f3n de Arginina y dem\u00e1s Prote\u00ednas de la fibra capilar, proporcionando una restauraci\u00f3n inmediata.<\/p>\n<p>Posee gran poder desenredante.<\/p>\n<p>Modo de Uso: Aplicar sobre el cabello reci\u00e9n lavado y mojado, masajeando con las yemas de los dedos. Dejar actuar de 1 a 2 minutos. Puede enjuagarse o dejarlo en el cabello. Se aconseja utilizar previamente SHAMPOO HAIR RESIST KLENO, ya que sus componentes favorecen al tratamiento.<\/p>\n","protected":false},"excerpt":{"rendered":"<p>Caracter\u00edsticas principales Marca Kleno L\u00ednea HAIR RESIST Tipo Acondicionador Presentaci\u00f3n Botella Contenido total en peso 300 g Contenido total en volumen 300 mL Formato de venta Unidad Unidades por pack 1 Otros Tipos de cuidado del cabello Antica\u00edda Descripci\u00f3n HAIR RESIST ACONDICIONADOR KLENO aumenta considerablemente la acci\u00f3n del Shampoo, multiplicando la concentraci\u00f3n de Arginina y dem\u00e1s Prote\u00ednas de la fibra capilar, proporcionando una restauraci\u00f3n inmediata. Posee gran poder desenredante. Modo de Uso: Aplicar sobre el cabello reci\u00e9n lavado y mojado, masajeando con las yemas de los dedos. Dejar actuar de 1 a 2 minutos. Puede enjuagarse o dejarlo en el\u2026<\/p>\n","protected":false},"featured_media":4805,"comment_status":"open","ping_status":"closed","template":"","meta":[],"product_cat":[222,272,206],"product_tag":[376,625,568],"featured_image_urls":{"full":["https:\/\/ccgdistribuidora.com\/wp-content\/uploads\/2023\/04\/Acondicionador-Kleno-Hair-Resist-Anti-Caida-Aminoacido-X-300.jpg",700,700,false],"thumbnail":["https:\/\/ccgdistribuidora.com\/wp-content\/uploads\/2023\/04\/Acondicionador-Kleno-Hair-Resist-Anti-Caida-Aminoacido-X-300-150x150.jpg",150,150,true],"medium":["https:\/\/ccgdistribuidora.com\/wp-content\/uploads\/2023\/04\/Acondicionador-Kleno-Hair-Resist-Anti-Caida-Aminoacido-X-300-300x300.jpg",300,300,true],"medium_large":["https:\/\/ccgdistribuidora.com\/wp-content\/uploads\/2023\/04\/Acondicionador-Kleno-Hair-Resist-Anti-Caida-Aminoacido-X-300.jpg",700,700,false],"large":["https:\/\/ccgdistribuidora.com\/wp-content\/uploads\/2023\/04\/Acondicionador-Kleno-Hair-Resist-Anti-Caida-Aminoacido-X-300.jpg",700,700,false],"1536x1536":["https:\/\/ccgdistribuidora.com\/wp-content\/uploads\/2023\/04\/Acondicionador-Kleno-Hair-Resist-Anti-Caida-Aminoacido-X-300.jpg",700,700,false],"2048x2048":["https:\/\/ccgdistribuidora.com\/wp-content\/uploads\/2023\/04\/Acondicionador-Kleno-Hair-Resist-Anti-Caida-Aminoacido-X-300.jpg",700,700,false],"mailpoet_newsletter_max":["https:\/\/ccgdistribuidora.com\/wp-content\/uploads\/2023\/04\/Acondicionador-Kleno-Hair-Resist-Anti-Caida-Aminoacido-X-300.jpg",700,700,false],"woocommerce_thumbnail":["https:\/\/ccgdistribuidora.com\/wp-content\/uploads\/2023\/04\/Acondicionador-Kleno-Hair-Resist-Anti-Caida-Aminoacido-X-300-300x400.jpg",300,400,true],"woocommerce_single":["https:\/\/ccgdistribuidora.com\/wp-content\/uploads\/2023\/04\/Acondicionador-Kleno-Hair-Resist-Anti-Caida-Aminoacido-X-300-600x600.jpg",600,600,true],"woocommerce_gallery_thumbnail":["https:\/\/ccgdistribuidora.com\/wp-content\/uploads\/2023\/04\/Acondicionador-Kleno-Hair-Resist-Anti-Caida-Aminoacido-X-300-100x100.jpg",100,100,true],"dgwt-wcas-product-suggestion":["https:\/\/ccgdistribuidora.com\/wp-content\/uploads\/2023\/04\/Acondicionador-Kleno-Hair-Resist-Anti-Caida-Aminoacido-X-300-64x64.jpg",64,64,true]},"post_excerpt_stackable":"<p>Caracter\u00edsticas principales Marca Kleno L\u00ednea HAIR RESIST Tipo Acondicionador Presentaci\u00f3n Botella Contenido total en peso 300 g Contenido total en volumen 300 mL Formato de venta Unidad Unidades por pack 1 Otros Tipos de cuidado del cabello Antica\u00edda Descripci\u00f3n HAIR RESIST ACONDICIONADOR KLENO aumenta considerablemente la acci\u00f3n del Shampoo, multiplicando la concentraci\u00f3n de Arginina y dem\u00e1s Prote\u00ednas de la fibra capilar, proporcionando una restauraci\u00f3n inmediata. Posee gran poder desenredante. Modo de Uso: Aplicar sobre el cabello reci\u00e9n lavado y mojado, masajeando con las yemas de los dedos. Dejar actuar de 1 a 2 minutos. Puede enjuagarse o dejarlo en el&hellip;<\/p>\n","category_list":"","author_info":{"name":"","url":""},"comments_num":"0 comentarios","_links":{"self":[{"href":"https:\/\/ccgdistribuidora.com\/index.php\/wp-json\/wp\/v2\/product\/4804"}],"collection":[{"href":"https:\/\/ccgdistribuidora.com\/index.php\/wp-json\/wp\/v2\/product"}],"about":[{"href":"https:\/\/ccgdistribuidora.com\/index.php\/wp-json\/wp\/v2\/types\/product"}],"replies":[{"embeddable":true,"href":"https:\/\/ccgdistribuidora.com\/index.php\/wp-json\/wp\/v2\/comments?post=4804"}],"wp:featuredmedia":[{"embeddable":true,"href":"https:\/\/ccgdistribuidora.com\/index.php\/wp-json\/wp\/v2\/media\/4805"}],"wp:attachment":[{"href":"https:\/\/ccgdistribuidora.com\/index.php\/wp-json\/wp\/v2\/media?parent=4804"}],"wp:term":[{"taxonomy":"product_cat","embeddable":true,"href":"https:\/\/ccgdistribuidora.com\/index.php\/wp-json\/wp\/v2\/product_cat?post=4804"},{"taxonomy":"product_tag","embeddable":true,"href":"https:\/\/ccgdistribuidora.com\/index.php\/wp-json\/wp\/v2\/product_tag?post=4804"}],"curies":[{"name":"wp","href":"https:\/\/api.w.org\/{rel}","templated":true}]}}