{"id":4800,"date":"2023-04-24T15:59:27","date_gmt":"2023-04-24T18:59:27","guid":{"rendered":"https:\/\/ccgdistribuidora.com\/?post_type=product&#038;p=4800"},"modified":"2024-02-19T18:42:45","modified_gmt":"2024-02-19T21:42:45","slug":"bottox-keratin-suero-capilar-kleno-post-alisado-x-100","status":"publish","type":"product","link":"https:\/\/ccgdistribuidora.com\/index.php\/product\/bottox-keratin-suero-capilar-kleno-post-alisado-x-100\/","title":{"rendered":"Bottox Keratin Suero Capilar Kleno Post Alisado X 100"},"content":{"rendered":"<div class=\"ui-vpp-striped-specs\">\n<div class=\"ui-vpp-striped-specs__table\">\n<h3 class=\"ui-vpp-striped-specs__header\">Caracter\u00edsticas principales<\/h3>\n<table class=\"andes-table\">\n<tbody class=\"andes-table__body\">\n<tr class=\"andes-table__row ui-vpp-striped-specs__row\">\n<th class=\"andes-table__header andes-table__header--left ui-vpp-striped-specs__row__column ui-vpp-striped-specs__row__column--id\">Marca<\/th>\n<td class=\"andes-table__column andes-table__column--left ui-vpp-striped-specs__row__column\"><span class=\"andes-table__column--value\">Kleno<\/span><\/td>\n<\/tr>\n<tr class=\"andes-table__row ui-vpp-striped-specs__row\">\n<th class=\"andes-table__header andes-table__header--left ui-vpp-striped-specs__row__column ui-vpp-striped-specs__row__column--id\">L\u00ednea<\/th>\n<td class=\"andes-table__column andes-table__column--left ui-vpp-striped-specs__row__column\"><span class=\"andes-table__column--value\">Bottox Keratin<\/span><\/td>\n<\/tr>\n<tr class=\"andes-table__row ui-vpp-striped-specs__row\">\n<th class=\"andes-table__header andes-table__header--left ui-vpp-striped-specs__row__column ui-vpp-striped-specs__row__column--id\">Tipo de producto<\/th>\n<td class=\"andes-table__column andes-table__column--left ui-vpp-striped-specs__row__column\"><span class=\"andes-table__column--value\">S\u00e9rum<\/span><\/td>\n<\/tr>\n<tr class=\"andes-table__row ui-vpp-striped-specs__row\">\n<th class=\"andes-table__header andes-table__header--left ui-vpp-striped-specs__row__column ui-vpp-striped-specs__row__column--id\">Tipo de cuidado<\/th>\n<td class=\"andes-table__column andes-table__column--left ui-vpp-striped-specs__row__column\"><span class=\"andes-table__column--value\">Nutrici\u00f3n<\/span><\/td>\n<\/tr>\n<tr class=\"andes-table__row ui-vpp-striped-specs__row\">\n<th class=\"andes-table__header andes-table__header--left ui-vpp-striped-specs__row__column ui-vpp-striped-specs__row__column--id\">Es kit<\/th>\n<td class=\"andes-table__column andes-table__column--left ui-vpp-striped-specs__row__column\"><span class=\"andes-table__column--value\">No<\/span><\/td>\n<\/tr>\n<tr class=\"andes-table__row ui-vpp-striped-specs__row\">\n<th class=\"andes-table__header andes-table__header--left ui-vpp-striped-specs__row__column ui-vpp-striped-specs__row__column--id\">Unidades por envase<\/th>\n<td class=\"andes-table__column andes-table__column--left ui-vpp-striped-specs__row__column\"><span class=\"andes-table__column--value\">1<\/span><\/td>\n<\/tr>\n<tr class=\"andes-table__row ui-vpp-striped-specs__row\">\n<th class=\"andes-table__header andes-table__header--left ui-vpp-striped-specs__row__column ui-vpp-striped-specs__row__column--id\">Formato de venta<\/th>\n<td class=\"andes-table__column andes-table__column--left ui-vpp-striped-specs__row__column\"><span class=\"andes-table__column--value\">Unidad<\/span><\/td>\n<\/tr>\n<tr class=\"andes-table__row ui-vpp-striped-specs__row\">\n<th class=\"andes-table__header andes-table__header--left ui-vpp-striped-specs__row__column ui-vpp-striped-specs__row__column--id\">Unidades por pack<\/th>\n<td class=\"andes-table__column andes-table__column--left ui-vpp-striped-specs__row__column\"><span class=\"andes-table__column--value\">1<\/span><\/td>\n<\/tr>\n<tr class=\"andes-table__row ui-vpp-striped-specs__row\">\n<th class=\"andes-table__header andes-table__header--left ui-vpp-striped-specs__row__column ui-vpp-striped-specs__row__column--id\">Peso neto<\/th>\n<td class=\"andes-table__column andes-table__column--left ui-vpp-striped-specs__row__column\"><span class=\"andes-table__column--value\">100 g<\/span><\/td>\n<\/tr>\n<tr class=\"andes-table__row ui-vpp-striped-specs__row\">\n<th class=\"andes-table__header andes-table__header--left ui-vpp-striped-specs__row__column ui-vpp-striped-specs__row__column--id\">Volumen neto<\/th>\n<td class=\"andes-table__column andes-table__column--left ui-vpp-striped-specs__row__column\"><span class=\"andes-table__column--value\">100 mL<\/span><\/td>\n<\/tr>\n<\/tbody>\n<\/table>\n<\/div>\n<\/div>\n<div class=\"ui-vpp-striped-specs\">\n<div class=\"ui-vpp-striped-specs__table\">\n<h3 class=\"ui-vpp-striped-specs__header\">Otros<\/h3>\n<table class=\"andes-table\">\n<tbody class=\"andes-table__body\">\n<tr class=\"andes-table__row ui-vpp-striped-specs__row\">\n<th class=\"andes-table__header andes-table__header--left ui-vpp-striped-specs__row__column ui-vpp-striped-specs__row__column--id\">G\u00e9nero<\/th>\n<td class=\"andes-table__column andes-table__column--left ui-vpp-striped-specs__row__column\"><span class=\"andes-table__column--value\">Sin g\u00e9nero<\/span><\/td>\n<\/tr>\n<tr class=\"andes-table__row ui-vpp-striped-specs__row\">\n<th class=\"andes-table__header andes-table__header--left ui-vpp-striped-specs__row__column ui-vpp-striped-specs__row__column--id\">Es hipoalerg\u00e9nica<\/th>\n<td class=\"andes-table__column andes-table__column--left ui-vpp-striped-specs__row__column\"><span class=\"andes-table__column--value\">No<\/span><\/td>\n<\/tr>\n<tr class=\"andes-table__row ui-vpp-striped-specs__row\">\n<th class=\"andes-table__header andes-table__header--left ui-vpp-striped-specs__row__column ui-vpp-striped-specs__row__column--id\">Es libre de crueldad<\/th>\n<td class=\"andes-table__column andes-table__column--left ui-vpp-striped-specs__row__column\"><span class=\"andes-table__column--value\">S\u00ed<\/span><\/td>\n<\/tr>\n<tr class=\"andes-table__row ui-vpp-striped-specs__row\">\n<th class=\"andes-table__header andes-table__header--left ui-vpp-striped-specs__row__column ui-vpp-striped-specs__row__column--id\">Con fragancia<\/th>\n<td class=\"andes-table__column andes-table__column--left ui-vpp-striped-specs__row__column\"><span class=\"andes-table__column--value\">S\u00ed<\/span><\/td>\n<\/tr>\n<tr class=\"andes-table__row ui-vpp-striped-specs__row\">\n<th class=\"andes-table__header andes-table__header--left ui-vpp-striped-specs__row__column ui-vpp-striped-specs__row__column--id\">Es vegano<\/th>\n<td class=\"andes-table__column andes-table__column--left ui-vpp-striped-specs__row__column\"><span class=\"andes-table__column--value\">No<\/span><\/td>\n<\/tr>\n<\/tbody>\n<\/table>\n<\/div>\n<\/div>\n<h2 class=\"ui-pdp-description__title\">Descripci\u00f3n<\/h2>\n<p class=\"ui-pdp-description__content\">\nBOTTOX KERATIN SUERO CAPILAR KLENO POST ALISADO X 100<\/p>\n<p>Prolonga un 70% el efecto del alisado, otorgando nutrici\u00f3n y restauraci\u00f3n intensa al cabello.<br \/>\nHidrata y regenera la cut\u00edcula, aport\u00e1ndole Keratina y prote\u00ednas fibrosas a la corteza y dando como resultado el rejuvenecimiento del cabello con un liso natural y un brillo intenso. De la misma forma que el Bottox suaviza las arrugas de la piel produce el mismo efecto de estiramiento en el cabello. Por su contenido en Keratina y Prote\u00ednas de seda favorece la regeneraci\u00f3n de las c\u00e9lulas.<\/p>\n<p>&#8211; Elimina el Frizz<br \/>\n&#8211; Da un peso cosm\u00e9tico a los cabellos delgados<br \/>\n&#8211; Da brillo y realza el color del cabello, Mechas y tinturas<br \/>\n&#8211; Hidrata y nutre la corteza capilar<br \/>\n&#8211; Juventud y Vitalidad<br \/>\n&#8211; Cabellos 100% sanos<\/p>\n<p>Presentaci\u00f3n:<br \/>\n&#8211; Envase de 100cc<\/p>\n<p>MODO DE USO:<br \/>\nCon el cabello reci\u00e9n lavado y secado a toalla aplique una porci\u00f3n de producto sobre la palma de la mano y frote ambas manos. Luego masajee el cabello para lograr una total absorci\u00f3n y proceder al peinado. Dejar actuar 3 minutos y enjuaguar. En caso de usar planchita u otro elemento luego de la aplicaci\u00f3n del producto, utilizar previamente el secador hasta dejar el cabello en condiciones. En \u00e9ste caso no se enjuaga.<\/p>\n","protected":false},"excerpt":{"rendered":"<p>Caracter\u00edsticas principales Marca Kleno L\u00ednea Bottox Keratin Tipo de producto S\u00e9rum Tipo de cuidado Nutrici\u00f3n Es kit No Unidades por envase 1 Formato de venta Unidad Unidades por pack 1 Peso neto 100 g Volumen neto 100 mL Otros G\u00e9nero Sin g\u00e9nero Es hipoalerg\u00e9nica No Es libre de crueldad S\u00ed Con fragancia S\u00ed Es vegano No Descripci\u00f3n BOTTOX KERATIN SUERO CAPILAR KLENO POST ALISADO X 100 Prolonga un 70% el efecto del alisado, otorgando nutrici\u00f3n y restauraci\u00f3n intensa al cabello. Hidrata y regenera la cut\u00edcula, aport\u00e1ndole Keratina y prote\u00ednas fibrosas a la corteza y dando como resultado el rejuvenecimiento del\u2026<\/p>\n","protected":false},"featured_media":4801,"comment_status":"open","ping_status":"closed","template":"","meta":[],"product_cat":[222,272,206],"product_tag":[622,568,623],"featured_image_urls":{"full":["https:\/\/ccgdistribuidora.com\/wp-content\/uploads\/2023\/04\/Bottox-Keratin-Suero-Capilar-Kleno-Post-Alisado-X-100.jpg",700,700,false],"thumbnail":["https:\/\/ccgdistribuidora.com\/wp-content\/uploads\/2023\/04\/Bottox-Keratin-Suero-Capilar-Kleno-Post-Alisado-X-100-150x150.jpg",150,150,true],"medium":["https:\/\/ccgdistribuidora.com\/wp-content\/uploads\/2023\/04\/Bottox-Keratin-Suero-Capilar-Kleno-Post-Alisado-X-100-300x300.jpg",300,300,true],"medium_large":["https:\/\/ccgdistribuidora.com\/wp-content\/uploads\/2023\/04\/Bottox-Keratin-Suero-Capilar-Kleno-Post-Alisado-X-100.jpg",700,700,false],"large":["https:\/\/ccgdistribuidora.com\/wp-content\/uploads\/2023\/04\/Bottox-Keratin-Suero-Capilar-Kleno-Post-Alisado-X-100.jpg",700,700,false],"1536x1536":["https:\/\/ccgdistribuidora.com\/wp-content\/uploads\/2023\/04\/Bottox-Keratin-Suero-Capilar-Kleno-Post-Alisado-X-100.jpg",700,700,false],"2048x2048":["https:\/\/ccgdistribuidora.com\/wp-content\/uploads\/2023\/04\/Bottox-Keratin-Suero-Capilar-Kleno-Post-Alisado-X-100.jpg",700,700,false],"mailpoet_newsletter_max":["https:\/\/ccgdistribuidora.com\/wp-content\/uploads\/2023\/04\/Bottox-Keratin-Suero-Capilar-Kleno-Post-Alisado-X-100.jpg",700,700,false],"woocommerce_thumbnail":["https:\/\/ccgdistribuidora.com\/wp-content\/uploads\/2023\/04\/Bottox-Keratin-Suero-Capilar-Kleno-Post-Alisado-X-100-300x400.jpg",300,400,true],"woocommerce_single":["https:\/\/ccgdistribuidora.com\/wp-content\/uploads\/2023\/04\/Bottox-Keratin-Suero-Capilar-Kleno-Post-Alisado-X-100-600x600.jpg",600,600,true],"woocommerce_gallery_thumbnail":["https:\/\/ccgdistribuidora.com\/wp-content\/uploads\/2023\/04\/Bottox-Keratin-Suero-Capilar-Kleno-Post-Alisado-X-100-100x100.jpg",100,100,true],"dgwt-wcas-product-suggestion":["https:\/\/ccgdistribuidora.com\/wp-content\/uploads\/2023\/04\/Bottox-Keratin-Suero-Capilar-Kleno-Post-Alisado-X-100-64x64.jpg",64,64,true]},"post_excerpt_stackable":"<p>Caracter\u00edsticas principales Marca Kleno L\u00ednea Bottox Keratin Tipo de producto S\u00e9rum Tipo de cuidado Nutrici\u00f3n Es kit No Unidades por envase 1 Formato de venta Unidad Unidades por pack 1 Peso neto 100 g Volumen neto 100 mL Otros G\u00e9nero Sin g\u00e9nero Es hipoalerg\u00e9nica No Es libre de crueldad S\u00ed Con fragancia S\u00ed Es vegano No Descripci\u00f3n BOTTOX KERATIN SUERO CAPILAR KLENO POST ALISADO X 100 Prolonga un 70% el efecto del alisado, otorgando nutrici\u00f3n y restauraci\u00f3n intensa al cabello. Hidrata y regenera la cut\u00edcula, aport\u00e1ndole Keratina y prote\u00ednas fibrosas a la corteza y dando como resultado el rejuvenecimiento del&hellip;<\/p>\n","category_list":"","author_info":{"name":"","url":""},"comments_num":"0 comentarios","_links":{"self":[{"href":"https:\/\/ccgdistribuidora.com\/index.php\/wp-json\/wp\/v2\/product\/4800"}],"collection":[{"href":"https:\/\/ccgdistribuidora.com\/index.php\/wp-json\/wp\/v2\/product"}],"about":[{"href":"https:\/\/ccgdistribuidora.com\/index.php\/wp-json\/wp\/v2\/types\/product"}],"replies":[{"embeddable":true,"href":"https:\/\/ccgdistribuidora.com\/index.php\/wp-json\/wp\/v2\/comments?post=4800"}],"wp:featuredmedia":[{"embeddable":true,"href":"https:\/\/ccgdistribuidora.com\/index.php\/wp-json\/wp\/v2\/media\/4801"}],"wp:attachment":[{"href":"https:\/\/ccgdistribuidora.com\/index.php\/wp-json\/wp\/v2\/media?parent=4800"}],"wp:term":[{"taxonomy":"product_cat","embeddable":true,"href":"https:\/\/ccgdistribuidora.com\/index.php\/wp-json\/wp\/v2\/product_cat?post=4800"},{"taxonomy":"product_tag","embeddable":true,"href":"https:\/\/ccgdistribuidora.com\/index.php\/wp-json\/wp\/v2\/product_tag?post=4800"}],"curies":[{"name":"wp","href":"https:\/\/api.w.org\/{rel}","templated":true}]}}