{"id":4791,"date":"2023-04-24T15:22:35","date_gmt":"2023-04-24T18:22:35","guid":{"rendered":"https:\/\/ccgdistribuidora.com\/?post_type=product&#038;p=4791"},"modified":"2024-02-19T18:44:00","modified_gmt":"2024-02-19T21:44:00","slug":"mascara-kleno-bottox-keratin-lifting-capilar-x-200g","status":"publish","type":"product","link":"https:\/\/ccgdistribuidora.com\/index.php\/product\/mascara-kleno-bottox-keratin-lifting-capilar-x-200g\/","title":{"rendered":"Mascara Kleno Bottox Keratin Lifting Capilar X 200g"},"content":{"rendered":"<div class=\"product-vip__left-container uk-width-1-2@s uk-width-1-1 uk-first-column\">\n<div class=\"product-vip__description uk-visible@m ql-container\">\n<div class=\"ui-vpp-striped-specs\">\n<div class=\"ui-vpp-striped-specs__table\">\n<h3 class=\"ui-vpp-striped-specs__header\">Caracter\u00edsticas principales<\/h3>\n<table class=\"andes-table\">\n<tbody class=\"andes-table__body\">\n<tr class=\"andes-table__row ui-vpp-striped-specs__row\">\n<th class=\"andes-table__header andes-table__header--left ui-vpp-striped-specs__row__column ui-vpp-striped-specs__row__column--id\">Marca<\/th>\n<td class=\"andes-table__column andes-table__column--left ui-vpp-striped-specs__row__column\"><span class=\"andes-table__column--value\">Kleno<\/span><\/td>\n<\/tr>\n<tr class=\"andes-table__row ui-vpp-striped-specs__row\">\n<th class=\"andes-table__header andes-table__header--left ui-vpp-striped-specs__row__column ui-vpp-striped-specs__row__column--id\">L\u00ednea<\/th>\n<td class=\"andes-table__column andes-table__column--left ui-vpp-striped-specs__row__column\"><span class=\"andes-table__column--value\">Bottox Keratin<\/span><\/td>\n<\/tr>\n<tr class=\"andes-table__row ui-vpp-striped-specs__row\">\n<th class=\"andes-table__header andes-table__header--left ui-vpp-striped-specs__row__column ui-vpp-striped-specs__row__column--id\">Tipo de producto<\/th>\n<td class=\"andes-table__column andes-table__column--left ui-vpp-striped-specs__row__column\"><span class=\"andes-table__column--value\">M\u00e1scara<\/span><\/td>\n<\/tr>\n<tr class=\"andes-table__row ui-vpp-striped-specs__row\">\n<th class=\"andes-table__header andes-table__header--left ui-vpp-striped-specs__row__column ui-vpp-striped-specs__row__column--id\">Es kit<\/th>\n<td class=\"andes-table__column andes-table__column--left ui-vpp-striped-specs__row__column\"><span class=\"andes-table__column--value\">No<\/span><\/td>\n<\/tr>\n<tr class=\"andes-table__row ui-vpp-striped-specs__row\">\n<th class=\"andes-table__header andes-table__header--left ui-vpp-striped-specs__row__column ui-vpp-striped-specs__row__column--id\">Unidades por envase<\/th>\n<td class=\"andes-table__column andes-table__column--left ui-vpp-striped-specs__row__column\"><span class=\"andes-table__column--value\">1<\/span><\/td>\n<\/tr>\n<tr class=\"andes-table__row ui-vpp-striped-specs__row\">\n<th class=\"andes-table__header andes-table__header--left ui-vpp-striped-specs__row__column ui-vpp-striped-specs__row__column--id\">Formato de venta<\/th>\n<td class=\"andes-table__column andes-table__column--left ui-vpp-striped-specs__row__column\"><span class=\"andes-table__column--value\">Unidad<\/span><\/td>\n<\/tr>\n<tr class=\"andes-table__row ui-vpp-striped-specs__row\">\n<th class=\"andes-table__header andes-table__header--left ui-vpp-striped-specs__row__column ui-vpp-striped-specs__row__column--id\">Unidades por pack<\/th>\n<td class=\"andes-table__column andes-table__column--left ui-vpp-striped-specs__row__column\"><span class=\"andes-table__column--value\">1<\/span><\/td>\n<\/tr>\n<tr class=\"andes-table__row ui-vpp-striped-specs__row\">\n<th class=\"andes-table__header andes-table__header--left ui-vpp-striped-specs__row__column ui-vpp-striped-specs__row__column--id\">Peso neto<\/th>\n<td class=\"andes-table__column andes-table__column--left ui-vpp-striped-specs__row__column\"><span class=\"andes-table__column--value\">200 g<\/span><\/td>\n<\/tr>\n<\/tbody>\n<\/table>\n<\/div>\n<\/div>\n<div class=\"ui-vpp-striped-specs\">\n<div class=\"ui-vpp-striped-specs__table\">\n<h3 class=\"ui-vpp-striped-specs__header\">Otros<\/h3>\n<table class=\"andes-table\">\n<tbody class=\"andes-table__body\">\n<tr class=\"andes-table__row ui-vpp-striped-specs__row\">\n<th class=\"andes-table__header andes-table__header--left ui-vpp-striped-specs__row__column ui-vpp-striped-specs__row__column--id\">Con fragancia<\/th>\n<td class=\"andes-table__column andes-table__column--left ui-vpp-striped-specs__row__column\"><span class=\"andes-table__column--value\">S\u00ed<\/span><\/td>\n<\/tr>\n<\/tbody>\n<\/table>\n<\/div>\n<\/div>\n<h2 class=\"ui-pdp-description__title\">Descripci\u00f3n<\/h2>\n<p>Con Acido Hyalur\u00f3nico, Keratina y Prote\u00ednas de Seda. Lacios Perfectos.<\/p>\n<p>PROLONGA UN 70 % EL EFECTO DEL ALISADO QU\u00cdMICO<\/p>\n<p>Es un Revolucionario M\u00e9todo de belleza y cuidado de nuestro cabello mediante \u00c1cido Hyalur\u00f3ico, Keratina y Prote\u00ednas que ha sido calificado como LIFTING CAPILAR.<\/p>\n<p>M\u00e1scara de mantenimiento BOTTOX-KERATIN, permite prolongar los beneficios del tratamiento.<\/p>\n<p>RESULTADOS VISIBLES DESDE LA PRIMERA APLICACI\u00d3N.<\/p>\n<p>&#8211; Da brillo y realiza el color del cabello, mechas y tinturas<\/p>\n<p>&#8211; Hidrata y nutre la corteza capilar<\/p>\n<p>&#8211; Juventud y Vitalidad<\/p>\n<p>&#8211; Da un peso cosm\u00e9tico a los cabellos delgados<\/p>\n<p>&#8211; Elimina el Frizz<\/p>\n<p><u>Modo de Uso:\u00a0<\/u>Aplicar sobre el cabello mojado, masajeando con la yema de los dedos desde la ra\u00edz hasta las puntas. Enjuagar con abundante agua. Luego continuar con el resto del tratamiento, aplicando la m\u00e1scara de mantenimiento y la ampolla.<\/p>\n<\/div>\n<\/div>\n<div class=\"product-vip__right-container uk-width-2-5@m uk-width-1-1\">\n<div class=\"uk-child-width-1-1 uk-grid uk-grid-stack\">\n<div class=\"uk-first-column\">\n<div class=\"product-vip__fields uk-child-width-1-1 uk-grid uk-grid-stack\">\n<div class=\"uk-grid-margin uk-first-column\">\n<form id=\"shipment_cost-form\" action=\"https:\/\/tvccosmetica.com.ar\/kleno\/mascara-botox-keratin-x-200g#\" method=\"GET\">\n<div class=\"uk-grid-collapse uk-grid\">\n<div class=\"uk-width-2-5 uk-grid-margin\"><\/div>\n<\/div>\n<\/form>\n<\/div>\n<\/div>\n<\/div>\n<\/div>\n<\/div>\n","protected":false},"excerpt":{"rendered":"<p>Caracter\u00edsticas principales Marca Kleno L\u00ednea Bottox Keratin Tipo de producto M\u00e1scara Es kit No Unidades por envase 1 Formato de venta Unidad Unidades por pack 1 Peso neto 200 g Otros Con fragancia S\u00ed Descripci\u00f3n Con Acido Hyalur\u00f3nico, Keratina y Prote\u00ednas de Seda. Lacios Perfectos. PROLONGA UN 70 % EL EFECTO DEL ALISADO QU\u00cdMICO Es un Revolucionario M\u00e9todo de belleza y cuidado de nuestro cabello mediante \u00c1cido Hyalur\u00f3ico, Keratina y Prote\u00ednas que ha sido calificado como LIFTING CAPILAR. M\u00e1scara de mantenimiento BOTTOX-KERATIN, permite prolongar los beneficios del tratamiento. RESULTADOS VISIBLES DESDE LA PRIMERA APLICACI\u00d3N. &#8211; Da brillo y realiza el\u2026<\/p>\n","protected":false},"featured_media":4793,"comment_status":"open","ping_status":"closed","template":"","meta":[],"product_cat":[222,272,206],"product_tag":[618,568,370],"featured_image_urls":{"full":["https:\/\/ccgdistribuidora.com\/wp-content\/uploads\/2023\/04\/Mascara-Kleno-Bottox-Keratin-Lifting-Capilar-X-200g.jpg",700,700,false],"thumbnail":["https:\/\/ccgdistribuidora.com\/wp-content\/uploads\/2023\/04\/Mascara-Kleno-Bottox-Keratin-Lifting-Capilar-X-200g-150x150.jpg",150,150,true],"medium":["https:\/\/ccgdistribuidora.com\/wp-content\/uploads\/2023\/04\/Mascara-Kleno-Bottox-Keratin-Lifting-Capilar-X-200g-300x300.jpg",300,300,true],"medium_large":["https:\/\/ccgdistribuidora.com\/wp-content\/uploads\/2023\/04\/Mascara-Kleno-Bottox-Keratin-Lifting-Capilar-X-200g.jpg",700,700,false],"large":["https:\/\/ccgdistribuidora.com\/wp-content\/uploads\/2023\/04\/Mascara-Kleno-Bottox-Keratin-Lifting-Capilar-X-200g.jpg",700,700,false],"1536x1536":["https:\/\/ccgdistribuidora.com\/wp-content\/uploads\/2023\/04\/Mascara-Kleno-Bottox-Keratin-Lifting-Capilar-X-200g.jpg",700,700,false],"2048x2048":["https:\/\/ccgdistribuidora.com\/wp-content\/uploads\/2023\/04\/Mascara-Kleno-Bottox-Keratin-Lifting-Capilar-X-200g.jpg",700,700,false],"mailpoet_newsletter_max":["https:\/\/ccgdistribuidora.com\/wp-content\/uploads\/2023\/04\/Mascara-Kleno-Bottox-Keratin-Lifting-Capilar-X-200g.jpg",700,700,false],"woocommerce_thumbnail":["https:\/\/ccgdistribuidora.com\/wp-content\/uploads\/2023\/04\/Mascara-Kleno-Bottox-Keratin-Lifting-Capilar-X-200g-300x400.jpg",300,400,true],"woocommerce_single":["https:\/\/ccgdistribuidora.com\/wp-content\/uploads\/2023\/04\/Mascara-Kleno-Bottox-Keratin-Lifting-Capilar-X-200g-600x600.jpg",600,600,true],"woocommerce_gallery_thumbnail":["https:\/\/ccgdistribuidora.com\/wp-content\/uploads\/2023\/04\/Mascara-Kleno-Bottox-Keratin-Lifting-Capilar-X-200g-100x100.jpg",100,100,true],"dgwt-wcas-product-suggestion":["https:\/\/ccgdistribuidora.com\/wp-content\/uploads\/2023\/04\/Mascara-Kleno-Bottox-Keratin-Lifting-Capilar-X-200g-64x64.jpg",64,64,true]},"post_excerpt_stackable":"<p>Caracter\u00edsticas principales Marca Kleno L\u00ednea Bottox Keratin Tipo de producto M\u00e1scara Es kit No Unidades por envase 1 Formato de venta Unidad Unidades por pack 1 Peso neto 200 g Otros Con fragancia S\u00ed Descripci\u00f3n Con Acido Hyalur\u00f3nico, Keratina y Prote\u00ednas de Seda. Lacios Perfectos. PROLONGA UN 70 % EL EFECTO DEL ALISADO QU\u00cdMICO Es un Revolucionario M\u00e9todo de belleza y cuidado de nuestro cabello mediante \u00c1cido Hyalur\u00f3ico, Keratina y Prote\u00ednas que ha sido calificado como LIFTING CAPILAR. M\u00e1scara de mantenimiento BOTTOX-KERATIN, permite prolongar los beneficios del tratamiento. RESULTADOS VISIBLES DESDE LA PRIMERA APLICACI\u00d3N. &#8211; Da brillo y realiza el&hellip;<\/p>\n","category_list":"","author_info":{"name":"","url":""},"comments_num":"0 comentarios","_links":{"self":[{"href":"https:\/\/ccgdistribuidora.com\/index.php\/wp-json\/wp\/v2\/product\/4791"}],"collection":[{"href":"https:\/\/ccgdistribuidora.com\/index.php\/wp-json\/wp\/v2\/product"}],"about":[{"href":"https:\/\/ccgdistribuidora.com\/index.php\/wp-json\/wp\/v2\/types\/product"}],"replies":[{"embeddable":true,"href":"https:\/\/ccgdistribuidora.com\/index.php\/wp-json\/wp\/v2\/comments?post=4791"}],"wp:featuredmedia":[{"embeddable":true,"href":"https:\/\/ccgdistribuidora.com\/index.php\/wp-json\/wp\/v2\/media\/4793"}],"wp:attachment":[{"href":"https:\/\/ccgdistribuidora.com\/index.php\/wp-json\/wp\/v2\/media?parent=4791"}],"wp:term":[{"taxonomy":"product_cat","embeddable":true,"href":"https:\/\/ccgdistribuidora.com\/index.php\/wp-json\/wp\/v2\/product_cat?post=4791"},{"taxonomy":"product_tag","embeddable":true,"href":"https:\/\/ccgdistribuidora.com\/index.php\/wp-json\/wp\/v2\/product_tag?post=4791"}],"curies":[{"name":"wp","href":"https:\/\/api.w.org\/{rel}","templated":true}]}}