{"id":4786,"date":"2023-04-24T14:59:43","date_gmt":"2023-04-24T17:59:43","guid":{"rendered":"https:\/\/ccgdistribuidora.com\/?post_type=product&#038;p=4786"},"modified":"2024-02-19T18:45:20","modified_gmt":"2024-02-19T21:45:20","slug":"shampoo-kleno-bottox-keratin-lifting-capilar-x-980cc","status":"publish","type":"product","link":"https:\/\/ccgdistribuidora.com\/index.php\/product\/shampoo-kleno-bottox-keratin-lifting-capilar-x-980cc\/","title":{"rendered":"Shampoo Kleno Bottox Keratin Lifting Capilar X 980cc"},"content":{"rendered":"<h3 class=\"ui-vpp-striped-specs__header\">Caracter\u00edsticas principales<\/h3>\n<table class=\"andes-table\">\n<tbody class=\"andes-table__body\">\n<tr class=\"andes-table__row ui-vpp-striped-specs__row\">\n<th class=\"andes-table__header andes-table__header--left ui-vpp-striped-specs__row__column ui-vpp-striped-specs__row__column--id\">Marca<\/th>\n<td class=\"andes-table__column andes-table__column--left ui-vpp-striped-specs__row__column\"><span class=\"andes-table__column--value\">Kleno<\/span><\/td>\n<\/tr>\n<tr class=\"andes-table__row ui-vpp-striped-specs__row\">\n<th class=\"andes-table__header andes-table__header--left ui-vpp-striped-specs__row__column ui-vpp-striped-specs__row__column--id\">Nombre<\/th>\n<td class=\"andes-table__column andes-table__column--left ui-vpp-striped-specs__row__column\"><span class=\"andes-table__column--value\">Bottox Keratin<\/span><\/td>\n<\/tr>\n<tr class=\"andes-table__row ui-vpp-striped-specs__row\">\n<th class=\"andes-table__header andes-table__header--left ui-vpp-striped-specs__row__column ui-vpp-striped-specs__row__column--id\">Tipo<\/th>\n<td class=\"andes-table__column andes-table__column--left ui-vpp-striped-specs__row__column\"><span class=\"andes-table__column--value\">Shampoo<\/span><\/td>\n<\/tr>\n<tr class=\"andes-table__row ui-vpp-striped-specs__row\">\n<th class=\"andes-table__header andes-table__header--left ui-vpp-striped-specs__row__column ui-vpp-striped-specs__row__column--id\">Presentaci\u00f3n<\/th>\n<td class=\"andes-table__column andes-table__column--left ui-vpp-striped-specs__row__column\"><span class=\"andes-table__column--value\">Botella<\/span><\/td>\n<\/tr>\n<tr class=\"andes-table__row ui-vpp-striped-specs__row\">\n<th class=\"andes-table__header andes-table__header--left ui-vpp-striped-specs__row__column ui-vpp-striped-specs__row__column--id\">Contenido total en volumen<\/th>\n<td class=\"andes-table__column andes-table__column--left ui-vpp-striped-specs__row__column\"><span class=\"andes-table__column--value\">980 mL<\/span><\/td>\n<\/tr>\n<tr class=\"andes-table__row ui-vpp-striped-specs__row\">\n<th class=\"andes-table__header andes-table__header--left ui-vpp-striped-specs__row__column ui-vpp-striped-specs__row__column--id\">Formato de venta<\/th>\n<td class=\"andes-table__column andes-table__column--left ui-vpp-striped-specs__row__column\"><span class=\"andes-table__column--value\">Unidad<\/span><\/td>\n<\/tr>\n<tr class=\"andes-table__row ui-vpp-striped-specs__row\">\n<th class=\"andes-table__header andes-table__header--left ui-vpp-striped-specs__row__column ui-vpp-striped-specs__row__column--id\">Unidades por pack<\/th>\n<td class=\"andes-table__column andes-table__column--left ui-vpp-striped-specs__row__column\"><span class=\"andes-table__column--value\">1<\/span><\/td>\n<\/tr>\n<\/tbody>\n<\/table>\n<h2 class=\"ui-pdp-description__title\">Descripci\u00f3n<\/h2>\n<p class=\"ui-pdp-description__content\">&gt;TIENDA DE PELUQUERIA&lt;<br \/>\nVilla Devoto &#8211; Local a la calle<\/p>\n<p>SHAMPOO KLENO BOTTOX KERATIN LIFTING CAPILAR X 980<\/p>\n<p>El \u00c1cido Hialur\u00f3nico act\u00faa sobre los puentes sixtinos del cabello produciendo un efecto de estiramiento de los mismos. Otorga nutrici\u00f3n y restauraci\u00f3n intensa al cabello; hidratando y regenerando la cut\u00edcula, aport\u00e1ndole keratina y prote\u00ednas fibrosas a la corteza y dando como resultado el rejuvenecimiento del cabello con un liso natural y un brillo intenso. Su contenido en Keratina favorece la regeneraci\u00f3n de las c\u00e9lulas. Da un peso cosm\u00e9tico a los cabellos delgados.<\/p>\n<p>&#8211; Elimina el Frizz<br \/>\n&#8211; Juventud y Vitalidad<br \/>\n&#8211; Hidrata y nutre la corteza capilar<br \/>\n&#8211; Da brillo y realiza el color del cabello, mechas y tinturas.<\/p>\n<p>Presentaci\u00f3n:<\/p>\n<p>&#8211; Envase 980 cc.<\/p>\n","protected":false},"excerpt":{"rendered":"<p>Caracter\u00edsticas principales Marca Kleno Nombre Bottox Keratin Tipo Shampoo Presentaci\u00f3n Botella Contenido total en volumen 980 mL Formato de venta Unidad Unidades por pack 1 Descripci\u00f3n &gt;TIENDA DE PELUQUERIA&lt; Villa Devoto &#8211; Local a la calle SHAMPOO KLENO BOTTOX KERATIN LIFTING CAPILAR X 980 El \u00c1cido Hialur\u00f3nico act\u00faa sobre los puentes sixtinos del cabello produciendo un efecto de estiramiento de los mismos. Otorga nutrici\u00f3n y restauraci\u00f3n intensa al cabello; hidratando y regenerando la cut\u00edcula, aport\u00e1ndole keratina y prote\u00ednas fibrosas a la corteza y dando como resultado el rejuvenecimiento del cabello con un liso natural y un brillo intenso. Su contenido\u2026<\/p>\n","protected":false},"featured_media":4787,"comment_status":"open","ping_status":"closed","template":"","meta":[],"product_cat":[222,272,206],"product_tag":[616,568,371],"featured_image_urls":{"full":["https:\/\/ccgdistribuidora.com\/wp-content\/uploads\/2023\/04\/Shampoo-Kleno-Bottox-Keratin-Lifting-Capilar-X-980cc.jpg",700,700,false],"thumbnail":["https:\/\/ccgdistribuidora.com\/wp-content\/uploads\/2023\/04\/Shampoo-Kleno-Bottox-Keratin-Lifting-Capilar-X-980cc-150x150.jpg",150,150,true],"medium":["https:\/\/ccgdistribuidora.com\/wp-content\/uploads\/2023\/04\/Shampoo-Kleno-Bottox-Keratin-Lifting-Capilar-X-980cc-300x300.jpg",300,300,true],"medium_large":["https:\/\/ccgdistribuidora.com\/wp-content\/uploads\/2023\/04\/Shampoo-Kleno-Bottox-Keratin-Lifting-Capilar-X-980cc.jpg",700,700,false],"large":["https:\/\/ccgdistribuidora.com\/wp-content\/uploads\/2023\/04\/Shampoo-Kleno-Bottox-Keratin-Lifting-Capilar-X-980cc.jpg",700,700,false],"1536x1536":["https:\/\/ccgdistribuidora.com\/wp-content\/uploads\/2023\/04\/Shampoo-Kleno-Bottox-Keratin-Lifting-Capilar-X-980cc.jpg",700,700,false],"2048x2048":["https:\/\/ccgdistribuidora.com\/wp-content\/uploads\/2023\/04\/Shampoo-Kleno-Bottox-Keratin-Lifting-Capilar-X-980cc.jpg",700,700,false],"mailpoet_newsletter_max":["https:\/\/ccgdistribuidora.com\/wp-content\/uploads\/2023\/04\/Shampoo-Kleno-Bottox-Keratin-Lifting-Capilar-X-980cc.jpg",700,700,false],"woocommerce_thumbnail":["https:\/\/ccgdistribuidora.com\/wp-content\/uploads\/2023\/04\/Shampoo-Kleno-Bottox-Keratin-Lifting-Capilar-X-980cc-300x400.jpg",300,400,true],"woocommerce_single":["https:\/\/ccgdistribuidora.com\/wp-content\/uploads\/2023\/04\/Shampoo-Kleno-Bottox-Keratin-Lifting-Capilar-X-980cc-600x600.jpg",600,600,true],"woocommerce_gallery_thumbnail":["https:\/\/ccgdistribuidora.com\/wp-content\/uploads\/2023\/04\/Shampoo-Kleno-Bottox-Keratin-Lifting-Capilar-X-980cc-100x100.jpg",100,100,true],"dgwt-wcas-product-suggestion":["https:\/\/ccgdistribuidora.com\/wp-content\/uploads\/2023\/04\/Shampoo-Kleno-Bottox-Keratin-Lifting-Capilar-X-980cc-64x64.jpg",64,64,true]},"post_excerpt_stackable":"<p>Caracter\u00edsticas principales Marca Kleno Nombre Bottox Keratin Tipo Shampoo Presentaci\u00f3n Botella Contenido total en volumen 980 mL Formato de venta Unidad Unidades por pack 1 Descripci\u00f3n &gt;TIENDA DE PELUQUERIA&lt; Villa Devoto &#8211; Local a la calle SHAMPOO KLENO BOTTOX KERATIN LIFTING CAPILAR X 980 El \u00c1cido Hialur\u00f3nico act\u00faa sobre los puentes sixtinos del cabello produciendo un efecto de estiramiento de los mismos. Otorga nutrici\u00f3n y restauraci\u00f3n intensa al cabello; hidratando y regenerando la cut\u00edcula, aport\u00e1ndole keratina y prote\u00ednas fibrosas a la corteza y dando como resultado el rejuvenecimiento del cabello con un liso natural y un brillo intenso. Su contenido&hellip;<\/p>\n","category_list":"","author_info":{"name":"","url":""},"comments_num":"0 comentarios","_links":{"self":[{"href":"https:\/\/ccgdistribuidora.com\/index.php\/wp-json\/wp\/v2\/product\/4786"}],"collection":[{"href":"https:\/\/ccgdistribuidora.com\/index.php\/wp-json\/wp\/v2\/product"}],"about":[{"href":"https:\/\/ccgdistribuidora.com\/index.php\/wp-json\/wp\/v2\/types\/product"}],"replies":[{"embeddable":true,"href":"https:\/\/ccgdistribuidora.com\/index.php\/wp-json\/wp\/v2\/comments?post=4786"}],"wp:featuredmedia":[{"embeddable":true,"href":"https:\/\/ccgdistribuidora.com\/index.php\/wp-json\/wp\/v2\/media\/4787"}],"wp:attachment":[{"href":"https:\/\/ccgdistribuidora.com\/index.php\/wp-json\/wp\/v2\/media?parent=4786"}],"wp:term":[{"taxonomy":"product_cat","embeddable":true,"href":"https:\/\/ccgdistribuidora.com\/index.php\/wp-json\/wp\/v2\/product_cat?post=4786"},{"taxonomy":"product_tag","embeddable":true,"href":"https:\/\/ccgdistribuidora.com\/index.php\/wp-json\/wp\/v2\/product_tag?post=4786"}],"curies":[{"name":"wp","href":"https:\/\/api.w.org\/{rel}","templated":true}]}}