{"id":4768,"date":"2023-04-24T00:07:46","date_gmt":"2023-04-24T03:07:46","guid":{"rendered":"https:\/\/ccgdistribuidora.com\/?post_type=product&#038;p=4768"},"modified":"2024-02-19T18:48:15","modified_gmt":"2024-02-19T21:48:15","slug":"kleno-egyptian-gold-24k-shampoo-brillo-y-proteccion-350ml","status":"publish","type":"product","link":"https:\/\/ccgdistribuidora.com\/index.php\/product\/kleno-egyptian-gold-24k-shampoo-brillo-y-proteccion-350ml\/","title":{"rendered":"Kleno Egyptian Gold 24k Shampoo Brillo Y Proteccion 350ml"},"content":{"rendered":"<div id=\"highlighted_specs_attrs\" class=\"ui-pdp-container__row ui-pdp-container__row--highlighted-specs-attrs\">\n<section id=\"highlighted_specs_attrs\" class=\"ui-vpp-highlighted-specs pl-45 pr-45\">\n<div class=\"ui-pdp-container__row ui-pdp-container__row--technical-specifications\">\n<div class=\"ui-pdp-collapsable ui-vpp-highlighted-specs__striped-collapsed__action\">\n<div class=\"ui-pdp-collapsable__container\">\n<div class=\"ui-vpp-highlighted-specs__striped-specs\">\n<div class=\"ui-vpp-striped-specs\">\n<div class=\"ui-vpp-striped-specs__table\">\n<h3 class=\"ui-vpp-striped-specs__header\">Caracter\u00edsticas principales<\/h3>\n<table class=\"andes-table\">\n<tbody class=\"andes-table__body\">\n<tr class=\"andes-table__row ui-vpp-striped-specs__row\">\n<th class=\"andes-table__header andes-table__header--left ui-vpp-striped-specs__row__column ui-vpp-striped-specs__row__column--id\">Marca<\/th>\n<td class=\"andes-table__column andes-table__column--left ui-vpp-striped-specs__row__column\"><span class=\"andes-table__column--value\">Kleno<\/span><\/td>\n<\/tr>\n<tr class=\"andes-table__row ui-vpp-striped-specs__row\">\n<th class=\"andes-table__header andes-table__header--left ui-vpp-striped-specs__row__column ui-vpp-striped-specs__row__column--id\">L\u00ednea<\/th>\n<td class=\"andes-table__column andes-table__column--left ui-vpp-striped-specs__row__column\"><span class=\"andes-table__column--value\">Egyptian Gold 24K<\/span><\/td>\n<\/tr>\n<tr class=\"andes-table__row ui-vpp-striped-specs__row\">\n<th class=\"andes-table__header andes-table__header--left ui-vpp-striped-specs__row__column ui-vpp-striped-specs__row__column--id\">Nombre<\/th>\n<td class=\"andes-table__column andes-table__column--left ui-vpp-striped-specs__row__column\"><span class=\"andes-table__column--value\">Egyptian Gold 24K<\/span><\/td>\n<\/tr>\n<tr class=\"andes-table__row ui-vpp-striped-specs__row\">\n<th class=\"andes-table__header andes-table__header--left ui-vpp-striped-specs__row__column ui-vpp-striped-specs__row__column--id\">Tipo<\/th>\n<td class=\"andes-table__column andes-table__column--left ui-vpp-striped-specs__row__column\"><span class=\"andes-table__column--value\">Shampoo<\/span><\/td>\n<\/tr>\n<tr class=\"andes-table__row ui-vpp-striped-specs__row\">\n<th class=\"andes-table__header andes-table__header--left ui-vpp-striped-specs__row__column ui-vpp-striped-specs__row__column--id\">Presentaci\u00f3n<\/th>\n<td class=\"andes-table__column andes-table__column--left ui-vpp-striped-specs__row__column\"><span class=\"andes-table__column--value\">Botella<\/span><\/td>\n<\/tr>\n<tr class=\"andes-table__row ui-vpp-striped-specs__row\">\n<th class=\"andes-table__header andes-table__header--left ui-vpp-striped-specs__row__column ui-vpp-striped-specs__row__column--id\">Contenido total en volumen<\/th>\n<td class=\"andes-table__column andes-table__column--left ui-vpp-striped-specs__row__column\"><span class=\"andes-table__column--value\">350 mL<\/span><\/td>\n<\/tr>\n<tr class=\"andes-table__row ui-vpp-striped-specs__row\">\n<th class=\"andes-table__header andes-table__header--left ui-vpp-striped-specs__row__column ui-vpp-striped-specs__row__column--id\">Formato de venta<\/th>\n<td class=\"andes-table__column andes-table__column--left ui-vpp-striped-specs__row__column\"><span class=\"andes-table__column--value\">Unidad<\/span><\/td>\n<\/tr>\n<\/tbody>\n<\/table>\n<\/div>\n<\/div>\n<\/div>\n<\/div>\n<\/div>\n<\/div>\n<\/section>\n<\/div>\n<div id=\"description\" class=\"ui-pdp-container__row ui-pdp-container__row--description\">\n<div class=\"ui-pdp-description\">\n<h2 class=\"ui-pdp-description__title\">Descripci\u00f3n<\/h2>\n<p class=\"ui-pdp-description__content\">SHAMPOO KLENO EGYPTIAN GOLD ORO LIQUIDO 24K KERATINA X 350<\/p>\n<p>Estimula la actividad celular y potencia la luminosidad. Su contenido en Keratina, prote\u00edna vital para el cabello, le otorga propiedades humectantes y reparaci\u00f3n inmediata<br \/>\nAct\u00faa delicadamente sobre el cabello respetando la estructura del mismo, dej\u00e1ndolo suave, sedoso e incre\u00edblemente brillante.<\/p>\n<p>&#8211; Brillo y Protecci\u00f3n.<\/p>\n<p>Presentaci\u00f3n:<\/p>\n<p>&#8211; Envase 350cc.<\/p>\n<\/div>\n<\/div>\n","protected":false},"excerpt":{"rendered":"<p>Caracter\u00edsticas principales Marca Kleno L\u00ednea Egyptian Gold 24K Nombre Egyptian Gold 24K Tipo Shampoo Presentaci\u00f3n Botella Contenido total en volumen 350 mL Formato de venta Unidad Descripci\u00f3n SHAMPOO KLENO EGYPTIAN GOLD ORO LIQUIDO 24K KERATINA X 350 Estimula la actividad celular y potencia la luminosidad. Su contenido en Keratina, prote\u00edna vital para el cabello, le otorga propiedades humectantes y reparaci\u00f3n inmediata Act\u00faa delicadamente sobre el cabello respetando la estructura del mismo, dej\u00e1ndolo suave, sedoso e incre\u00edblemente brillante. &#8211; Brillo y Protecci\u00f3n. Presentaci\u00f3n: &#8211; Envase 350cc.<\/p>\n","protected":false},"featured_media":4769,"comment_status":"open","ping_status":"closed","template":"","meta":[],"product_cat":[222,272,206],"product_tag":[607,568,608],"featured_image_urls":{"full":["https:\/\/ccgdistribuidora.com\/wp-content\/uploads\/2023\/04\/Kleno-Egyptian-Gold-24k-Shampoo-Brillo-Y-Proteccion-350ml.jpg",700,700,false],"thumbnail":["https:\/\/ccgdistribuidora.com\/wp-content\/uploads\/2023\/04\/Kleno-Egyptian-Gold-24k-Shampoo-Brillo-Y-Proteccion-350ml-150x150.jpg",150,150,true],"medium":["https:\/\/ccgdistribuidora.com\/wp-content\/uploads\/2023\/04\/Kleno-Egyptian-Gold-24k-Shampoo-Brillo-Y-Proteccion-350ml-300x300.jpg",300,300,true],"medium_large":["https:\/\/ccgdistribuidora.com\/wp-content\/uploads\/2023\/04\/Kleno-Egyptian-Gold-24k-Shampoo-Brillo-Y-Proteccion-350ml.jpg",700,700,false],"large":["https:\/\/ccgdistribuidora.com\/wp-content\/uploads\/2023\/04\/Kleno-Egyptian-Gold-24k-Shampoo-Brillo-Y-Proteccion-350ml.jpg",700,700,false],"1536x1536":["https:\/\/ccgdistribuidora.com\/wp-content\/uploads\/2023\/04\/Kleno-Egyptian-Gold-24k-Shampoo-Brillo-Y-Proteccion-350ml.jpg",700,700,false],"2048x2048":["https:\/\/ccgdistribuidora.com\/wp-content\/uploads\/2023\/04\/Kleno-Egyptian-Gold-24k-Shampoo-Brillo-Y-Proteccion-350ml.jpg",700,700,false],"mailpoet_newsletter_max":["https:\/\/ccgdistribuidora.com\/wp-content\/uploads\/2023\/04\/Kleno-Egyptian-Gold-24k-Shampoo-Brillo-Y-Proteccion-350ml.jpg",700,700,false],"woocommerce_thumbnail":["https:\/\/ccgdistribuidora.com\/wp-content\/uploads\/2023\/04\/Kleno-Egyptian-Gold-24k-Shampoo-Brillo-Y-Proteccion-350ml-300x400.jpg",300,400,true],"woocommerce_single":["https:\/\/ccgdistribuidora.com\/wp-content\/uploads\/2023\/04\/Kleno-Egyptian-Gold-24k-Shampoo-Brillo-Y-Proteccion-350ml-600x600.jpg",600,600,true],"woocommerce_gallery_thumbnail":["https:\/\/ccgdistribuidora.com\/wp-content\/uploads\/2023\/04\/Kleno-Egyptian-Gold-24k-Shampoo-Brillo-Y-Proteccion-350ml-100x100.jpg",100,100,true],"dgwt-wcas-product-suggestion":["https:\/\/ccgdistribuidora.com\/wp-content\/uploads\/2023\/04\/Kleno-Egyptian-Gold-24k-Shampoo-Brillo-Y-Proteccion-350ml-64x64.jpg",64,64,true]},"post_excerpt_stackable":"<p>Caracter\u00edsticas principales Marca Kleno L\u00ednea Egyptian Gold 24K Nombre Egyptian Gold 24K Tipo Shampoo Presentaci\u00f3n Botella Contenido total en volumen 350 mL Formato de venta Unidad Descripci\u00f3n SHAMPOO KLENO EGYPTIAN GOLD ORO LIQUIDO 24K KERATINA X 350 Estimula la actividad celular y potencia la luminosidad. Su contenido en Keratina, prote\u00edna vital para el cabello, le otorga propiedades humectantes y reparaci\u00f3n inmediata Act\u00faa delicadamente sobre el cabello respetando la estructura del mismo, dej\u00e1ndolo suave, sedoso e incre\u00edblemente brillante. &#8211; Brillo y Protecci\u00f3n. Presentaci\u00f3n: &#8211; Envase 350cc.<\/p>\n","category_list":"","author_info":{"name":"","url":""},"comments_num":"0 comentarios","_links":{"self":[{"href":"https:\/\/ccgdistribuidora.com\/index.php\/wp-json\/wp\/v2\/product\/4768"}],"collection":[{"href":"https:\/\/ccgdistribuidora.com\/index.php\/wp-json\/wp\/v2\/product"}],"about":[{"href":"https:\/\/ccgdistribuidora.com\/index.php\/wp-json\/wp\/v2\/types\/product"}],"replies":[{"embeddable":true,"href":"https:\/\/ccgdistribuidora.com\/index.php\/wp-json\/wp\/v2\/comments?post=4768"}],"wp:featuredmedia":[{"embeddable":true,"href":"https:\/\/ccgdistribuidora.com\/index.php\/wp-json\/wp\/v2\/media\/4769"}],"wp:attachment":[{"href":"https:\/\/ccgdistribuidora.com\/index.php\/wp-json\/wp\/v2\/media?parent=4768"}],"wp:term":[{"taxonomy":"product_cat","embeddable":true,"href":"https:\/\/ccgdistribuidora.com\/index.php\/wp-json\/wp\/v2\/product_cat?post=4768"},{"taxonomy":"product_tag","embeddable":true,"href":"https:\/\/ccgdistribuidora.com\/index.php\/wp-json\/wp\/v2\/product_tag?post=4768"}],"curies":[{"name":"wp","href":"https:\/\/api.w.org\/{rel}","templated":true}]}}