{"id":4760,"date":"2023-04-23T23:42:58","date_gmt":"2023-04-24T02:42:58","guid":{"rendered":"https:\/\/ccgdistribuidora.com\/?post_type=product&#038;p=4760"},"modified":"2024-02-19T18:49:47","modified_gmt":"2024-02-19T21:49:47","slug":"2-phase-tratamiento-acondicionador-kleno-con-keratina","status":"publish","type":"product","link":"https:\/\/ccgdistribuidora.com\/index.php\/product\/2-phase-tratamiento-acondicionador-kleno-con-keratina\/","title":{"rendered":"2 Phase Tratamiento Acondicionador Kleno Con Keratina"},"content":{"rendered":"<div id=\"technical_specifications\" class=\"ui-pdp-container__row ui-pdp-container__row--technical-specifications\">\n<div class=\"ui-pdp-specs\">\n<h2 class=\"ui-pdp-specs__title\">Caracter\u00edsticas principales<\/h2>\n<div class=\"ui-pdp-specs__table\">\n<table class=\"andes-table\">\n<tbody class=\"andes-table__body\">\n<tr class=\"andes-table__row\">\n<th class=\"andes-table__header andes-table__header--left ui-pdp-specs__table__column ui-pdp-specs__table__column-title\">Marca<\/th>\n<td class=\"andes-table__column andes-table__column--left ui-pdp-specs__table__column\"><span class=\"andes-table__column--value\">Kleno<\/span><\/td>\n<\/tr>\n<\/tbody>\n<\/table>\n<\/div>\n<div class=\"ui-pdp-specs-groups-collapsable ui-pdp-specs\">\n<h3 class=\"ui-pdp-specs__subtitle\">Registros de producto<\/h3>\n<div class=\"ui-pdp-list ui-pdp-specs__list\">\n<ul class=\"ui-pdp-list__wrapper\">\n<li class=\"ui-pdp-list__item\">\n<p class=\"ui-pdp-family--REGULAR ui-pdp-list__text\"><span class=\"ui-pdp-color--BLACK ui-pdp-size--XSMALL ui-pdp-family--BOLD\">N\u00famero de legajo resoluci\u00f3n 155\/98<\/span>: 2542<\/p>\n<\/li>\n<\/ul>\n<\/div>\n<h3 class=\"ui-pdp-specs-groups-collapsable__subtitle\">Otros<\/h3>\n<div class=\"ui-pdp-list ui-pdp-specs-groups-collapsable__list\">\n<ul class=\"ui-pdp-list__wrapper\">\n<li class=\"ui-pdp-list__item\">\n<p class=\"ui-pdp-family--REGULAR ui-pdp-list__text\"><span class=\"ui-pdp-color--BLACK ui-pdp-size--XSMALL ui-pdp-family--BOLD\">L\u00ednea<\/span>: 2 Phase<\/p>\n<\/li>\n<li class=\"ui-pdp-list__item\">\n<p class=\"ui-pdp-family--REGULAR ui-pdp-list__text\"><span class=\"ui-pdp-color--BLACK ui-pdp-size--XSMALL ui-pdp-family--BOLD\">Consistencia<\/span>: Spray<\/p>\n<\/li>\n<\/ul>\n<ul class=\"ui-pdp-list__wrapper\">\n<li class=\"ui-pdp-list__item\">\n<p class=\"ui-pdp-family--REGULAR ui-pdp-list__text\"><span class=\"ui-pdp-color--BLACK ui-pdp-size--XSMALL ui-pdp-family--BOLD\">Funciones<\/span>: Hidrataci\u00f3n,Nutrici\u00f3n<\/p>\n<\/li>\n<li class=\"ui-pdp-list__item\">\n<p class=\"ui-pdp-family--REGULAR ui-pdp-list__text\"><span class=\"ui-pdp-color--BLACK ui-pdp-size--XSMALL ui-pdp-family--BOLD\">Ingredientes destacados<\/span>: Keratina<\/p>\n<\/li>\n<\/ul>\n<ul class=\"ui-pdp-list__wrapper\">\n<li class=\"ui-pdp-list__item\">\n<p class=\"ui-pdp-family--REGULAR ui-pdp-list__text\"><span class=\"ui-pdp-color--BLACK ui-pdp-size--XSMALL ui-pdp-family--BOLD\">Tipo de envase<\/span>: Spray<\/p>\n<\/li>\n<li class=\"ui-pdp-list__item\">\n<p class=\"ui-pdp-family--REGULAR ui-pdp-list__text\"><span class=\"ui-pdp-color--BLACK ui-pdp-size--XSMALL ui-pdp-family--BOLD\">Est\u00e1 dermatol\u00f3gicamente testeado<\/span>: No<\/p>\n<\/li>\n<\/ul>\n<ul class=\"ui-pdp-list__wrapper\">\n<li class=\"ui-pdp-list__item\">\n<p class=\"ui-pdp-family--REGULAR ui-pdp-list__text\"><span class=\"ui-pdp-color--BLACK ui-pdp-size--XSMALL ui-pdp-family--BOLD\">Es vegano<\/span>: No<\/p>\n<\/li>\n<li class=\"ui-pdp-list__item\">\n<p class=\"ui-pdp-family--REGULAR ui-pdp-list__text\"><span class=\"ui-pdp-color--BLACK ui-pdp-size--XSMALL ui-pdp-family--BOLD\">Es libre de gluten<\/span>: No<\/p>\n<\/li>\n<\/ul>\n<\/div>\n<\/div>\n<\/div>\n<\/div>\n<div id=\"description\" class=\"ui-pdp-container__row ui-pdp-container__row--description\">\n<div class=\"ui-pdp-description\">\n<h2 class=\"ui-pdp-description__title\">Descripci\u00f3n<\/h2>\n<p class=\"ui-pdp-description__content\">\n2 PHASE TRATAMIENTO ACONDICIONADOR KLENO CON KERATINA<\/p>\n<p>Aporta al cabello Hidrataci\u00f3n y Nutrici\u00f3n Instant\u00e1nea, actuando simult\u00e1neamente sobre la corteza y la cut\u00edcula. Especialmente formulado para cabellos secos, da\u00f1ados y fr\u00e1giles, aport\u00e1ndole Brillo, Suavidad, Volumen y Soltura. Ideal para utilizar despu\u00e9s de la coloraci\u00f3n. Fija el color. Su poder desenredante facilita el peinado.<\/p>\n<p>&#8211; Seco, Da\u00f1ado y Fr\u00e1gil<br \/>\n&#8211; Sin enjuague<\/p>\n<\/div>\n<\/div>\n","protected":false},"excerpt":{"rendered":"<p>Caracter\u00edsticas principales Marca Kleno Registros de producto N\u00famero de legajo resoluci\u00f3n 155\/98: 2542 Otros L\u00ednea: 2 Phase Consistencia: Spray Funciones: Hidrataci\u00f3n,Nutrici\u00f3n Ingredientes destacados: Keratina Tipo de envase: Spray Est\u00e1 dermatol\u00f3gicamente testeado: No Es vegano: No Es libre de gluten: No Descripci\u00f3n 2 PHASE TRATAMIENTO ACONDICIONADOR KLENO CON KERATINA Aporta al cabello Hidrataci\u00f3n y Nutrici\u00f3n Instant\u00e1nea, actuando simult\u00e1neamente sobre la corteza y la cut\u00edcula. Especialmente formulado para cabellos secos, da\u00f1ados y fr\u00e1giles, aport\u00e1ndole Brillo, Suavidad, Volumen y Soltura. Ideal para utilizar despu\u00e9s de la coloraci\u00f3n. Fija el color. Su poder desenredante facilita el peinado. &#8211; Seco, Da\u00f1ado y Fr\u00e1gil &#8211; Sin\u2026<\/p>\n","protected":false},"featured_media":4761,"comment_status":"open","ping_status":"closed","template":"","meta":[],"product_cat":[222,272,206],"product_tag":[601,602,568],"featured_image_urls":{"full":["https:\/\/ccgdistribuidora.com\/wp-content\/uploads\/2023\/04\/2-Phase-Tratamiento-Acondicionador-Kleno-Con-Kerati.jpg",700,700,false],"thumbnail":["https:\/\/ccgdistribuidora.com\/wp-content\/uploads\/2023\/04\/2-Phase-Tratamiento-Acondicionador-Kleno-Con-Kerati-150x150.jpg",150,150,true],"medium":["https:\/\/ccgdistribuidora.com\/wp-content\/uploads\/2023\/04\/2-Phase-Tratamiento-Acondicionador-Kleno-Con-Kerati-300x300.jpg",300,300,true],"medium_large":["https:\/\/ccgdistribuidora.com\/wp-content\/uploads\/2023\/04\/2-Phase-Tratamiento-Acondicionador-Kleno-Con-Kerati.jpg",700,700,false],"large":["https:\/\/ccgdistribuidora.com\/wp-content\/uploads\/2023\/04\/2-Phase-Tratamiento-Acondicionador-Kleno-Con-Kerati.jpg",700,700,false],"1536x1536":["https:\/\/ccgdistribuidora.com\/wp-content\/uploads\/2023\/04\/2-Phase-Tratamiento-Acondicionador-Kleno-Con-Kerati.jpg",700,700,false],"2048x2048":["https:\/\/ccgdistribuidora.com\/wp-content\/uploads\/2023\/04\/2-Phase-Tratamiento-Acondicionador-Kleno-Con-Kerati.jpg",700,700,false],"mailpoet_newsletter_max":["https:\/\/ccgdistribuidora.com\/wp-content\/uploads\/2023\/04\/2-Phase-Tratamiento-Acondicionador-Kleno-Con-Kerati.jpg",700,700,false],"woocommerce_thumbnail":["https:\/\/ccgdistribuidora.com\/wp-content\/uploads\/2023\/04\/2-Phase-Tratamiento-Acondicionador-Kleno-Con-Kerati-300x400.jpg",300,400,true],"woocommerce_single":["https:\/\/ccgdistribuidora.com\/wp-content\/uploads\/2023\/04\/2-Phase-Tratamiento-Acondicionador-Kleno-Con-Kerati-600x600.jpg",600,600,true],"woocommerce_gallery_thumbnail":["https:\/\/ccgdistribuidora.com\/wp-content\/uploads\/2023\/04\/2-Phase-Tratamiento-Acondicionador-Kleno-Con-Kerati-100x100.jpg",100,100,true],"dgwt-wcas-product-suggestion":["https:\/\/ccgdistribuidora.com\/wp-content\/uploads\/2023\/04\/2-Phase-Tratamiento-Acondicionador-Kleno-Con-Kerati-64x64.jpg",64,64,true]},"post_excerpt_stackable":"<p>Caracter\u00edsticas principales Marca Kleno Registros de producto N\u00famero de legajo resoluci\u00f3n 155\/98: 2542 Otros L\u00ednea: 2 Phase Consistencia: Spray Funciones: Hidrataci\u00f3n,Nutrici\u00f3n Ingredientes destacados: Keratina Tipo de envase: Spray Est\u00e1 dermatol\u00f3gicamente testeado: No Es vegano: No Es libre de gluten: No Descripci\u00f3n 2 PHASE TRATAMIENTO ACONDICIONADOR KLENO CON KERATINA Aporta al cabello Hidrataci\u00f3n y Nutrici\u00f3n Instant\u00e1nea, actuando simult\u00e1neamente sobre la corteza y la cut\u00edcula. Especialmente formulado para cabellos secos, da\u00f1ados y fr\u00e1giles, aport\u00e1ndole Brillo, Suavidad, Volumen y Soltura. Ideal para utilizar despu\u00e9s de la coloraci\u00f3n. Fija el color. Su poder desenredante facilita el peinado. &#8211; Seco, Da\u00f1ado y Fr\u00e1gil &#8211; Sin&hellip;<\/p>\n","category_list":"","author_info":{"name":"","url":""},"comments_num":"0 comentarios","_links":{"self":[{"href":"https:\/\/ccgdistribuidora.com\/index.php\/wp-json\/wp\/v2\/product\/4760"}],"collection":[{"href":"https:\/\/ccgdistribuidora.com\/index.php\/wp-json\/wp\/v2\/product"}],"about":[{"href":"https:\/\/ccgdistribuidora.com\/index.php\/wp-json\/wp\/v2\/types\/product"}],"replies":[{"embeddable":true,"href":"https:\/\/ccgdistribuidora.com\/index.php\/wp-json\/wp\/v2\/comments?post=4760"}],"wp:featuredmedia":[{"embeddable":true,"href":"https:\/\/ccgdistribuidora.com\/index.php\/wp-json\/wp\/v2\/media\/4761"}],"wp:attachment":[{"href":"https:\/\/ccgdistribuidora.com\/index.php\/wp-json\/wp\/v2\/media?parent=4760"}],"wp:term":[{"taxonomy":"product_cat","embeddable":true,"href":"https:\/\/ccgdistribuidora.com\/index.php\/wp-json\/wp\/v2\/product_cat?post=4760"},{"taxonomy":"product_tag","embeddable":true,"href":"https:\/\/ccgdistribuidora.com\/index.php\/wp-json\/wp\/v2\/product_tag?post=4760"}],"curies":[{"name":"wp","href":"https:\/\/api.w.org\/{rel}","templated":true}]}}