{"id":4738,"date":"2023-04-23T22:34:23","date_gmt":"2023-04-24T01:34:23","guid":{"rendered":"https:\/\/ccgdistribuidora.com\/?post_type=product&#038;p=4738"},"modified":"2024-04-03T19:54:59","modified_gmt":"2024-04-03T22:54:59","slug":"kleno-intensive-repair-ampollas-2-fases-reparadora-caja-x12","status":"publish","type":"product","link":"https:\/\/ccgdistribuidora.com\/index.php\/product\/kleno-intensive-repair-ampollas-2-fases-reparadora-caja-x12\/","title":{"rendered":"Kleno Intensive Repair Ampollas 2 Fases Reparadora Caja X12"},"content":{"rendered":"<div id=\"highlighted_specs_attrs\" class=\"ui-pdp-container__row ui-pdp-container__row--highlighted-specs-attrs\">\n<section id=\"highlighted_specs_attrs\" class=\"ui-vpp-highlighted-specs pl-45 pr-45\">\n<div class=\"ui-pdp-container__row ui-pdp-container__row--technical-specifications\">\n<div class=\"ui-pdp-collapsable ui-vpp-highlighted-specs__striped-collapsed__action\">\n<div class=\"ui-pdp-collapsable__container\">\n<div class=\"ui-vpp-highlighted-specs__striped-specs\">\n<div class=\"ui-vpp-striped-specs\">\n<div class=\"ui-vpp-striped-specs__table\">\n<h3 class=\"ui-vpp-striped-specs__header\">Caracter\u00edsticas principales<\/h3>\n<table class=\"andes-table\">\n<tbody class=\"andes-table__body\">\n<tr class=\"andes-table__row ui-vpp-striped-specs__row\">\n<th class=\"andes-table__header andes-table__header--left ui-vpp-striped-specs__row__column ui-vpp-striped-specs__row__column--id\">Marca<\/th>\n<td class=\"andes-table__column andes-table__column--left ui-vpp-striped-specs__row__column\"><span class=\"andes-table__column--value\">Kleno<\/span><\/td>\n<\/tr>\n<tr class=\"andes-table__row ui-vpp-striped-specs__row\">\n<th class=\"andes-table__header andes-table__header--left ui-vpp-striped-specs__row__column ui-vpp-striped-specs__row__column--id\">L\u00ednea<\/th>\n<td class=\"andes-table__column andes-table__column--left ui-vpp-striped-specs__row__column\"><span class=\"andes-table__column--value\">Intensive Repair<\/span><\/td>\n<\/tr>\n<tr class=\"andes-table__row ui-vpp-striped-specs__row\">\n<th class=\"andes-table__header andes-table__header--left ui-vpp-striped-specs__row__column ui-vpp-striped-specs__row__column--id\">Tipo de producto<\/th>\n<td class=\"andes-table__column andes-table__column--left ui-vpp-striped-specs__row__column\"><span class=\"andes-table__column--value\">Cauterizado Molecular 2 Fases<\/span><\/td>\n<\/tr>\n<tr class=\"andes-table__row ui-vpp-striped-specs__row\">\n<th class=\"andes-table__header andes-table__header--left ui-vpp-striped-specs__row__column ui-vpp-striped-specs__row__column--id\">Tipo de cuidado<\/th>\n<td class=\"andes-table__column andes-table__column--left ui-vpp-striped-specs__row__column\"><span class=\"andes-table__column--value\">Reparador<\/span><\/td>\n<\/tr>\n<tr class=\"andes-table__row ui-vpp-striped-specs__row\">\n<th class=\"andes-table__header andes-table__header--left ui-vpp-striped-specs__row__column ui-vpp-striped-specs__row__column--id\">Unidades por envase<\/th>\n<td class=\"andes-table__column andes-table__column--left ui-vpp-striped-specs__row__column\"><span class=\"andes-table__column--value\">1<\/span><\/td>\n<\/tr>\n<tr class=\"andes-table__row ui-vpp-striped-specs__row\">\n<th class=\"andes-table__header andes-table__header--left ui-vpp-striped-specs__row__column ui-vpp-striped-specs__row__column--id\">Formato de venta<\/th>\n<td class=\"andes-table__column andes-table__column--left ui-vpp-striped-specs__row__column\"><span class=\"andes-table__column--value\">Pack<\/span><\/td>\n<\/tr>\n<tr class=\"andes-table__row ui-vpp-striped-specs__row\">\n<th class=\"andes-table__header andes-table__header--left ui-vpp-striped-specs__row__column ui-vpp-striped-specs__row__column--id\">Unidades por pack<\/th>\n<td class=\"andes-table__column andes-table__column--left ui-vpp-striped-specs__row__column\"><span class=\"andes-table__column--value\">12<\/span><\/td>\n<\/tr>\n<tr class=\"andes-table__row ui-vpp-striped-specs__row\">\n<th class=\"andes-table__header andes-table__header--left ui-vpp-striped-specs__row__column ui-vpp-striped-specs__row__column--id\">Volumen neto<\/th>\n<td class=\"andes-table__column andes-table__column--left ui-vpp-striped-specs__row__column\"><span class=\"andes-table__column--value\">15 mL<\/span><\/td>\n<\/tr>\n<\/tbody>\n<\/table>\n<\/div>\n<\/div>\n<div class=\"ui-vpp-striped-specs\">\n<div class=\"ui-vpp-striped-specs__table\">\n<h3 class=\"ui-vpp-striped-specs__header\">Registros de producto<\/h3>\n<table class=\"andes-table\">\n<tbody class=\"andes-table__body\">\n<tr class=\"andes-table__row ui-vpp-striped-specs__row\">\n<th class=\"andes-table__header andes-table__header--left ui-vpp-striped-specs__row__column ui-vpp-striped-specs__row__column--id\">N\u00famero de legajo resoluci\u00f3n 155\/98<\/th>\n<td class=\"andes-table__column andes-table__column--left ui-vpp-striped-specs__row__column\"><span class=\"andes-table__column--value\">2542<\/span><\/td>\n<\/tr>\n<\/tbody>\n<\/table>\n<\/div>\n<div class=\"ui-vpp-striped-specs__table\">\n<h3 class=\"ui-vpp-striped-specs__header\">Otros<\/h3>\n<table class=\"andes-table\">\n<tbody class=\"andes-table__body\">\n<tr class=\"andes-table__row ui-vpp-striped-specs__row\">\n<th class=\"andes-table__header andes-table__header--left ui-vpp-striped-specs__row__column ui-vpp-striped-specs__row__column--id\">Tipos de cabello<\/th>\n<td class=\"andes-table__column andes-table__column--left ui-vpp-striped-specs__row__column\"><span class=\"andes-table__column--value\">Da\u00f1ado<\/span><\/td>\n<\/tr>\n<tr class=\"andes-table__row ui-vpp-striped-specs__row\">\n<th class=\"andes-table__header andes-table__header--left ui-vpp-striped-specs__row__column ui-vpp-striped-specs__row__column--id\">Formato<\/th>\n<td class=\"andes-table__column andes-table__column--left ui-vpp-striped-specs__row__column\"><span class=\"andes-table__column--value\">S\u00e9rum<\/span><\/td>\n<\/tr>\n<tr class=\"andes-table__row ui-vpp-striped-specs__row\">\n<th class=\"andes-table__header andes-table__header--left ui-vpp-striped-specs__row__column ui-vpp-striped-specs__row__column--id\">Presentaci\u00f3n<\/th>\n<td class=\"andes-table__column andes-table__column--left ui-vpp-striped-specs__row__column\"><span class=\"andes-table__column--value\">Ampolla<\/span><\/td>\n<\/tr>\n<tr class=\"andes-table__row ui-vpp-striped-specs__row\">\n<th class=\"andes-table__header andes-table__header--left ui-vpp-striped-specs__row__column ui-vpp-striped-specs__row__column--id\">G\u00e9nero<\/th>\n<td class=\"andes-table__column andes-table__column--left ui-vpp-striped-specs__row__column\"><span class=\"andes-table__column--value\">Sin g\u00e9nero<\/span><\/td>\n<\/tr>\n<tr class=\"andes-table__row ui-vpp-striped-specs__row\">\n<th class=\"andes-table__header andes-table__header--left ui-vpp-striped-specs__row__column ui-vpp-striped-specs__row__column--id\">Es testeado dermatol\u00f3gicamente<\/th>\n<td class=\"andes-table__column andes-table__column--left ui-vpp-striped-specs__row__column\"><span class=\"andes-table__column--value\">S\u00ed<\/span><\/td>\n<\/tr>\n<tr class=\"andes-table__row ui-vpp-striped-specs__row\">\n<th class=\"andes-table__header andes-table__header--left ui-vpp-striped-specs__row__column ui-vpp-striped-specs__row__column--id\">Es libre de crueldad<\/th>\n<td class=\"andes-table__column andes-table__column--left ui-vpp-striped-specs__row__column\"><span class=\"andes-table__column--value\">S\u00ed<\/span><\/td>\n<\/tr>\n<tr class=\"andes-table__row ui-vpp-striped-specs__row\">\n<th class=\"andes-table__header andes-table__header--left ui-vpp-striped-specs__row__column ui-vpp-striped-specs__row__column--id\">Con fragancia<\/th>\n<td class=\"andes-table__column andes-table__column--left ui-vpp-striped-specs__row__column\"><span class=\"andes-table__column--value\">S\u00ed<\/span><\/td>\n<\/tr>\n<\/tbody>\n<\/table>\n<\/div>\n<\/div>\n<\/div>\n<\/div>\n<\/div>\n<\/div>\n<\/section>\n<\/div>\n<div id=\"description\" class=\"ui-pdp-container__row ui-pdp-container__row--description\">\n<div class=\"ui-pdp-description\">\n<h2 class=\"ui-pdp-description__title\">Descripci\u00f3n<\/h2>\n<p class=\"ui-pdp-description__content\">\nKLENO INTENSIVE REPAIR AMPOLLAS X 12U<br \/>\nCauterizado Molecular 2 Fases<\/p>\n<p>Kleno Intensive Repair Ampollas producto creado para desarrollar un tratamiento que act\u00faa en forma combinada sobre la fibra capilar y el cuero cabelludo. En la actualidad tenemos un alto porcentaje de cabello opacos y muy da\u00f1ados; d\u00e9biles, fr\u00e1giles y\/o puntas florecidas. Esto se debe generalmente a la gran frecuencia con que se los expone a los servicios de coloraci\u00f3n y mechas, alisados definitivos, brushing o la combinaci\u00f3n de algunos de \u00e9stos en un mismo servicio. Por otra parte quien sufre todas \u00e9stas agresiones, y a veces no lo tenemos en cuenta, es el cuero cabelludo, quien experimenta sequedad extrema e irritaci\u00f3n. INTENSIVE REPAIR es el primer tratamiento de reconstrucci\u00f3n profunda para cabellos y cuero cabelludo da\u00f1ados. Por la gran cantidad de componentes activos que presenta su formulaci\u00f3n, fue casi una necesidad presentarlo en forma de 2 FASES, que se mezclan antes de su aplicaci\u00f3n. De esta manera, la activaci\u00f3n de los componentes que se produce por la reacci\u00f3n entre los mismos, sucede en el mismo momento en que comienza el servicio, logrando as\u00ed su m\u00e1ximo poder y penetraci\u00f3n en el momento del contacto con la fibra capilar y el cuero cabelludo. Entre los componentes de la ampolla FASE 1, se encuentran los que mejoran la elasticidad de la fibra capilar, disminuyendo el quiebre; los que reponen la capa lip\u00eddica del cuero cabelludo y disminuyen su irritaci\u00f3n; los componentes film\u00f3genos que protegen al cabello plastific\u00e1ndolo; y los que act\u00faan como desenredarte. Entre los componentes de la ampolla FASE 2, se encuentran: CMF que es un componente de origen marino que otorga un brillo de perlas; una excelente combinaci\u00f3n de queratinas, prote\u00ednas y vitaminas que recuperan la fibra capilar otorg\u00e1ndole vida a los cabellos da\u00f1ados; y un conjunto de siliconas que act\u00faan como sellador de la cut\u00edcula y antiest\u00e1tico otorgando brillo, suavidad y protecci\u00f3n.<\/p>\n<p>&gt; Mayor volumen y desenredo<br \/>\n&gt; Sella la cut\u00edcula y reconstruye las cadenas querat\u00ednicas<br \/>\n&gt; Anti Quiebre<br \/>\n&gt; Protecci\u00f3n y nutrici\u00f3n<\/p>\n<p>&#8211; MODO DE USO &#8211;<br \/>\nLuego del lavado, secar con toalla dejando el cabello h\u00famedo, volcar el contenido de la ampolla fase 1 en un bowl o recipiente. Agregarle el contenido de la ampolla fase 2 y mezclar preferentemente con un pincel u otro utensilio hasta formar una crema suave y consistente (mezclar durante aproximadamente 1 minuto). Para cabellos muy largos en los que la cantidad de producto formando es escaso, puede hacerse una peque\u00f1a diluci\u00f3n con unos 20 cc. de agua (aproximadamente el contenido que posee una de las ampollas utilizada) que se agrega a la crema ya formada, mezcl\u00e1ndola durante unos 30 segundos m\u00e1s. Aplicar uniformemente en la totalidad del pelo y el cuero cabelludo. Masajear unos segundos para permitir una mejor distribuci\u00f3n y penetraci\u00f3n de sus componentes. Dejar actuar de 5 a 10 minutos y enjuagar. Secar y peinar (planchar o hacer brushing). Notar\u00e1s en tus cabellos una transformaci\u00f3n completa<\/p>\n<p>Incluye: 6 ampollas fase 1 + 6 ampollas fase 2 de 15cc<\/p>\n<\/div>\n<\/div>\n","protected":false},"excerpt":{"rendered":"<p>Caracter\u00edsticas principales Marca Kleno L\u00ednea Intensive Repair Tipo de producto Cauterizado Molecular 2 Fases Tipo de cuidado Reparador Unidades por envase 1 Formato de venta Pack Unidades por pack 12 Volumen neto 15 mL Registros de producto N\u00famero de legajo resoluci\u00f3n 155\/98 2542 Otros Tipos de cabello Da\u00f1ado Formato S\u00e9rum Presentaci\u00f3n Ampolla G\u00e9nero Sin g\u00e9nero Es testeado dermatol\u00f3gicamente S\u00ed Es libre de crueldad S\u00ed Con fragancia S\u00ed Descripci\u00f3n KLENO INTENSIVE REPAIR AMPOLLAS X 12U Cauterizado Molecular 2 Fases Kleno Intensive Repair Ampollas producto creado para desarrollar un tratamiento que act\u00faa en forma combinada sobre la fibra capilar y el cuero\u2026<\/p>\n","protected":false},"featured_media":4739,"comment_status":"open","ping_status":"closed","template":"","meta":[],"product_cat":[222,272,206],"product_tag":[590,422,591,589,568],"featured_image_urls":{"full":["https:\/\/ccgdistribuidora.com\/wp-content\/uploads\/2023\/04\/Kleno-Intensive-Repair-Ampollas-2-Fases-Reparadora-Caja-X121.jpg",700,700,false],"thumbnail":["https:\/\/ccgdistribuidora.com\/wp-content\/uploads\/2023\/04\/Kleno-Intensive-Repair-Ampollas-2-Fases-Reparadora-Caja-X121-150x150.jpg",150,150,true],"medium":["https:\/\/ccgdistribuidora.com\/wp-content\/uploads\/2023\/04\/Kleno-Intensive-Repair-Ampollas-2-Fases-Reparadora-Caja-X121-300x300.jpg",300,300,true],"medium_large":["https:\/\/ccgdistribuidora.com\/wp-content\/uploads\/2023\/04\/Kleno-Intensive-Repair-Ampollas-2-Fases-Reparadora-Caja-X121.jpg",700,700,false],"large":["https:\/\/ccgdistribuidora.com\/wp-content\/uploads\/2023\/04\/Kleno-Intensive-Repair-Ampollas-2-Fases-Reparadora-Caja-X121.jpg",700,700,false],"1536x1536":["https:\/\/ccgdistribuidora.com\/wp-content\/uploads\/2023\/04\/Kleno-Intensive-Repair-Ampollas-2-Fases-Reparadora-Caja-X121.jpg",700,700,false],"2048x2048":["https:\/\/ccgdistribuidora.com\/wp-content\/uploads\/2023\/04\/Kleno-Intensive-Repair-Ampollas-2-Fases-Reparadora-Caja-X121.jpg",700,700,false],"mailpoet_newsletter_max":["https:\/\/ccgdistribuidora.com\/wp-content\/uploads\/2023\/04\/Kleno-Intensive-Repair-Ampollas-2-Fases-Reparadora-Caja-X121.jpg",700,700,false],"woocommerce_thumbnail":["https:\/\/ccgdistribuidora.com\/wp-content\/uploads\/2023\/04\/Kleno-Intensive-Repair-Ampollas-2-Fases-Reparadora-Caja-X121-300x400.jpg",300,400,true],"woocommerce_single":["https:\/\/ccgdistribuidora.com\/wp-content\/uploads\/2023\/04\/Kleno-Intensive-Repair-Ampollas-2-Fases-Reparadora-Caja-X121-600x600.jpg",600,600,true],"woocommerce_gallery_thumbnail":["https:\/\/ccgdistribuidora.com\/wp-content\/uploads\/2023\/04\/Kleno-Intensive-Repair-Ampollas-2-Fases-Reparadora-Caja-X121-100x100.jpg",100,100,true],"dgwt-wcas-product-suggestion":["https:\/\/ccgdistribuidora.com\/wp-content\/uploads\/2023\/04\/Kleno-Intensive-Repair-Ampollas-2-Fases-Reparadora-Caja-X121-64x64.jpg",64,64,true]},"post_excerpt_stackable":"<p>Caracter\u00edsticas principales Marca Kleno L\u00ednea Intensive Repair Tipo de producto Cauterizado Molecular 2 Fases Tipo de cuidado Reparador Unidades por envase 1 Formato de venta Pack Unidades por pack 12 Volumen neto 15 mL Registros de producto N\u00famero de legajo resoluci\u00f3n 155\/98 2542 Otros Tipos de cabello Da\u00f1ado Formato S\u00e9rum Presentaci\u00f3n Ampolla G\u00e9nero Sin g\u00e9nero Es testeado dermatol\u00f3gicamente S\u00ed Es libre de crueldad S\u00ed Con fragancia S\u00ed Descripci\u00f3n KLENO INTENSIVE REPAIR AMPOLLAS X 12U Cauterizado Molecular 2 Fases Kleno Intensive Repair Ampollas producto creado para desarrollar un tratamiento que act\u00faa en forma combinada sobre la fibra capilar y el cuero&hellip;<\/p>\n","category_list":"","author_info":{"name":"","url":""},"comments_num":"0 comentarios","_links":{"self":[{"href":"https:\/\/ccgdistribuidora.com\/index.php\/wp-json\/wp\/v2\/product\/4738"}],"collection":[{"href":"https:\/\/ccgdistribuidora.com\/index.php\/wp-json\/wp\/v2\/product"}],"about":[{"href":"https:\/\/ccgdistribuidora.com\/index.php\/wp-json\/wp\/v2\/types\/product"}],"replies":[{"embeddable":true,"href":"https:\/\/ccgdistribuidora.com\/index.php\/wp-json\/wp\/v2\/comments?post=4738"}],"wp:featuredmedia":[{"embeddable":true,"href":"https:\/\/ccgdistribuidora.com\/index.php\/wp-json\/wp\/v2\/media\/4739"}],"wp:attachment":[{"href":"https:\/\/ccgdistribuidora.com\/index.php\/wp-json\/wp\/v2\/media?parent=4738"}],"wp:term":[{"taxonomy":"product_cat","embeddable":true,"href":"https:\/\/ccgdistribuidora.com\/index.php\/wp-json\/wp\/v2\/product_cat?post=4738"},{"taxonomy":"product_tag","embeddable":true,"href":"https:\/\/ccgdistribuidora.com\/index.php\/wp-json\/wp\/v2\/product_tag?post=4738"}],"curies":[{"name":"wp","href":"https:\/\/api.w.org\/{rel}","templated":true}]}}