{"id":4712,"date":"2023-04-23T21:01:02","date_gmt":"2023-04-24T00:01:02","guid":{"rendered":"https:\/\/ccgdistribuidora.com\/?post_type=product&#038;p=4712"},"modified":"2024-02-19T19:06:05","modified_gmt":"2024-02-19T22:06:05","slug":"kit-coloracion-capilar-oro-24k-keratina-tintura-kleno","status":"publish","type":"product","link":"https:\/\/ccgdistribuidora.com\/index.php\/product\/kit-coloracion-capilar-oro-24k-keratina-tintura-kleno\/","title":{"rendered":"Kit Coloracion Capilar Oro 24k + Keratina Tintura Kleno"},"content":{"rendered":"<div id=\"technical_specifications\" class=\"ui-pdp-container__row ui-pdp-container__row--technical-specifications\">\n<div class=\"ui-pdp-specs\">\n<h2 class=\"ui-pdp-specs__title\">Caracter\u00edsticas principales<\/h2>\n<div class=\"ui-pdp-specs__table\">\n<table class=\"andes-table\">\n<tbody class=\"andes-table__body\">\n<tr class=\"andes-table__row\">\n<th class=\"andes-table__header andes-table__header--left ui-pdp-specs__table__column ui-pdp-specs__table__column-title\">Marca<\/th>\n<td class=\"andes-table__column andes-table__column--left ui-pdp-specs__table__column\"><span class=\"andes-table__column--value\">Kleno<\/span><\/td>\n<\/tr>\n<tr class=\"andes-table__row\">\n<th class=\"andes-table__header andes-table__header--left ui-pdp-specs__table__column ui-pdp-specs__table__column-title\">L\u00ednea<\/th>\n<td class=\"andes-table__column andes-table__column--left ui-pdp-specs__table__column\"><span class=\"andes-table__column--value\">Kit de Coloracion<\/span><\/td>\n<\/tr>\n<tr class=\"andes-table__row\">\n<th class=\"andes-table__header andes-table__header--left ui-pdp-specs__table__column ui-pdp-specs__table__column-title\">Nombre<\/th>\n<td class=\"andes-table__column andes-table__column--left ui-pdp-specs__table__column\"><span class=\"andes-table__column--value\">KIT COLORACI\u00d3N CAPILAR ORO 24K + KERATINA<\/span><\/td>\n<\/tr>\n<\/tbody>\n<\/table>\n<\/div>\n<h3 class=\"ui-pdp-specs__subtitle\">Otros<\/h3>\n<div class=\"ui-pdp-list ui-pdp-specs__list\">\n<ul class=\"ui-pdp-list__wrapper\">\n<li class=\"ui-pdp-list__item\">\n<p class=\"ui-pdp-family--REGULAR ui-pdp-list__text\"><span class=\"ui-pdp-color--BLACK ui-pdp-size--XSMALL ui-pdp-family--BOLD\">Tipos de producto<\/span>: Tintura<\/p>\n<\/li>\n<li class=\"ui-pdp-list__item\">\n<p class=\"ui-pdp-family--REGULAR ui-pdp-list__text\"><span class=\"ui-pdp-color--BLACK ui-pdp-size--XSMALL ui-pdp-family--BOLD\">Consistencia<\/span>: Tintura<\/p>\n<\/li>\n<\/ul>\n<ul class=\"ui-pdp-list__wrapper\">\n<li class=\"ui-pdp-list__item\">\n<p class=\"ui-pdp-family--REGULAR ui-pdp-list__text\"><span class=\"ui-pdp-color--BLACK ui-pdp-size--XSMALL ui-pdp-family--BOLD\">Presentaci\u00f3n<\/span>: Caja<\/p>\n<\/li>\n<li class=\"ui-pdp-list__item\">\n<p class=\"ui-pdp-family--REGULAR ui-pdp-list__text\"><span class=\"ui-pdp-color--BLACK ui-pdp-size--XSMALL ui-pdp-family--BOLD\">Es kit<\/span>: S\u00ed<\/p>\n<\/li>\n<\/ul>\n<ul class=\"ui-pdp-list__wrapper\">\n<li class=\"ui-pdp-list__item\">\n<p class=\"ui-pdp-family--REGULAR ui-pdp-list__text\"><span class=\"ui-pdp-color--BLACK ui-pdp-size--XSMALL ui-pdp-family--BOLD\">Con cobertura de canas<\/span>: S\u00ed<\/p>\n<\/li>\n<li class=\"ui-pdp-list__item\">\n<p class=\"ui-pdp-family--REGULAR ui-pdp-list__text\"><span class=\"ui-pdp-color--BLACK ui-pdp-size--XSMALL ui-pdp-family--BOLD\">Es vegano<\/span>: No<\/p>\n<\/li>\n<\/ul>\n<\/div>\n<\/div>\n<\/div>\n<div id=\"description\" class=\"ui-pdp-container__row ui-pdp-container__row--description\">\n<div class=\"ui-pdp-description\">\n<h2 class=\"ui-pdp-description__title\">Descripci\u00f3n<\/h2>\n<p class=\"ui-pdp-description__content\">KIT COLORACI\u00d3N CAPILAR ORO 24K + KERATINA<\/p>\n<p>100% Protecci\u00f3n. Color luminoso e intenso. \u00daNICA CON UN COWASH DE LAVADO FINAL. Con 26 colores incre\u00edbles.<\/p>\n<p>Nuevo Kit de coloraci\u00f3n KLENO Oro 24k + Keratina para cabellos brillosos y fuertes.<\/p>\n<p>Contiene:<\/p>\n<p>&#8211; Un sobre de hair protection (opcional) si es que tu cabello necesita alguna protecci\u00f3n.<\/p>\n<p>&#8211; Un sobre de Remover Color (quita alguna mancha en la piel, cuid\u00e1ndola a la vez).<\/p>\n<p>&#8211; Un sobre de Final Cream para retirar la tintura. Es un cowash sin sulfatos para no barrer la coloraci\u00f3n. Tiene un PH \u00e1cido que cierra la cut\u00edcula y deja el pelo suave y brillante. Contiene tambi\u00e9n pantenol y vitaminas B6 y B12<\/p>\n<p>&#8211; Guantes descartables<\/p>\n<p>100% Cobertura de Canas<br \/>\nBrillo y vitalidad<\/p>\n<\/div>\n<\/div>\n","protected":false},"excerpt":{"rendered":"<p>Caracter\u00edsticas principales Marca Kleno L\u00ednea Kit de Coloracion Nombre KIT COLORACI\u00d3N CAPILAR ORO 24K + KERATINA Otros Tipos de producto: Tintura Consistencia: Tintura Presentaci\u00f3n: Caja Es kit: S\u00ed Con cobertura de canas: S\u00ed Es vegano: No Descripci\u00f3n KIT COLORACI\u00d3N CAPILAR ORO 24K + KERATINA 100% Protecci\u00f3n. Color luminoso e intenso. \u00daNICA CON UN COWASH DE LAVADO FINAL. Con 26 colores incre\u00edbles. Nuevo Kit de coloraci\u00f3n KLENO Oro 24k + Keratina para cabellos brillosos y fuertes. Contiene: &#8211; Un sobre de hair protection (opcional) si es que tu cabello necesita alguna protecci\u00f3n. &#8211; Un sobre de Remover Color (quita alguna mancha\u2026<\/p>\n","protected":false},"featured_media":4713,"comment_status":"open","ping_status":"closed","template":"","meta":[],"product_cat":[222,247,272,206],"product_tag":[570,508,569,568,354],"featured_image_urls":{"full":["https:\/\/ccgdistribuidora.com\/wp-content\/uploads\/2023\/04\/Kit-Coloracion-Capilar-Oro-24k-Keratina-Tintura-Kleno.jpg",700,700,false],"thumbnail":["https:\/\/ccgdistribuidora.com\/wp-content\/uploads\/2023\/04\/Kit-Coloracion-Capilar-Oro-24k-Keratina-Tintura-Kleno-150x150.jpg",150,150,true],"medium":["https:\/\/ccgdistribuidora.com\/wp-content\/uploads\/2023\/04\/Kit-Coloracion-Capilar-Oro-24k-Keratina-Tintura-Kleno-300x300.jpg",300,300,true],"medium_large":["https:\/\/ccgdistribuidora.com\/wp-content\/uploads\/2023\/04\/Kit-Coloracion-Capilar-Oro-24k-Keratina-Tintura-Kleno.jpg",700,700,false],"large":["https:\/\/ccgdistribuidora.com\/wp-content\/uploads\/2023\/04\/Kit-Coloracion-Capilar-Oro-24k-Keratina-Tintura-Kleno.jpg",700,700,false],"1536x1536":["https:\/\/ccgdistribuidora.com\/wp-content\/uploads\/2023\/04\/Kit-Coloracion-Capilar-Oro-24k-Keratina-Tintura-Kleno.jpg",700,700,false],"2048x2048":["https:\/\/ccgdistribuidora.com\/wp-content\/uploads\/2023\/04\/Kit-Coloracion-Capilar-Oro-24k-Keratina-Tintura-Kleno.jpg",700,700,false],"mailpoet_newsletter_max":["https:\/\/ccgdistribuidora.com\/wp-content\/uploads\/2023\/04\/Kit-Coloracion-Capilar-Oro-24k-Keratina-Tintura-Kleno.jpg",700,700,false],"woocommerce_thumbnail":["https:\/\/ccgdistribuidora.com\/wp-content\/uploads\/2023\/04\/Kit-Coloracion-Capilar-Oro-24k-Keratina-Tintura-Kleno-300x400.jpg",300,400,true],"woocommerce_single":["https:\/\/ccgdistribuidora.com\/wp-content\/uploads\/2023\/04\/Kit-Coloracion-Capilar-Oro-24k-Keratina-Tintura-Kleno-600x600.jpg",600,600,true],"woocommerce_gallery_thumbnail":["https:\/\/ccgdistribuidora.com\/wp-content\/uploads\/2023\/04\/Kit-Coloracion-Capilar-Oro-24k-Keratina-Tintura-Kleno-100x100.jpg",100,100,true],"dgwt-wcas-product-suggestion":["https:\/\/ccgdistribuidora.com\/wp-content\/uploads\/2023\/04\/Kit-Coloracion-Capilar-Oro-24k-Keratina-Tintura-Kleno-64x64.jpg",64,64,true]},"post_excerpt_stackable":"<p>Caracter\u00edsticas principales Marca Kleno L\u00ednea Kit de Coloracion Nombre KIT COLORACI\u00d3N CAPILAR ORO 24K + KERATINA Otros Tipos de producto: Tintura Consistencia: Tintura Presentaci\u00f3n: Caja Es kit: S\u00ed Con cobertura de canas: S\u00ed Es vegano: No Descripci\u00f3n KIT COLORACI\u00d3N CAPILAR ORO 24K + KERATINA 100% Protecci\u00f3n. Color luminoso e intenso. \u00daNICA CON UN COWASH DE LAVADO FINAL. Con 26 colores incre\u00edbles. Nuevo Kit de coloraci\u00f3n KLENO Oro 24k + Keratina para cabellos brillosos y fuertes. Contiene: &#8211; Un sobre de hair protection (opcional) si es que tu cabello necesita alguna protecci\u00f3n. &#8211; Un sobre de Remover Color (quita alguna mancha&hellip;<\/p>\n","category_list":"","author_info":{"name":"","url":""},"comments_num":"0 comentarios","_links":{"self":[{"href":"https:\/\/ccgdistribuidora.com\/index.php\/wp-json\/wp\/v2\/product\/4712"}],"collection":[{"href":"https:\/\/ccgdistribuidora.com\/index.php\/wp-json\/wp\/v2\/product"}],"about":[{"href":"https:\/\/ccgdistribuidora.com\/index.php\/wp-json\/wp\/v2\/types\/product"}],"replies":[{"embeddable":true,"href":"https:\/\/ccgdistribuidora.com\/index.php\/wp-json\/wp\/v2\/comments?post=4712"}],"wp:featuredmedia":[{"embeddable":true,"href":"https:\/\/ccgdistribuidora.com\/index.php\/wp-json\/wp\/v2\/media\/4713"}],"wp:attachment":[{"href":"https:\/\/ccgdistribuidora.com\/index.php\/wp-json\/wp\/v2\/media?parent=4712"}],"wp:term":[{"taxonomy":"product_cat","embeddable":true,"href":"https:\/\/ccgdistribuidora.com\/index.php\/wp-json\/wp\/v2\/product_cat?post=4712"},{"taxonomy":"product_tag","embeddable":true,"href":"https:\/\/ccgdistribuidora.com\/index.php\/wp-json\/wp\/v2\/product_tag?post=4712"}],"curies":[{"name":"wp","href":"https:\/\/api.w.org\/{rel}","templated":true}]}}