{"id":4708,"date":"2023-04-23T20:49:21","date_gmt":"2023-04-23T23:49:21","guid":{"rendered":"https:\/\/ccgdistribuidora.com\/?post_type=product&#038;p=4708"},"modified":"2024-02-19T19:06:25","modified_gmt":"2024-02-19T22:06:25","slug":"tintura-color-2-pomos-de-60gr-cu-kleno","status":"publish","type":"product","link":"https:\/\/ccgdistribuidora.com\/index.php\/product\/tintura-color-2-pomos-de-60gr-cu-kleno\/","title":{"rendered":"Tintura Color (2 Pomos De 60gr Cu). Kleno"},"content":{"rendered":"<div id=\"highlighted_specs_attrs\" class=\"ui-pdp-container__row ui-pdp-container__row--highlighted-specs-attrs\">\n<section id=\"highlighted_specs_attrs\" class=\"ui-vpp-highlighted-specs pl-45 pr-45\">\n<div class=\"ui-pdp-container__row ui-pdp-container__row--technical-specifications\">\n<div class=\"ui-pdp-collapsable ui-vpp-highlighted-specs__striped-collapsed__action\">\n<div class=\"ui-pdp-collapsable__container\">\n<div class=\"ui-vpp-highlighted-specs__striped-specs\">\n<div class=\"ui-vpp-striped-specs\">\n<div class=\"ui-vpp-striped-specs__table\">\n<h3 class=\"ui-vpp-striped-specs__header\">Caracter\u00edsticas principales<\/h3>\n<table class=\"andes-table\">\n<tbody class=\"andes-table__body\">\n<tr class=\"andes-table__row ui-vpp-striped-specs__row\">\n<th class=\"andes-table__header andes-table__header--left ui-vpp-striped-specs__row__column ui-vpp-striped-specs__row__column--id\">Marca<\/th>\n<td class=\"andes-table__column andes-table__column--left ui-vpp-striped-specs__row__column\"><span class=\"andes-table__column--value\">Kleno<\/span><\/td>\n<\/tr>\n<tr class=\"andes-table__row ui-vpp-striped-specs__row\">\n<th class=\"andes-table__header andes-table__header--left ui-vpp-striped-specs__row__column ui-vpp-striped-specs__row__column--id\">L\u00ednea<\/th>\n<td class=\"andes-table__column andes-table__column--left ui-vpp-striped-specs__row__column\"><span class=\"andes-table__column--value\">Kleno<\/span><\/td>\n<\/tr>\n<tr class=\"andes-table__row ui-vpp-striped-specs__row\">\n<th class=\"andes-table__header andes-table__header--left ui-vpp-striped-specs__row__column ui-vpp-striped-specs__row__column--id\">Tipo de producto<\/th>\n<td class=\"andes-table__column andes-table__column--left ui-vpp-striped-specs__row__column\"><span class=\"andes-table__column--value\">Coloracion<\/span><\/td>\n<\/tr>\n<\/tbody>\n<\/table>\n<\/div>\n<\/div>\n<div class=\"ui-vpp-striped-specs\">\n<div class=\"ui-vpp-striped-specs__table\">\n<h3 class=\"ui-vpp-striped-specs__header\">Otros<\/h3>\n<table class=\"andes-table\">\n<tbody class=\"andes-table__body\">\n<tr class=\"andes-table__row ui-vpp-striped-specs__row\">\n<th class=\"andes-table__header andes-table__header--left ui-vpp-striped-specs__row__column ui-vpp-striped-specs__row__column--id\">Efectos<\/th>\n<td class=\"andes-table__column andes-table__column--left ui-vpp-striped-specs__row__column\"><span class=\"andes-table__column--value\">Coloraci\u00f3n<\/span><\/td>\n<\/tr>\n<tr class=\"andes-table__row ui-vpp-striped-specs__row\">\n<th class=\"andes-table__header andes-table__header--left ui-vpp-striped-specs__row__column ui-vpp-striped-specs__row__column--id\">Formato<\/th>\n<td class=\"andes-table__column andes-table__column--left ui-vpp-striped-specs__row__column\"><span class=\"andes-table__column--value\">Crema<\/span><\/td>\n<\/tr>\n<tr class=\"andes-table__row ui-vpp-striped-specs__row\">\n<th class=\"andes-table__header andes-table__header--left ui-vpp-striped-specs__row__column ui-vpp-striped-specs__row__column--id\">Presentaci\u00f3n<\/th>\n<td class=\"andes-table__column andes-table__column--left ui-vpp-striped-specs__row__column\"><span class=\"andes-table__column--value\">Pomo<\/span><\/td>\n<\/tr>\n<\/tbody>\n<\/table>\n<\/div>\n<\/div>\n<\/div>\n<\/div>\n<\/div>\n<\/div>\n<\/section>\n<\/div>\n<div id=\"description\" class=\"ui-pdp-container__row ui-pdp-container__row--description\">\n<div class=\"ui-pdp-description\">\n<h2 class=\"ui-pdp-description__title\">Descripci\u00f3n<\/h2>\n<p class=\"ui-pdp-description__content\">COLORACI\u00d3N CAPILAR PROFESIONAL. CON ORO 24K Y KERATINA<br \/>\nTintura Egyptian Gold elaborada con ORO 24 Kilates en Suspensi\u00f3n m\u00e1s Keratina.<\/p>\n<p>Elaborada con inmejorables componentes qu\u00edmicos; Kleno Color se diferencia y se destaca por contener ORO 24 Kilates en Suspensi\u00f3n m\u00e1s Keratina. Adem\u00e1s del excelente color &#8211; por su poder antioxidante &#8211; le otorga al cabello juventud y vitalidad. Kleno Color est\u00e1 al servicio del profesional; para que estos encuentren el mejor resultado colorim\u00e9trico y comercial.<\/p>\n<p>&#8211; Brillo y Vitalidad<\/p>\n<p>CONSULTAR TONOS<\/p>\n<\/div>\n<\/div>\n","protected":false},"excerpt":{"rendered":"<p>Caracter\u00edsticas principales Marca Kleno L\u00ednea Kleno Tipo de producto Coloracion Otros Efectos Coloraci\u00f3n Formato Crema Presentaci\u00f3n Pomo Descripci\u00f3n COLORACI\u00d3N CAPILAR PROFESIONAL. CON ORO 24K Y KERATINA Tintura Egyptian Gold elaborada con ORO 24 Kilates en Suspensi\u00f3n m\u00e1s Keratina. Elaborada con inmejorables componentes qu\u00edmicos; Kleno Color se diferencia y se destaca por contener ORO 24 Kilates en Suspensi\u00f3n m\u00e1s Keratina. Adem\u00e1s del excelente color &#8211; por su poder antioxidante &#8211; le otorga al cabello juventud y vitalidad. Kleno Color est\u00e1 al servicio del profesional; para que estos encuentren el mejor resultado colorim\u00e9trico y comercial. &#8211; Brillo y Vitalidad CONSULTAR TONOS<\/p>\n","protected":false},"featured_media":4709,"comment_status":"open","ping_status":"closed","template":"","meta":[],"product_cat":[222,247,272,206],"product_tag":[566,359,567,568,354],"featured_image_urls":{"full":["https:\/\/ccgdistribuidora.com\/wp-content\/uploads\/2023\/04\/Tintura-Color-2-Pomos-De-60gr-Cu.-Kleno1.jpg",700,700,false],"thumbnail":["https:\/\/ccgdistribuidora.com\/wp-content\/uploads\/2023\/04\/Tintura-Color-2-Pomos-De-60gr-Cu.-Kleno1-150x150.jpg",150,150,true],"medium":["https:\/\/ccgdistribuidora.com\/wp-content\/uploads\/2023\/04\/Tintura-Color-2-Pomos-De-60gr-Cu.-Kleno1-300x300.jpg",300,300,true],"medium_large":["https:\/\/ccgdistribuidora.com\/wp-content\/uploads\/2023\/04\/Tintura-Color-2-Pomos-De-60gr-Cu.-Kleno1.jpg",700,700,false],"large":["https:\/\/ccgdistribuidora.com\/wp-content\/uploads\/2023\/04\/Tintura-Color-2-Pomos-De-60gr-Cu.-Kleno1.jpg",700,700,false],"1536x1536":["https:\/\/ccgdistribuidora.com\/wp-content\/uploads\/2023\/04\/Tintura-Color-2-Pomos-De-60gr-Cu.-Kleno1.jpg",700,700,false],"2048x2048":["https:\/\/ccgdistribuidora.com\/wp-content\/uploads\/2023\/04\/Tintura-Color-2-Pomos-De-60gr-Cu.-Kleno1.jpg",700,700,false],"mailpoet_newsletter_max":["https:\/\/ccgdistribuidora.com\/wp-content\/uploads\/2023\/04\/Tintura-Color-2-Pomos-De-60gr-Cu.-Kleno1.jpg",700,700,false],"woocommerce_thumbnail":["https:\/\/ccgdistribuidora.com\/wp-content\/uploads\/2023\/04\/Tintura-Color-2-Pomos-De-60gr-Cu.-Kleno1-300x400.jpg",300,400,true],"woocommerce_single":["https:\/\/ccgdistribuidora.com\/wp-content\/uploads\/2023\/04\/Tintura-Color-2-Pomos-De-60gr-Cu.-Kleno1-600x600.jpg",600,600,true],"woocommerce_gallery_thumbnail":["https:\/\/ccgdistribuidora.com\/wp-content\/uploads\/2023\/04\/Tintura-Color-2-Pomos-De-60gr-Cu.-Kleno1-100x100.jpg",100,100,true],"dgwt-wcas-product-suggestion":["https:\/\/ccgdistribuidora.com\/wp-content\/uploads\/2023\/04\/Tintura-Color-2-Pomos-De-60gr-Cu.-Kleno1-64x64.jpg",64,64,true]},"post_excerpt_stackable":"<p>Caracter\u00edsticas principales Marca Kleno L\u00ednea Kleno Tipo de producto Coloracion Otros Efectos Coloraci\u00f3n Formato Crema Presentaci\u00f3n Pomo Descripci\u00f3n COLORACI\u00d3N CAPILAR PROFESIONAL. CON ORO 24K Y KERATINA Tintura Egyptian Gold elaborada con ORO 24 Kilates en Suspensi\u00f3n m\u00e1s Keratina. Elaborada con inmejorables componentes qu\u00edmicos; Kleno Color se diferencia y se destaca por contener ORO 24 Kilates en Suspensi\u00f3n m\u00e1s Keratina. Adem\u00e1s del excelente color &#8211; por su poder antioxidante &#8211; le otorga al cabello juventud y vitalidad. Kleno Color est\u00e1 al servicio del profesional; para que estos encuentren el mejor resultado colorim\u00e9trico y comercial. &#8211; Brillo y Vitalidad CONSULTAR TONOS<\/p>\n","category_list":"","author_info":{"name":"","url":""},"comments_num":"0 comentarios","_links":{"self":[{"href":"https:\/\/ccgdistribuidora.com\/index.php\/wp-json\/wp\/v2\/product\/4708"}],"collection":[{"href":"https:\/\/ccgdistribuidora.com\/index.php\/wp-json\/wp\/v2\/product"}],"about":[{"href":"https:\/\/ccgdistribuidora.com\/index.php\/wp-json\/wp\/v2\/types\/product"}],"replies":[{"embeddable":true,"href":"https:\/\/ccgdistribuidora.com\/index.php\/wp-json\/wp\/v2\/comments?post=4708"}],"wp:featuredmedia":[{"embeddable":true,"href":"https:\/\/ccgdistribuidora.com\/index.php\/wp-json\/wp\/v2\/media\/4709"}],"wp:attachment":[{"href":"https:\/\/ccgdistribuidora.com\/index.php\/wp-json\/wp\/v2\/media?parent=4708"}],"wp:term":[{"taxonomy":"product_cat","embeddable":true,"href":"https:\/\/ccgdistribuidora.com\/index.php\/wp-json\/wp\/v2\/product_cat?post=4708"},{"taxonomy":"product_tag","embeddable":true,"href":"https:\/\/ccgdistribuidora.com\/index.php\/wp-json\/wp\/v2\/product_tag?post=4708"}],"curies":[{"name":"wp","href":"https:\/\/api.w.org\/{rel}","templated":true}]}}