{"id":4665,"date":"2023-04-22T15:52:33","date_gmt":"2023-04-22T18:52:33","guid":{"rendered":"https:\/\/ccgdistribuidora.com\/?post_type=product&#038;p=4665"},"modified":"2025-07-08T21:35:14","modified_gmt":"2025-07-09T00:35:14","slug":"serum-color-protect-issue-saloon-60ml","status":"publish","type":"product","link":"https:\/\/ccgdistribuidora.com\/index.php\/product\/serum-color-protect-issue-saloon-60ml\/","title":{"rendered":"Serum Color Protect Issue Saloon 60ml"},"content":{"rendered":"<div class=\"ui-pdp-container__row\">\n<div class=\"ui-pdp-container__col col-1 ui-pdp-with--separator ui-pdp-with--separator--40\">\n<section class=\"ui-vpp-highlighted-specs pl-45 pr-45\">\n<div class=\"ui-pdp-container__row ui-pdp-container__row--technical-specifications\">\n<div class=\"ui-pdp-collapsable ui-vpp-highlighted-specs__striped-collapsed__action\">\n<div class=\"ui-pdp-collapsable__container\">\n<div class=\"ui-vpp-highlighted-specs__striped-specs\">\n<div class=\"ui-vpp-striped-specs\">\n<div class=\"ui-vpp-striped-specs__table\">\n<h3 class=\"ui-vpp-striped-specs__header\">Caracter\u00edsticas principales<\/h3>\n<table class=\"andes-table\">\n<tbody class=\"andes-table__body\">\n<tr class=\"andes-table__row ui-vpp-striped-specs__row\">\n<th class=\"andes-table__header andes-table__header--left ui-vpp-striped-specs__row__column ui-vpp-striped-specs__row__column--id\">Marca<\/th>\n<td class=\"andes-table__column andes-table__column--left ui-vpp-striped-specs__row__column\"><span class=\"andes-table__column--value\">Issue Saloon<\/span><\/td>\n<\/tr>\n<tr class=\"andes-table__row ui-vpp-striped-specs__row\">\n<th class=\"andes-table__header andes-table__header--left ui-vpp-striped-specs__row__column ui-vpp-striped-specs__row__column--id\">L\u00ednea<\/th>\n<td class=\"andes-table__column andes-table__column--left ui-vpp-striped-specs__row__column\"><span class=\"andes-table__column--value\">Saloon<\/span><\/td>\n<\/tr>\n<tr class=\"andes-table__row ui-vpp-striped-specs__row\">\n<th class=\"andes-table__header andes-table__header--left ui-vpp-striped-specs__row__column ui-vpp-striped-specs__row__column--id\">Tipo de producto<\/th>\n<td class=\"andes-table__column andes-table__column--left ui-vpp-striped-specs__row__column\"><span class=\"andes-table__column--value\">S\u00e9rum<\/span><\/td>\n<\/tr>\n<tr class=\"andes-table__row ui-vpp-striped-specs__row\">\n<th class=\"andes-table__header andes-table__header--left ui-vpp-striped-specs__row__column ui-vpp-striped-specs__row__column--id\">Unidades por envase<\/th>\n<td class=\"andes-table__column andes-table__column--left ui-vpp-striped-specs__row__column\"><span class=\"andes-table__column--value\">1<\/span><\/td>\n<\/tr>\n<tr class=\"andes-table__row ui-vpp-striped-specs__row\">\n<th class=\"andes-table__header andes-table__header--left ui-vpp-striped-specs__row__column ui-vpp-striped-specs__row__column--id\">Formato de venta<\/th>\n<td class=\"andes-table__column andes-table__column--left ui-vpp-striped-specs__row__column\"><span class=\"andes-table__column--value\">Unidad<\/span><\/td>\n<\/tr>\n<tr class=\"andes-table__row ui-vpp-striped-specs__row\">\n<th class=\"andes-table__header andes-table__header--left ui-vpp-striped-specs__row__column ui-vpp-striped-specs__row__column--id\">Unidades por pack<\/th>\n<td class=\"andes-table__column andes-table__column--left ui-vpp-striped-specs__row__column\"><span class=\"andes-table__column--value\">1<\/span><\/td>\n<\/tr>\n<tr class=\"andes-table__row ui-vpp-striped-specs__row\">\n<th class=\"andes-table__header andes-table__header--left ui-vpp-striped-specs__row__column ui-vpp-striped-specs__row__column--id\">Volumen neto<\/th>\n<td class=\"andes-table__column andes-table__column--left ui-vpp-striped-specs__row__column\"><span class=\"andes-table__column--value\">60 mL<\/span><\/td>\n<\/tr>\n<\/tbody>\n<\/table>\n<\/div>\n<\/div>\n<div class=\"ui-vpp-striped-specs\">\n<div class=\"ui-vpp-striped-specs__table\">\n<h3 class=\"ui-vpp-striped-specs__header\">Otros<\/h3>\n<table class=\"andes-table\">\n<tbody class=\"andes-table__body\">\n<tr class=\"andes-table__row ui-vpp-striped-specs__row\">\n<th class=\"andes-table__header andes-table__header--left ui-vpp-striped-specs__row__column ui-vpp-striped-specs__row__column--id\">Efectos<\/th>\n<td class=\"andes-table__column andes-table__column--left ui-vpp-striped-specs__row__column\"><span class=\"andes-table__column--value\">Protecci\u00f3n de color<\/span><\/td>\n<\/tr>\n<tr class=\"andes-table__row ui-vpp-striped-specs__row\">\n<th class=\"andes-table__header andes-table__header--left ui-vpp-striped-specs__row__column ui-vpp-striped-specs__row__column--id\">Formato<\/th>\n<td class=\"andes-table__column andes-table__column--left ui-vpp-striped-specs__row__column\"><span class=\"andes-table__column--value\">S\u00e9rum<\/span><\/td>\n<\/tr>\n<tr class=\"andes-table__row ui-vpp-striped-specs__row\">\n<th class=\"andes-table__header andes-table__header--left ui-vpp-striped-specs__row__column ui-vpp-striped-specs__row__column--id\">Es hipoalerg\u00e9nica<\/th>\n<td class=\"andes-table__column andes-table__column--left ui-vpp-striped-specs__row__column\"><span class=\"andes-table__column--value\">S\u00ed<\/span><\/td>\n<\/tr>\n<tr class=\"andes-table__row ui-vpp-striped-specs__row\">\n<th class=\"andes-table__header andes-table__header--left ui-vpp-striped-specs__row__column ui-vpp-striped-specs__row__column--id\">Con fragancia<\/th>\n<td class=\"andes-table__column andes-table__column--left ui-vpp-striped-specs__row__column\"><span class=\"andes-table__column--value\">S\u00ed<\/span><\/td>\n<\/tr>\n<tr class=\"andes-table__row ui-vpp-striped-specs__row\">\n<th class=\"andes-table__header andes-table__header--left ui-vpp-striped-specs__row__column ui-vpp-striped-specs__row__column--id\">Es vegano<\/th>\n<td class=\"andes-table__column andes-table__column--left ui-vpp-striped-specs__row__column\"><span class=\"andes-table__column--value\">No<\/span><\/td>\n<\/tr>\n<\/tbody>\n<\/table>\n<\/div>\n<\/div>\n<\/div>\n<\/div>\n<\/div>\n<\/div>\n<\/section>\n<\/div>\n<\/div>\n<div class=\"ui-pdp-container__row\">\n<div class=\"ui-pdp-container__col col-1 ui-pdp-with--separator ui-pdp-with--separator--40\"><\/div>\n<\/div>\n<div class=\"ui-pdp-container__row\">\n<div class=\"ui-pdp-container__col col-1 ui-pdp-with--separator ui-pdp-with--separator--40\"><\/div>\n<\/div>\n<div class=\"ui-pdp-container__row\">\n<div class=\"ui-pdp-container__col col-1\">\n<div class=\"ui-pdp-description pl-45 pr-45 ui-pdp-collapsable--is-collapsed\">\n<h2 class=\"ui-pdp-description__title\">Descripci\u00f3n<\/h2>\n<p class=\"ui-pdp-description__content\">El camino hacia un cabello perfecto requiere de un cuidado especial, y hoy pod\u00e9s lograr ese cambio de la mano de Issue Saloon.<\/p>\n<p>Serum Color Protect Issue Saloon 60ml<\/p>\n<p>Color Protect es un serum protector del cabello con vitamina E y filtro UV, que ayuda a prevenir el envejecimiento capilar gracias a su efecto antioxidante, aumentando el brillo y suavidad del cabello.<br \/>\nEs ideal para cabellos qu\u00edmicamente tratados, rebeldes o con doble punta.<br \/>\nPuede ser empleado previo al uso de planchita o secador.<\/p>\n<\/div>\n<\/div>\n<\/div>\n","protected":false},"excerpt":{"rendered":"<p>Caracter\u00edsticas principales Marca Issue Saloon L\u00ednea Saloon Tipo de producto S\u00e9rum Unidades por envase 1 Formato de venta Unidad Unidades por pack 1 Volumen neto 60 mL Otros Efectos Protecci\u00f3n de color Formato S\u00e9rum Es hipoalerg\u00e9nica S\u00ed Con fragancia S\u00ed Es vegano No Descripci\u00f3n El camino hacia un cabello perfecto requiere de un cuidado especial, y hoy pod\u00e9s lograr ese cambio de la mano de Issue Saloon. Serum Color Protect Issue Saloon 60ml Color Protect es un serum protector del cabello con vitamina E y filtro UV, que ayuda a prevenir el envejecimiento capilar gracias a su efecto antioxidante, aumentando\u2026<\/p>\n","protected":false},"featured_media":4666,"comment_status":"open","ping_status":"closed","template":"","meta":[],"product_cat":[222,270,206],"product_tag":[546,495,548,381],"featured_image_urls":{"full":["https:\/\/ccgdistribuidora.com\/wp-content\/uploads\/2023\/04\/Serum-Color-Protect-Issue-Saloon-60ml.jpg",700,700,false],"thumbnail":["https:\/\/ccgdistribuidora.com\/wp-content\/uploads\/2023\/04\/Serum-Color-Protect-Issue-Saloon-60ml-150x150.jpg",150,150,true],"medium":["https:\/\/ccgdistribuidora.com\/wp-content\/uploads\/2023\/04\/Serum-Color-Protect-Issue-Saloon-60ml-300x300.jpg",300,300,true],"medium_large":["https:\/\/ccgdistribuidora.com\/wp-content\/uploads\/2023\/04\/Serum-Color-Protect-Issue-Saloon-60ml.jpg",700,700,false],"large":["https:\/\/ccgdistribuidora.com\/wp-content\/uploads\/2023\/04\/Serum-Color-Protect-Issue-Saloon-60ml.jpg",700,700,false],"1536x1536":["https:\/\/ccgdistribuidora.com\/wp-content\/uploads\/2023\/04\/Serum-Color-Protect-Issue-Saloon-60ml.jpg",700,700,false],"2048x2048":["https:\/\/ccgdistribuidora.com\/wp-content\/uploads\/2023\/04\/Serum-Color-Protect-Issue-Saloon-60ml.jpg",700,700,false],"mailpoet_newsletter_max":["https:\/\/ccgdistribuidora.com\/wp-content\/uploads\/2023\/04\/Serum-Color-Protect-Issue-Saloon-60ml.jpg",700,700,false],"woocommerce_thumbnail":["https:\/\/ccgdistribuidora.com\/wp-content\/uploads\/2023\/04\/Serum-Color-Protect-Issue-Saloon-60ml-300x400.jpg",300,400,true],"woocommerce_single":["https:\/\/ccgdistribuidora.com\/wp-content\/uploads\/2023\/04\/Serum-Color-Protect-Issue-Saloon-60ml-600x600.jpg",600,600,true],"woocommerce_gallery_thumbnail":["https:\/\/ccgdistribuidora.com\/wp-content\/uploads\/2023\/04\/Serum-Color-Protect-Issue-Saloon-60ml-100x100.jpg",100,100,true],"dgwt-wcas-product-suggestion":["https:\/\/ccgdistribuidora.com\/wp-content\/uploads\/2023\/04\/Serum-Color-Protect-Issue-Saloon-60ml-64x64.jpg",64,64,true]},"post_excerpt_stackable":"<p>Caracter\u00edsticas principales Marca Issue Saloon L\u00ednea Saloon Tipo de producto S\u00e9rum Unidades por envase 1 Formato de venta Unidad Unidades por pack 1 Volumen neto 60 mL Otros Efectos Protecci\u00f3n de color Formato S\u00e9rum Es hipoalerg\u00e9nica S\u00ed Con fragancia S\u00ed Es vegano No Descripci\u00f3n El camino hacia un cabello perfecto requiere de un cuidado especial, y hoy pod\u00e9s lograr ese cambio de la mano de Issue Saloon. Serum Color Protect Issue Saloon 60ml Color Protect es un serum protector del cabello con vitamina E y filtro UV, que ayuda a prevenir el envejecimiento capilar gracias a su efecto antioxidante, aumentando&hellip;<\/p>\n","category_list":"","author_info":{"name":"","url":""},"comments_num":"0 comentarios","_links":{"self":[{"href":"https:\/\/ccgdistribuidora.com\/index.php\/wp-json\/wp\/v2\/product\/4665"}],"collection":[{"href":"https:\/\/ccgdistribuidora.com\/index.php\/wp-json\/wp\/v2\/product"}],"about":[{"href":"https:\/\/ccgdistribuidora.com\/index.php\/wp-json\/wp\/v2\/types\/product"}],"replies":[{"embeddable":true,"href":"https:\/\/ccgdistribuidora.com\/index.php\/wp-json\/wp\/v2\/comments?post=4665"}],"wp:featuredmedia":[{"embeddable":true,"href":"https:\/\/ccgdistribuidora.com\/index.php\/wp-json\/wp\/v2\/media\/4666"}],"wp:attachment":[{"href":"https:\/\/ccgdistribuidora.com\/index.php\/wp-json\/wp\/v2\/media?parent=4665"}],"wp:term":[{"taxonomy":"product_cat","embeddable":true,"href":"https:\/\/ccgdistribuidora.com\/index.php\/wp-json\/wp\/v2\/product_cat?post=4665"},{"taxonomy":"product_tag","embeddable":true,"href":"https:\/\/ccgdistribuidora.com\/index.php\/wp-json\/wp\/v2\/product_tag?post=4665"}],"curies":[{"name":"wp","href":"https:\/\/api.w.org\/{rel}","templated":true}]}}