{"id":4653,"date":"2023-04-22T14:54:30","date_gmt":"2023-04-22T17:54:30","guid":{"rendered":"https:\/\/ccgdistribuidora.com\/?post_type=product&#038;p=4653"},"modified":"2025-07-27T20:43:15","modified_gmt":"2025-07-27T23:43:15","slug":"serum-reparador-con-argan-intense-repair-issue-x-60ml","status":"publish","type":"product","link":"https:\/\/ccgdistribuidora.com\/index.php\/product\/serum-reparador-con-argan-intense-repair-issue-x-60ml\/","title":{"rendered":"Serum Reparador Con Arg\u00e1n Intense Repair Issue X 60ml"},"content":{"rendered":"<div id=\"technical_specifications\" class=\"ui-pdp-container__row ui-pdp-container__row--technical-specifications\">\n<div class=\"ui-pdp-specs\">\n<h2 class=\"ui-pdp-specs__title\">Caracter\u00edsticas principales<\/h2>\n<div class=\"ui-pdp-specs__table\">\n<table class=\"andes-table\">\n<tbody class=\"andes-table__body\">\n<tr class=\"andes-table__row\">\n<th class=\"andes-table__header andes-table__header--left ui-pdp-specs__table__column ui-pdp-specs__table__column-title\">Marca<\/th>\n<td class=\"andes-table__column andes-table__column--left ui-pdp-specs__table__column\"><span class=\"andes-table__column--value\">Issue Saloon<\/span><\/td>\n<\/tr>\n<\/tbody>\n<\/table>\n<\/div>\n<h3 class=\"ui-pdp-specs__subtitle\">Otros<\/h3>\n<div class=\"ui-pdp-list ui-pdp-specs__list\">\n<ul class=\"ui-pdp-list__wrapper\">\n<li class=\"ui-pdp-list__item\">\n<p class=\"ui-pdp-family--REGULAR ui-pdp-list__text\"><span class=\"ui-pdp-color--BLACK ui-pdp-size--XSMALL ui-pdp-family--BOLD\">L\u00ednea<\/span>: Professional<\/p>\n<\/li>\n<li class=\"ui-pdp-list__item\">\n<p class=\"ui-pdp-family--REGULAR ui-pdp-list__text\"><span class=\"ui-pdp-color--BLACK ui-pdp-size--XSMALL ui-pdp-family--BOLD\">Consistencia<\/span>: Oil<\/p>\n<\/li>\n<\/ul>\n<ul class=\"ui-pdp-list__wrapper\">\n<li class=\"ui-pdp-list__item\">\n<p class=\"ui-pdp-family--REGULAR ui-pdp-list__text\"><span class=\"ui-pdp-color--BLACK ui-pdp-size--XSMALL ui-pdp-family--BOLD\">Funciones<\/span>: Serum<\/p>\n<\/li>\n<li class=\"ui-pdp-list__item\">\n<p class=\"ui-pdp-family--REGULAR ui-pdp-list__text\"><span class=\"ui-pdp-color--BLACK ui-pdp-size--XSMALL ui-pdp-family--BOLD\">Ingredientes destacados<\/span>: Serum<\/p>\n<\/li>\n<\/ul>\n<ul class=\"ui-pdp-list__wrapper\">\n<li class=\"ui-pdp-list__item\">\n<p class=\"ui-pdp-family--REGULAR ui-pdp-list__text\"><span class=\"ui-pdp-color--BLACK ui-pdp-size--XSMALL ui-pdp-family--BOLD\">Formato de venta<\/span>: Pack<\/p>\n<\/li>\n<li class=\"ui-pdp-list__item\">\n<p class=\"ui-pdp-family--REGULAR ui-pdp-list__text\"><span class=\"ui-pdp-color--BLACK ui-pdp-size--XSMALL ui-pdp-family--BOLD\">Unidades por pack<\/span>: 1<\/p>\n<\/li>\n<\/ul>\n<ul class=\"ui-pdp-list__wrapper\">\n<li class=\"ui-pdp-list__item\">\n<p class=\"ui-pdp-family--REGULAR ui-pdp-list__text\"><span class=\"ui-pdp-color--BLACK ui-pdp-size--XSMALL ui-pdp-family--BOLD\">Peso neto<\/span>: 60 g<\/p>\n<\/li>\n<li class=\"ui-pdp-list__item\">\n<p class=\"ui-pdp-family--REGULAR ui-pdp-list__text\"><span class=\"ui-pdp-color--BLACK ui-pdp-size--XSMALL ui-pdp-family--BOLD\">Volumen neto<\/span>: 60 mL<\/p>\n<\/li>\n<\/ul>\n<ul class=\"ui-pdp-list__wrapper\">\n<li class=\"ui-pdp-list__item\">\n<p class=\"ui-pdp-family--REGULAR ui-pdp-list__text\"><span class=\"ui-pdp-color--BLACK ui-pdp-size--XSMALL ui-pdp-family--BOLD\">Tipo de envase<\/span>: Frasco<\/p>\n<\/li>\n<li class=\"ui-pdp-list__item\">\n<p class=\"ui-pdp-family--REGULAR ui-pdp-list__text\"><span class=\"ui-pdp-color--BLACK ui-pdp-size--XSMALL ui-pdp-family--BOLD\">Est\u00e1 dermatol\u00f3gicamente testeado<\/span>: S\u00ed<\/p>\n<\/li>\n<\/ul>\n<ul class=\"ui-pdp-list__wrapper\">\n<li class=\"ui-pdp-list__item\">\n<p class=\"ui-pdp-family--REGULAR ui-pdp-list__text\"><span class=\"ui-pdp-color--BLACK ui-pdp-size--XSMALL ui-pdp-family--BOLD\">Es vegano<\/span>: No<\/p>\n<\/li>\n<li class=\"ui-pdp-list__item\">\n<p class=\"ui-pdp-family--REGULAR ui-pdp-list__text\"><span class=\"ui-pdp-color--BLACK ui-pdp-size--XSMALL ui-pdp-family--BOLD\">Es libre de gluten<\/span>: No<\/p>\n<\/li>\n<li>\n<h2 class=\"ui-pdp-description__title\">Descripci\u00f3n<\/h2>\n<p class=\"ui-pdp-description__content\">Serum Reparador Con Arg\u00e1n Intense Repair Issue X 60ml<\/p>\n<p>&#8211; El Serum Intense Repair contiene aceite de arg\u00e1n, lo que permite transformar radicalmente la estructura del cabello volvi\u00e9ndolo sedoso, brillante y manejable, sin dejar residuos.<br \/>\n&#8211; Sus propiedades humectantes ayudan a acondicionar y nutrir el cabello reseco y maltratado.<\/p>\n<p>Modo de Uso:<\/p>\n<p>Aplicar algunas gotas del producto sobre la palma de la mano y distribuir sobre el cabello h\u00famedo en las zonas a tratar.<\/li>\n<\/ul>\n<\/div>\n<\/div>\n<\/div>\n<div id=\"description\" class=\"ui-pdp-container__row ui-pdp-container__row--description\">\n<div class=\"ui-pdp-description\">\n<h2 class=\"ui-pdp-description__title\"><\/h2>\n<\/div>\n<\/div>\n","protected":false},"excerpt":{"rendered":"<p>Caracter\u00edsticas principales Marca Issue Saloon Otros L\u00ednea: Professional Consistencia: Oil Funciones: Serum Ingredientes destacados: Serum Formato de venta: Pack Unidades por pack: 1 Peso neto: 60 g Volumen neto: 60 mL Tipo de envase: Frasco Est\u00e1 dermatol\u00f3gicamente testeado: S\u00ed Es vegano: No Es libre de gluten: No Descripci\u00f3n Serum Reparador Con Arg\u00e1n Intense Repair Issue X 60ml &#8211; El Serum Intense Repair contiene aceite de arg\u00e1n, lo que permite transformar radicalmente la estructura del cabello volvi\u00e9ndolo sedoso, brillante y manejable, sin dejar residuos. &#8211; Sus propiedades humectantes ayudan a acondicionar y nutrir el cabello reseco y maltratado. Modo de Uso:\u2026<\/p>\n","protected":false},"featured_media":4654,"comment_status":"open","ping_status":"closed","template":"","meta":[],"product_cat":[222,270,206],"product_tag":[365,540,538,495,403,381,541],"featured_image_urls":{"full":["https:\/\/ccgdistribuidora.com\/wp-content\/uploads\/2023\/04\/Serum-Reparador-Con-Argan-Intense-Repair-Issue-X-60ml.jpg",700,700,false],"thumbnail":["https:\/\/ccgdistribuidora.com\/wp-content\/uploads\/2023\/04\/Serum-Reparador-Con-Argan-Intense-Repair-Issue-X-60ml-150x150.jpg",150,150,true],"medium":["https:\/\/ccgdistribuidora.com\/wp-content\/uploads\/2023\/04\/Serum-Reparador-Con-Argan-Intense-Repair-Issue-X-60ml-300x300.jpg",300,300,true],"medium_large":["https:\/\/ccgdistribuidora.com\/wp-content\/uploads\/2023\/04\/Serum-Reparador-Con-Argan-Intense-Repair-Issue-X-60ml.jpg",700,700,false],"large":["https:\/\/ccgdistribuidora.com\/wp-content\/uploads\/2023\/04\/Serum-Reparador-Con-Argan-Intense-Repair-Issue-X-60ml.jpg",700,700,false],"1536x1536":["https:\/\/ccgdistribuidora.com\/wp-content\/uploads\/2023\/04\/Serum-Reparador-Con-Argan-Intense-Repair-Issue-X-60ml.jpg",700,700,false],"2048x2048":["https:\/\/ccgdistribuidora.com\/wp-content\/uploads\/2023\/04\/Serum-Reparador-Con-Argan-Intense-Repair-Issue-X-60ml.jpg",700,700,false],"mailpoet_newsletter_max":["https:\/\/ccgdistribuidora.com\/wp-content\/uploads\/2023\/04\/Serum-Reparador-Con-Argan-Intense-Repair-Issue-X-60ml.jpg",700,700,false],"woocommerce_thumbnail":["https:\/\/ccgdistribuidora.com\/wp-content\/uploads\/2023\/04\/Serum-Reparador-Con-Argan-Intense-Repair-Issue-X-60ml-300x400.jpg",300,400,true],"woocommerce_single":["https:\/\/ccgdistribuidora.com\/wp-content\/uploads\/2023\/04\/Serum-Reparador-Con-Argan-Intense-Repair-Issue-X-60ml-600x600.jpg",600,600,true],"woocommerce_gallery_thumbnail":["https:\/\/ccgdistribuidora.com\/wp-content\/uploads\/2023\/04\/Serum-Reparador-Con-Argan-Intense-Repair-Issue-X-60ml-100x100.jpg",100,100,true],"dgwt-wcas-product-suggestion":["https:\/\/ccgdistribuidora.com\/wp-content\/uploads\/2023\/04\/Serum-Reparador-Con-Argan-Intense-Repair-Issue-X-60ml-64x64.jpg",64,64,true]},"post_excerpt_stackable":"<p>Caracter\u00edsticas principales Marca Issue Saloon Otros L\u00ednea: Professional Consistencia: Oil Funciones: Serum Ingredientes destacados: Serum Formato de venta: Pack Unidades por pack: 1 Peso neto: 60 g Volumen neto: 60 mL Tipo de envase: Frasco Est\u00e1 dermatol\u00f3gicamente testeado: S\u00ed Es vegano: No Es libre de gluten: No Descripci\u00f3n Serum Reparador Con Arg\u00e1n Intense Repair Issue X 60ml &#8211; El Serum Intense Repair contiene aceite de arg\u00e1n, lo que permite transformar radicalmente la estructura del cabello volvi\u00e9ndolo sedoso, brillante y manejable, sin dejar residuos. &#8211; Sus propiedades humectantes ayudan a acondicionar y nutrir el cabello reseco y maltratado. Modo de Uso:&hellip;<\/p>\n","category_list":"","author_info":{"name":"","url":""},"comments_num":"0 comentarios","_links":{"self":[{"href":"https:\/\/ccgdistribuidora.com\/index.php\/wp-json\/wp\/v2\/product\/4653"}],"collection":[{"href":"https:\/\/ccgdistribuidora.com\/index.php\/wp-json\/wp\/v2\/product"}],"about":[{"href":"https:\/\/ccgdistribuidora.com\/index.php\/wp-json\/wp\/v2\/types\/product"}],"replies":[{"embeddable":true,"href":"https:\/\/ccgdistribuidora.com\/index.php\/wp-json\/wp\/v2\/comments?post=4653"}],"wp:featuredmedia":[{"embeddable":true,"href":"https:\/\/ccgdistribuidora.com\/index.php\/wp-json\/wp\/v2\/media\/4654"}],"wp:attachment":[{"href":"https:\/\/ccgdistribuidora.com\/index.php\/wp-json\/wp\/v2\/media?parent=4653"}],"wp:term":[{"taxonomy":"product_cat","embeddable":true,"href":"https:\/\/ccgdistribuidora.com\/index.php\/wp-json\/wp\/v2\/product_cat?post=4653"},{"taxonomy":"product_tag","embeddable":true,"href":"https:\/\/ccgdistribuidora.com\/index.php\/wp-json\/wp\/v2\/product_tag?post=4653"}],"curies":[{"name":"wp","href":"https:\/\/api.w.org\/{rel}","templated":true}]}}