{"id":4650,"date":"2023-04-22T14:28:29","date_gmt":"2023-04-22T17:28:29","guid":{"rendered":"https:\/\/ccgdistribuidora.com\/?post_type=product&#038;p=4650"},"modified":"2023-08-17T11:08:48","modified_gmt":"2023-08-17T14:08:48","slug":"issue-professional-mascara-con-argan-intense-repair-x-200-gr","status":"publish","type":"product","link":"https:\/\/ccgdistribuidora.com\/index.php\/product\/issue-professional-mascara-con-argan-intense-repair-x-200-gr\/","title":{"rendered":"Issue Professional Mascara Con Argan Intense Repair X 200 Gr"},"content":{"rendered":"<div class=\"ui-vpp-striped-specs\">\n<div class=\"ui-vpp-striped-specs__table\">\n<h3 class=\"ui-vpp-striped-specs__header\">Caracter\u00edsticas principales<\/h3>\n<table class=\"andes-table\">\n<tbody class=\"andes-table__body\">\n<tr class=\"andes-table__row ui-vpp-striped-specs__row\">\n<th class=\"andes-table__header andes-table__header--left ui-vpp-striped-specs__row__column ui-vpp-striped-specs__row__column--id\">Marca<\/th>\n<td class=\"andes-table__column andes-table__column--left ui-vpp-striped-specs__row__column\"><span class=\"andes-table__column--value\">Issue Professional<\/span><\/td>\n<\/tr>\n<tr class=\"andes-table__row ui-vpp-striped-specs__row\">\n<th class=\"andes-table__header andes-table__header--left ui-vpp-striped-specs__row__column ui-vpp-striped-specs__row__column--id\">Tipo de producto<\/th>\n<td class=\"andes-table__column andes-table__column--left ui-vpp-striped-specs__row__column\"><span class=\"andes-table__column--value\">M\u00e1scara<\/span><\/td>\n<\/tr>\n<tr class=\"andes-table__row ui-vpp-striped-specs__row\">\n<th class=\"andes-table__header andes-table__header--left ui-vpp-striped-specs__row__column ui-vpp-striped-specs__row__column--id\">Unidades por envase<\/th>\n<td class=\"andes-table__column andes-table__column--left ui-vpp-striped-specs__row__column\"><span class=\"andes-table__column--value\">1<\/span><\/td>\n<\/tr>\n<tr class=\"andes-table__row ui-vpp-striped-specs__row\">\n<th class=\"andes-table__header andes-table__header--left ui-vpp-striped-specs__row__column ui-vpp-striped-specs__row__column--id\">Formato de venta<\/th>\n<td class=\"andes-table__column andes-table__column--left ui-vpp-striped-specs__row__column\"><span class=\"andes-table__column--value\">Unidad<\/span><\/td>\n<\/tr>\n<tr class=\"andes-table__row ui-vpp-striped-specs__row\">\n<th class=\"andes-table__header andes-table__header--left ui-vpp-striped-specs__row__column ui-vpp-striped-specs__row__column--id\">Unidades por pack<\/th>\n<td class=\"andes-table__column andes-table__column--left ui-vpp-striped-specs__row__column\"><span class=\"andes-table__column--value\">1<\/span><\/td>\n<\/tr>\n<tr class=\"andes-table__row ui-vpp-striped-specs__row\">\n<th class=\"andes-table__header andes-table__header--left ui-vpp-striped-specs__row__column ui-vpp-striped-specs__row__column--id\">Peso neto<\/th>\n<td class=\"andes-table__column andes-table__column--left ui-vpp-striped-specs__row__column\"><span class=\"andes-table__column--value\">200 g<\/span><\/td>\n<\/tr>\n<\/tbody>\n<\/table>\n<\/div>\n<\/div>\n<div class=\"ui-vpp-striped-specs\">\n<div class=\"ui-vpp-striped-specs__table\">\n<h3 class=\"ui-vpp-striped-specs__header\">Otros<\/h3>\n<table class=\"andes-table\">\n<tbody class=\"andes-table__body\">\n<tr class=\"andes-table__row ui-vpp-striped-specs__row\">\n<th class=\"andes-table__header andes-table__header--left ui-vpp-striped-specs__row__column ui-vpp-striped-specs__row__column--id\">Formato<\/th>\n<td class=\"andes-table__column andes-table__column--left ui-vpp-striped-specs__row__column\"><span class=\"andes-table__column--value\">Crema<\/span><\/td>\n<\/tr>\n<tr class=\"andes-table__row ui-vpp-striped-specs__row\">\n<th class=\"andes-table__header andes-table__header--left ui-vpp-striped-specs__row__column ui-vpp-striped-specs__row__column--id\">Presentaci\u00f3n<\/th>\n<td class=\"andes-table__column andes-table__column--left ui-vpp-striped-specs__row__column\"><span class=\"andes-table__column--value\">Pomo<\/span><\/td>\n<\/tr>\n<tr class=\"andes-table__row ui-vpp-striped-specs__row\">\n<th class=\"andes-table__header andes-table__header--left ui-vpp-striped-specs__row__column ui-vpp-striped-specs__row__column--id\">Es hipoalerg\u00e9nica<\/th>\n<td class=\"andes-table__column andes-table__column--left ui-vpp-striped-specs__row__column\"><span class=\"andes-table__column--value\">S\u00ed<\/span><\/td>\n<\/tr>\n<tr class=\"andes-table__row ui-vpp-striped-specs__row\">\n<th class=\"andes-table__header andes-table__header--left ui-vpp-striped-specs__row__column ui-vpp-striped-specs__row__column--id\">Es vegano<\/th>\n<td class=\"andes-table__column andes-table__column--left ui-vpp-striped-specs__row__column\"><span class=\"andes-table__column--value\">No<\/span><\/td>\n<\/tr>\n<\/tbody>\n<\/table>\n<h2 class=\"ui-pdp-description__title\">Descripci\u00f3n<\/h2>\n<p>Con Aceite de Arg\u00e1n<\/p>\n<p>La M\u00e1scara Intense Repair mejora inmediatamente la vitalidad del cabello. El aceite de arg\u00e1n penetra en la fibra capilar fortaleci\u00e9ndola, brindando suavidad y elasticidad. Es ideal para cabellos porosos, da\u00f1ados u opacos, ya que sus antioxidantes naturales los nutren en profundidad brindando brillo suavidad.<\/p>\n<p>MODO DE USO<\/p>\n<p>Aplicar la M\u00e1scara Intense Repair sobre el cabello lavado y secado con toalla. Distribuir el producto de largos a puntas masajeando suavemente. Dejar actuar de 5 a 10 minutos. Enjuagar abundantemente.<\/p>\n<p>&nbsp;<\/p>\n<\/div>\n<\/div>\n","protected":false},"excerpt":{"rendered":"<p>Caracter\u00edsticas principales Marca Issue Professional Tipo de producto M\u00e1scara Unidades por envase 1 Formato de venta Unidad Unidades por pack 1 Peso neto 200 g Otros Formato Crema Presentaci\u00f3n Pomo Es hipoalerg\u00e9nica S\u00ed Es vegano No Descripci\u00f3n Con Aceite de Arg\u00e1n La M\u00e1scara Intense Repair mejora inmediatamente la vitalidad del cabello. El aceite de arg\u00e1n penetra en la fibra capilar fortaleci\u00e9ndola, brindando suavidad y elasticidad. Es ideal para cabellos porosos, da\u00f1ados u opacos, ya que sus antioxidantes naturales los nutren en profundidad brindando brillo suavidad. MODO DE USO Aplicar la M\u00e1scara Intense Repair sobre el cabello lavado y secado con\u2026<\/p>\n","protected":false},"featured_media":4651,"comment_status":"open","ping_status":"closed","template":"","meta":[],"product_cat":[222,270,206],"product_tag":[365,537,538,495,370,517,539],"featured_image_urls":{"full":["https:\/\/ccgdistribuidora.com\/wp-content\/uploads\/2023\/04\/Issue-Professional-Mascara-Con-Argan-Intense-Repair-X-200-Gr.jpg",700,700,false],"thumbnail":["https:\/\/ccgdistribuidora.com\/wp-content\/uploads\/2023\/04\/Issue-Professional-Mascara-Con-Argan-Intense-Repair-X-200-Gr-150x150.jpg",150,150,true],"medium":["https:\/\/ccgdistribuidora.com\/wp-content\/uploads\/2023\/04\/Issue-Professional-Mascara-Con-Argan-Intense-Repair-X-200-Gr-300x300.jpg",300,300,true],"medium_large":["https:\/\/ccgdistribuidora.com\/wp-content\/uploads\/2023\/04\/Issue-Professional-Mascara-Con-Argan-Intense-Repair-X-200-Gr.jpg",700,700,false],"large":["https:\/\/ccgdistribuidora.com\/wp-content\/uploads\/2023\/04\/Issue-Professional-Mascara-Con-Argan-Intense-Repair-X-200-Gr.jpg",700,700,false],"1536x1536":["https:\/\/ccgdistribuidora.com\/wp-content\/uploads\/2023\/04\/Issue-Professional-Mascara-Con-Argan-Intense-Repair-X-200-Gr.jpg",700,700,false],"2048x2048":["https:\/\/ccgdistribuidora.com\/wp-content\/uploads\/2023\/04\/Issue-Professional-Mascara-Con-Argan-Intense-Repair-X-200-Gr.jpg",700,700,false],"mailpoet_newsletter_max":["https:\/\/ccgdistribuidora.com\/wp-content\/uploads\/2023\/04\/Issue-Professional-Mascara-Con-Argan-Intense-Repair-X-200-Gr.jpg",700,700,false],"woocommerce_thumbnail":["https:\/\/ccgdistribuidora.com\/wp-content\/uploads\/2023\/04\/Issue-Professional-Mascara-Con-Argan-Intense-Repair-X-200-Gr-300x400.jpg",300,400,true],"woocommerce_single":["https:\/\/ccgdistribuidora.com\/wp-content\/uploads\/2023\/04\/Issue-Professional-Mascara-Con-Argan-Intense-Repair-X-200-Gr-600x600.jpg",600,600,true],"woocommerce_gallery_thumbnail":["https:\/\/ccgdistribuidora.com\/wp-content\/uploads\/2023\/04\/Issue-Professional-Mascara-Con-Argan-Intense-Repair-X-200-Gr-100x100.jpg",100,100,true],"dgwt-wcas-product-suggestion":["https:\/\/ccgdistribuidora.com\/wp-content\/uploads\/2023\/04\/Issue-Professional-Mascara-Con-Argan-Intense-Repair-X-200-Gr-64x64.jpg",64,64,true]},"post_excerpt_stackable":"<p>Caracter\u00edsticas principales Marca Issue Professional Tipo de producto M\u00e1scara Unidades por envase 1 Formato de venta Unidad Unidades por pack 1 Peso neto 200 g Otros Formato Crema Presentaci\u00f3n Pomo Es hipoalerg\u00e9nica S\u00ed Es vegano No Descripci\u00f3n Con Aceite de Arg\u00e1n La M\u00e1scara Intense Repair mejora inmediatamente la vitalidad del cabello. El aceite de arg\u00e1n penetra en la fibra capilar fortaleci\u00e9ndola, brindando suavidad y elasticidad. Es ideal para cabellos porosos, da\u00f1ados u opacos, ya que sus antioxidantes naturales los nutren en profundidad brindando brillo suavidad. MODO DE USO Aplicar la M\u00e1scara Intense Repair sobre el cabello lavado y secado con&hellip;<\/p>\n","category_list":"","author_info":{"name":"","url":""},"comments_num":"0 comentarios","_links":{"self":[{"href":"https:\/\/ccgdistribuidora.com\/index.php\/wp-json\/wp\/v2\/product\/4650"}],"collection":[{"href":"https:\/\/ccgdistribuidora.com\/index.php\/wp-json\/wp\/v2\/product"}],"about":[{"href":"https:\/\/ccgdistribuidora.com\/index.php\/wp-json\/wp\/v2\/types\/product"}],"replies":[{"embeddable":true,"href":"https:\/\/ccgdistribuidora.com\/index.php\/wp-json\/wp\/v2\/comments?post=4650"}],"wp:featuredmedia":[{"embeddable":true,"href":"https:\/\/ccgdistribuidora.com\/index.php\/wp-json\/wp\/v2\/media\/4651"}],"wp:attachment":[{"href":"https:\/\/ccgdistribuidora.com\/index.php\/wp-json\/wp\/v2\/media?parent=4650"}],"wp:term":[{"taxonomy":"product_cat","embeddable":true,"href":"https:\/\/ccgdistribuidora.com\/index.php\/wp-json\/wp\/v2\/product_cat?post=4650"},{"taxonomy":"product_tag","embeddable":true,"href":"https:\/\/ccgdistribuidora.com\/index.php\/wp-json\/wp\/v2\/product_tag?post=4650"}],"curies":[{"name":"wp","href":"https:\/\/api.w.org\/{rel}","templated":true}]}}