{"id":4606,"date":"2023-04-21T20:47:02","date_gmt":"2023-04-21T23:47:02","guid":{"rendered":"https:\/\/ccgdistribuidora.com\/?post_type=product&#038;p=4606"},"modified":"2026-04-22T12:23:40","modified_gmt":"2026-04-22T15:23:40","slug":"reparador-bifasico-issue-semilla-lino-200ml-profesional","status":"publish","type":"product","link":"https:\/\/ccgdistribuidora.com\/index.php\/product\/reparador-bifasico-issue-semilla-lino-200ml-profesional\/","title":{"rendered":"Reparador Bif\u00e1sico Issue Semilla Lino 200ml Profesional"},"content":{"rendered":"<div id=\"highlighted_specs_attrs\" class=\"ui-pdp-container__row ui-pdp-container__row--highlighted-specs-attrs\">\n<section id=\"highlighted_specs_attrs\" class=\"ui-vpp-highlighted-specs pl-45 pr-45\">\n<div class=\"ui-pdp-container__row ui-pdp-container__row--technical-specifications\">\n<div class=\"ui-pdp-collapsable ui-vpp-highlighted-specs__striped-collapsed__action\">\n<div class=\"ui-pdp-collapsable__container\">\n<div class=\"ui-vpp-highlighted-specs__striped-specs\">\n<div class=\"ui-vpp-striped-specs\">\n<div class=\"ui-vpp-striped-specs__table\">\n<h3 class=\"ui-vpp-striped-specs__header\">Caracter\u00edsticas principales<\/h3>\n<table class=\"andes-table\">\n<tbody class=\"andes-table__body\">\n<tr class=\"andes-table__row ui-vpp-striped-specs__row\">\n<th class=\"andes-table__header andes-table__header--left ui-vpp-striped-specs__row__column ui-vpp-striped-specs__row__column--id\">Marca<\/th>\n<td class=\"andes-table__column andes-table__column--left ui-vpp-striped-specs__row__column\"><span class=\"andes-table__column--value\">Issue<\/span><\/td>\n<\/tr>\n<tr class=\"andes-table__row ui-vpp-striped-specs__row\">\n<th class=\"andes-table__header andes-table__header--left ui-vpp-striped-specs__row__column ui-vpp-striped-specs__row__column--id\">L\u00ednea<\/th>\n<td class=\"andes-table__column andes-table__column--left ui-vpp-striped-specs__row__column\"><span class=\"andes-table__column--value\">Issue<\/span><\/td>\n<\/tr>\n<tr class=\"andes-table__row ui-vpp-striped-specs__row\">\n<th class=\"andes-table__header andes-table__header--left ui-vpp-striped-specs__row__column ui-vpp-striped-specs__row__column--id\">Tipo de producto<\/th>\n<td class=\"andes-table__column andes-table__column--left ui-vpp-striped-specs__row__column\"><span class=\"andes-table__column--value\">bifasico<\/span><\/td>\n<\/tr>\n<tr class=\"andes-table__row ui-vpp-striped-specs__row\">\n<th class=\"andes-table__header andes-table__header--left ui-vpp-striped-specs__row__column ui-vpp-striped-specs__row__column--id\">Tipo de cuidado<\/th>\n<td class=\"andes-table__column andes-table__column--left ui-vpp-striped-specs__row__column\"><span class=\"andes-table__column--value\">Antifrizz<\/span><\/td>\n<\/tr>\n<tr class=\"andes-table__row ui-vpp-striped-specs__row\">\n<th class=\"andes-table__header andes-table__header--left ui-vpp-striped-specs__row__column ui-vpp-striped-specs__row__column--id\">Es kit<\/th>\n<td class=\"andes-table__column andes-table__column--left ui-vpp-striped-specs__row__column\"><span class=\"andes-table__column--value\">No<\/span><\/td>\n<\/tr>\n<tr class=\"andes-table__row ui-vpp-striped-specs__row\">\n<th class=\"andes-table__header andes-table__header--left ui-vpp-striped-specs__row__column ui-vpp-striped-specs__row__column--id\">Volumen neto<\/th>\n<td class=\"andes-table__column andes-table__column--left ui-vpp-striped-specs__row__column\"><span class=\"andes-table__column--value\">200 mL<\/span><\/td>\n<\/tr>\n<\/tbody>\n<\/table>\n<\/div>\n<\/div>\n<div class=\"ui-vpp-striped-specs\">\n<div class=\"ui-vpp-striped-specs__table\">\n<h3 class=\"ui-vpp-striped-specs__header\">Otros<\/h3>\n<table class=\"andes-table\">\n<tbody class=\"andes-table__body\">\n<tr class=\"andes-table__row ui-vpp-striped-specs__row\">\n<th class=\"andes-table__header andes-table__header--left ui-vpp-striped-specs__row__column ui-vpp-striped-specs__row__column--id\">Tipos de cabello<\/th>\n<td class=\"andes-table__column andes-table__column--left ui-vpp-striped-specs__row__column\"><span class=\"andes-table__column--value\">Todo tipo de cabello<\/span><\/td>\n<\/tr>\n<tr class=\"andes-table__row ui-vpp-striped-specs__row\">\n<th class=\"andes-table__header andes-table__header--left ui-vpp-striped-specs__row__column ui-vpp-striped-specs__row__column--id\">Efectos<\/th>\n<td class=\"andes-table__column andes-table__column--left ui-vpp-striped-specs__row__column\"><span class=\"andes-table__column--value\">Antifrizz<\/span><\/td>\n<\/tr>\n<tr class=\"andes-table__row ui-vpp-striped-specs__row\">\n<th class=\"andes-table__header andes-table__header--left ui-vpp-striped-specs__row__column ui-vpp-striped-specs__row__column--id\">Formato<\/th>\n<td class=\"andes-table__column andes-table__column--left ui-vpp-striped-specs__row__column\"><span class=\"andes-table__column--value\">Aceite<\/span><\/td>\n<\/tr>\n<tr class=\"andes-table__row ui-vpp-striped-specs__row\">\n<th class=\"andes-table__header andes-table__header--left ui-vpp-striped-specs__row__column ui-vpp-striped-specs__row__column--id\">Presentaci\u00f3n<\/th>\n<td class=\"andes-table__column andes-table__column--left ui-vpp-striped-specs__row__column\"><span class=\"andes-table__column--value\">Spray<\/span><\/td>\n<\/tr>\n<tr class=\"andes-table__row ui-vpp-striped-specs__row\">\n<th class=\"andes-table__header andes-table__header--left ui-vpp-striped-specs__row__column ui-vpp-striped-specs__row__column--id\">Es hipoalerg\u00e9nico<\/th>\n<td class=\"andes-table__column andes-table__column--left ui-vpp-striped-specs__row__column\"><span class=\"andes-table__column--value\">No<\/span><\/td>\n<\/tr>\n<tr class=\"andes-table__row ui-vpp-striped-specs__row\">\n<th class=\"andes-table__header andes-table__header--left ui-vpp-striped-specs__row__column ui-vpp-striped-specs__row__column--id\">Es libre de crueldad<\/th>\n<td class=\"andes-table__column andes-table__column--left ui-vpp-striped-specs__row__column\"><span class=\"andes-table__column--value\">No<\/span><\/td>\n<\/tr>\n<tr class=\"andes-table__row ui-vpp-striped-specs__row\">\n<th class=\"andes-table__header andes-table__header--left ui-vpp-striped-specs__row__column ui-vpp-striped-specs__row__column--id\">Con fragancia<\/th>\n<td class=\"andes-table__column andes-table__column--left ui-vpp-striped-specs__row__column\"><span class=\"andes-table__column--value\">S\u00ed<\/span><\/td>\n<\/tr>\n<\/tbody>\n<\/table>\n<\/div>\n<\/div>\n<\/div>\n<\/div>\n<\/div>\n<\/div>\n<\/section>\n<\/div>\n<div id=\"description\" class=\"ui-pdp-container__row ui-pdp-container__row--description\">\n<div class=\"ui-pdp-description\">\n<h2 class=\"ui-pdp-description__title\">Descripci\u00f3n<\/h2>\n<p class=\"ui-pdp-description__content\">TRATAMIENTO BIFASICO ISSUE X 200ML<\/p>\n<p>Caracter\u00edsticas:<\/p>\n<p>La l\u00ednea de Semilla de Lino otorga el brillo y la sedosidad que los cabellos necesitan, a trav\u00e9s de productos dise\u00f1ados exclusivamente para uso profesional brindando brillo, nutrici\u00f3n y finishing.<br \/>\nReparador Instantaneo bifasico<br \/>\nComponentes derivados de la semilla de lino<br \/>\nProteinas de colageno que suavizan y alisan la cuticula<br \/>\nMas brilo y volumen<br \/>\nFacilita el peinado<\/p>\n<\/div>\n<\/div>\n","protected":false},"excerpt":{"rendered":"<p>Caracter\u00edsticas principales Marca Issue L\u00ednea Issue Tipo de producto bifasico Tipo de cuidado Antifrizz Es kit No Volumen neto 200 mL Otros Tipos de cabello Todo tipo de cabello Efectos Antifrizz Formato Aceite Presentaci\u00f3n Spray Es hipoalerg\u00e9nico No Es libre de crueldad No Con fragancia S\u00ed Descripci\u00f3n TRATAMIENTO BIFASICO ISSUE X 200ML Caracter\u00edsticas: La l\u00ednea de Semilla de Lino otorga el brillo y la sedosidad que los cabellos necesitan, a trav\u00e9s de productos dise\u00f1ados exclusivamente para uso profesional brindando brillo, nutrici\u00f3n y finishing. Reparador Instantaneo bifasico Componentes derivados de la semilla de lino Proteinas de colageno que suavizan y alisan\u2026<\/p>\n","protected":false},"featured_media":4607,"comment_status":"open","ping_status":"closed","template":"","meta":[],"product_cat":[222,270,206],"product_tag":[377,523,495,403,524],"featured_image_urls":{"full":["https:\/\/ccgdistribuidora.com\/wp-content\/uploads\/2023\/04\/Reparador-Bifasico-Issue-Semilla-Lino-200ml-Profesional1.jpg",700,700,false],"thumbnail":["https:\/\/ccgdistribuidora.com\/wp-content\/uploads\/2023\/04\/Reparador-Bifasico-Issue-Semilla-Lino-200ml-Profesional1-150x150.jpg",150,150,true],"medium":["https:\/\/ccgdistribuidora.com\/wp-content\/uploads\/2023\/04\/Reparador-Bifasico-Issue-Semilla-Lino-200ml-Profesional1-300x300.jpg",300,300,true],"medium_large":["https:\/\/ccgdistribuidora.com\/wp-content\/uploads\/2023\/04\/Reparador-Bifasico-Issue-Semilla-Lino-200ml-Profesional1.jpg",700,700,false],"large":["https:\/\/ccgdistribuidora.com\/wp-content\/uploads\/2023\/04\/Reparador-Bifasico-Issue-Semilla-Lino-200ml-Profesional1.jpg",700,700,false],"1536x1536":["https:\/\/ccgdistribuidora.com\/wp-content\/uploads\/2023\/04\/Reparador-Bifasico-Issue-Semilla-Lino-200ml-Profesional1.jpg",700,700,false],"2048x2048":["https:\/\/ccgdistribuidora.com\/wp-content\/uploads\/2023\/04\/Reparador-Bifasico-Issue-Semilla-Lino-200ml-Profesional1.jpg",700,700,false],"mailpoet_newsletter_max":["https:\/\/ccgdistribuidora.com\/wp-content\/uploads\/2023\/04\/Reparador-Bifasico-Issue-Semilla-Lino-200ml-Profesional1.jpg",700,700,false],"woocommerce_thumbnail":["https:\/\/ccgdistribuidora.com\/wp-content\/uploads\/2023\/04\/Reparador-Bifasico-Issue-Semilla-Lino-200ml-Profesional1-300x400.jpg",300,400,true],"woocommerce_single":["https:\/\/ccgdistribuidora.com\/wp-content\/uploads\/2023\/04\/Reparador-Bifasico-Issue-Semilla-Lino-200ml-Profesional1-600x600.jpg",600,600,true],"woocommerce_gallery_thumbnail":["https:\/\/ccgdistribuidora.com\/wp-content\/uploads\/2023\/04\/Reparador-Bifasico-Issue-Semilla-Lino-200ml-Profesional1-100x100.jpg",100,100,true],"dgwt-wcas-product-suggestion":["https:\/\/ccgdistribuidora.com\/wp-content\/uploads\/2023\/04\/Reparador-Bifasico-Issue-Semilla-Lino-200ml-Profesional1.jpg",64,64,false]},"post_excerpt_stackable":"<p>Caracter\u00edsticas principales Marca Issue L\u00ednea Issue Tipo de producto bifasico Tipo de cuidado Antifrizz Es kit No Volumen neto 200 mL Otros Tipos de cabello Todo tipo de cabello Efectos Antifrizz Formato Aceite Presentaci\u00f3n Spray Es hipoalerg\u00e9nico No Es libre de crueldad No Con fragancia S\u00ed Descripci\u00f3n TRATAMIENTO BIFASICO ISSUE X 200ML Caracter\u00edsticas: La l\u00ednea de Semilla de Lino otorga el brillo y la sedosidad que los cabellos necesitan, a trav\u00e9s de productos dise\u00f1ados exclusivamente para uso profesional brindando brillo, nutrici\u00f3n y finishing. Reparador Instantaneo bifasico Componentes derivados de la semilla de lino Proteinas de colageno que suavizan y alisan&hellip;<\/p>\n","category_list":"","author_info":{"name":"","url":""},"comments_num":"0 comentarios","_links":{"self":[{"href":"https:\/\/ccgdistribuidora.com\/index.php\/wp-json\/wp\/v2\/product\/4606"}],"collection":[{"href":"https:\/\/ccgdistribuidora.com\/index.php\/wp-json\/wp\/v2\/product"}],"about":[{"href":"https:\/\/ccgdistribuidora.com\/index.php\/wp-json\/wp\/v2\/types\/product"}],"replies":[{"embeddable":true,"href":"https:\/\/ccgdistribuidora.com\/index.php\/wp-json\/wp\/v2\/comments?post=4606"}],"wp:featuredmedia":[{"embeddable":true,"href":"https:\/\/ccgdistribuidora.com\/index.php\/wp-json\/wp\/v2\/media\/4607"}],"wp:attachment":[{"href":"https:\/\/ccgdistribuidora.com\/index.php\/wp-json\/wp\/v2\/media?parent=4606"}],"wp:term":[{"taxonomy":"product_cat","embeddable":true,"href":"https:\/\/ccgdistribuidora.com\/index.php\/wp-json\/wp\/v2\/product_cat?post=4606"},{"taxonomy":"product_tag","embeddable":true,"href":"https:\/\/ccgdistribuidora.com\/index.php\/wp-json\/wp\/v2\/product_tag?post=4606"}],"curies":[{"name":"wp","href":"https:\/\/api.w.org\/{rel}","templated":true}]}}