{"id":4578,"date":"2023-04-21T16:24:05","date_gmt":"2023-04-21T19:24:05","guid":{"rendered":"https:\/\/ccgdistribuidora.com\/?post_type=product&#038;p=4578"},"modified":"2026-04-22T12:30:42","modified_gmt":"2026-04-22T15:30:42","slug":"tintura-issue-professional-color-x-70gr-profesional","status":"publish","type":"product","link":"https:\/\/ccgdistribuidora.com\/index.php\/product\/tintura-issue-professional-color-x-70gr-profesional\/","title":{"rendered":"Tintura Issue Professional Color X 70gr Profesional"},"content":{"rendered":"<div id=\"technical_specifications\" class=\"ui-pdp-container__row ui-pdp-container__row--technical-specifications\">\n<div class=\"ui-pdp-specs\">\n<h2 class=\"ui-pdp-specs__title\">Caracter\u00edsticas principales<\/h2>\n<div class=\"ui-pdp-specs__table\">\n<table class=\"andes-table\">\n<tbody class=\"andes-table__body\">\n<tr class=\"andes-table__row\">\n<th class=\"andes-table__header andes-table__header--left ui-pdp-specs__table__column ui-pdp-specs__table__column-title\">Marca<\/th>\n<td class=\"andes-table__column andes-table__column--left ui-pdp-specs__table__column\"><span class=\"andes-table__column--value\">Issue Professional<\/span><\/td>\n<\/tr>\n<tr class=\"andes-table__row\">\n<th class=\"andes-table__header andes-table__header--left ui-pdp-specs__table__column ui-pdp-specs__table__column-title\">L\u00ednea<\/th>\n<td class=\"andes-table__column andes-table__column--left ui-pdp-specs__table__column\"><span class=\"andes-table__column--value\">Professional<\/span><\/td>\n<\/tr>\n<tr class=\"andes-table__row\">\n<th class=\"andes-table__header andes-table__header--left ui-pdp-specs__table__column ui-pdp-specs__table__column-title\">Nombre<\/th>\n<td class=\"andes-table__column andes-table__column--left ui-pdp-specs__table__column\"><span class=\"andes-table__column--value\">Coloraci\u00f3n profesional permanente<\/span><\/td>\n<\/tr>\n<\/tbody>\n<\/table>\n<\/div>\n<h3 class=\"ui-pdp-specs__subtitle\">Otros<\/h3>\n<div class=\"ui-pdp-list ui-pdp-specs__list\">\n<ul class=\"ui-pdp-list__wrapper\">\n<li class=\"ui-pdp-list__item\">\n<p class=\"ui-pdp-family--REGULAR ui-pdp-list__text\"><span class=\"ui-pdp-color--BLACK ui-pdp-size--XSMALL ui-pdp-family--BOLD\">Volumen neto<\/span>: 70 mL<\/p>\n<\/li>\n<li class=\"ui-pdp-list__item\">\n<p class=\"ui-pdp-family--REGULAR ui-pdp-list__text\"><span class=\"ui-pdp-color--BLACK ui-pdp-size--XSMALL ui-pdp-family--BOLD\">Peso neto<\/span>: 70 g<\/p>\n<\/li>\n<\/ul>\n<ul class=\"ui-pdp-list__wrapper\">\n<li class=\"ui-pdp-list__item\">\n<p class=\"ui-pdp-family--REGULAR ui-pdp-list__text\"><span class=\"ui-pdp-color--BLACK ui-pdp-size--XSMALL ui-pdp-family--BOLD\">Tipos de producto<\/span>: Tintura<\/p>\n<\/li>\n<li class=\"ui-pdp-list__item\">\n<p class=\"ui-pdp-family--REGULAR ui-pdp-list__text\"><span class=\"ui-pdp-color--BLACK ui-pdp-size--XSMALL ui-pdp-family--BOLD\">Consistencia<\/span>: Crema<\/p>\n<\/li>\n<\/ul>\n<ul class=\"ui-pdp-list__wrapper\">\n<li class=\"ui-pdp-list__item\">\n<p class=\"ui-pdp-family--REGULAR ui-pdp-list__text\"><span class=\"ui-pdp-color--BLACK ui-pdp-size--XSMALL ui-pdp-family--BOLD\">Presentaci\u00f3n<\/span>: Pomo<\/p>\n<\/li>\n<li class=\"ui-pdp-list__item\">\n<p class=\"ui-pdp-family--REGULAR ui-pdp-list__text\"><span class=\"ui-pdp-color--BLACK ui-pdp-size--XSMALL ui-pdp-family--BOLD\">Incluye activador<\/span>: No<\/p>\n<\/li>\n<\/ul>\n<ul class=\"ui-pdp-list__wrapper\">\n<li class=\"ui-pdp-list__item\">\n<p class=\"ui-pdp-family--REGULAR ui-pdp-list__text\"><span class=\"ui-pdp-color--BLACK ui-pdp-size--XSMALL ui-pdp-family--BOLD\">Con cobertura de canas<\/span>: S\u00ed<\/p>\n<\/li>\n<li class=\"ui-pdp-list__item\">\n<p class=\"ui-pdp-family--REGULAR ui-pdp-list__text\"><span class=\"ui-pdp-color--BLACK ui-pdp-size--XSMALL ui-pdp-family--BOLD\">Es sin amon\u00edaco<\/span>: No<\/p>\n<\/li>\n<\/ul>\n<ul class=\"ui-pdp-list__wrapper\">\n<li class=\"ui-pdp-list__item\">\n<p class=\"ui-pdp-family--REGULAR ui-pdp-list__text\"><span class=\"ui-pdp-color--BLACK ui-pdp-size--XSMALL ui-pdp-family--BOLD\">Es libre de gluten<\/span>: No<\/p>\n<\/li>\n<li class=\"ui-pdp-list__item\">\n<p class=\"ui-pdp-family--REGULAR ui-pdp-list__text\"><span class=\"ui-pdp-color--BLACK ui-pdp-size--XSMALL ui-pdp-family--BOLD\">Es vegano<\/span>: No<\/p>\n<\/li>\n<\/ul>\n<ul class=\"ui-pdp-list__wrapper\">\n<li class=\"ui-pdp-list__item\">\n<p class=\"ui-pdp-family--REGULAR ui-pdp-list__text\"><span class=\"ui-pdp-color--BLACK ui-pdp-size--XSMALL ui-pdp-family--BOLD\">Duraci\u00f3n<\/span>: Permanente<\/p>\n<\/li>\n<li class=\"ui-pdp-list__item\">\n<p class=\"ui-pdp-family--REGULAR ui-pdp-list__text\"><span class=\"ui-pdp-color--BLACK ui-pdp-size--XSMALL ui-pdp-family--BOLD\">Unidades por envase<\/span>: 1<\/p>\n<\/li>\n<\/ul>\n<\/div>\n<\/div>\n<\/div>\n<div id=\"description\" class=\"ui-pdp-container__row ui-pdp-container__row--description\">\n<div class=\"ui-pdp-description\">\n<h2 class=\"ui-pdp-description__title\">Descripci\u00f3n<\/h2>\n<p class=\"ui-pdp-description__content\">\u00a0Tintura Issue Professional Color X 70g<\/p>\n<p>&#8211; Issue Professional Color es la coloraci\u00f3n en crema gel dise\u00f1ada especialmente para<br \/>\nprofesionales.<\/p>\n<p>&#8211; Nueva f\u00f3rmula italiana exclusiva triple acci\u00f3n. Un pomo en x 70g brinda la posibilidad de<br \/>\nobtener diferentes reflejos, cabellos siempre brillantes y luminosos garantizando una<br \/>\nperfecta cubertura de canas.<\/p>\n<p><strong>MODO DE USO<\/strong><br \/>\nMezcle el contenido del pomo de Coloraci\u00f3n Issue Professional Natural Shine (70g) con 70 ml de Crema Oxidante Compatible Issue Professional Color de 10, 20, 30 \u00f3 40 vol\u00famenes, seg\u00fan el trabajo a realizar, hasta obtener una crema untuosa y homog\u00e9nea. No utilice utensilios met\u00e1licos. Aplique con un pincel sobre cabellos secos y no lavados. El tiempo total de exposici\u00f3n, despu\u00e9s de la aplicaci\u00f3n es de 40 minutos a 50 minutos, dependiendo del caso. Pasado dicho tiempo, emulsione suavemente y enjuague con abundante agua tibia. Lave con Shampoo Issue Saloon hasta eliminar los restos de coloraci\u00f3n y neutralizar la alcalinidad del tinte.<\/p>\n<\/div>\n<\/div>\n","protected":false},"excerpt":{"rendered":"<p>Caracter\u00edsticas principales Marca Issue Professional L\u00ednea Professional Nombre Coloraci\u00f3n profesional permanente Otros Volumen neto: 70 mL Peso neto: 70 g Tipos de producto: Tintura Consistencia: Crema Presentaci\u00f3n: Pomo Incluye activador: No Con cobertura de canas: S\u00ed Es sin amon\u00edaco: No Es libre de gluten: No Es vegano: No Duraci\u00f3n: Permanente Unidades por envase: 1 Descripci\u00f3n \u00a0Tintura Issue Professional Color X 70g &#8211; Issue Professional Color es la coloraci\u00f3n en crema gel dise\u00f1ada especialmente para profesionales. &#8211; Nueva f\u00f3rmula italiana exclusiva triple acci\u00f3n. Un pomo en x 70g brinda la posibilidad de obtener diferentes reflejos, cabellos siempre brillantes y luminosos garantizando\u2026<\/p>\n","protected":false},"featured_media":4579,"comment_status":"open","ping_status":"closed","template":"","meta":[],"product_cat":[222,247,270,206],"product_tag":[515,514],"featured_image_urls":{"full":["https:\/\/ccgdistribuidora.com\/wp-content\/uploads\/2023\/04\/Tintura-Issue-Professional-Color-X-70gr-Profesional.jpg",700,700,false],"thumbnail":["https:\/\/ccgdistribuidora.com\/wp-content\/uploads\/2023\/04\/Tintura-Issue-Professional-Color-X-70gr-Profesional-150x150.jpg",150,150,true],"medium":["https:\/\/ccgdistribuidora.com\/wp-content\/uploads\/2023\/04\/Tintura-Issue-Professional-Color-X-70gr-Profesional-300x300.jpg",300,300,true],"medium_large":["https:\/\/ccgdistribuidora.com\/wp-content\/uploads\/2023\/04\/Tintura-Issue-Professional-Color-X-70gr-Profesional.jpg",700,700,false],"large":["https:\/\/ccgdistribuidora.com\/wp-content\/uploads\/2023\/04\/Tintura-Issue-Professional-Color-X-70gr-Profesional.jpg",700,700,false],"1536x1536":["https:\/\/ccgdistribuidora.com\/wp-content\/uploads\/2023\/04\/Tintura-Issue-Professional-Color-X-70gr-Profesional.jpg",700,700,false],"2048x2048":["https:\/\/ccgdistribuidora.com\/wp-content\/uploads\/2023\/04\/Tintura-Issue-Professional-Color-X-70gr-Profesional.jpg",700,700,false],"mailpoet_newsletter_max":["https:\/\/ccgdistribuidora.com\/wp-content\/uploads\/2023\/04\/Tintura-Issue-Professional-Color-X-70gr-Profesional.jpg",700,700,false],"woocommerce_thumbnail":["https:\/\/ccgdistribuidora.com\/wp-content\/uploads\/2023\/04\/Tintura-Issue-Professional-Color-X-70gr-Profesional-300x400.jpg",300,400,true],"woocommerce_single":["https:\/\/ccgdistribuidora.com\/wp-content\/uploads\/2023\/04\/Tintura-Issue-Professional-Color-X-70gr-Profesional-600x600.jpg",600,600,true],"woocommerce_gallery_thumbnail":["https:\/\/ccgdistribuidora.com\/wp-content\/uploads\/2023\/04\/Tintura-Issue-Professional-Color-X-70gr-Profesional-100x100.jpg",100,100,true],"dgwt-wcas-product-suggestion":["https:\/\/ccgdistribuidora.com\/wp-content\/uploads\/2023\/04\/Tintura-Issue-Professional-Color-X-70gr-Profesional.jpg",64,64,false]},"post_excerpt_stackable":"<p>Caracter\u00edsticas principales Marca Issue Professional L\u00ednea Professional Nombre Coloraci\u00f3n profesional permanente Otros Volumen neto: 70 mL Peso neto: 70 g Tipos de producto: Tintura Consistencia: Crema Presentaci\u00f3n: Pomo Incluye activador: No Con cobertura de canas: S\u00ed Es sin amon\u00edaco: No Es libre de gluten: No Es vegano: No Duraci\u00f3n: Permanente Unidades por envase: 1 Descripci\u00f3n \u00a0Tintura Issue Professional Color X 70g &#8211; Issue Professional Color es la coloraci\u00f3n en crema gel dise\u00f1ada especialmente para profesionales. &#8211; Nueva f\u00f3rmula italiana exclusiva triple acci\u00f3n. Un pomo en x 70g brinda la posibilidad de obtener diferentes reflejos, cabellos siempre brillantes y luminosos garantizando&hellip;<\/p>\n","category_list":"","author_info":{"name":"","url":""},"comments_num":"0 comentarios","_links":{"self":[{"href":"https:\/\/ccgdistribuidora.com\/index.php\/wp-json\/wp\/v2\/product\/4578"}],"collection":[{"href":"https:\/\/ccgdistribuidora.com\/index.php\/wp-json\/wp\/v2\/product"}],"about":[{"href":"https:\/\/ccgdistribuidora.com\/index.php\/wp-json\/wp\/v2\/types\/product"}],"replies":[{"embeddable":true,"href":"https:\/\/ccgdistribuidora.com\/index.php\/wp-json\/wp\/v2\/comments?post=4578"}],"wp:featuredmedia":[{"embeddable":true,"href":"https:\/\/ccgdistribuidora.com\/index.php\/wp-json\/wp\/v2\/media\/4579"}],"wp:attachment":[{"href":"https:\/\/ccgdistribuidora.com\/index.php\/wp-json\/wp\/v2\/media?parent=4578"}],"wp:term":[{"taxonomy":"product_cat","embeddable":true,"href":"https:\/\/ccgdistribuidora.com\/index.php\/wp-json\/wp\/v2\/product_cat?post=4578"},{"taxonomy":"product_tag","embeddable":true,"href":"https:\/\/ccgdistribuidora.com\/index.php\/wp-json\/wp\/v2\/product_tag?post=4578"}],"curies":[{"name":"wp","href":"https:\/\/api.w.org\/{rel}","templated":true}]}}