{"id":4568,"date":"2023-04-21T15:12:15","date_gmt":"2023-04-21T18:12:15","guid":{"rendered":"https:\/\/ccgdistribuidora.com\/?post_type=product&#038;p=4568"},"modified":"2024-09-25T22:52:27","modified_gmt":"2024-09-26T01:52:27","slug":"crema-oxidante-coloracion-issue-profesional-compatible-900ml-20-vol","status":"publish","type":"product","link":"https:\/\/ccgdistribuidora.com\/index.php\/product\/crema-oxidante-coloracion-issue-profesional-compatible-900ml-20-vol\/","title":{"rendered":"Crema Oxidante Coloracion Issue Profesional Compatible 900ml 20 Vol"},"content":{"rendered":"<div id=\"technical_specifications\" class=\"ui-pdp-container__row ui-pdp-container__row--technical-specifications\">\n<div class=\"ui-pdp-specs\">\n<h2 class=\"ui-pdp-specs__title\">Caracter\u00edsticas principales<\/h2>\n<div class=\"ui-pdp-specs__table\">\n<table class=\"andes-table\">\n<tbody class=\"andes-table__body\">\n<tr class=\"andes-table__row\">\n<th class=\"andes-table__header andes-table__header--left ui-pdp-specs__table__column ui-pdp-specs__table__column-title\">Marca<\/th>\n<td class=\"andes-table__column andes-table__column--left ui-pdp-specs__table__column\"><span class=\"andes-table__column--value\">Issue<\/span><\/td>\n<\/tr>\n<tr class=\"andes-table__row\">\n<th class=\"andes-table__header andes-table__header--left ui-pdp-specs__table__column ui-pdp-specs__table__column-title\">L\u00ednea<\/th>\n<td class=\"andes-table__column andes-table__column--left ui-pdp-specs__table__column\"><span class=\"andes-table__column--value\">Profesional<\/span><\/td>\n<\/tr>\n<tr class=\"andes-table__row\">\n<th class=\"andes-table__header andes-table__header--left ui-pdp-specs__table__column ui-pdp-specs__table__column-title\">Nombre<\/th>\n<td class=\"andes-table__column andes-table__column--left ui-pdp-specs__table__column\"><span class=\"andes-table__column--value\">Oxidante<\/span><\/td>\n<\/tr>\n<\/tbody>\n<\/table>\n<\/div>\n<h3 class=\"ui-pdp-specs__subtitle\">Otros<\/h3>\n<div class=\"ui-pdp-list ui-pdp-specs__list\">\n<ul class=\"ui-pdp-list__wrapper\">\n<li class=\"ui-pdp-list__item\">\n<p class=\"ui-pdp-family--REGULAR ui-pdp-list__text\"><span class=\"ui-pdp-color--BLACK ui-pdp-size--XSMALL ui-pdp-family--BOLD\">Volumen neto<\/span>: 900 mL<\/p>\n<\/li>\n<li class=\"ui-pdp-list__item\">\n<p class=\"ui-pdp-family--REGULAR ui-pdp-list__text\"><span class=\"ui-pdp-color--BLACK ui-pdp-size--XSMALL ui-pdp-family--BOLD\">Tipos de producto<\/span>: Oxidante<\/p>\n<\/li>\n<\/ul>\n<ul class=\"ui-pdp-list__wrapper\">\n<li class=\"ui-pdp-list__item\">\n<p class=\"ui-pdp-family--REGULAR ui-pdp-list__text\"><span class=\"ui-pdp-color--BLACK ui-pdp-size--XSMALL ui-pdp-family--BOLD\">Consistencia<\/span>: L\u00edquido<\/p>\n<\/li>\n<li class=\"ui-pdp-list__item\">\n<p class=\"ui-pdp-family--REGULAR ui-pdp-list__text\"><span class=\"ui-pdp-color--BLACK ui-pdp-size--XSMALL ui-pdp-family--BOLD\">Presentaci\u00f3n<\/span>: Botella<\/p>\n<\/li>\n<\/ul>\n<ul class=\"ui-pdp-list__wrapper\">\n<li class=\"ui-pdp-list__item\">\n<p class=\"ui-pdp-family--REGULAR ui-pdp-list__text\"><span class=\"ui-pdp-color--BLACK ui-pdp-size--XSMALL ui-pdp-family--BOLD\">Incluye activador<\/span>: S\u00ed<\/p>\n<\/li>\n<li class=\"ui-pdp-list__item\">\n<p class=\"ui-pdp-family--REGULAR ui-pdp-list__text\"><span class=\"ui-pdp-color--BLACK ui-pdp-size--XSMALL ui-pdp-family--BOLD\">Es sin amon\u00edaco<\/span>: No<\/p>\n<\/li>\n<\/ul>\n<ul class=\"ui-pdp-list__wrapper\">\n<li class=\"ui-pdp-list__item\">\n<p class=\"ui-pdp-family--REGULAR ui-pdp-list__text\"><span class=\"ui-pdp-color--BLACK ui-pdp-size--XSMALL ui-pdp-family--BOLD\">Unidades por envase<\/span>: 1<\/p>\n<\/li>\n<\/ul>\n<\/div>\n<\/div>\n<\/div>\n<div id=\"description\" class=\"ui-pdp-container__row ui-pdp-container__row--description\">\n<div class=\"ui-pdp-description\">\n<h2 class=\"ui-pdp-description__title\">Descripci\u00f3n<\/h2>\n<p class=\"ui-pdp-description__content\">Crema oxidante Issue profesional compatible.<\/p>\n<p>Contenido: 900 ml.<\/p>\n<p>Las cremas oxidante compatibles, realizan una acci\u00f3n acondicionante y reestructurante, dejando un delicado perfume.<\/p>\n<p>En todas sus versiones y vol\u00famenes, las cremas oxidantes son altamente compatibles con todos los productos de nuestra marca, generando una mayor protecci\u00f3n, brillo y durabilidad en el color.<\/p>\n<p>Adem\u00e1s, contiene un sistema estabilizador compatible que ayuda a controlar mejor los procesos qu\u00edmicos.<\/p>\n<\/div>\n<\/div>\n","protected":false},"excerpt":{"rendered":"<p>Caracter\u00edsticas principales Marca Issue L\u00ednea Profesional Nombre Oxidante Otros Volumen neto: 900 mL Tipos de producto: Oxidante Consistencia: L\u00edquido Presentaci\u00f3n: Botella Incluye activador: S\u00ed Es sin amon\u00edaco: No Unidades por envase: 1 Descripci\u00f3n Crema oxidante Issue profesional compatible. Contenido: 900 ml. Las cremas oxidante compatibles, realizan una acci\u00f3n acondicionante y reestructurante, dejando un delicado perfume. En todas sus versiones y vol\u00famenes, las cremas oxidantes son altamente compatibles con todos los productos de nuestra marca, generando una mayor protecci\u00f3n, brillo y durabilidad en el color. Adem\u00e1s, contiene un sistema estabilizador compatible que ayuda a controlar mejor los procesos qu\u00edmicos.<\/p>\n","protected":false},"featured_media":4569,"comment_status":"open","ping_status":"closed","template":"","meta":[],"product_cat":[222,247,270,206],"product_tag":[511,510,508,509,507,495,353],"featured_image_urls":{"full":["https:\/\/ccgdistribuidora.com\/wp-content\/uploads\/2023\/04\/Crema-Oxidante-Coloracion-Issue-Profesional-Compatible-900ml-20-Vol.jpg",700,700,false],"thumbnail":["https:\/\/ccgdistribuidora.com\/wp-content\/uploads\/2023\/04\/Crema-Oxidante-Coloracion-Issue-Profesional-Compatible-900ml-20-Vol-150x150.jpg",150,150,true],"medium":["https:\/\/ccgdistribuidora.com\/wp-content\/uploads\/2023\/04\/Crema-Oxidante-Coloracion-Issue-Profesional-Compatible-900ml-20-Vol-300x300.jpg",300,300,true],"medium_large":["https:\/\/ccgdistribuidora.com\/wp-content\/uploads\/2023\/04\/Crema-Oxidante-Coloracion-Issue-Profesional-Compatible-900ml-20-Vol.jpg",700,700,false],"large":["https:\/\/ccgdistribuidora.com\/wp-content\/uploads\/2023\/04\/Crema-Oxidante-Coloracion-Issue-Profesional-Compatible-900ml-20-Vol.jpg",700,700,false],"1536x1536":["https:\/\/ccgdistribuidora.com\/wp-content\/uploads\/2023\/04\/Crema-Oxidante-Coloracion-Issue-Profesional-Compatible-900ml-20-Vol.jpg",700,700,false],"2048x2048":["https:\/\/ccgdistribuidora.com\/wp-content\/uploads\/2023\/04\/Crema-Oxidante-Coloracion-Issue-Profesional-Compatible-900ml-20-Vol.jpg",700,700,false],"mailpoet_newsletter_max":["https:\/\/ccgdistribuidora.com\/wp-content\/uploads\/2023\/04\/Crema-Oxidante-Coloracion-Issue-Profesional-Compatible-900ml-20-Vol.jpg",700,700,false],"woocommerce_thumbnail":["https:\/\/ccgdistribuidora.com\/wp-content\/uploads\/2023\/04\/Crema-Oxidante-Coloracion-Issue-Profesional-Compatible-900ml-20-Vol-300x400.jpg",300,400,true],"woocommerce_single":["https:\/\/ccgdistribuidora.com\/wp-content\/uploads\/2023\/04\/Crema-Oxidante-Coloracion-Issue-Profesional-Compatible-900ml-20-Vol-600x600.jpg",600,600,true],"woocommerce_gallery_thumbnail":["https:\/\/ccgdistribuidora.com\/wp-content\/uploads\/2023\/04\/Crema-Oxidante-Coloracion-Issue-Profesional-Compatible-900ml-20-Vol-100x100.jpg",100,100,true],"dgwt-wcas-product-suggestion":["https:\/\/ccgdistribuidora.com\/wp-content\/uploads\/2023\/04\/Crema-Oxidante-Coloracion-Issue-Profesional-Compatible-900ml-20-Vol.jpg",64,64,false]},"post_excerpt_stackable":"<p>Caracter\u00edsticas principales Marca Issue L\u00ednea Profesional Nombre Oxidante Otros Volumen neto: 900 mL Tipos de producto: Oxidante Consistencia: L\u00edquido Presentaci\u00f3n: Botella Incluye activador: S\u00ed Es sin amon\u00edaco: No Unidades por envase: 1 Descripci\u00f3n Crema oxidante Issue profesional compatible. Contenido: 900 ml. Las cremas oxidante compatibles, realizan una acci\u00f3n acondicionante y reestructurante, dejando un delicado perfume. En todas sus versiones y vol\u00famenes, las cremas oxidantes son altamente compatibles con todos los productos de nuestra marca, generando una mayor protecci\u00f3n, brillo y durabilidad en el color. Adem\u00e1s, contiene un sistema estabilizador compatible que ayuda a controlar mejor los procesos qu\u00edmicos.<\/p>\n","category_list":"","author_info":{"name":"","url":""},"comments_num":"0 comentarios","_links":{"self":[{"href":"https:\/\/ccgdistribuidora.com\/index.php\/wp-json\/wp\/v2\/product\/4568"}],"collection":[{"href":"https:\/\/ccgdistribuidora.com\/index.php\/wp-json\/wp\/v2\/product"}],"about":[{"href":"https:\/\/ccgdistribuidora.com\/index.php\/wp-json\/wp\/v2\/types\/product"}],"replies":[{"embeddable":true,"href":"https:\/\/ccgdistribuidora.com\/index.php\/wp-json\/wp\/v2\/comments?post=4568"}],"wp:featuredmedia":[{"embeddable":true,"href":"https:\/\/ccgdistribuidora.com\/index.php\/wp-json\/wp\/v2\/media\/4569"}],"wp:attachment":[{"href":"https:\/\/ccgdistribuidora.com\/index.php\/wp-json\/wp\/v2\/media?parent=4568"}],"wp:term":[{"taxonomy":"product_cat","embeddable":true,"href":"https:\/\/ccgdistribuidora.com\/index.php\/wp-json\/wp\/v2\/product_cat?post=4568"},{"taxonomy":"product_tag","embeddable":true,"href":"https:\/\/ccgdistribuidora.com\/index.php\/wp-json\/wp\/v2\/product_tag?post=4568"}],"curies":[{"name":"wp","href":"https:\/\/api.w.org\/{rel}","templated":true}]}}