{"id":4564,"date":"2023-04-21T14:43:15","date_gmt":"2023-04-21T17:43:15","guid":{"rendered":"https:\/\/ccgdistribuidora.com\/?post_type=product&#038;p=4564"},"modified":"2024-09-25T22:54:40","modified_gmt":"2024-09-26T01:54:40","slug":"issue-polvo-decolorante-sin-amoniaco-fantastic-blond-700-gr","status":"publish","type":"product","link":"https:\/\/ccgdistribuidora.com\/index.php\/product\/issue-polvo-decolorante-sin-amoniaco-fantastic-blond-700-gr\/","title":{"rendered":"Issue Polvo Decolorante Sin Amoniaco Fantastic Blond 700 Gr"},"content":{"rendered":"<div id=\"technical_specifications\" class=\"ui-pdp-container__row ui-pdp-container__row--technical-specifications\">\n<div class=\"ui-pdp-specs\">\n<h2 class=\"ui-pdp-specs__title\">Caracter\u00edsticas principales<\/h2>\n<div class=\"ui-pdp-specs__table\">\n<table class=\"andes-table\">\n<tbody class=\"andes-table__body\">\n<tr class=\"andes-table__row\">\n<th class=\"andes-table__header andes-table__header--left ui-pdp-specs__table__column ui-pdp-specs__table__column-title\">Marca<\/th>\n<td class=\"andes-table__column andes-table__column--left ui-pdp-specs__table__column\"><span class=\"andes-table__column--value\">Issue<\/span><\/td>\n<\/tr>\n<tr class=\"andes-table__row\">\n<th class=\"andes-table__header andes-table__header--left ui-pdp-specs__table__column ui-pdp-specs__table__column-title\">L\u00ednea<\/th>\n<td class=\"andes-table__column andes-table__column--left ui-pdp-specs__table__column\"><span class=\"andes-table__column--value\">Fantastic Blond<\/span><\/td>\n<\/tr>\n<tr class=\"andes-table__row\">\n<th class=\"andes-table__header andes-table__header--left ui-pdp-specs__table__column ui-pdp-specs__table__column-title\">Nombre<\/th>\n<td class=\"andes-table__column andes-table__column--left ui-pdp-specs__table__column\"><span class=\"andes-table__column--value\">Aclaro Sin Amoniaco<\/span><\/td>\n<\/tr>\n<\/tbody>\n<\/table>\n<\/div>\n<div class=\"ui-pdp-specs-groups-collapsable ui-pdp-specs\">\n<div class=\"ui-pdp-list ui-pdp-specs__list\">\n<p class=\"ui-pdp-family--REGULAR ui-pdp-list__text\"><strong>Otros<\/strong><\/p>\n<\/div>\n<div class=\"ui-pdp-list ui-pdp-specs-groups-collapsable__list\">\n<ul class=\"ui-pdp-list__wrapper\">\n<li class=\"ui-pdp-list__item\">\n<p class=\"ui-pdp-family--REGULAR ui-pdp-list__text\"><span class=\"ui-pdp-color--BLACK ui-pdp-size--XSMALL ui-pdp-family--BOLD\">Volumen neto<\/span>: 700 mL<\/p>\n<\/li>\n<li class=\"ui-pdp-list__item\">\n<p class=\"ui-pdp-family--REGULAR ui-pdp-list__text\"><span class=\"ui-pdp-color--BLACK ui-pdp-size--XSMALL ui-pdp-family--BOLD\">Peso neto<\/span>: 700 g<\/p>\n<\/li>\n<\/ul>\n<ul class=\"ui-pdp-list__wrapper\">\n<li class=\"ui-pdp-list__item\">\n<p class=\"ui-pdp-family--REGULAR ui-pdp-list__text\"><span class=\"ui-pdp-color--BLACK ui-pdp-size--XSMALL ui-pdp-family--BOLD\">Tipos de producto<\/span>: Decolorante<\/p>\n<\/li>\n<li class=\"ui-pdp-list__item\">\n<p class=\"ui-pdp-family--REGULAR ui-pdp-list__text\"><span class=\"ui-pdp-color--BLACK ui-pdp-size--XSMALL ui-pdp-family--BOLD\">Consistencia<\/span>: Polvo<\/p>\n<\/li>\n<\/ul>\n<ul class=\"ui-pdp-list__wrapper\">\n<li class=\"ui-pdp-list__item\">\n<p class=\"ui-pdp-family--REGULAR ui-pdp-list__text\"><span class=\"ui-pdp-color--BLACK ui-pdp-size--XSMALL ui-pdp-family--BOLD\">Presentaci\u00f3n<\/span>: Sachet<\/p>\n<\/li>\n<li class=\"ui-pdp-list__item\">\n<p class=\"ui-pdp-family--REGULAR ui-pdp-list__text\"><span class=\"ui-pdp-color--BLACK ui-pdp-size--XSMALL ui-pdp-family--BOLD\">Incluye activador<\/span>: No<\/p>\n<\/li>\n<\/ul>\n<ul class=\"ui-pdp-list__wrapper\">\n<li class=\"ui-pdp-list__item\">\n<p class=\"ui-pdp-family--REGULAR ui-pdp-list__text\"><span class=\"ui-pdp-color--BLACK ui-pdp-size--XSMALL ui-pdp-family--BOLD\">Es sin amon\u00edaco<\/span>: S\u00ed<\/p>\n<\/li>\n<li class=\"ui-pdp-list__item\">\n<p class=\"ui-pdp-family--REGULAR ui-pdp-list__text\"><span class=\"ui-pdp-color--BLACK ui-pdp-size--XSMALL ui-pdp-family--BOLD\">Unidades por envase<\/span>: 1<\/p>\n<\/li>\n<\/ul>\n<\/div>\n<\/div>\n<\/div>\n<\/div>\n<div id=\"description\" class=\"ui-pdp-container__row ui-pdp-container__row--description\">\n<div class=\"ui-pdp-description\">\n<h2 class=\"ui-pdp-description__title\">Descripci\u00f3n<\/h2>\n<p class=\"ui-pdp-description__content\">ISSUE POLVO DECOLORANTE SIN AMONIACO FANTASTIC BLOND 700 GR<\/p>\n<p>Polvo decolorante premium sin amoniaco y libre de polvillo, que garantiza resultados excelentes en la aclaraci\u00f3n. Enriquecido con \u00f3leum de semilla de lino y rico en omega 3, ofrece una m\u00e1xima protecci\u00f3n ya que no contiene amon\u00edaco, por lo que es recomendado para utilizar en cabellos sensibilizados, muy procesados y\/ o tratados con productos de alisado y\/o permanente.<\/p>\n<p>Nivel Aclarante:<br \/>\nAclara de 4 a 7 tonos dependiendo de la base natural o artificial en la cual se aplique.<\/p>\n<\/div>\n<\/div>\n","protected":false},"excerpt":{"rendered":"<p>Caracter\u00edsticas principales Marca Issue L\u00ednea Fantastic Blond Nombre Aclaro Sin Amoniaco Otros Volumen neto: 700 mL Peso neto: 700 g Tipos de producto: Decolorante Consistencia: Polvo Presentaci\u00f3n: Sachet Incluye activador: No Es sin amon\u00edaco: S\u00ed Unidades por envase: 1 Descripci\u00f3n ISSUE POLVO DECOLORANTE SIN AMONIACO FANTASTIC BLOND 700 GR Polvo decolorante premium sin amoniaco y libre de polvillo, que garantiza resultados excelentes en la aclaraci\u00f3n. Enriquecido con \u00f3leum de semilla de lino y rico en omega 3, ofrece una m\u00e1xima protecci\u00f3n ya que no contiene amon\u00edaco, por lo que es recomendado para utilizar en cabellos sensibilizados, muy procesados y\/ o\u2026<\/p>\n","protected":false},"featured_media":4565,"comment_status":"open","ping_status":"closed","template":"","meta":[],"product_cat":[222,247,270,206],"product_tag":[444,502,504,495,501,503],"featured_image_urls":{"full":["https:\/\/ccgdistribuidora.com\/wp-content\/uploads\/2023\/04\/Issue-Polvo-Decolorante-Sin-Amoniaco-Fantastic-Blond-700-Gr.jpg",700,700,false],"thumbnail":["https:\/\/ccgdistribuidora.com\/wp-content\/uploads\/2023\/04\/Issue-Polvo-Decolorante-Sin-Amoniaco-Fantastic-Blond-700-Gr-150x150.jpg",150,150,true],"medium":["https:\/\/ccgdistribuidora.com\/wp-content\/uploads\/2023\/04\/Issue-Polvo-Decolorante-Sin-Amoniaco-Fantastic-Blond-700-Gr-300x300.jpg",300,300,true],"medium_large":["https:\/\/ccgdistribuidora.com\/wp-content\/uploads\/2023\/04\/Issue-Polvo-Decolorante-Sin-Amoniaco-Fantastic-Blond-700-Gr.jpg",700,700,false],"large":["https:\/\/ccgdistribuidora.com\/wp-content\/uploads\/2023\/04\/Issue-Polvo-Decolorante-Sin-Amoniaco-Fantastic-Blond-700-Gr.jpg",700,700,false],"1536x1536":["https:\/\/ccgdistribuidora.com\/wp-content\/uploads\/2023\/04\/Issue-Polvo-Decolorante-Sin-Amoniaco-Fantastic-Blond-700-Gr.jpg",700,700,false],"2048x2048":["https:\/\/ccgdistribuidora.com\/wp-content\/uploads\/2023\/04\/Issue-Polvo-Decolorante-Sin-Amoniaco-Fantastic-Blond-700-Gr.jpg",700,700,false],"mailpoet_newsletter_max":["https:\/\/ccgdistribuidora.com\/wp-content\/uploads\/2023\/04\/Issue-Polvo-Decolorante-Sin-Amoniaco-Fantastic-Blond-700-Gr.jpg",700,700,false],"woocommerce_thumbnail":["https:\/\/ccgdistribuidora.com\/wp-content\/uploads\/2023\/04\/Issue-Polvo-Decolorante-Sin-Amoniaco-Fantastic-Blond-700-Gr-300x400.jpg",300,400,true],"woocommerce_single":["https:\/\/ccgdistribuidora.com\/wp-content\/uploads\/2023\/04\/Issue-Polvo-Decolorante-Sin-Amoniaco-Fantastic-Blond-700-Gr-600x600.jpg",600,600,true],"woocommerce_gallery_thumbnail":["https:\/\/ccgdistribuidora.com\/wp-content\/uploads\/2023\/04\/Issue-Polvo-Decolorante-Sin-Amoniaco-Fantastic-Blond-700-Gr-100x100.jpg",100,100,true],"dgwt-wcas-product-suggestion":["https:\/\/ccgdistribuidora.com\/wp-content\/uploads\/2023\/04\/Issue-Polvo-Decolorante-Sin-Amoniaco-Fantastic-Blond-700-Gr.jpg",64,64,false]},"post_excerpt_stackable":"<p>Caracter\u00edsticas principales Marca Issue L\u00ednea Fantastic Blond Nombre Aclaro Sin Amoniaco Otros Volumen neto: 700 mL Peso neto: 700 g Tipos de producto: Decolorante Consistencia: Polvo Presentaci\u00f3n: Sachet Incluye activador: No Es sin amon\u00edaco: S\u00ed Unidades por envase: 1 Descripci\u00f3n ISSUE POLVO DECOLORANTE SIN AMONIACO FANTASTIC BLOND 700 GR Polvo decolorante premium sin amoniaco y libre de polvillo, que garantiza resultados excelentes en la aclaraci\u00f3n. Enriquecido con \u00f3leum de semilla de lino y rico en omega 3, ofrece una m\u00e1xima protecci\u00f3n ya que no contiene amon\u00edaco, por lo que es recomendado para utilizar en cabellos sensibilizados, muy procesados y\/ o&hellip;<\/p>\n","category_list":"","author_info":{"name":"","url":""},"comments_num":"0 comentarios","_links":{"self":[{"href":"https:\/\/ccgdistribuidora.com\/index.php\/wp-json\/wp\/v2\/product\/4564"}],"collection":[{"href":"https:\/\/ccgdistribuidora.com\/index.php\/wp-json\/wp\/v2\/product"}],"about":[{"href":"https:\/\/ccgdistribuidora.com\/index.php\/wp-json\/wp\/v2\/types\/product"}],"replies":[{"embeddable":true,"href":"https:\/\/ccgdistribuidora.com\/index.php\/wp-json\/wp\/v2\/comments?post=4564"}],"wp:featuredmedia":[{"embeddable":true,"href":"https:\/\/ccgdistribuidora.com\/index.php\/wp-json\/wp\/v2\/media\/4565"}],"wp:attachment":[{"href":"https:\/\/ccgdistribuidora.com\/index.php\/wp-json\/wp\/v2\/media?parent=4564"}],"wp:term":[{"taxonomy":"product_cat","embeddable":true,"href":"https:\/\/ccgdistribuidora.com\/index.php\/wp-json\/wp\/v2\/product_cat?post=4564"},{"taxonomy":"product_tag","embeddable":true,"href":"https:\/\/ccgdistribuidora.com\/index.php\/wp-json\/wp\/v2\/product_tag?post=4564"}],"curies":[{"name":"wp","href":"https:\/\/api.w.org\/{rel}","templated":true}]}}