{"id":4545,"date":"2023-04-21T11:22:02","date_gmt":"2023-04-21T14:22:02","guid":{"rendered":"https:\/\/ccgdistribuidora.com\/?post_type=product&#038;p=4545"},"modified":"2025-08-19T21:15:46","modified_gmt":"2025-08-20T00:15:46","slug":"roby-spray-fancy-look-fijador-normal-para-el-cabello-x180-ml","status":"publish","type":"product","link":"https:\/\/ccgdistribuidora.com\/index.php\/product\/roby-spray-fancy-look-fijador-normal-para-el-cabello-x180-ml\/","title":{"rendered":"Roby Spray Fancy Look Fijador Normal Para El Cabello X180 Ml"},"content":{"rendered":"<div id=\"technical_specifications\" class=\"ui-pdp-container__row ui-pdp-container__row--technical-specifications\">\n<div class=\"ui-pdp-specs\">\n<h2 class=\"ui-pdp-specs__title\">Caracter\u00edsticas principales<\/h2>\n<div class=\"ui-pdp-specs__table\">\n<table class=\"andes-table\">\n<tbody class=\"andes-table__body\">\n<tr class=\"andes-table__row\">\n<th class=\"andes-table__header andes-table__header--left ui-pdp-specs__table__column ui-pdp-specs__table__column-title\">Marca<\/th>\n<td class=\"andes-table__column andes-table__column--left ui-pdp-specs__table__column\"><span class=\"andes-table__column--value\">Roby<\/span><\/td>\n<\/tr>\n<\/tbody>\n<\/table>\n<\/div>\n<h3 class=\"ui-pdp-specs__subtitle\">Otros<\/h3>\n<div class=\"ui-pdp-list ui-pdp-specs__list\">\n<ul class=\"ui-pdp-list__wrapper\">\n<li class=\"ui-pdp-list__item\">\n<p class=\"ui-pdp-family--REGULAR ui-pdp-list__text\"><span class=\"ui-pdp-color--BLACK ui-pdp-size--XSMALL ui-pdp-family--BOLD\">L\u00ednea<\/span>: SPRAY FIJADOR<\/p>\n<\/li>\n<li class=\"ui-pdp-list__item\">\n<p class=\"ui-pdp-family--REGULAR ui-pdp-list__text\"><span class=\"ui-pdp-color--BLACK ui-pdp-size--XSMALL ui-pdp-family--BOLD\">Consistencia<\/span>: Spray<\/p>\n<\/li>\n<\/ul>\n<ul class=\"ui-pdp-list__wrapper\">\n<li class=\"ui-pdp-list__item\">\n<p class=\"ui-pdp-family--REGULAR ui-pdp-list__text\"><span class=\"ui-pdp-color--BLACK ui-pdp-size--XSMALL ui-pdp-family--BOLD\">Funciones<\/span>: FIJACION<\/p>\n<\/li>\n<li class=\"ui-pdp-list__item\">\n<p class=\"ui-pdp-family--REGULAR ui-pdp-list__text\"><span class=\"ui-pdp-color--BLACK ui-pdp-size--XSMALL ui-pdp-family--BOLD\">Formato de venta<\/span>: Unidad<\/p>\n<\/li>\n<li class=\"ui-pdp-list__item\">\n<p class=\"ui-pdp-family--REGULAR ui-pdp-list__text\"><span class=\"ui-pdp-color--BLACK ui-pdp-size--XSMALL ui-pdp-family--BOLD\">Volumen neto<\/span>: 180 mL<\/p>\n<\/li>\n<li class=\"ui-pdp-list__item\">\n<p class=\"ui-pdp-family--REGULAR ui-pdp-list__text\"><span class=\"ui-pdp-color--BLACK ui-pdp-size--XSMALL ui-pdp-family--BOLD\">Tipo de envase<\/span>: Aerosol<\/p>\n<\/li>\n<li class=\"ui-pdp-list__item\">\n<p class=\"ui-pdp-family--REGULAR ui-pdp-list__text\"><span class=\"ui-pdp-color--BLACK ui-pdp-size--XSMALL ui-pdp-family--BOLD\">Es inflamable<\/span>: S\u00ed<\/p>\n<\/li>\n<\/ul>\n<ul class=\"ui-pdp-list__wrapper\">\n<li class=\"ui-pdp-list__item\"><\/li>\n<\/ul>\n<\/div>\n<\/div>\n<\/div>\n<div id=\"description\" class=\"ui-pdp-container__row ui-pdp-container__row--description\">\n<div class=\"ui-pdp-description\">\n<h2 class=\"ui-pdp-description__title\">Descripci\u00f3n<\/h2>\n<p class=\"ui-pdp-description__content\">SPRAY FIJADOR<\/p>\n<p>FUERTE, NORMAL o EXTRA FUERTE<\/p>\n<p>Roby es una marca de trayectoria, con m\u00e1s de 50 a\u00f1os de expertise en el mundo del Styling. Roby spray fija tu peinado por m\u00e1s tiempo, manteniendo su look natural, ayudando a reducir el frizz y d\u00e1ndole m\u00e1s brillo.<\/p>\n<p>MODO DE USO<\/p>\n<p>Manten\u00e9 el envase en posici\u00f3n vertical a 30 cm de tu pelo y rocialo.<\/p>\n<p class=\"ui-pdp-family--REGULAR ui-pdp-list__text\"><span class=\"ui-pdp-color--BLACK ui-pdp-size--XSMALL ui-pdp-family--BOLD\">Volumen neto<\/span>: 180 mL<\/p>\n<p>&nbsp;<\/p>\n<\/div>\n<\/div>\n","protected":false},"excerpt":{"rendered":"<p>Caracter\u00edsticas principales Marca Roby Otros L\u00ednea: SPRAY FIJADOR Consistencia: Spray Funciones: FIJACION Formato de venta: Unidad Volumen neto: 180 mL Tipo de envase: Aerosol Es inflamable: S\u00ed Descripci\u00f3n SPRAY FIJADOR FUERTE, NORMAL o EXTRA FUERTE Roby es una marca de trayectoria, con m\u00e1s de 50 a\u00f1os de expertise en el mundo del Styling. Roby spray fija tu peinado por m\u00e1s tiempo, manteniendo su look natural, ayudando a reducir el frizz y d\u00e1ndole m\u00e1s brillo. MODO DE USO Manten\u00e9 el envase en posici\u00f3n vertical a 30 cm de tu pelo y rocialo. Volumen neto: 180 mL &nbsp;<\/p>\n","protected":false},"featured_media":4546,"comment_status":"open","ping_status":"closed","template":"","meta":[],"product_cat":[222,206,466],"product_tag":[481,482,483,474,471],"featured_image_urls":{"full":["https:\/\/ccgdistribuidora.com\/wp-content\/uploads\/2023\/04\/Roby-Spray-Fancy-Look-Fijador-Normal-Para-El-Cabello-X180-Ml.jpg",700,700,false],"thumbnail":["https:\/\/ccgdistribuidora.com\/wp-content\/uploads\/2023\/04\/Roby-Spray-Fancy-Look-Fijador-Normal-Para-El-Cabello-X180-Ml-150x150.jpg",150,150,true],"medium":["https:\/\/ccgdistribuidora.com\/wp-content\/uploads\/2023\/04\/Roby-Spray-Fancy-Look-Fijador-Normal-Para-El-Cabello-X180-Ml-300x300.jpg",300,300,true],"medium_large":["https:\/\/ccgdistribuidora.com\/wp-content\/uploads\/2023\/04\/Roby-Spray-Fancy-Look-Fijador-Normal-Para-El-Cabello-X180-Ml.jpg",700,700,false],"large":["https:\/\/ccgdistribuidora.com\/wp-content\/uploads\/2023\/04\/Roby-Spray-Fancy-Look-Fijador-Normal-Para-El-Cabello-X180-Ml.jpg",700,700,false],"1536x1536":["https:\/\/ccgdistribuidora.com\/wp-content\/uploads\/2023\/04\/Roby-Spray-Fancy-Look-Fijador-Normal-Para-El-Cabello-X180-Ml.jpg",700,700,false],"2048x2048":["https:\/\/ccgdistribuidora.com\/wp-content\/uploads\/2023\/04\/Roby-Spray-Fancy-Look-Fijador-Normal-Para-El-Cabello-X180-Ml.jpg",700,700,false],"mailpoet_newsletter_max":["https:\/\/ccgdistribuidora.com\/wp-content\/uploads\/2023\/04\/Roby-Spray-Fancy-Look-Fijador-Normal-Para-El-Cabello-X180-Ml.jpg",700,700,false],"woocommerce_thumbnail":["https:\/\/ccgdistribuidora.com\/wp-content\/uploads\/2023\/04\/Roby-Spray-Fancy-Look-Fijador-Normal-Para-El-Cabello-X180-Ml-300x400.jpg",300,400,true],"woocommerce_single":["https:\/\/ccgdistribuidora.com\/wp-content\/uploads\/2023\/04\/Roby-Spray-Fancy-Look-Fijador-Normal-Para-El-Cabello-X180-Ml-600x600.jpg",600,600,true],"woocommerce_gallery_thumbnail":["https:\/\/ccgdistribuidora.com\/wp-content\/uploads\/2023\/04\/Roby-Spray-Fancy-Look-Fijador-Normal-Para-El-Cabello-X180-Ml-100x100.jpg",100,100,true],"dgwt-wcas-product-suggestion":["https:\/\/ccgdistribuidora.com\/wp-content\/uploads\/2023\/04\/Roby-Spray-Fancy-Look-Fijador-Normal-Para-El-Cabello-X180-Ml.jpg",64,64,false]},"post_excerpt_stackable":"<p>Caracter\u00edsticas principales Marca Roby Otros L\u00ednea: SPRAY FIJADOR Consistencia: Spray Funciones: FIJACION Formato de venta: Unidad Volumen neto: 180 mL Tipo de envase: Aerosol Es inflamable: S\u00ed Descripci\u00f3n SPRAY FIJADOR FUERTE, NORMAL o EXTRA FUERTE Roby es una marca de trayectoria, con m\u00e1s de 50 a\u00f1os de expertise en el mundo del Styling. Roby spray fija tu peinado por m\u00e1s tiempo, manteniendo su look natural, ayudando a reducir el frizz y d\u00e1ndole m\u00e1s brillo. MODO DE USO Manten\u00e9 el envase en posici\u00f3n vertical a 30 cm de tu pelo y rocialo. Volumen neto: 180 mL &nbsp;<\/p>\n","category_list":"","author_info":{"name":"","url":""},"comments_num":"0 comentarios","_links":{"self":[{"href":"https:\/\/ccgdistribuidora.com\/index.php\/wp-json\/wp\/v2\/product\/4545"}],"collection":[{"href":"https:\/\/ccgdistribuidora.com\/index.php\/wp-json\/wp\/v2\/product"}],"about":[{"href":"https:\/\/ccgdistribuidora.com\/index.php\/wp-json\/wp\/v2\/types\/product"}],"replies":[{"embeddable":true,"href":"https:\/\/ccgdistribuidora.com\/index.php\/wp-json\/wp\/v2\/comments?post=4545"}],"wp:featuredmedia":[{"embeddable":true,"href":"https:\/\/ccgdistribuidora.com\/index.php\/wp-json\/wp\/v2\/media\/4546"}],"wp:attachment":[{"href":"https:\/\/ccgdistribuidora.com\/index.php\/wp-json\/wp\/v2\/media?parent=4545"}],"wp:term":[{"taxonomy":"product_cat","embeddable":true,"href":"https:\/\/ccgdistribuidora.com\/index.php\/wp-json\/wp\/v2\/product_cat?post=4545"},{"taxonomy":"product_tag","embeddable":true,"href":"https:\/\/ccgdistribuidora.com\/index.php\/wp-json\/wp\/v2\/product_tag?post=4545"}],"curies":[{"name":"wp","href":"https:\/\/api.w.org\/{rel}","templated":true}]}}