{"id":4543,"date":"2023-04-21T11:03:44","date_gmt":"2023-04-21T14:03:44","guid":{"rendered":"https:\/\/ccgdistribuidora.com\/?post_type=product&#038;p=4543"},"modified":"2025-08-19T21:16:15","modified_gmt":"2025-08-20T00:16:15","slug":"fijador-spray-fuerte-x180ml-roby","status":"publish","type":"product","link":"https:\/\/ccgdistribuidora.com\/index.php\/product\/fijador-spray-fuerte-x180ml-roby\/","title":{"rendered":"Fijador Spray Fuerte X180ml Roby"},"content":{"rendered":"<div id=\"technical_specifications\" class=\"ui-pdp-container__row ui-pdp-container__row--technical-specifications\">\n<div class=\"ui-pdp-specs\">\n<h2 class=\"ui-pdp-specs__title\">Caracter\u00edsticas principales<\/h2>\n<div class=\"ui-pdp-specs__table\">\n<table class=\"andes-table\">\n<tbody class=\"andes-table__body\">\n<tr class=\"andes-table__row\">\n<th class=\"andes-table__header andes-table__header--left ui-pdp-specs__table__column ui-pdp-specs__table__column-title\">Marca<\/th>\n<td class=\"andes-table__column andes-table__column--left ui-pdp-specs__table__column\"><span class=\"andes-table__column--value\">Roby<\/span><\/td>\n<\/tr>\n<\/tbody>\n<\/table>\n<\/div>\n<\/div>\n<\/div>\n<div id=\"description\" class=\"ui-pdp-container__row ui-pdp-container__row--description\">\n<div class=\"ui-pdp-description\">\n<h2 class=\"ui-pdp-description__title\">Descripci\u00f3n<\/h2>\n<p class=\"ui-pdp-description__content\">C\u00f3digo: 7793008016526<br \/>\nMarca:Roby<\/p>\n<h3 class=\"ui-pdp-specs-groups-collapsable__subtitle\">Otros<\/h3>\n<div class=\"ui-pdp-list ui-pdp-specs-groups-collapsable__list\">\n<ul class=\"ui-pdp-list__wrapper\">\n<li class=\"ui-pdp-list__item\">\n<p class=\"ui-pdp-family--REGULAR ui-pdp-list__text\"><span class=\"ui-pdp-color--BLACK ui-pdp-size--XSMALL ui-pdp-family--BOLD\">L\u00ednea<\/span>: Fuerte<\/p>\n<\/li>\n<li class=\"ui-pdp-list__item\">\n<p class=\"ui-pdp-family--REGULAR ui-pdp-list__text\"><span class=\"ui-pdp-color--BLACK ui-pdp-size--XSMALL ui-pdp-family--BOLD\">Consistencia<\/span>: Spray<\/p>\n<\/li>\n<\/ul>\n<ul class=\"ui-pdp-list__wrapper\">\n<li class=\"ui-pdp-list__item\">\n<p class=\"ui-pdp-family--REGULAR ui-pdp-list__text\"><span class=\"ui-pdp-color--BLACK ui-pdp-size--XSMALL ui-pdp-family--BOLD\">Funciones<\/span>: Fijador<\/p>\n<\/li>\n<li class=\"ui-pdp-list__item\">\n<p class=\"ui-pdp-family--REGULAR ui-pdp-list__text\"><span class=\"ui-pdp-color--BLACK ui-pdp-size--XSMALL ui-pdp-family--BOLD\">Formato de venta<\/span>: Unidad<\/p>\n<\/li>\n<\/ul>\n<ul class=\"ui-pdp-list__wrapper\">\n<li class=\"ui-pdp-list__item\">\n<p class=\"ui-pdp-family--REGULAR ui-pdp-list__text\"><span class=\"ui-pdp-color--BLACK ui-pdp-size--XSMALL ui-pdp-family--BOLD\">Volumen neto<\/span>: 180 mL<\/p>\n<\/li>\n<li class=\"ui-pdp-list__item\">\n<p class=\"ui-pdp-family--REGULAR ui-pdp-list__text\"><span class=\"ui-pdp-color--BLACK ui-pdp-size--XSMALL ui-pdp-family--BOLD\">Tipo de envase<\/span>: Spray<\/p>\n<\/li>\n<\/ul>\n<ul class=\"ui-pdp-list__wrapper\">\n<li class=\"ui-pdp-list__item\">\n<p class=\"ui-pdp-family--REGULAR ui-pdp-list__text\"><span class=\"ui-pdp-color--BLACK ui-pdp-size--XSMALL ui-pdp-family--BOLD\">Est\u00e1 dermatol\u00f3gicamente testeado<\/span>: S\u00ed<\/p>\n<\/li>\n<li class=\"ui-pdp-list__item\">\n<p class=\"ui-pdp-family--REGULAR ui-pdp-list__text\"><span class=\"ui-pdp-color--BLACK ui-pdp-size--XSMALL ui-pdp-family--BOLD\">Es vegano<\/span>: No<\/p>\n<\/li>\n<\/ul>\n<ul class=\"ui-pdp-list__wrapper\">\n<li class=\"ui-pdp-list__item\">\n<p class=\"ui-pdp-family--REGULAR ui-pdp-list__text\"><span class=\"ui-pdp-color--BLACK ui-pdp-size--XSMALL ui-pdp-family--BOLD\">Es libre de gluten<\/span>: S\u00ed<\/p>\n<\/li>\n<li class=\"ui-pdp-list__item\">\n<p class=\"ui-pdp-family--REGULAR ui-pdp-list__text\"><span class=\"ui-pdp-color--BLACK ui-pdp-size--XSMALL ui-pdp-family--BOLD\">Es inflamable<\/span><\/p>\n<\/li>\n<\/ul>\n<\/div>\n<p class=\"ui-pdp-description__content\">\n<p>Fijador Roby Spray Fuerte x180ml<\/p>\n<p>Fija t\u00fa peinado por m\u00e1s tiempo manteniendo el look natural de tu pelo.<\/p>\n<p>24hs de duraci\u00f3n<br \/>\nAntifrizz<br \/>\nOtorga brillo<\/p>\n<\/div>\n<\/div>\n","protected":false},"excerpt":{"rendered":"<p>Caracter\u00edsticas principales Marca Roby Descripci\u00f3n C\u00f3digo: 7793008016526 Marca:Roby Otros L\u00ednea: Fuerte Consistencia: Spray Funciones: Fijador Formato de venta: Unidad Volumen neto: 180 mL Tipo de envase: Spray Est\u00e1 dermatol\u00f3gicamente testeado: S\u00ed Es vegano: No Es libre de gluten: S\u00ed Es inflamable Fijador Roby Spray Fuerte x180ml Fija t\u00fa peinado por m\u00e1s tiempo manteniendo el look natural de tu pelo. 24hs de duraci\u00f3n Antifrizz Otorga brillo<\/p>\n","protected":false},"featured_media":4544,"comment_status":"open","ping_status":"closed","template":"","meta":[],"product_cat":[222,206,466],"product_tag":[479,480,474],"featured_image_urls":{"full":["https:\/\/ccgdistribuidora.com\/wp-content\/uploads\/2023\/04\/Fijador-Spray-Fuerte-X180ml-Roby.jpg",700,700,false],"thumbnail":["https:\/\/ccgdistribuidora.com\/wp-content\/uploads\/2023\/04\/Fijador-Spray-Fuerte-X180ml-Roby-150x150.jpg",150,150,true],"medium":["https:\/\/ccgdistribuidora.com\/wp-content\/uploads\/2023\/04\/Fijador-Spray-Fuerte-X180ml-Roby-300x300.jpg",300,300,true],"medium_large":["https:\/\/ccgdistribuidora.com\/wp-content\/uploads\/2023\/04\/Fijador-Spray-Fuerte-X180ml-Roby.jpg",700,700,false],"large":["https:\/\/ccgdistribuidora.com\/wp-content\/uploads\/2023\/04\/Fijador-Spray-Fuerte-X180ml-Roby.jpg",700,700,false],"1536x1536":["https:\/\/ccgdistribuidora.com\/wp-content\/uploads\/2023\/04\/Fijador-Spray-Fuerte-X180ml-Roby.jpg",700,700,false],"2048x2048":["https:\/\/ccgdistribuidora.com\/wp-content\/uploads\/2023\/04\/Fijador-Spray-Fuerte-X180ml-Roby.jpg",700,700,false],"mailpoet_newsletter_max":["https:\/\/ccgdistribuidora.com\/wp-content\/uploads\/2023\/04\/Fijador-Spray-Fuerte-X180ml-Roby.jpg",700,700,false],"woocommerce_thumbnail":["https:\/\/ccgdistribuidora.com\/wp-content\/uploads\/2023\/04\/Fijador-Spray-Fuerte-X180ml-Roby-300x400.jpg",300,400,true],"woocommerce_single":["https:\/\/ccgdistribuidora.com\/wp-content\/uploads\/2023\/04\/Fijador-Spray-Fuerte-X180ml-Roby-600x600.jpg",600,600,true],"woocommerce_gallery_thumbnail":["https:\/\/ccgdistribuidora.com\/wp-content\/uploads\/2023\/04\/Fijador-Spray-Fuerte-X180ml-Roby-100x100.jpg",100,100,true],"dgwt-wcas-product-suggestion":["https:\/\/ccgdistribuidora.com\/wp-content\/uploads\/2023\/04\/Fijador-Spray-Fuerte-X180ml-Roby.jpg",64,64,false]},"post_excerpt_stackable":"<p>Caracter\u00edsticas principales Marca Roby Descripci\u00f3n C\u00f3digo: 7793008016526 Marca:Roby Otros L\u00ednea: Fuerte Consistencia: Spray Funciones: Fijador Formato de venta: Unidad Volumen neto: 180 mL Tipo de envase: Spray Est\u00e1 dermatol\u00f3gicamente testeado: S\u00ed Es vegano: No Es libre de gluten: S\u00ed Es inflamable Fijador Roby Spray Fuerte x180ml Fija t\u00fa peinado por m\u00e1s tiempo manteniendo el look natural de tu pelo. 24hs de duraci\u00f3n Antifrizz Otorga brillo<\/p>\n","category_list":"","author_info":{"name":"","url":""},"comments_num":"0 comentarios","_links":{"self":[{"href":"https:\/\/ccgdistribuidora.com\/index.php\/wp-json\/wp\/v2\/product\/4543"}],"collection":[{"href":"https:\/\/ccgdistribuidora.com\/index.php\/wp-json\/wp\/v2\/product"}],"about":[{"href":"https:\/\/ccgdistribuidora.com\/index.php\/wp-json\/wp\/v2\/types\/product"}],"replies":[{"embeddable":true,"href":"https:\/\/ccgdistribuidora.com\/index.php\/wp-json\/wp\/v2\/comments?post=4543"}],"wp:featuredmedia":[{"embeddable":true,"href":"https:\/\/ccgdistribuidora.com\/index.php\/wp-json\/wp\/v2\/media\/4544"}],"wp:attachment":[{"href":"https:\/\/ccgdistribuidora.com\/index.php\/wp-json\/wp\/v2\/media?parent=4543"}],"wp:term":[{"taxonomy":"product_cat","embeddable":true,"href":"https:\/\/ccgdistribuidora.com\/index.php\/wp-json\/wp\/v2\/product_cat?post=4543"},{"taxonomy":"product_tag","embeddable":true,"href":"https:\/\/ccgdistribuidora.com\/index.php\/wp-json\/wp\/v2\/product_tag?post=4543"}],"curies":[{"name":"wp","href":"https:\/\/api.w.org\/{rel}","templated":true}]}}