{"id":4540,"date":"2023-04-18T23:24:47","date_gmt":"2023-04-19T02:24:47","guid":{"rendered":"https:\/\/ccgdistribuidora.com\/?post_type=product&#038;p=4540"},"modified":"2024-07-23T19:04:35","modified_gmt":"2024-07-23T22:04:35","slug":"spray-mousse-capilar-profesional-roby-be-prof-200ml","status":"publish","type":"product","link":"https:\/\/ccgdistribuidora.com\/index.php\/product\/spray-mousse-capilar-profesional-roby-be-prof-200ml\/","title":{"rendered":"Spray Mousse Capilar Profesional Roby Be Prof 200ml"},"content":{"rendered":"<div id=\"technical_specifications\" class=\"ui-pdp-container__row ui-pdp-container__row--technical-specifications\">\n<div class=\"ui-pdp-specs\">\n<h2 class=\"ui-pdp-specs__title\">Caracter\u00edsticas principales<\/h2>\n<div class=\"ui-pdp-specs__table\">\n<table class=\"andes-table\">\n<tbody class=\"andes-table__body\">\n<tr class=\"andes-table__row\">\n<th class=\"andes-table__header andes-table__header--left ui-pdp-specs__table__column ui-pdp-specs__table__column-title\">Marca<\/th>\n<td class=\"andes-table__column andes-table__column--left ui-pdp-specs__table__column\"><span class=\"andes-table__column--value\">Roby<\/span><\/td>\n<\/tr>\n<\/tbody>\n<\/table>\n<p><strong>Otros<\/strong><\/p>\n<\/div>\n<div class=\"ui-pdp-specs-groups-collapsable ui-pdp-specs\">\n<div class=\"ui-pdp-list ui-pdp-specs__list\">\n<ul class=\"ui-pdp-list__wrapper\">\n<li class=\"ui-pdp-list__item\"><span class=\"ui-pdp-color--BLACK ui-pdp-size--XSMALL ui-pdp-family--BOLD\">L\u00ednea<\/span>: Profesional<\/li>\n<\/ul>\n<\/div>\n<div class=\"ui-pdp-list ui-pdp-specs-groups-collapsable__list\">\n<ul class=\"ui-pdp-list__wrapper\">\n<li class=\"ui-pdp-list__item\">\n<p class=\"ui-pdp-family--REGULAR ui-pdp-list__text\"><span class=\"ui-pdp-color--BLACK ui-pdp-size--XSMALL ui-pdp-family--BOLD\">Consistencia<\/span>: Spray<\/p>\n<\/li>\n<\/ul>\n<ul class=\"ui-pdp-list__wrapper\">\n<li class=\"ui-pdp-list__item\">\n<p class=\"ui-pdp-family--REGULAR ui-pdp-list__text\"><span class=\"ui-pdp-color--BLACK ui-pdp-size--XSMALL ui-pdp-family--BOLD\">Funciones<\/span>: Modelador<\/p>\n<\/li>\n<li class=\"ui-pdp-list__item\">\n<p class=\"ui-pdp-family--REGULAR ui-pdp-list__text\"><span class=\"ui-pdp-color--BLACK ui-pdp-size--XSMALL ui-pdp-family--BOLD\">Formato de venta<\/span>: Unidad<\/p>\n<\/li>\n<\/ul>\n<ul class=\"ui-pdp-list__wrapper\">\n<li class=\"ui-pdp-list__item\">\n<p class=\"ui-pdp-family--REGULAR ui-pdp-list__text\"><span class=\"ui-pdp-color--BLACK ui-pdp-size--XSMALL ui-pdp-family--BOLD\">Unidades por pack<\/span>: 1<\/p>\n<\/li>\n<li class=\"ui-pdp-list__item\">\n<p class=\"ui-pdp-family--REGULAR ui-pdp-list__text\"><span class=\"ui-pdp-color--BLACK ui-pdp-size--XSMALL ui-pdp-family--BOLD\">Peso neto<\/span>: 200 g<\/p>\n<\/li>\n<\/ul>\n<ul class=\"ui-pdp-list__wrapper\">\n<li class=\"ui-pdp-list__item\">\n<p class=\"ui-pdp-family--REGULAR ui-pdp-list__text\"><span class=\"ui-pdp-color--BLACK ui-pdp-size--XSMALL ui-pdp-family--BOLD\">Volumen neto<\/span>: 200 mL<\/p>\n<\/li>\n<li class=\"ui-pdp-list__item\">\n<p class=\"ui-pdp-family--REGULAR ui-pdp-list__text\"><span class=\"ui-pdp-color--BLACK ui-pdp-size--XSMALL ui-pdp-family--BOLD\">Tipo de envase<\/span>: Spray<\/p>\n<\/li>\n<\/ul>\n<ul class=\"ui-pdp-list__wrapper\">\n<li class=\"ui-pdp-list__item\">\n<p class=\"ui-pdp-family--REGULAR ui-pdp-list__text\"><span class=\"ui-pdp-color--BLACK ui-pdp-size--XSMALL ui-pdp-family--BOLD\">Est\u00e1 dermatol\u00f3gicamente testeado<\/span>: S\u00ed<\/p>\n<\/li>\n<li class=\"ui-pdp-list__item\">\n<p class=\"ui-pdp-family--REGULAR ui-pdp-list__text\"><span class=\"ui-pdp-color--BLACK ui-pdp-size--XSMALL ui-pdp-family--BOLD\">Es vegano<\/span>: No<\/p>\n<\/li>\n<\/ul>\n<ul class=\"ui-pdp-list__wrapper\">\n<li class=\"ui-pdp-list__item\">\n<p class=\"ui-pdp-family--REGULAR ui-pdp-list__text\"><span class=\"ui-pdp-color--BLACK ui-pdp-size--XSMALL ui-pdp-family--BOLD\">Es libre de gluten<\/span>: S\u00ed<\/p>\n<\/li>\n<\/ul>\n<\/div>\n<\/div>\n<\/div>\n<\/div>\n<div id=\"description\" class=\"ui-pdp-container__row ui-pdp-container__row--description\">\n<div class=\"ui-pdp-description\">\n<h2 class=\"ui-pdp-description__title\">Descripci\u00f3n<\/h2>\n<p class=\"ui-pdp-description__content\">MOUSSE CAPILAR ROBY BE PROF X 200ML<br \/>\n&#8211; Mousse capilar con agentes acondicionantes.<br \/>\n&#8211; Esta es una mousse modeladora con fijaci\u00f3n normal que brinda cuerpo y volumen al cabello gracias a su formula con pol\u00edmeros fijadores de alta resistencia a la humedad.<br \/>\n&#8211; Aporta brillo y estructura sin dejas residuos, proporcionando flexibilidad al peinado con movimiento natural<\/p>\n<p>Contiene: 200ml<\/p>\n<\/div>\n<\/div>\n","protected":false},"excerpt":{"rendered":"<p>Caracter\u00edsticas principales Marca Roby Otros L\u00ednea: Profesional Consistencia: Spray Funciones: Modelador Formato de venta: Unidad Unidades por pack: 1 Peso neto: 200 g Volumen neto: 200 mL Tipo de envase: Spray Est\u00e1 dermatol\u00f3gicamente testeado: S\u00ed Es vegano: No Es libre de gluten: S\u00ed Descripci\u00f3n MOUSSE CAPILAR ROBY BE PROF X 200ML &#8211; Mousse capilar con agentes acondicionantes. &#8211; Esta es una mousse modeladora con fijaci\u00f3n normal que brinda cuerpo y volumen al cabello gracias a su formula con pol\u00edmeros fijadores de alta resistencia a la humedad. &#8211; Aporta brillo y estructura sin dejas residuos, proporcionando flexibilidad al peinado con movimiento\u2026<\/p>\n","protected":false},"featured_media":4541,"comment_status":"open","ping_status":"closed","template":"","meta":[],"product_cat":[222,206,466],"product_tag":[478,476,477,471],"featured_image_urls":{"full":["https:\/\/ccgdistribuidora.com\/wp-content\/uploads\/2023\/04\/Spray-Mousse-Capilar-Profesional-Roby-Be-Prof-200ml.jpg",700,700,false],"thumbnail":["https:\/\/ccgdistribuidora.com\/wp-content\/uploads\/2023\/04\/Spray-Mousse-Capilar-Profesional-Roby-Be-Prof-200ml-150x150.jpg",150,150,true],"medium":["https:\/\/ccgdistribuidora.com\/wp-content\/uploads\/2023\/04\/Spray-Mousse-Capilar-Profesional-Roby-Be-Prof-200ml-300x300.jpg",300,300,true],"medium_large":["https:\/\/ccgdistribuidora.com\/wp-content\/uploads\/2023\/04\/Spray-Mousse-Capilar-Profesional-Roby-Be-Prof-200ml.jpg",700,700,false],"large":["https:\/\/ccgdistribuidora.com\/wp-content\/uploads\/2023\/04\/Spray-Mousse-Capilar-Profesional-Roby-Be-Prof-200ml.jpg",700,700,false],"1536x1536":["https:\/\/ccgdistribuidora.com\/wp-content\/uploads\/2023\/04\/Spray-Mousse-Capilar-Profesional-Roby-Be-Prof-200ml.jpg",700,700,false],"2048x2048":["https:\/\/ccgdistribuidora.com\/wp-content\/uploads\/2023\/04\/Spray-Mousse-Capilar-Profesional-Roby-Be-Prof-200ml.jpg",700,700,false],"mailpoet_newsletter_max":["https:\/\/ccgdistribuidora.com\/wp-content\/uploads\/2023\/04\/Spray-Mousse-Capilar-Profesional-Roby-Be-Prof-200ml.jpg",700,700,false],"woocommerce_thumbnail":["https:\/\/ccgdistribuidora.com\/wp-content\/uploads\/2023\/04\/Spray-Mousse-Capilar-Profesional-Roby-Be-Prof-200ml-300x400.jpg",300,400,true],"woocommerce_single":["https:\/\/ccgdistribuidora.com\/wp-content\/uploads\/2023\/04\/Spray-Mousse-Capilar-Profesional-Roby-Be-Prof-200ml-600x600.jpg",600,600,true],"woocommerce_gallery_thumbnail":["https:\/\/ccgdistribuidora.com\/wp-content\/uploads\/2023\/04\/Spray-Mousse-Capilar-Profesional-Roby-Be-Prof-200ml-100x100.jpg",100,100,true],"dgwt-wcas-product-suggestion":["https:\/\/ccgdistribuidora.com\/wp-content\/uploads\/2023\/04\/Spray-Mousse-Capilar-Profesional-Roby-Be-Prof-200ml.jpg",64,64,false]},"post_excerpt_stackable":"<p>Caracter\u00edsticas principales Marca Roby Otros L\u00ednea: Profesional Consistencia: Spray Funciones: Modelador Formato de venta: Unidad Unidades por pack: 1 Peso neto: 200 g Volumen neto: 200 mL Tipo de envase: Spray Est\u00e1 dermatol\u00f3gicamente testeado: S\u00ed Es vegano: No Es libre de gluten: S\u00ed Descripci\u00f3n MOUSSE CAPILAR ROBY BE PROF X 200ML &#8211; Mousse capilar con agentes acondicionantes. &#8211; Esta es una mousse modeladora con fijaci\u00f3n normal que brinda cuerpo y volumen al cabello gracias a su formula con pol\u00edmeros fijadores de alta resistencia a la humedad. &#8211; Aporta brillo y estructura sin dejas residuos, proporcionando flexibilidad al peinado con movimiento&hellip;<\/p>\n","category_list":"","author_info":{"name":"","url":""},"comments_num":"0 comentarios","_links":{"self":[{"href":"https:\/\/ccgdistribuidora.com\/index.php\/wp-json\/wp\/v2\/product\/4540"}],"collection":[{"href":"https:\/\/ccgdistribuidora.com\/index.php\/wp-json\/wp\/v2\/product"}],"about":[{"href":"https:\/\/ccgdistribuidora.com\/index.php\/wp-json\/wp\/v2\/types\/product"}],"replies":[{"embeddable":true,"href":"https:\/\/ccgdistribuidora.com\/index.php\/wp-json\/wp\/v2\/comments?post=4540"}],"wp:featuredmedia":[{"embeddable":true,"href":"https:\/\/ccgdistribuidora.com\/index.php\/wp-json\/wp\/v2\/media\/4541"}],"wp:attachment":[{"href":"https:\/\/ccgdistribuidora.com\/index.php\/wp-json\/wp\/v2\/media?parent=4540"}],"wp:term":[{"taxonomy":"product_cat","embeddable":true,"href":"https:\/\/ccgdistribuidora.com\/index.php\/wp-json\/wp\/v2\/product_cat?post=4540"},{"taxonomy":"product_tag","embeddable":true,"href":"https:\/\/ccgdistribuidora.com\/index.php\/wp-json\/wp\/v2\/product_tag?post=4540"}],"curies":[{"name":"wp","href":"https:\/\/api.w.org\/{rel}","templated":true}]}}