{"id":4464,"date":"2023-04-17T22:37:36","date_gmt":"2023-04-18T01:37:36","guid":{"rendered":"https:\/\/ccgdistribuidora.com\/?post_type=product&#038;p=4464"},"modified":"2024-09-25T20:40:29","modified_gmt":"2024-09-25T23:40:29","slug":"potion-anti-polucion-plex-nutrivplex-exiline-x-75-ml","status":"publish","type":"product","link":"https:\/\/ccgdistribuidora.com\/index.php\/product\/potion-anti-polucion-plex-nutrivplex-exiline-x-75-ml\/","title":{"rendered":"Potion Anti-polucion Plex Nutrivplex Exiline X 75 Ml"},"content":{"rendered":"<div id=\"technical_specifications\" class=\"ui-pdp-container__row ui-pdp-container__row--technical-specifications\">\n<div class=\"ui-pdp-specs\">\n<h2 class=\"ui-pdp-specs__title\">Caracter\u00edsticas principales<\/h2>\n<div class=\"ui-pdp-specs__table\">\n<table class=\"andes-table\">\n<tbody class=\"andes-table__body\">\n<tr class=\"andes-table__row\">\n<th class=\"andes-table__header andes-table__header--left ui-pdp-specs__table__column ui-pdp-specs__table__column-title\">Marca<\/th>\n<td class=\"andes-table__column andes-table__column--left ui-pdp-specs__table__column\"><span class=\"andes-table__column--value\">Exiline<\/span><\/td>\n<\/tr>\n<\/tbody>\n<\/table>\n<\/div>\n<div class=\"ui-pdp-specs-groups-collapsable ui-pdp-specs\">\n<div class=\"ui-pdp-list ui-pdp-specs__list\">\n<p class=\"ui-pdp-family--REGULAR ui-pdp-list__text\">Otros<\/p>\n<\/div>\n<div class=\"ui-pdp-list ui-pdp-specs-groups-collapsable__list\">\n<ul class=\"ui-pdp-list__wrapper\">\n<li class=\"ui-pdp-list__item\">\n<p class=\"ui-pdp-family--REGULAR ui-pdp-list__text\"><span class=\"ui-pdp-color--BLACK ui-pdp-size--XSMALL ui-pdp-family--BOLD\">L\u00ednea<\/span>: Profesional<\/p>\n<\/li>\n<li class=\"ui-pdp-list__item\">\n<p class=\"ui-pdp-family--REGULAR ui-pdp-list__text\"><span class=\"ui-pdp-color--BLACK ui-pdp-size--XSMALL ui-pdp-family--BOLD\">Consistencia<\/span>: S\u00e9rum<\/p>\n<\/li>\n<\/ul>\n<ul class=\"ui-pdp-list__wrapper\">\n<li class=\"ui-pdp-list__item\">\n<p class=\"ui-pdp-family--REGULAR ui-pdp-list__text\"><span class=\"ui-pdp-color--BLACK ui-pdp-size--XSMALL ui-pdp-family--BOLD\">Funciones<\/span>: Para peinar<\/p>\n<\/li>\n<li class=\"ui-pdp-list__item\">\n<p class=\"ui-pdp-family--REGULAR ui-pdp-list__text\"><span class=\"ui-pdp-color--BLACK ui-pdp-size--XSMALL ui-pdp-family--BOLD\">Formato de venta<\/span>: Unidad<\/p>\n<\/li>\n<\/ul>\n<ul class=\"ui-pdp-list__wrapper\">\n<li class=\"ui-pdp-list__item\">\n<p class=\"ui-pdp-family--REGULAR ui-pdp-list__text\"><span class=\"ui-pdp-color--BLACK ui-pdp-size--XSMALL ui-pdp-family--BOLD\">Unidades por pack<\/span>: 1<\/p>\n<\/li>\n<li class=\"ui-pdp-list__item\">\n<p class=\"ui-pdp-family--REGULAR ui-pdp-list__text\"><span class=\"ui-pdp-color--BLACK ui-pdp-size--XSMALL ui-pdp-family--BOLD\">Peso neto<\/span>: 75 g<\/p>\n<\/li>\n<\/ul>\n<ul class=\"ui-pdp-list__wrapper\">\n<li class=\"ui-pdp-list__item\">\n<p class=\"ui-pdp-family--REGULAR ui-pdp-list__text\"><span class=\"ui-pdp-color--BLACK ui-pdp-size--XSMALL ui-pdp-family--BOLD\">Volumen neto<\/span>: 75 mL<\/p>\n<\/li>\n<li class=\"ui-pdp-list__item\">\n<p class=\"ui-pdp-family--REGULAR ui-pdp-list__text\"><span class=\"ui-pdp-color--BLACK ui-pdp-size--XSMALL ui-pdp-family--BOLD\">Tipo de envase<\/span>: Botella<\/p>\n<\/li>\n<\/ul>\n<ul class=\"ui-pdp-list__wrapper\">\n<li class=\"ui-pdp-list__item\">\n<p class=\"ui-pdp-family--REGULAR ui-pdp-list__text\"><span class=\"ui-pdp-color--BLACK ui-pdp-size--XSMALL ui-pdp-family--BOLD\">Est\u00e1 dermatol\u00f3gicamente testeado<\/span>: S\u00ed<\/p>\n<\/li>\n<li class=\"ui-pdp-list__item\">\n<p class=\"ui-pdp-family--REGULAR ui-pdp-list__text\"><span class=\"ui-pdp-color--BLACK ui-pdp-size--XSMALL ui-pdp-family--BOLD\">Es vegano<\/span>: No<\/p>\n<\/li>\n<\/ul>\n<ul class=\"ui-pdp-list__wrapper\">\n<li class=\"ui-pdp-list__item\">\n<p class=\"ui-pdp-family--REGULAR ui-pdp-list__text\"><span class=\"ui-pdp-color--BLACK ui-pdp-size--XSMALL ui-pdp-family--BOLD\">Es libre de gluten<\/span>: S\u00ed<\/p>\n<\/li>\n<\/ul>\n<\/div>\n<\/div>\n<\/div>\n<\/div>\n<div id=\"description\" class=\"ui-pdp-container__row ui-pdp-container__row--description\">\n<div class=\"ui-pdp-description\">\n<h2 class=\"ui-pdp-description__title\">Descripci\u00f3n<\/h2>\n<p class=\"ui-pdp-description__content\">Technical Potion Anti-Polucionplex x 75 ml<br \/>\nEs un serum pre-qu\u00edmico que, sumado a la mezcla de coloraci\u00f3n o<br \/>\ndecoloraci\u00f3n, potencia al tratamiento y protege la fibra capilar.<br \/>\nA medida que tratamos al cabello con productos qu\u00edmicos (tinturas, decolorantes..etc) le quitamos agua y densidad. Estos tratamientos qu\u00edmicos, que poseen un ph alcalino, provocan la apertura de la fibra capilar y es \u00e9ste el momento en que el Technical Potion Phytopollution ingresa a la fibra capilar aportando mol\u00e9culas de Col\u00e1geno, Elastina, Serina y Bio-ceramidas, para reestructurar al cabello. Tambi\u00e9n lo hidrata, logrando un efecto de restauraci\u00f3n y protecci\u00f3n anti poluci\u00f3n profunda.<\/p>\n<p><strong>Decoloraci\u00f3n:<\/strong>\u00a0Prepare la mezcla decolorante, incorpore 1 gr de Technical Potion cada 10 gr de crema oxidante. Mezcle bien, realice la decoloraci\u00f3n de la manera habitual.<br \/>\n<strong>Coloraci\u00f3n:<\/strong>\u00a0Pese la cantidad de color necesaria para la realizaci\u00f3n de su trabajo, incorpore 1 gr de Technical Potion cada 10 gr de oxidante. Agregue la crema oxidante y mezcle bien. Realice la coloraci\u00f3n de la manera habitual.<\/p>\n<p>&nbsp;<\/p>\n<p><strong>RESULTADO:\u00a0<\/strong>El tratamiento permite decolorar de manera segura aportando mayor hidrataci\u00f3n y reparaci\u00f3n en el proceso de decolorar, logramos decoloraciones sin castigar la fibra ni demorar la aclaraci\u00f3n<\/p>\n<\/div>\n<\/div>\n","protected":false},"excerpt":{"rendered":"<p>Caracter\u00edsticas principales Marca Exiline Otros L\u00ednea: Profesional Consistencia: S\u00e9rum Funciones: Para peinar Formato de venta: Unidad Unidades por pack: 1 Peso neto: 75 g Volumen neto: 75 mL Tipo de envase: Botella Est\u00e1 dermatol\u00f3gicamente testeado: S\u00ed Es vegano: No Es libre de gluten: S\u00ed Descripci\u00f3n Technical Potion Anti-Polucionplex x 75 ml Es un serum pre-qu\u00edmico que, sumado a la mezcla de coloraci\u00f3n o decoloraci\u00f3n, potencia al tratamiento y protege la fibra capilar. A medida que tratamos al cabello con productos qu\u00edmicos (tinturas, decolorantes..etc) le quitamos agua y densidad. Estos tratamientos qu\u00edmicos, que poseen un ph alcalino, provocan la apertura de\u2026<\/p>\n","protected":false},"featured_media":4466,"comment_status":"open","ping_status":"closed","template":"","meta":[],"product_cat":[222,265,206],"product_tag":[420,357,421,416,419],"featured_image_urls":{"full":["https:\/\/ccgdistribuidora.com\/wp-content\/uploads\/2023\/04\/Potion-Anti-polucion-Plex-Nutrivplex-Exiline-X-75-Ml.jpg",700,700,false],"thumbnail":["https:\/\/ccgdistribuidora.com\/wp-content\/uploads\/2023\/04\/Potion-Anti-polucion-Plex-Nutrivplex-Exiline-X-75-Ml-150x150.jpg",150,150,true],"medium":["https:\/\/ccgdistribuidora.com\/wp-content\/uploads\/2023\/04\/Potion-Anti-polucion-Plex-Nutrivplex-Exiline-X-75-Ml-300x300.jpg",300,300,true],"medium_large":["https:\/\/ccgdistribuidora.com\/wp-content\/uploads\/2023\/04\/Potion-Anti-polucion-Plex-Nutrivplex-Exiline-X-75-Ml.jpg",700,700,false],"large":["https:\/\/ccgdistribuidora.com\/wp-content\/uploads\/2023\/04\/Potion-Anti-polucion-Plex-Nutrivplex-Exiline-X-75-Ml.jpg",700,700,false],"1536x1536":["https:\/\/ccgdistribuidora.com\/wp-content\/uploads\/2023\/04\/Potion-Anti-polucion-Plex-Nutrivplex-Exiline-X-75-Ml.jpg",700,700,false],"2048x2048":["https:\/\/ccgdistribuidora.com\/wp-content\/uploads\/2023\/04\/Potion-Anti-polucion-Plex-Nutrivplex-Exiline-X-75-Ml.jpg",700,700,false],"mailpoet_newsletter_max":["https:\/\/ccgdistribuidora.com\/wp-content\/uploads\/2023\/04\/Potion-Anti-polucion-Plex-Nutrivplex-Exiline-X-75-Ml.jpg",700,700,false],"woocommerce_thumbnail":["https:\/\/ccgdistribuidora.com\/wp-content\/uploads\/2023\/04\/Potion-Anti-polucion-Plex-Nutrivplex-Exiline-X-75-Ml-300x400.jpg",300,400,true],"woocommerce_single":["https:\/\/ccgdistribuidora.com\/wp-content\/uploads\/2023\/04\/Potion-Anti-polucion-Plex-Nutrivplex-Exiline-X-75-Ml-600x600.jpg",600,600,true],"woocommerce_gallery_thumbnail":["https:\/\/ccgdistribuidora.com\/wp-content\/uploads\/2023\/04\/Potion-Anti-polucion-Plex-Nutrivplex-Exiline-X-75-Ml-100x100.jpg",100,100,true],"dgwt-wcas-product-suggestion":["https:\/\/ccgdistribuidora.com\/wp-content\/uploads\/2023\/04\/Potion-Anti-polucion-Plex-Nutrivplex-Exiline-X-75-Ml.jpg",64,64,false]},"post_excerpt_stackable":"<p>Caracter\u00edsticas principales Marca Exiline Otros L\u00ednea: Profesional Consistencia: S\u00e9rum Funciones: Para peinar Formato de venta: Unidad Unidades por pack: 1 Peso neto: 75 g Volumen neto: 75 mL Tipo de envase: Botella Est\u00e1 dermatol\u00f3gicamente testeado: S\u00ed Es vegano: No Es libre de gluten: S\u00ed Descripci\u00f3n Technical Potion Anti-Polucionplex x 75 ml Es un serum pre-qu\u00edmico que, sumado a la mezcla de coloraci\u00f3n o decoloraci\u00f3n, potencia al tratamiento y protege la fibra capilar. A medida que tratamos al cabello con productos qu\u00edmicos (tinturas, decolorantes..etc) le quitamos agua y densidad. Estos tratamientos qu\u00edmicos, que poseen un ph alcalino, provocan la apertura de&hellip;<\/p>\n","category_list":"","author_info":{"name":"","url":""},"comments_num":"0 comentarios","_links":{"self":[{"href":"https:\/\/ccgdistribuidora.com\/index.php\/wp-json\/wp\/v2\/product\/4464"}],"collection":[{"href":"https:\/\/ccgdistribuidora.com\/index.php\/wp-json\/wp\/v2\/product"}],"about":[{"href":"https:\/\/ccgdistribuidora.com\/index.php\/wp-json\/wp\/v2\/types\/product"}],"replies":[{"embeddable":true,"href":"https:\/\/ccgdistribuidora.com\/index.php\/wp-json\/wp\/v2\/comments?post=4464"}],"wp:featuredmedia":[{"embeddable":true,"href":"https:\/\/ccgdistribuidora.com\/index.php\/wp-json\/wp\/v2\/media\/4466"}],"wp:attachment":[{"href":"https:\/\/ccgdistribuidora.com\/index.php\/wp-json\/wp\/v2\/media?parent=4464"}],"wp:term":[{"taxonomy":"product_cat","embeddable":true,"href":"https:\/\/ccgdistribuidora.com\/index.php\/wp-json\/wp\/v2\/product_cat?post=4464"},{"taxonomy":"product_tag","embeddable":true,"href":"https:\/\/ccgdistribuidora.com\/index.php\/wp-json\/wp\/v2\/product_tag?post=4464"}],"curies":[{"name":"wp","href":"https:\/\/api.w.org\/{rel}","templated":true}]}}