{"id":4437,"date":"2023-04-17T17:30:39","date_gmt":"2023-04-17T20:30:39","guid":{"rendered":"https:\/\/ccgdistribuidora.com\/?post_type=product&#038;p=4437"},"modified":"2024-09-25T21:00:43","modified_gmt":"2024-09-26T00:00:43","slug":"biocell-therapy-active-reparador-mascara-cabello-x-250ml","status":"publish","type":"product","link":"https:\/\/ccgdistribuidora.com\/index.php\/product\/biocell-therapy-active-reparador-mascara-cabello-x-250ml\/","title":{"rendered":"Biocell Therapy Active Reparador M\u00e1scara Cabello X 250ml"},"content":{"rendered":"<div id=\"highlighted_specs_attrs\" class=\"ui-pdp-container__row ui-pdp-container__row--highlighted-specs-attrs\">\n<section id=\"highlighted_specs_attrs\" class=\"ui-vpp-highlighted-specs pl-45 pr-45\">\n<div class=\"ui-pdp-container__row ui-pdp-container__row--technical-specifications\">\n<div class=\"ui-pdp-collapsable ui-vpp-highlighted-specs__striped-collapsed__action\">\n<div class=\"ui-pdp-collapsable__container\">\n<div class=\"ui-vpp-highlighted-specs__striped-specs\">\n<div class=\"ui-vpp-striped-specs\">\n<div class=\"ui-vpp-striped-specs__table\">\n<h3 class=\"ui-vpp-striped-specs__header\">Caracter\u00edsticas principales<\/h3>\n<table class=\"andes-table\">\n<tbody class=\"andes-table__body\">\n<tr class=\"andes-table__row ui-vpp-striped-specs__row\">\n<th class=\"andes-table__header andes-table__header--left ui-vpp-striped-specs__row__column ui-vpp-striped-specs__row__column--id\">Marca<\/th>\n<td class=\"andes-table__column andes-table__column--left ui-vpp-striped-specs__row__column\"><span class=\"andes-table__column--value\">Biocell Therapy<\/span><\/td>\n<\/tr>\n<tr class=\"andes-table__row ui-vpp-striped-specs__row\">\n<th class=\"andes-table__header andes-table__header--left ui-vpp-striped-specs__row__column ui-vpp-striped-specs__row__column--id\">L\u00ednea<\/th>\n<td class=\"andes-table__column andes-table__column--left ui-vpp-striped-specs__row__column\"><span class=\"andes-table__column--value\">Gen\u00e9tica Sustentable<\/span><\/td>\n<\/tr>\n<tr class=\"andes-table__row ui-vpp-striped-specs__row\">\n<th class=\"andes-table__header andes-table__header--left ui-vpp-striped-specs__row__column ui-vpp-striped-specs__row__column--id\">Tipo de producto<\/th>\n<td class=\"andes-table__column andes-table__column--left ui-vpp-striped-specs__row__column\"><span class=\"andes-table__column--value\">M\u00e1scara<\/span><\/td>\n<\/tr>\n<tr class=\"andes-table__row ui-vpp-striped-specs__row\">\n<th class=\"andes-table__header andes-table__header--left ui-vpp-striped-specs__row__column ui-vpp-striped-specs__row__column--id\">Tipo de cuidado<\/th>\n<td class=\"andes-table__column andes-table__column--left ui-vpp-striped-specs__row__column\"><span class=\"andes-table__column--value\">Restauraci\u00f3n<\/span><\/td>\n<\/tr>\n<tr class=\"andes-table__row ui-vpp-striped-specs__row\">\n<th class=\"andes-table__header andes-table__header--left ui-vpp-striped-specs__row__column ui-vpp-striped-specs__row__column--id\">Es kit<\/th>\n<td class=\"andes-table__column andes-table__column--left ui-vpp-striped-specs__row__column\"><span class=\"andes-table__column--value\">No<\/span><\/td>\n<\/tr>\n<tr class=\"andes-table__row ui-vpp-striped-specs__row\">\n<th class=\"andes-table__header andes-table__header--left ui-vpp-striped-specs__row__column ui-vpp-striped-specs__row__column--id\">Unidades por envase<\/th>\n<td class=\"andes-table__column andes-table__column--left ui-vpp-striped-specs__row__column\"><span class=\"andes-table__column--value\">1<\/span><\/td>\n<\/tr>\n<tr class=\"andes-table__row ui-vpp-striped-specs__row\">\n<th class=\"andes-table__header andes-table__header--left ui-vpp-striped-specs__row__column ui-vpp-striped-specs__row__column--id\">Volumen neto<\/th>\n<td class=\"andes-table__column andes-table__column--left ui-vpp-striped-specs__row__column\"><span class=\"andes-table__column--value\">250 mL<\/span><\/td>\n<\/tr>\n<\/tbody>\n<\/table>\n<\/div>\n<\/div>\n<div class=\"ui-vpp-striped-specs\">\n<div class=\"ui-vpp-striped-specs__table\">\n<h3 class=\"ui-vpp-striped-specs__header\">Otros<\/h3>\n<table class=\"andes-table\">\n<tbody class=\"andes-table__body\">\n<tr class=\"andes-table__row ui-vpp-striped-specs__row\">\n<th class=\"andes-table__header andes-table__header--left ui-vpp-striped-specs__row__column ui-vpp-striped-specs__row__column--id\">Efectos<\/th>\n<td class=\"andes-table__column andes-table__column--left ui-vpp-striped-specs__row__column\"><span class=\"andes-table__column--value\">Reparador<\/span><\/td>\n<\/tr>\n<tr class=\"andes-table__row ui-vpp-striped-specs__row\">\n<th class=\"andes-table__header andes-table__header--left ui-vpp-striped-specs__row__column ui-vpp-striped-specs__row__column--id\">Formato<\/th>\n<td class=\"andes-table__column andes-table__column--left ui-vpp-striped-specs__row__column\"><span class=\"andes-table__column--value\">Crema<\/span><\/td>\n<\/tr>\n<tr class=\"andes-table__row ui-vpp-striped-specs__row\">\n<th class=\"andes-table__header andes-table__header--left ui-vpp-striped-specs__row__column ui-vpp-striped-specs__row__column--id\">Presentaci\u00f3n<\/th>\n<td class=\"andes-table__column andes-table__column--left ui-vpp-striped-specs__row__column\"><span class=\"andes-table__column--value\">Dosificador<\/span><\/td>\n<\/tr>\n<tr class=\"andes-table__row ui-vpp-striped-specs__row\">\n<th class=\"andes-table__header andes-table__header--left ui-vpp-striped-specs__row__column ui-vpp-striped-specs__row__column--id\">Es testeado dermatol\u00f3gicamente<\/th>\n<td class=\"andes-table__column andes-table__column--left ui-vpp-striped-specs__row__column\"><span class=\"andes-table__column--value\">S\u00ed<\/span><\/td>\n<\/tr>\n<\/tbody>\n<\/table>\n<\/div>\n<\/div>\n<\/div>\n<\/div>\n<\/div>\n<\/div>\n<\/section>\n<\/div>\n<div id=\"description\" class=\"ui-pdp-container__row ui-pdp-container__row--description\">\n<div class=\"ui-pdp-description\">\n<h2 class=\"ui-pdp-description__title\">Descripci\u00f3n<\/h2>\n<p class=\"ui-pdp-description__content\">BIOCELL THERAPY GEN\u00c9TICA SUSTENTABLE ACTIVE REPARADOR X 250 ML<br \/>\nCrema De Reparaci\u00f3n Intensa<\/p>\n<p>Biocell Therapy Gen\u00e9tica Sustentable Active Reparador es una crema de reparaci\u00f3n intensa para cabellos que necesitan recuperar su salud.<\/p>\n<p>-MODO DE USO-<br \/>\nUna vez finalizado el lavado con shampoo, secar el cabello con toalla. Luego distribuir la crema en todo el cabello, masajear. Dejar actuar de 10 a 30 minutos seg\u00fan la necesidad. Enjuagar.<\/p>\n<\/div>\n<\/div>\n","protected":false},"excerpt":{"rendered":"<p>Caracter\u00edsticas principales Marca Biocell Therapy L\u00ednea Gen\u00e9tica Sustentable Tipo de producto M\u00e1scara Tipo de cuidado Restauraci\u00f3n Es kit No Unidades por envase 1 Volumen neto 250 mL Otros Efectos Reparador Formato Crema Presentaci\u00f3n Dosificador Es testeado dermatol\u00f3gicamente S\u00ed Descripci\u00f3n BIOCELL THERAPY GEN\u00c9TICA SUSTENTABLE ACTIVE REPARADOR X 250 ML Crema De Reparaci\u00f3n Intensa Biocell Therapy Gen\u00e9tica Sustentable Active Reparador es una crema de reparaci\u00f3n intensa para cabellos que necesitan recuperar su salud. -MODO DE USO- Una vez finalizado el lavado con shampoo, secar el cabello con toalla. Luego distribuir la crema en todo el cabello, masajear. Dejar actuar de 10 a\u2026<\/p>\n","protected":false},"featured_media":4438,"comment_status":"open","ping_status":"closed","template":"","meta":[],"product_cat":[222,265,206],"product_tag":[400,398,401],"featured_image_urls":{"full":["https:\/\/ccgdistribuidora.com\/wp-content\/uploads\/2023\/04\/Biocell-Therapy-Active-Reparador.jpg",700,700,false],"thumbnail":["https:\/\/ccgdistribuidora.com\/wp-content\/uploads\/2023\/04\/Biocell-Therapy-Active-Reparador-150x150.jpg",150,150,true],"medium":["https:\/\/ccgdistribuidora.com\/wp-content\/uploads\/2023\/04\/Biocell-Therapy-Active-Reparador-300x300.jpg",300,300,true],"medium_large":["https:\/\/ccgdistribuidora.com\/wp-content\/uploads\/2023\/04\/Biocell-Therapy-Active-Reparador.jpg",700,700,false],"large":["https:\/\/ccgdistribuidora.com\/wp-content\/uploads\/2023\/04\/Biocell-Therapy-Active-Reparador.jpg",700,700,false],"1536x1536":["https:\/\/ccgdistribuidora.com\/wp-content\/uploads\/2023\/04\/Biocell-Therapy-Active-Reparador.jpg",700,700,false],"2048x2048":["https:\/\/ccgdistribuidora.com\/wp-content\/uploads\/2023\/04\/Biocell-Therapy-Active-Reparador.jpg",700,700,false],"mailpoet_newsletter_max":["https:\/\/ccgdistribuidora.com\/wp-content\/uploads\/2023\/04\/Biocell-Therapy-Active-Reparador.jpg",700,700,false],"woocommerce_thumbnail":["https:\/\/ccgdistribuidora.com\/wp-content\/uploads\/2023\/04\/Biocell-Therapy-Active-Reparador-300x400.jpg",300,400,true],"woocommerce_single":["https:\/\/ccgdistribuidora.com\/wp-content\/uploads\/2023\/04\/Biocell-Therapy-Active-Reparador-600x600.jpg",600,600,true],"woocommerce_gallery_thumbnail":["https:\/\/ccgdistribuidora.com\/wp-content\/uploads\/2023\/04\/Biocell-Therapy-Active-Reparador-100x100.jpg",100,100,true],"dgwt-wcas-product-suggestion":["https:\/\/ccgdistribuidora.com\/wp-content\/uploads\/2023\/04\/Biocell-Therapy-Active-Reparador.jpg",64,64,false]},"post_excerpt_stackable":"<p>Caracter\u00edsticas principales Marca Biocell Therapy L\u00ednea Gen\u00e9tica Sustentable Tipo de producto M\u00e1scara Tipo de cuidado Restauraci\u00f3n Es kit No Unidades por envase 1 Volumen neto 250 mL Otros Efectos Reparador Formato Crema Presentaci\u00f3n Dosificador Es testeado dermatol\u00f3gicamente S\u00ed Descripci\u00f3n BIOCELL THERAPY GEN\u00c9TICA SUSTENTABLE ACTIVE REPARADOR X 250 ML Crema De Reparaci\u00f3n Intensa Biocell Therapy Gen\u00e9tica Sustentable Active Reparador es una crema de reparaci\u00f3n intensa para cabellos que necesitan recuperar su salud. -MODO DE USO- Una vez finalizado el lavado con shampoo, secar el cabello con toalla. Luego distribuir la crema en todo el cabello, masajear. Dejar actuar de 10 a&hellip;<\/p>\n","category_list":"","author_info":{"name":"","url":""},"comments_num":"0 comentarios","_links":{"self":[{"href":"https:\/\/ccgdistribuidora.com\/index.php\/wp-json\/wp\/v2\/product\/4437"}],"collection":[{"href":"https:\/\/ccgdistribuidora.com\/index.php\/wp-json\/wp\/v2\/product"}],"about":[{"href":"https:\/\/ccgdistribuidora.com\/index.php\/wp-json\/wp\/v2\/types\/product"}],"replies":[{"embeddable":true,"href":"https:\/\/ccgdistribuidora.com\/index.php\/wp-json\/wp\/v2\/comments?post=4437"}],"wp:featuredmedia":[{"embeddable":true,"href":"https:\/\/ccgdistribuidora.com\/index.php\/wp-json\/wp\/v2\/media\/4438"}],"wp:attachment":[{"href":"https:\/\/ccgdistribuidora.com\/index.php\/wp-json\/wp\/v2\/media?parent=4437"}],"wp:term":[{"taxonomy":"product_cat","embeddable":true,"href":"https:\/\/ccgdistribuidora.com\/index.php\/wp-json\/wp\/v2\/product_cat?post=4437"},{"taxonomy":"product_tag","embeddable":true,"href":"https:\/\/ccgdistribuidora.com\/index.php\/wp-json\/wp\/v2\/product_tag?post=4437"}],"curies":[{"name":"wp","href":"https:\/\/api.w.org\/{rel}","templated":true}]}}