{"id":4409,"date":"2023-04-17T12:14:52","date_gmt":"2023-04-17T15:14:52","guid":{"rendered":"https:\/\/ccgdistribuidora.com\/?post_type=product&#038;p=4409"},"modified":"2024-09-25T21:04:33","modified_gmt":"2024-09-26T00:04:33","slug":"exiline-shampoo-color-care-c-inca-y-macadamia-oil-x-250-ml","status":"publish","type":"product","link":"https:\/\/ccgdistribuidora.com\/index.php\/product\/exiline-shampoo-color-care-c-inca-y-macadamia-oil-x-250-ml\/","title":{"rendered":"Exiline Shampoo Color Care C\/inca Y Macadamia Oil X 250 Ml"},"content":{"rendered":"<div id=\"highlighted_specs_attrs\" class=\"ui-pdp-container__row ui-pdp-container__row--highlighted-specs-attrs\">\n<section id=\"highlighted_specs_attrs\" class=\"ui-vpp-highlighted-specs pl-45 pr-45\">\n<div class=\"ui-pdp-container__row ui-pdp-container__row--technical-specifications\">\n<div class=\"ui-pdp-collapsable ui-vpp-highlighted-specs__striped-collapsed__action\">\n<div class=\"ui-pdp-collapsable__container\">\n<div class=\"ui-vpp-highlighted-specs__striped-specs\">\n<div class=\"ui-vpp-striped-specs\">\n<div class=\"ui-vpp-striped-specs__table\">\n<h3 class=\"ui-vpp-striped-specs__header\">Caracter\u00edsticas principales<\/h3>\n<table class=\"andes-table\">\n<tbody class=\"andes-table__body\">\n<tr class=\"andes-table__row ui-vpp-striped-specs__row\">\n<th class=\"andes-table__header andes-table__header--left ui-vpp-striped-specs__row__column ui-vpp-striped-specs__row__column--id\">Marca<\/th>\n<td class=\"andes-table__column andes-table__column--left ui-vpp-striped-specs__row__column\"><span class=\"andes-table__column--value\">Exiline<\/span><\/td>\n<\/tr>\n<tr class=\"andes-table__row ui-vpp-striped-specs__row\">\n<th class=\"andes-table__header andes-table__header--left ui-vpp-striped-specs__row__column ui-vpp-striped-specs__row__column--id\">L\u00ednea<\/th>\n<td class=\"andes-table__column andes-table__column--left ui-vpp-striped-specs__row__column\"><span class=\"andes-table__column--value\">COLOR CARE<\/span><\/td>\n<\/tr>\n<tr class=\"andes-table__row ui-vpp-striped-specs__row\">\n<th class=\"andes-table__header andes-table__header--left ui-vpp-striped-specs__row__column ui-vpp-striped-specs__row__column--id\">Nombre<\/th>\n<td class=\"andes-table__column andes-table__column--left ui-vpp-striped-specs__row__column\"><span class=\"andes-table__column--value\">SHAMPOO COLOR CARE<\/span><\/td>\n<\/tr>\n<tr class=\"andes-table__row ui-vpp-striped-specs__row\">\n<th class=\"andes-table__header andes-table__header--left ui-vpp-striped-specs__row__column ui-vpp-striped-specs__row__column--id\">Es kit<\/th>\n<td class=\"andes-table__column andes-table__column--left ui-vpp-striped-specs__row__column\"><span class=\"andes-table__column--value\">No<\/span><\/td>\n<\/tr>\n<tr class=\"andes-table__row ui-vpp-striped-specs__row\">\n<th class=\"andes-table__header andes-table__header--left ui-vpp-striped-specs__row__column ui-vpp-striped-specs__row__column--id\">Tipo<\/th>\n<td class=\"andes-table__column andes-table__column--left ui-vpp-striped-specs__row__column\"><span class=\"andes-table__column--value\">Shampoo<\/span><\/td>\n<\/tr>\n<tr class=\"andes-table__row ui-vpp-striped-specs__row\">\n<th class=\"andes-table__header andes-table__header--left ui-vpp-striped-specs__row__column ui-vpp-striped-specs__row__column--id\">Presentaci\u00f3n<\/th>\n<td class=\"andes-table__column andes-table__column--left ui-vpp-striped-specs__row__column\"><span class=\"andes-table__column--value\">Dosificador<\/span><\/td>\n<\/tr>\n<tr class=\"andes-table__row ui-vpp-striped-specs__row\">\n<th class=\"andes-table__header andes-table__header--left ui-vpp-striped-specs__row__column ui-vpp-striped-specs__row__column--id\">Contenido total en volumen<\/th>\n<td class=\"andes-table__column andes-table__column--left ui-vpp-striped-specs__row__column\"><span class=\"andes-table__column--value\">250 mL<\/span><\/td>\n<\/tr>\n<tr class=\"andes-table__row ui-vpp-striped-specs__row\">\n<th class=\"andes-table__header andes-table__header--left ui-vpp-striped-specs__row__column ui-vpp-striped-specs__row__column--id\">Formato de venta<\/th>\n<td class=\"andes-table__column andes-table__column--left ui-vpp-striped-specs__row__column\"><span class=\"andes-table__column--value\">Unidad<\/span><\/td>\n<\/tr>\n<\/tbody>\n<\/table>\n<\/div>\n<\/div>\n<div class=\"ui-vpp-striped-specs\">\n<div class=\"ui-vpp-striped-specs__table\">\n<h3 class=\"ui-vpp-striped-specs__header\">Otros<\/h3>\n<table class=\"andes-table\">\n<tbody class=\"andes-table__body\">\n<tr class=\"andes-table__row ui-vpp-striped-specs__row\">\n<th class=\"andes-table__header andes-table__header--left ui-vpp-striped-specs__row__column ui-vpp-striped-specs__row__column--id\">Tipos de cuidado del cabello<\/th>\n<td class=\"andes-table__column andes-table__column--left ui-vpp-striped-specs__row__column\"><span class=\"andes-table__column--value\">CUIDADODELCOLOR<\/span><\/td>\n<\/tr>\n<tr class=\"andes-table__row ui-vpp-striped-specs__row\">\n<th class=\"andes-table__header andes-table__header--left ui-vpp-striped-specs__row__column ui-vpp-striped-specs__row__column--id\">Es s\u00f3lido<\/th>\n<td class=\"andes-table__column andes-table__column--left ui-vpp-striped-specs__row__column\"><span class=\"andes-table__column--value\">No<\/span><\/td>\n<\/tr>\n<\/tbody>\n<\/table>\n<\/div>\n<\/div>\n<\/div>\n<\/div>\n<\/div>\n<\/div>\n<\/section>\n<\/div>\n<div id=\"description\" class=\"ui-pdp-container__row ui-pdp-container__row--description\">\n<div class=\"ui-pdp-description\">\n<h2 class=\"ui-pdp-description__title\">Descripci\u00f3n<\/h2>\n<p class=\"ui-pdp-description__content\">EXILINE SHAMPOO COLOR CARE 250ML<\/p>\n<p>La l\u00ednea Color Care fue desarrollada para retrasar el efecto de desgaste que sufren los cabellos tratados con coloraci\u00f3n, gracias al blend de activos naturales a base de INCA OIL, MACADAMIA, PROVITAMINAS y KERATINA le brindan al cabello te\u00f1ido mayor durabilidad de color, nutrici\u00f3n y reparaci\u00f3n. El SHAMPOO NUTRICI\u00d3N COLOR CARE posee caracter\u00edsticas suaves y pH levemente \u00c1cido para tener mayor afinidad con el cabello.<\/p>\n<p>INCA Y MACADAMIA: Ricos en OMEGA 3, 6 Y 9, que ayudan a sellar la fibra capilar y reducir la porosidad del cabello evitando de esta manera la migraci\u00f3n del color con los lavados.<\/p>\n<p>PROVITAMINAS Y KERATINA: Incrementan la humectaci\u00f3n y reparaci\u00f3n. Como resultado final tendr\u00e1 un cabello brillante, suave y humectado, como reci\u00e9n te\u00f1ido.<\/p>\n<p>MODO DE USO<br \/>\nRealizar un primer lavado, aplicar cantidad suficiente en la palma de la mano y distribuir por todo el cabello realizando un suave masaje. Enjuagar.<\/p>\n<p>Realizar un segundo lavado de tratamiento, generar buena cantidad de espuma y dejar actuar de 3 a 5 minutos para lograr nutrici\u00f3n y reparaci\u00f3n de la fibra capilar permitiendo la acci\u00f3n efectiva de los activos. Shampoo de uso frecuente para cabellos te\u00f1idos.<\/p>\n<\/div>\n<\/div>\n","protected":false},"excerpt":{"rendered":"<p>Caracter\u00edsticas principales Marca Exiline L\u00ednea COLOR CARE Nombre SHAMPOO COLOR CARE Es kit No Tipo Shampoo Presentaci\u00f3n Dosificador Contenido total en volumen 250 mL Formato de venta Unidad Otros Tipos de cuidado del cabello CUIDADODELCOLOR Es s\u00f3lido No Descripci\u00f3n EXILINE SHAMPOO COLOR CARE 250ML La l\u00ednea Color Care fue desarrollada para retrasar el efecto de desgaste que sufren los cabellos tratados con coloraci\u00f3n, gracias al blend de activos naturales a base de INCA OIL, MACADAMIA, PROVITAMINAS y KERATINA le brindan al cabello te\u00f1ido mayor durabilidad de color, nutrici\u00f3n y reparaci\u00f3n. El SHAMPOO NUTRICI\u00d3N COLOR CARE posee caracter\u00edsticas suaves y pH\u2026<\/p>\n","protected":false},"featured_media":4410,"comment_status":"open","ping_status":"closed","template":"","meta":[],"product_cat":[222,265,206],"product_tag":[387,386,388,385],"featured_image_urls":{"full":["https:\/\/ccgdistribuidora.com\/wp-content\/uploads\/2023\/04\/COLORCARE-SHAMPOO-EXILINE.jpg",700,700,false],"thumbnail":["https:\/\/ccgdistribuidora.com\/wp-content\/uploads\/2023\/04\/COLORCARE-SHAMPOO-EXILINE-150x150.jpg",150,150,true],"medium":["https:\/\/ccgdistribuidora.com\/wp-content\/uploads\/2023\/04\/COLORCARE-SHAMPOO-EXILINE-300x300.jpg",300,300,true],"medium_large":["https:\/\/ccgdistribuidora.com\/wp-content\/uploads\/2023\/04\/COLORCARE-SHAMPOO-EXILINE.jpg",700,700,false],"large":["https:\/\/ccgdistribuidora.com\/wp-content\/uploads\/2023\/04\/COLORCARE-SHAMPOO-EXILINE.jpg",700,700,false],"1536x1536":["https:\/\/ccgdistribuidora.com\/wp-content\/uploads\/2023\/04\/COLORCARE-SHAMPOO-EXILINE.jpg",700,700,false],"2048x2048":["https:\/\/ccgdistribuidora.com\/wp-content\/uploads\/2023\/04\/COLORCARE-SHAMPOO-EXILINE.jpg",700,700,false],"mailpoet_newsletter_max":["https:\/\/ccgdistribuidora.com\/wp-content\/uploads\/2023\/04\/COLORCARE-SHAMPOO-EXILINE.jpg",700,700,false],"woocommerce_thumbnail":["https:\/\/ccgdistribuidora.com\/wp-content\/uploads\/2023\/04\/COLORCARE-SHAMPOO-EXILINE-300x400.jpg",300,400,true],"woocommerce_single":["https:\/\/ccgdistribuidora.com\/wp-content\/uploads\/2023\/04\/COLORCARE-SHAMPOO-EXILINE-600x600.jpg",600,600,true],"woocommerce_gallery_thumbnail":["https:\/\/ccgdistribuidora.com\/wp-content\/uploads\/2023\/04\/COLORCARE-SHAMPOO-EXILINE-100x100.jpg",100,100,true],"dgwt-wcas-product-suggestion":["https:\/\/ccgdistribuidora.com\/wp-content\/uploads\/2023\/04\/COLORCARE-SHAMPOO-EXILINE.jpg",64,64,false]},"post_excerpt_stackable":"<p>Caracter\u00edsticas principales Marca Exiline L\u00ednea COLOR CARE Nombre SHAMPOO COLOR CARE Es kit No Tipo Shampoo Presentaci\u00f3n Dosificador Contenido total en volumen 250 mL Formato de venta Unidad Otros Tipos de cuidado del cabello CUIDADODELCOLOR Es s\u00f3lido No Descripci\u00f3n EXILINE SHAMPOO COLOR CARE 250ML La l\u00ednea Color Care fue desarrollada para retrasar el efecto de desgaste que sufren los cabellos tratados con coloraci\u00f3n, gracias al blend de activos naturales a base de INCA OIL, MACADAMIA, PROVITAMINAS y KERATINA le brindan al cabello te\u00f1ido mayor durabilidad de color, nutrici\u00f3n y reparaci\u00f3n. El SHAMPOO NUTRICI\u00d3N COLOR CARE posee caracter\u00edsticas suaves y pH&hellip;<\/p>\n","category_list":"","author_info":{"name":"","url":""},"comments_num":"0 comentarios","_links":{"self":[{"href":"https:\/\/ccgdistribuidora.com\/index.php\/wp-json\/wp\/v2\/product\/4409"}],"collection":[{"href":"https:\/\/ccgdistribuidora.com\/index.php\/wp-json\/wp\/v2\/product"}],"about":[{"href":"https:\/\/ccgdistribuidora.com\/index.php\/wp-json\/wp\/v2\/types\/product"}],"replies":[{"embeddable":true,"href":"https:\/\/ccgdistribuidora.com\/index.php\/wp-json\/wp\/v2\/comments?post=4409"}],"wp:featuredmedia":[{"embeddable":true,"href":"https:\/\/ccgdistribuidora.com\/index.php\/wp-json\/wp\/v2\/media\/4410"}],"wp:attachment":[{"href":"https:\/\/ccgdistribuidora.com\/index.php\/wp-json\/wp\/v2\/media?parent=4409"}],"wp:term":[{"taxonomy":"product_cat","embeddable":true,"href":"https:\/\/ccgdistribuidora.com\/index.php\/wp-json\/wp\/v2\/product_cat?post=4409"},{"taxonomy":"product_tag","embeddable":true,"href":"https:\/\/ccgdistribuidora.com\/index.php\/wp-json\/wp\/v2\/product_tag?post=4409"}],"curies":[{"name":"wp","href":"https:\/\/api.w.org\/{rel}","templated":true}]}}